{"id":2162,"date":"2024-03-18T13:42:05","date_gmt":"2024-03-18T13:42:05","guid":{"rendered":"https:\/\/b2c.fairs.vn\/?post_type=product&#038;p=2162"},"modified":"2024-03-27T10:04:34","modified_gmt":"2024-03-27T03:04:34","slug":"may-truot-tron-may-lam-song-cua-dm-tt-011","status":"publish","type":"product","link":"https:\/\/b2c.fairs.vn\/en\/product\/may-truot-tron-may-lam-song-cua-dm-tt-011\/","title":{"rendered":"M\u00c1Y TRU\u1ed0T TR\u00d2N( M\u00c1Y L\u00c0M SONG C\u1eecA) \u0110M-TT 011"},"content":{"rendered":"<div>\n<div>\n<p>H\u00e3ng s\u1ea3n xu\u1ea5t: Vi\u1ec7t Nam<br \/>\nB\u1ea3o h\u00e0nh: 03 th\u00e1ng<br \/>\nT\u00ecnh tr\u1ea1ng : M\u1edbi 100%<\/p>\n<\/div>\n<\/div>\n<div>\n<div>\n<h3 class=\"text-xl my-5 font-bold\">Th\u00f4ng s\u1ed1 k\u1ef9 thu\u1eadt<\/h3>\n<div>\n<div class=\"my-2 py-2\">C\u00f4ng su\u1ea5t<span class=\"mlr-1\">:<\/span><span class=\"ml-1\">3KW, t\u1ed1c \u0111\u1ed9 1400v\/p<\/span><\/div>\n<div class=\"my-2 py-2\">Tr\u1ecdng l\u01b0\u1ee3ng<span class=\"mlr-1\">:<\/span><span class=\"ml-1\">150KG<\/span><\/div>\n<div class=\"my-2 py-2\">\u0110\u1ed9ng c\u01a1 \u0111i\u1ec7n<span class=\"mlr-1\">:<\/span><span class=\"ml-1\">220V-380V<\/span><\/div>\n<div class=\"my-2 py-2\">K\u00edch th\u01b0\u1edbc D\/R\/C<span class=\"mlr-1\">:<\/span><span class=\"ml-1\">67\/73\/86<\/span><\/div>\n<div class=\"my-2 py-2\">T\u1ed1c \u0111\u1ed9 quay tr\u1ee5c ch\u00ednh<span class=\"mlr-1\">:<\/span><span class=\"ml-1\">3000v\/p<\/span><\/div>\n<div class=\"my-2 py-2\">T\u1ed1c \u0111\u1ed9 quay tr\u1ee5c \u0111\u1ea9y<span class=\"mlr-1\">:<\/span><span class=\"ml-1\">100v\/p<\/span><\/div>\n<\/div>\n<\/div>\n<\/div>","protected":false},"excerpt":{"rendered":"<div>\n<div>\n<p>H\u00e3ng s\u1ea3n xu\u1ea5t: Vi\u1ec7t Nam<br \/>\nB\u1ea3o h\u00e0nh: 03 th\u00e1ng<br \/>\nT\u00ecnh tr\u1ea1ng : M\u1edbi 100%<\/p>\n<\/div>\n<\/div>\n<div>\n<div>\n<h3 class=\"text-xl my-5 font-bold\">Th\u00f4ng s\u1ed1 k\u1ef9 thu\u1eadt<\/h3>\n<div>\n<div class=\"my-2 py-2\">C\u00f4ng su\u1ea5t<span class=\"mlr-1\">:<\/span><span class=\"ml-1\">3KW, t\u1ed1c \u0111\u1ed9 1400v\/p<\/span><\/div>\n<div class=\"my-2 py-2\">Tr\u1ecdng l\u01b0\u1ee3ng<span class=\"mlr-1\">:<\/span><span class=\"ml-1\">150KG<\/span><\/div>\n<div class=\"my-2 py-2\">\u0110\u1ed9ng c\u01a1 \u0111i\u1ec7n<span class=\"mlr-1\">:<\/span><span class=\"ml-1\">220V-380V<\/span><\/div>\n<div class=\"my-2 py-2\">K\u00edch th\u01b0\u1edbc D\/R\/C<span class=\"mlr-1\">:<\/span><span class=\"ml-1\">67\/73\/86<\/span><\/div>\n<div class=\"my-2 py-2\">T\u1ed1c \u0111\u1ed9 quay tr\u1ee5c ch\u00ednh<span class=\"mlr-1\">:<\/span><span class=\"ml-1\">3000v\/p<\/span><\/div>\n<div class=\"my-2 py-2\">T\u1ed1c \u0111\u1ed9 quay tr\u1ee5c \u0111\u1ea9y<span class=\"mlr-1\">:<\/span><span class=\"ml-1\">100v\/p<\/span><\/div>\n<\/div>\n<\/div>\n<\/div>","protected":false},"featured_media":2163,"comment_status":"open","ping_status":"closed","template":"","meta":{"_acf_changed":false},"product_cat":[348,392],"product_tag":[],"class_list":{"0":"post-2162","1":"product","2":"type-product","3":"status-publish","4":"has-post-thumbnail","6":"product_cat-thiet-bi-co-khi","7":"product_cat-thiet-bi-may-moc-khac","9":"first","10":"instock","11":"shipping-taxable","12":"purchasable","13":"product-type-simple"},"acf":[],"_links":{"self":[{"href":"https:\/\/b2c.fairs.vn\/en\/wp-json\/wp\/v2\/product\/2162","targetHints":{"allow":["GET"]}}],"collection":[{"href":"https:\/\/b2c.fairs.vn\/en\/wp-json\/wp\/v2\/product"}],"about":[{"href":"https:\/\/b2c.fairs.vn\/en\/wp-json\/wp\/v2\/types\/product"}],"replies":[{"embeddable":true,"href":"https:\/\/b2c.fairs.vn\/en\/wp-json\/wp\/v2\/comments?post=2162"}],"version-history":[{"count":0,"href":"https:\/\/b2c.fairs.vn\/en\/wp-json\/wp\/v2\/product\/2162\/revisions"}],"wp:featuredmedia":[{"embeddable":true,"href":"https:\/\/b2c.fairs.vn\/en\/wp-json\/wp\/v2\/media\/2163"}],"wp:attachment":[{"href":"https:\/\/b2c.fairs.vn\/en\/wp-json\/wp\/v2\/media?parent=2162"}],"wp:term":[{"taxonomy":"product_cat","embeddable":true,"href":"https:\/\/b2c.fairs.vn\/en\/wp-json\/wp\/v2\/product_cat?post=2162"},{"taxonomy":"product_tag","embeddable":true,"href":"https:\/\/b2c.fairs.vn\/en\/wp-json\/wp\/v2\/product_tag?post=2162"}],"curies":[{"name":"wp","href":"https:\/\/api.w.org\/{rel}","templated":true}]}}