{"id":2159,"date":"2024-03-18T13:40:59","date_gmt":"2024-03-18T13:40:59","guid":{"rendered":"https:\/\/b2c.fairs.vn\/?post_type=product&#038;p=2159"},"modified":"2024-03-27T13:45:02","modified_gmt":"2024-03-27T06:45:02","slug":"may-khoan-hat","status":"publish","type":"product","link":"https:\/\/b2c.fairs.vn\/en\/product\/may-khoan-hat\/","title":{"rendered":"M\u00e1y Khoan H\u1ea1t"},"content":{"rendered":"<div>\n<div>\n<p>H\u00e3ng s\u1ea3n xu\u1ea5t: Vi\u1ec7t Nam<br \/>\nB\u1ea3o h\u00e0nh: 03 th\u00e1ng<br \/>\nT\u00ecnh tr\u1ea1ng : M\u1edbi 100%<br \/>\nD\u00f9ng \u0111\u1ec3 l\u00e0m h\u1ea1t g\u1ed7 c\u00f3 ki\u1ec3u d\u00e1ng tr\u00f2n, c\u00f3 m\u0169i \u0111\u1ee5c l\u1ed7 \u1edf gi\u1eefa<br \/>\nK\u00edch th\u01b0\u1edbc m\u0169i: 8 &#8211; 10 &#8211; 12 &#8211; 14 &#8211; 16 &#8211; 18<\/p>\n<\/div>\n<\/div>\n<div>\n<div>\n<h3 class=\"text-xl my-5 font-bold\">Th\u00f4ng s\u1ed1 k\u1ef9 thu\u1eadt<\/h3>\n<div>\n<div class=\"my-2 py-2\">T\u1ed1c \u0111\u1ed9<span class=\"mlr-1\">:<\/span><span class=\"ml-1\">1400v\/p<\/span><\/div>\n<div class=\"my-2 py-2\">C\u00f4ng su\u1ea5t<span class=\"mlr-1\">:<\/span><span class=\"ml-1\">1.5kw<\/span><\/div>\n<div class=\"my-2 py-2\">Tr\u1ecdng l\u01b0\u1ee3ng<span class=\"mlr-1\">:<\/span><span class=\"ml-1\">310KG<\/span><\/div>\n<div class=\"my-2 py-2\">\u0110\u1ed9ng c\u01a1 \u0111i\u1ec7n<span class=\"mlr-1\">:<\/span><span class=\"ml-1\">220v &#8211; 380v<\/span><\/div>\n<div class=\"my-2 py-2\">K\u00edch th\u01b0\u1edbc ( DxRxC )<span class=\"mlr-1\">:<\/span><span class=\"ml-1\">70x35x100<\/span><\/div>\n<\/div>\n<\/div>\n<\/div>","protected":false},"excerpt":{"rendered":"<div>\n<div>\n<p>H\u00e3ng s\u1ea3n xu\u1ea5t: Vi\u1ec7t Nam<br \/>\nB\u1ea3o h\u00e0nh: 03 th\u00e1ng<br \/>\nT\u00ecnh tr\u1ea1ng : M\u1edbi 100%<br \/>\nD\u00f9ng \u0111\u1ec3 l\u00e0m h\u1ea1t g\u1ed7 c\u00f3 ki\u1ec3u d\u00e1ng tr\u00f2n, c\u00f3 m\u0169i \u0111\u1ee5c l\u1ed7 \u1edf gi\u1eefa<br \/>\nK\u00edch th\u01b0\u1edbc m\u0169i: 8 &#8211; 10 &#8211; 12 &#8211; 14 &#8211; 16 &#8211; 18<\/p>\n<\/div>\n<\/div>\n<div>\n<div>\n<h3 class=\"text-xl my-5 font-bold\">Th\u00f4ng s\u1ed1 k\u1ef9 thu\u1eadt<\/h3>\n<div>\n<div class=\"my-2 py-2\">T\u1ed1c \u0111\u1ed9<span class=\"mlr-1\">:<\/span><span class=\"ml-1\">1400v\/p<\/span><\/div>\n<div class=\"my-2 py-2\">C\u00f4ng su\u1ea5t<span class=\"mlr-1\">:<\/span><span class=\"ml-1\">1.5kw<\/span><\/div>\n<div class=\"my-2 py-2\">Tr\u1ecdng l\u01b0\u1ee3ng<span class=\"mlr-1\">:<\/span><span class=\"ml-1\">310KG<\/span><\/div>\n<div class=\"my-2 py-2\">\u0110\u1ed9ng c\u01a1 \u0111i\u1ec7n<span class=\"mlr-1\">:<\/span><span class=\"ml-1\">220v &#8211; 380v<\/span><\/div>\n<div class=\"my-2 py-2\">K\u00edch th\u01b0\u1edbc ( DxRxC )<span class=\"mlr-1\">:<\/span><span class=\"ml-1\">70x35x100<\/span><\/div>\n<\/div>\n<\/div>\n<\/div>","protected":false},"featured_media":2160,"comment_status":"open","ping_status":"closed","template":"","meta":{"_acf_changed":false},"product_cat":[390,348],"product_tag":[],"class_list":{"0":"post-2159","1":"product","2":"type-product","3":"status-publish","4":"has-post-thumbnail","6":"product_cat-may-lam-nghiep","7":"product_cat-thiet-bi-co-khi","9":"first","10":"instock","11":"shipping-taxable","12":"product-type-simple"},"acf":[],"_links":{"self":[{"href":"https:\/\/b2c.fairs.vn\/en\/wp-json\/wp\/v2\/product\/2159","targetHints":{"allow":["GET"]}}],"collection":[{"href":"https:\/\/b2c.fairs.vn\/en\/wp-json\/wp\/v2\/product"}],"about":[{"href":"https:\/\/b2c.fairs.vn\/en\/wp-json\/wp\/v2\/types\/product"}],"replies":[{"embeddable":true,"href":"https:\/\/b2c.fairs.vn\/en\/wp-json\/wp\/v2\/comments?post=2159"}],"version-history":[{"count":0,"href":"https:\/\/b2c.fairs.vn\/en\/wp-json\/wp\/v2\/product\/2159\/revisions"}],"wp:featuredmedia":[{"embeddable":true,"href":"https:\/\/b2c.fairs.vn\/en\/wp-json\/wp\/v2\/media\/2160"}],"wp:attachment":[{"href":"https:\/\/b2c.fairs.vn\/en\/wp-json\/wp\/v2\/media?parent=2159"}],"wp:term":[{"taxonomy":"product_cat","embeddable":true,"href":"https:\/\/b2c.fairs.vn\/en\/wp-json\/wp\/v2\/product_cat?post=2159"},{"taxonomy":"product_tag","embeddable":true,"href":"https:\/\/b2c.fairs.vn\/en\/wp-json\/wp\/v2\/product_tag?post=2159"}],"curies":[{"name":"wp","href":"https:\/\/api.w.org\/{rel}","templated":true}]}}