{"id":2156,"date":"2024-03-18T13:40:06","date_gmt":"2024-03-18T13:40:06","guid":{"rendered":"https:\/\/b2c.fairs.vn\/?post_type=product&#038;p=2156"},"modified":"2024-03-27T10:04:51","modified_gmt":"2024-03-27T03:04:51","slug":"may-lam-phao-chi","status":"publish","type":"product","link":"https:\/\/b2c.fairs.vn\/en\/product\/may-lam-phao-chi\/","title":{"rendered":"M\u00e1y L\u00e0m Ph\u00e0o Ch\u1ec9"},"content":{"rendered":"<div>\n<div>\n<p>H\u00e3ng s\u1ea3n xu\u1ea5t: Vi\u1ec7t Nam<br \/>\nB\u1ea3o h\u00e0nh: 03 th\u00e1ng<br \/>\nT\u00ecnh tr\u1ea1ng : M\u1edbi 100%<\/p>\n<\/div>\n<\/div>\n<div>\n<div>\n<h3 class=\"text-xl my-5 font-bold\">Th\u00f4ng s\u1ed1 k\u1ef9 thu\u1eadt<\/h3>\n<div>\n<div class=\"my-2 py-2\">Ngu\u1ed3n \u0111i\u1ec7n<span class=\"mlr-1\">:<\/span><span class=\"ml-1\">220v &#8211; 380v<\/span><\/div>\n<div class=\"my-2 py-2\">Tr\u1ecdng l\u01b0\u1ee3ng<span class=\"mlr-1\">:<\/span><span class=\"ml-1\">1150KG<\/span><\/div>\n<div class=\"my-2 py-2\">T\u1ed1c \u0111\u1ed9 \u0111\u01b0a ph\u00f4i<span class=\"mlr-1\">:<\/span><span class=\"ml-1\">50v\/p<\/span><\/div>\n<div class=\"my-2 py-2\">K\u00edch th\u01b0\u1edbc ( DxRxC )<span class=\"mlr-1\">:<\/span><span class=\"ml-1\">60x50x70 (cm)<\/span><\/div>\n<div class=\"my-2 py-2\">K\u00edch th\u01b0\u1edbc m\u1eb7t b\u00e0n<span class=\"mlr-1\">:<\/span><span class=\"ml-1\">50&#215;20 (cm)<\/span><\/div>\n<div class=\"my-2 py-2\">T\u1ed1c \u0111\u1ed9 v\u00f2ng quay tr\u1ee5c chinh<span class=\"mlr-1\">:<\/span><span class=\"ml-1\">2800v\/p<\/span><\/div>\n<\/div>\n<\/div>\n<\/div>","protected":false},"excerpt":{"rendered":"<div>\n<div>\n<p>H\u00e3ng s\u1ea3n xu\u1ea5t: Vi\u1ec7t Nam<br \/>\nB\u1ea3o h\u00e0nh: 03 th\u00e1ng<br \/>\nT\u00ecnh tr\u1ea1ng : M\u1edbi 100%<\/p>\n<\/div>\n<\/div>\n<div>\n<div>\n<h3 class=\"text-xl my-5 font-bold\">Th\u00f4ng s\u1ed1 k\u1ef9 thu\u1eadt<\/h3>\n<div>\n<div class=\"my-2 py-2\">Ngu\u1ed3n \u0111i\u1ec7n<span class=\"mlr-1\">:<\/span><span class=\"ml-1\">220v &#8211; 380v<\/span><\/div>\n<div class=\"my-2 py-2\">Tr\u1ecdng l\u01b0\u1ee3ng<span class=\"mlr-1\">:<\/span><span class=\"ml-1\">1150KG<\/span><\/div>\n<div class=\"my-2 py-2\">T\u1ed1c \u0111\u1ed9 \u0111\u01b0a ph\u00f4i<span class=\"mlr-1\">:<\/span><span class=\"ml-1\">50v\/p<\/span><\/div>\n<div class=\"my-2 py-2\">K\u00edch th\u01b0\u1edbc ( DxRxC )<span class=\"mlr-1\">:<\/span><span class=\"ml-1\">60x50x70 (cm)<\/span><\/div>\n<div class=\"my-2 py-2\">K\u00edch th\u01b0\u1edbc m\u1eb7t b\u00e0n<span class=\"mlr-1\">:<\/span><span class=\"ml-1\">50&#215;20 (cm)<\/span><\/div>\n<div class=\"my-2 py-2\">T\u1ed1c \u0111\u1ed9 v\u00f2ng quay tr\u1ee5c chinh<span class=\"mlr-1\">:<\/span><span class=\"ml-1\">2800v\/p<\/span><\/div>\n<\/div>\n<\/div>\n<\/div>","protected":false},"featured_media":2157,"comment_status":"open","ping_status":"closed","template":"","meta":{"_acf_changed":false},"product_cat":[348,392],"product_tag":[],"class_list":{"0":"post-2156","1":"product","2":"type-product","3":"status-publish","4":"has-post-thumbnail","6":"product_cat-thiet-bi-co-khi","7":"product_cat-thiet-bi-may-moc-khac","9":"first","10":"instock","11":"shipping-taxable","12":"product-type-simple"},"acf":[],"_links":{"self":[{"href":"https:\/\/b2c.fairs.vn\/en\/wp-json\/wp\/v2\/product\/2156","targetHints":{"allow":["GET"]}}],"collection":[{"href":"https:\/\/b2c.fairs.vn\/en\/wp-json\/wp\/v2\/product"}],"about":[{"href":"https:\/\/b2c.fairs.vn\/en\/wp-json\/wp\/v2\/types\/product"}],"replies":[{"embeddable":true,"href":"https:\/\/b2c.fairs.vn\/en\/wp-json\/wp\/v2\/comments?post=2156"}],"version-history":[{"count":0,"href":"https:\/\/b2c.fairs.vn\/en\/wp-json\/wp\/v2\/product\/2156\/revisions"}],"wp:featuredmedia":[{"embeddable":true,"href":"https:\/\/b2c.fairs.vn\/en\/wp-json\/wp\/v2\/media\/2157"}],"wp:attachment":[{"href":"https:\/\/b2c.fairs.vn\/en\/wp-json\/wp\/v2\/media?parent=2156"}],"wp:term":[{"taxonomy":"product_cat","embeddable":true,"href":"https:\/\/b2c.fairs.vn\/en\/wp-json\/wp\/v2\/product_cat?post=2156"},{"taxonomy":"product_tag","embeddable":true,"href":"https:\/\/b2c.fairs.vn\/en\/wp-json\/wp\/v2\/product_tag?post=2156"}],"curies":[{"name":"wp","href":"https:\/\/api.w.org\/{rel}","templated":true}]}}