{"id":2153,"date":"2024-03-18T13:38:50","date_gmt":"2024-03-18T13:38:50","guid":{"rendered":"https:\/\/b2c.fairs.vn\/?post_type=product&#038;p=2153"},"modified":"2024-03-27T13:41:51","modified_gmt":"2024-03-27T06:41:51","slug":"may-tien-go-chep-hinh-thu-cong-dm-mtg-400","status":"publish","type":"product","link":"https:\/\/b2c.fairs.vn\/en\/product\/may-tien-go-chep-hinh-thu-cong-dm-mtg-400\/","title":{"rendered":"M\u00e1y Ti\u1ec7n G\u1ed7 Ch\u00e9p H\u00ecnh Th\u1ee7 C\u00f4ng \u0110M &#8211; MTG 400"},"content":{"rendered":"<div>\n<div>\n<p>H\u00e0ng c\u00f4ng ty H\u00e3ng s\u1ea3n xu\u1ea5t \u0110\u00ecnh M\u1ed9c Lo\u1ea1i m\u00e1y M\u00e1y ti\u1ec7n g\u1ed7<\/p>\n<p>Xu\u1ea5t x\u1ee9 Vi\u1ec7t Nam<\/p>\n<\/div>\n<\/div>\n<div>\n<div>\n<h3 class=\"text-xl my-5 font-bold\">Th\u00f4ng s\u1ed1 k\u1ef9 thu\u1eadt<\/h3>\n<div>\n<div class=\"my-2 py-2\">C\u00f4ng su\u1ea5t<span class=\"mlr-1\">:<\/span><span class=\"ml-1\">3000W<\/span><\/div>\n<div class=\"my-2 py-2\">T\u1ed1c \u0111\u1ed9 motor (v\/p)<span class=\"mlr-1\">:<\/span><span class=\"ml-1\">1400<\/span><\/div>\n<div class=\"my-2 py-2\">K\u00edch th\u01b0\u1edbc m\u00e1y (mm)<span class=\"mlr-1\">:<\/span><span class=\"ml-1\">2200\/900\/110<\/span><\/div>\n<div class=\"my-2 py-2\">Tr\u1ecdng l\u01b0\u1ee3ng m\u00e1y (kg)<span class=\"mlr-1\">:<\/span><span class=\"ml-1\">400<\/span><\/div>\n<div class=\"my-2 py-2\">Chi\u1ec1u d\u00e0i gia c\u00f4ng (mm)<span class=\"mlr-1\">:<\/span><span class=\"ml-1\">1500<\/span><\/div>\n<div class=\"my-2 py-2\">T\u1ed1c \u0111\u1ed9 tr\u1ee5c dao (v\/p)<span class=\"mlr-1\">:<\/span><span class=\"ml-1\">800 &#8211; 3500<\/span><\/div>\n<div class=\"my-2 py-2\">\u0110\u01b0\u1eddng k\u00ednh gia c\u00f4ng (mm)<span class=\"mlr-1\">:<\/span><span class=\"ml-1\">400<\/span><\/div>\n<\/div>\n<\/div>\n<\/div>","protected":false},"excerpt":{"rendered":"<div>\n<div>\n<p>H\u00e0ng c\u00f4ng ty H\u00e3ng s\u1ea3n xu\u1ea5t \u0110\u00ecnh M\u1ed9c Lo\u1ea1i m\u00e1y M\u00e1y ti\u1ec7n g\u1ed7<\/p>\n<p>Xu\u1ea5t x\u1ee9 Vi\u1ec7t Nam<\/p>\n<\/div>\n<\/div>\n<div>\n<div>\n<h3 class=\"text-xl my-5 font-bold\">Th\u00f4ng s\u1ed1 k\u1ef9 thu\u1eadt<\/h3>\n<div>\n<div class=\"my-2 py-2\">C\u00f4ng su\u1ea5t<span class=\"mlr-1\">:<\/span><span class=\"ml-1\">3000W<\/span><\/div>\n<div class=\"my-2 py-2\">T\u1ed1c \u0111\u1ed9 motor (v\/p)<span class=\"mlr-1\">:<\/span><span class=\"ml-1\">1400<\/span><\/div>\n<div class=\"my-2 py-2\">K\u00edch th\u01b0\u1edbc m\u00e1y (mm)<span class=\"mlr-1\">:<\/span><span class=\"ml-1\">2200\/900\/110<\/span><\/div>\n<div class=\"my-2 py-2\">Tr\u1ecdng l\u01b0\u1ee3ng m\u00e1y (kg)<span class=\"mlr-1\">:<\/span><span class=\"ml-1\">400<\/span><\/div>\n<div class=\"my-2 py-2\">Chi\u1ec1u d\u00e0i gia c\u00f4ng (mm)<span class=\"mlr-1\">:<\/span><span class=\"ml-1\">1500<\/span><\/div>\n<div class=\"my-2 py-2\">T\u1ed1c \u0111\u1ed9 tr\u1ee5c dao (v\/p)<span class=\"mlr-1\">:<\/span><span class=\"ml-1\">800 &#8211; 3500<\/span><\/div>\n<div class=\"my-2 py-2\">\u0110\u01b0\u1eddng k\u00ednh gia c\u00f4ng (mm)<span class=\"mlr-1\">:<\/span><span class=\"ml-1\">400<\/span><\/div>\n<\/div>\n<\/div>\n<\/div>","protected":false},"featured_media":2154,"comment_status":"open","ping_status":"closed","template":"","meta":{"_acf_changed":false},"product_cat":[390,348],"product_tag":[],"class_list":{"0":"post-2153","1":"product","2":"type-product","3":"status-publish","4":"has-post-thumbnail","6":"product_cat-may-lam-nghiep","7":"product_cat-thiet-bi-co-khi","9":"first","10":"instock","11":"shipping-taxable","12":"product-type-simple"},"acf":[],"_links":{"self":[{"href":"https:\/\/b2c.fairs.vn\/en\/wp-json\/wp\/v2\/product\/2153","targetHints":{"allow":["GET"]}}],"collection":[{"href":"https:\/\/b2c.fairs.vn\/en\/wp-json\/wp\/v2\/product"}],"about":[{"href":"https:\/\/b2c.fairs.vn\/en\/wp-json\/wp\/v2\/types\/product"}],"replies":[{"embeddable":true,"href":"https:\/\/b2c.fairs.vn\/en\/wp-json\/wp\/v2\/comments?post=2153"}],"version-history":[{"count":0,"href":"https:\/\/b2c.fairs.vn\/en\/wp-json\/wp\/v2\/product\/2153\/revisions"}],"wp:featuredmedia":[{"embeddable":true,"href":"https:\/\/b2c.fairs.vn\/en\/wp-json\/wp\/v2\/media\/2154"}],"wp:attachment":[{"href":"https:\/\/b2c.fairs.vn\/en\/wp-json\/wp\/v2\/media?parent=2153"}],"wp:term":[{"taxonomy":"product_cat","embeddable":true,"href":"https:\/\/b2c.fairs.vn\/en\/wp-json\/wp\/v2\/product_cat?post=2153"},{"taxonomy":"product_tag","embeddable":true,"href":"https:\/\/b2c.fairs.vn\/en\/wp-json\/wp\/v2\/product_tag?post=2153"}],"curies":[{"name":"wp","href":"https:\/\/api.w.org\/{rel}","templated":true}]}}