{"id":2149,"date":"2024-03-18T13:36:44","date_gmt":"2024-03-18T13:36:44","guid":{"rendered":"https:\/\/b2c.fairs.vn\/?post_type=product&#038;p=2149"},"modified":"2024-03-27T13:42:30","modified_gmt":"2024-03-27T06:42:30","slug":"may-cha-nham-bang-dm-cn900","status":"publish","type":"product","link":"https:\/\/b2c.fairs.vn\/en\/product\/may-cha-nham-bang-dm-cn900\/","title":{"rendered":"M\u00e1y Ch\u00e0 Nh\u00e1m B\u0103ng (\u0110M-CN900)"},"content":{"rendered":"<div>\n<div>\n<p>H\u00e3ng s\u1ea3n xu\u1ea5t: Vi\u1ec7t Nam<br \/>\nB\u1ea3o h\u00e0nh: 03 th\u00e1ng<br \/>\nT\u00ecnh tr\u1ea1ng : M\u1edbi 100%<\/p>\n<\/div>\n<\/div>\n<div>\n<div>\n<h3 class=\"text-xl my-5 font-bold\">Th\u00f4ng s\u1ed1 k\u1ef9 thu\u1eadt<\/h3>\n<div>\n<div class=\"my-2 py-2\">Tr\u1ecdng l\u01b0\u1ee3ng<span class=\"mlr-1\">:<\/span><span class=\"ml-1\">750 kg<\/span><\/div>\n<div class=\"my-2 py-2\">K\u00edch th\u01b0\u1edbc (DxRxC)<span class=\"mlr-1\">:<\/span><span class=\"ml-1\">135x165x110 (cm)<\/span><\/div>\n<div class=\"my-2 py-2\">\u0110\u01b0\u1eddng k\u00ednh l\u00f4 tr\u00e0<span class=\"mlr-1\">:<\/span><span class=\"ml-1\">14 (cm)<\/span><\/div>\n<div class=\"my-2 py-2\">\u0110\u1ed9ng c\u01a1 gi\u1ea3m t\u1ed1c<span class=\"mlr-1\">:<\/span><span class=\"ml-1\">0.4KW t\u1ed1c \u0111\u1ed9 1420 v\/p<\/span><\/div>\n<div class=\"my-2 py-2\">Chi\u1ec1u d\u00e0y gia c\u00f4ng max<span class=\"mlr-1\">:<\/span><span class=\"ml-1\">15 (cm)<\/span><\/div>\n<div class=\"my-2 py-2\">Chi\u1ec1u d\u00e0y gia c\u00f4ng min<span class=\"mlr-1\">:<\/span><span class=\"ml-1\">2 (cm)<\/span><\/div>\n<div class=\"my-2 py-2\">Chi\u1ec1u r\u1ed9ng b\u0103ng t\u1ea3i<span class=\"mlr-1\">:<\/span><span class=\"ml-1\">90 (cm)<\/span><\/div>\n<div class=\"my-2 py-2\">\u0110\u1ed9ng c\u01a1 l\u00f4 gi\u1ea5y nh\u00e1m th\u00f4<span class=\"mlr-1\">:<\/span><span class=\"ml-1\">7.5KW t\u1ed1c \u0111\u1ed9 1450 v\/p<\/span><\/div>\n<div class=\"my-2 py-2\">\u0110\u1ed9ng c\u01a1 l\u00f4 gi\u1ea5y nh\u00e1m m\u1ecbn<span class=\"mlr-1\">:<\/span><span class=\"ml-1\">5.5KW t\u1ed1c \u0111\u1ed9 1450 v\/p<\/span><\/div>\n<\/div>\n<\/div>\n<\/div>","protected":false},"excerpt":{"rendered":"<div>\n<div>\n<p>H\u00e3ng s\u1ea3n xu\u1ea5t: Vi\u1ec7t Nam<br \/>\nB\u1ea3o h\u00e0nh: 03 th\u00e1ng<br \/>\nT\u00ecnh tr\u1ea1ng : M\u1edbi 100%<\/p>\n<\/div>\n<\/div>\n<div>\n<div>\n<h3 class=\"text-xl my-5 font-bold\">Th\u00f4ng s\u1ed1 k\u1ef9 thu\u1eadt<\/h3>\n<div>\n<div class=\"my-2 py-2\">Tr\u1ecdng l\u01b0\u1ee3ng<span class=\"mlr-1\">:<\/span><span class=\"ml-1\">750 kg<\/span><\/div>\n<div class=\"my-2 py-2\">K\u00edch th\u01b0\u1edbc (DxRxC)<span class=\"mlr-1\">:<\/span><span class=\"ml-1\">135x165x110 (cm)<\/span><\/div>\n<div class=\"my-2 py-2\">\u0110\u01b0\u1eddng k\u00ednh l\u00f4 tr\u00e0<span class=\"mlr-1\">:<\/span><span class=\"ml-1\">14 (cm)<\/span><\/div>\n<div class=\"my-2 py-2\">\u0110\u1ed9ng c\u01a1 gi\u1ea3m t\u1ed1c<span class=\"mlr-1\">:<\/span><span class=\"ml-1\">0.4KW t\u1ed1c \u0111\u1ed9 1420 v\/p<\/span><\/div>\n<div class=\"my-2 py-2\">Chi\u1ec1u d\u00e0y gia c\u00f4ng max<span class=\"mlr-1\">:<\/span><span class=\"ml-1\">15 (cm)<\/span><\/div>\n<div class=\"my-2 py-2\">Chi\u1ec1u d\u00e0y gia c\u00f4ng min<span class=\"mlr-1\">:<\/span><span class=\"ml-1\">2 (cm)<\/span><\/div>\n<div class=\"my-2 py-2\">Chi\u1ec1u r\u1ed9ng b\u0103ng t\u1ea3i<span class=\"mlr-1\">:<\/span><span class=\"ml-1\">90 (cm)<\/span><\/div>\n<div class=\"my-2 py-2\">\u0110\u1ed9ng c\u01a1 l\u00f4 gi\u1ea5y nh\u00e1m th\u00f4<span class=\"mlr-1\">:<\/span><span class=\"ml-1\">7.5KW t\u1ed1c \u0111\u1ed9 1450 v\/p<\/span><\/div>\n<div class=\"my-2 py-2\">\u0110\u1ed9ng c\u01a1 l\u00f4 gi\u1ea5y nh\u00e1m m\u1ecbn<span class=\"mlr-1\">:<\/span><span class=\"ml-1\">5.5KW t\u1ed1c \u0111\u1ed9 1450 v\/p<\/span><\/div>\n<\/div>\n<\/div>\n<\/div>","protected":false},"featured_media":2150,"comment_status":"open","ping_status":"closed","template":"","meta":{"_acf_changed":false},"product_cat":[390,348],"product_tag":[],"class_list":{"0":"post-2149","1":"product","2":"type-product","3":"status-publish","4":"has-post-thumbnail","6":"product_cat-may-lam-nghiep","7":"product_cat-thiet-bi-co-khi","9":"first","10":"instock","11":"shipping-taxable","12":"purchasable","13":"product-type-simple"},"acf":[],"_links":{"self":[{"href":"https:\/\/b2c.fairs.vn\/en\/wp-json\/wp\/v2\/product\/2149","targetHints":{"allow":["GET"]}}],"collection":[{"href":"https:\/\/b2c.fairs.vn\/en\/wp-json\/wp\/v2\/product"}],"about":[{"href":"https:\/\/b2c.fairs.vn\/en\/wp-json\/wp\/v2\/types\/product"}],"replies":[{"embeddable":true,"href":"https:\/\/b2c.fairs.vn\/en\/wp-json\/wp\/v2\/comments?post=2149"}],"version-history":[{"count":0,"href":"https:\/\/b2c.fairs.vn\/en\/wp-json\/wp\/v2\/product\/2149\/revisions"}],"wp:featuredmedia":[{"embeddable":true,"href":"https:\/\/b2c.fairs.vn\/en\/wp-json\/wp\/v2\/media\/2150"}],"wp:attachment":[{"href":"https:\/\/b2c.fairs.vn\/en\/wp-json\/wp\/v2\/media?parent=2149"}],"wp:term":[{"taxonomy":"product_cat","embeddable":true,"href":"https:\/\/b2c.fairs.vn\/en\/wp-json\/wp\/v2\/product_cat?post=2149"},{"taxonomy":"product_tag","embeddable":true,"href":"https:\/\/b2c.fairs.vn\/en\/wp-json\/wp\/v2\/product_tag?post=2149"}],"curies":[{"name":"wp","href":"https:\/\/api.w.org\/{rel}","templated":true}]}}