{"id":2135,"date":"2024-03-18T13:13:57","date_gmt":"2024-03-18T13:13:57","guid":{"rendered":"https:\/\/b2c.fairs.vn\/?post_type=product&#038;p=2135"},"modified":"2024-03-26T10:01:01","modified_gmt":"2024-03-26T03:01:01","slug":"mit-say","status":"publish","type":"product","link":"https:\/\/b2c.fairs.vn\/en\/product\/mit-say\/","title":{"rendered":"M\u00edt s\u1ea5y"},"content":{"rendered":"<p>M\u00cdT S\u1ea4Y MINH D\u01af\u01a0NG<br \/>\nNh\u1eefng tr\u00e1i m\u00edt \u0110\u1ed3ng Nai m\u00fai to, ng\u1ecdt \u0111\u1eadm, ch\u00edn t\u1ef1 nhi\u00ean \u0111\u01b0\u1ee3c Minh D\u01b0\u01a1ng Food thu mua ngay t\u1ea1i v\u01b0\u1eddn, \u0111\u1ea3m b\u1ea3o t\u01b0\u01a1i ngon, kh\u00f4ng h\u00f3a ch\u1ea5t. M\u00edt sau khi chuy\u1ec3n v\u1ec1 \u0111\u01b0\u1ee3c s\u01a1 ch\u1ebf v\u00e0 ti\u1ebfn h\u00e0nh s\u1ea5y kh\u00f4 b\u1eb1ng c\u00f4ng ngh\u1ec7 s\u1ea5y hi\u1ec7n \u0111\u1ea1i, nh\u1edd th\u1ebf m\u00e0 mi\u1ebfng m\u00edt s\u1ea5y v\u1eabn gi\u1eef nguy\u00ean \u0111\u01b0\u1ee3c v\u1ecb t\u1ef1 nhi\u00ean th\u01a1m ng\u1ecdt v\u1edbi m\u00e0u v\u00e0ng ru\u1ed9m, c\u1eafn gi\u00f2n tan.<\/p>\n<p>\u0110\u00e2y c\u0169ng l\u00e0 l\u00fd do v\u00ec sao m\u00edt s\u1ea5y Minh D\u01b0\u01a1ng lu\u00f4n \u0111\u01b0\u1ee3c th\u1ecb tr\u01b0\u1eddng \u0111\u00f3n nh\u1eadn.<\/p>\n<p>T\u00ean s\u1ea3n ph\u1ea9m: M\u00edt s\u1ea5y<\/p>\n<p>Th\u01b0\u01a1ng hi\u1ec7u: Minh D\u01b0\u01a1ng<\/p>\n<p>Th\u00e0nh ph\u1ea7n: M\u00edt s\u1ea5y\u00a098%, \u0111\u01b0\u1eddng tinh luy\u1ec7n, mu\u1ed1i, d\u1ea7u c\u1ecd.<\/p>\n<p>H\u1ea1n s\u1eed d\u1ee5ng: 12 th\u00e1ng k\u1ec3 t\u1eeb NSX<\/p>\n<p>H\u01b0\u1edbng d\u1eabn s\u1eed d\u1ee5ng: S\u1ea3n ph\u1ea9m \u0111\u01b0\u1ee3c s\u1eed d\u1ee5ng \u0103n li\u1ec1n kh\u00f4ng qua ch\u1ebf bi\u1ebfn.<\/p>\n<p>H\u01b0\u1edbng d\u1eabn b\u1ea3o qu\u1ea3n: \u0110\u1ec3 n\u01a1i kh\u00f4 r\u00e1o, s\u1ea1ch s\u1ebd, tho\u00e1ng m\u00e1t. Tr\u00e1nh \u00e1nh n\u1eafng tr\u1ef1c ti\u1ebfp t\u1eeb m\u1eb7t tr\u1eddi.<\/p>\n<p>Th\u00f4ng tin c\u1ea3nh b\u00e1o an to\u00e0n, v\u1ec7 sinh: Kh\u00f4ng s\u1eed d\u1ee5ng s\u1ea3n ph\u1ea9m c\u00f3 m\u00e0u s\u1eafc v\u00e0 m\u00f9i v\u1ecb b\u1ea5t th\u01b0\u1eddng<\/p>","protected":false},"excerpt":{"rendered":"<p>M\u00cdT S\u1ea4Y MINH D\u01af\u01a0NG<br \/>\nNh\u1eefng tr\u00e1i m\u00edt \u0110\u1ed3ng Nai m\u00fai to, ng\u1ecdt \u0111\u1eadm, ch\u00edn t\u1ef1 nhi\u00ean \u0111\u01b0\u1ee3c Minh D\u01b0\u01a1ng Food thu mua ngay t\u1ea1i v\u01b0\u1eddn, \u0111\u1ea3m b\u1ea3o t\u01b0\u01a1i ngon, kh\u00f4ng h\u00f3a ch\u1ea5t. M\u00edt sau khi chuy\u1ec3n v\u1ec1 \u0111\u01b0\u1ee3c s\u01a1 ch\u1ebf v\u00e0 ti\u1ebfn h\u00e0nh s\u1ea5y kh\u00f4 b\u1eb1ng c\u00f4ng ngh\u1ec7 s\u1ea5y hi\u1ec7n \u0111\u1ea1i, nh\u1edd th\u1ebf m\u00e0 mi\u1ebfng m\u00edt s\u1ea5y v\u1eabn gi\u1eef nguy\u00ean \u0111\u01b0\u1ee3c v\u1ecb t\u1ef1 nhi\u00ean th\u01a1m ng\u1ecdt v\u1edbi m\u00e0u v\u00e0ng ru\u1ed9m, c\u1eafn gi\u00f2n tan.<\/p>\n<p>\u0110\u00e2y c\u0169ng l\u00e0 l\u00fd do v\u00ec sao m\u00edt s\u1ea5y Minh D\u01b0\u01a1ng lu\u00f4n \u0111\u01b0\u1ee3c th\u1ecb tr\u01b0\u1eddng \u0111\u00f3n nh\u1eadn.<\/p>\n<p>T\u00ean s\u1ea3n ph\u1ea9m: M\u00edt s\u1ea5y<\/p>\n<p>Th\u01b0\u01a1ng hi\u1ec7u: Minh D\u01b0\u01a1ng<\/p>\n<p>Th\u00e0nh ph\u1ea7n: M\u00edt s\u1ea5y\u00a098%, \u0111\u01b0\u1eddng tinh luy\u1ec7n, mu\u1ed1i, d\u1ea7u c\u1ecd.<\/p>\n<p>H\u1ea1n s\u1eed d\u1ee5ng: 12 th\u00e1ng k\u1ec3 t\u1eeb NSX<\/p>\n<p>H\u01b0\u1edbng d\u1eabn s\u1eed d\u1ee5ng: S\u1ea3n ph\u1ea9m \u0111\u01b0\u1ee3c s\u1eed d\u1ee5ng \u0103n li\u1ec1n kh\u00f4ng qua ch\u1ebf bi\u1ebfn.<\/p>\n<p>H\u01b0\u1edbng d\u1eabn b\u1ea3o qu\u1ea3n: \u0110\u1ec3 n\u01a1i kh\u00f4 r\u00e1o, s\u1ea1ch s\u1ebd, tho\u00e1ng m\u00e1t. Tr\u00e1nh \u00e1nh n\u1eafng tr\u1ef1c ti\u1ebfp t\u1eeb m\u1eb7t tr\u1eddi.<\/p>\n<p>Th\u00f4ng tin c\u1ea3nh b\u00e1o an to\u00e0n, v\u1ec7 sinh: Kh\u00f4ng s\u1eed d\u1ee5ng s\u1ea3n ph\u1ea9m c\u00f3 m\u00e0u s\u1eafc v\u00e0 m\u00f9i v\u1ecb b\u1ea5t th\u01b0\u1eddng<\/p>","protected":false},"featured_media":2136,"comment_status":"open","ping_status":"closed","template":"","meta":{"_acf_changed":false},"product_cat":[316,314,22,313],"product_tag":[],"class_list":{"0":"post-2135","1":"product","2":"type-product","3":"status-publish","4":"has-post-thumbnail","6":"product_cat-che-bien-tu-rau-cu-qua-hat","7":"product_cat-do-an-nhanh","8":"product_cat-sanphamthucpham","9":"product_cat-thuc-pham-che-bien","11":"first","12":"instock","13":"shipping-taxable","14":"purchasable","15":"product-type-variable"},"acf":[],"_links":{"self":[{"href":"https:\/\/b2c.fairs.vn\/en\/wp-json\/wp\/v2\/product\/2135","targetHints":{"allow":["GET"]}}],"collection":[{"href":"https:\/\/b2c.fairs.vn\/en\/wp-json\/wp\/v2\/product"}],"about":[{"href":"https:\/\/b2c.fairs.vn\/en\/wp-json\/wp\/v2\/types\/product"}],"replies":[{"embeddable":true,"href":"https:\/\/b2c.fairs.vn\/en\/wp-json\/wp\/v2\/comments?post=2135"}],"version-history":[{"count":0,"href":"https:\/\/b2c.fairs.vn\/en\/wp-json\/wp\/v2\/product\/2135\/revisions"}],"wp:featuredmedia":[{"embeddable":true,"href":"https:\/\/b2c.fairs.vn\/en\/wp-json\/wp\/v2\/media\/2136"}],"wp:attachment":[{"href":"https:\/\/b2c.fairs.vn\/en\/wp-json\/wp\/v2\/media?parent=2135"}],"wp:term":[{"taxonomy":"product_cat","embeddable":true,"href":"https:\/\/b2c.fairs.vn\/en\/wp-json\/wp\/v2\/product_cat?post=2135"},{"taxonomy":"product_tag","embeddable":true,"href":"https:\/\/b2c.fairs.vn\/en\/wp-json\/wp\/v2\/product_tag?post=2135"}],"curies":[{"name":"wp","href":"https:\/\/api.w.org\/{rel}","templated":true}]}}