{"id":2131,"date":"2024-03-18T13:09:07","date_gmt":"2024-03-18T13:09:07","guid":{"rendered":"https:\/\/b2c.fairs.vn\/?post_type=product&#038;p=2131"},"modified":"2024-03-26T10:26:25","modified_gmt":"2024-03-26T03:26:25","slug":"khoai-mon-say","status":"publish","type":"product","link":"https:\/\/b2c.fairs.vn\/en\/product\/khoai-mon-say\/","title":{"rendered":"H\u1ed9p thanh ng\u0169 c\u1ed1c dinh d\u01b0\u1ee1ng tr\u00e0i c\u00e2y v\u00e0 h\u1ea1t"},"content":{"rendered":"<p>Thanh ng\u0169 c\u1ed1c dinh d\u01b0\u1ee1ng tr\u00e1i c\u00e2y v\u00e0 h\u1ea1t Minhduongfood\u00a0l\u00e0 m\u1ed9t l\u1ef1a ch\u1ecdn tuy\u1ec7t v\u1eddi cho b\u1eefa s\u00e1ng nhanh g\u1ecdn, ti\u1ec7n l\u1ee3i v\u00e0 cung c\u1ea5p \u0111\u1ea7y \u0111\u1ee7 dinh d\u01b0\u1ee1ng c\u1ea7n thi\u1ebft cho c\u01a1 th\u1ec3.\u00a0S\u1ef1 k\u1ebft h\u1ee3p ho\u00e0n h\u1ea3o c\u1ee7a c\u00e1c lo\u1ea1i h\u1ea1t dinh d\u01b0\u1ee1ng c\u00f9ng c\u00f4ng th\u1ee9c c\u1ea3i ti\u1ebfn s\u1ebd mang l\u1ea1i ngu\u1ed3n dinh d\u01b0\u1ee1ng tuy\u1ec7t v\u1eddi v\u00e0 an to\u00e0n cho c\u01a1 th\u1ec3 b\u1ea1n.<\/p>\n<ul>\n<li>Th\u00e0nh ph\u1ea7n trong thanh\u00a0ng\u0169 c\u1ed1c dinh d\u01b0\u1ee1ng tr\u00e1i c\u00e2y v\u00e0 h\u1ea1t bao g\u1ed3m: H\u1ea1t b\u00ed, h\u1ea1t \u0111i\u1ec1u, h\u1ea1t g\u1ea1o l\u1ee9t \u0111\u1ecf, khoai lang, nho, vi\u1ec7t qu\u1ea5t, d\u1eeba kh\u00f4, v\u1eebng,&#8230;<\/li>\n<li>Kh\u1ed1i l\u01b0\u1ee3ng t\u1ecbnh: 200g<\/li>\n<li>H\u01b0\u1edbng d\u1eabn s\u1eed d\u1ee5ng: D\u00f9ng tr\u1ef1c ti\u1ebfp nh\u01b0 m\u1ed9t b\u1eefa \u0103n s\u00e1ng ho\u1eb7c b\u1ed5 sung v\u00e0o c\u00e1c m\u00f3n \u0103n kh\u00e1c. \u0110\u1ec3 th\u01b0\u1edfng th\u1ee9c ngon h\u01a1n, b\u1ea1n c\u00f3 th\u1ec3 k\u1ebft h\u1ee3p c\u00f9ng s\u1eefa, s\u1eefa chua, n\u01b0\u1edbc tr\u00e1i c\u00e2y,&#8230;<\/li>\n<\/ul>\n<p><strong>L\u1ee3i \u00edch c\u1ee7a s\u1ea3n ph\u1ea9m:\u00a0<\/strong><\/p>\n<ul>\n<li>Cung c\u1ea5p n\u0103ng l\u01b0\u1ee3ng: S\u1eed d\u1ee5ng thanh ng\u0169 c\u1ed1c dinh d\u01b0\u1ee1ng tr\u00e1i c\u00e2y v\u00e0 h\u1ea1t h\u00e0ng ng\u00e0y gi\u00fap cung c\u1ea5p n\u0103ng l\u01b0\u1ee3ng cho c\u01a1 th\u1ec3 nh\u1edd h\u00e0m l\u01b0\u1ee3ng carbohydrate, ch\u1ea5t b\u00e9o v\u00e0 protein t\u1eeb c\u00e1c ngu\u1ed3n t\u1ef1 nhi\u00ean.<\/li>\n<li>\u0110a d\u1ea1ng ngu\u1ed3n dinh d\u01b0\u1ee1ng cho c\u01a1 th\u1ec3:\u00a0C\u00e1c lo\u1ea1i tr\u00e1i c\u00e2y v\u00e0 h\u1ea1t th\u01b0\u1eddng gi\u00e0u ch\u1ea5t x\u01a1, vitamin, kho\u00e1ng ch\u1ea5t v\u00e0 ch\u1ea5t ch\u1ed1ng \u00f4 xy h\u00f3a, \u0111\u00f3ng vai tr\u00f2 quan tr\u1ecdng trong vi\u1ec7c duy tr\u00ec s\u1ee9c kh\u1ecfe tim m\u1ea1ch, h\u1ec7 mi\u1ec5n d\u1ecbch v\u00e0 s\u1ee9c kh\u1ecfe t\u1ed5ng th\u1ec3<\/li>\n<li>B\u1ed1 sung c\u00e1c ch\u1ea5t ch\u1ed1ng oxy ho\u00e1 hi\u1ec7u qu\u1ea3: C\u00e1c lo\u1ea1i tr\u00e1i c\u00e2y v\u00e0 h\u1ea1t th\u01b0\u1eddng ch\u1ee9a nhi\u1ec1u\u00a0ch\u1ea5t ch\u1ed1ng \u00f4 xy h\u00f3a nh\u01b0 vitamin C, vitamin E v\u00e0 c\u00e1c flavonoid, gi\u00fap ng\u0103n ng\u1eeba t\u1ed5n th\u01b0\u01a1ng t\u1ebf b\u00e0o do c\u00e1c g\u1ed1c t\u1ef1 do.<\/li>\n<li>H\u1ed7 tr\u1ee3 ti\u00eau ho\u00e1 hi\u1ec7u qu\u1ea3:\u00a0Ch\u1ea5t x\u01a1 t\u1eeb tr\u00e1i c\u00e2y v\u00e0 h\u1ea1t c\u00f3 th\u1ec3 c\u1ea3i thi\u1ec7n s\u1ee9c kh\u1ecfe \u0111\u01b0\u1eddng ru\u1ed9t, h\u1ed7 tr\u1ee3 qu\u00e1 tr\u00ecnh ti\u00eau h\u00f3a v\u00e0 ng\u0103n ng\u1eeba t\u00e1o b\u00f3n.<\/li>\n<li>Gi\u1ea3m nguy c\u01a1 m\u1eafc c\u00e1c b\u1ec7nh v\u1ec1 tim m\u1ea1ch, ti\u1ec3u \u0111\u01b0\u1eddng, b\u00e9o ph\u00ec<\/li>\n<li>t\u0103ng c\u01b0\u1eddng s\u1ee9c \u0111\u1ec1 kh\u00e1ng cho c\u01a1 th\u1ec3:\u00a0C\u00e1c th\u00e0nh ph\u1ea7n dinh d\u01b0\u1ee1ng trong tr\u00e1i c\u00e2y v\u00e0 h\u1ea1t gi\u00fap t\u0103ng c\u01b0\u1eddng h\u1ec7 mi\u1ec5n d\u1ecbch, gi\u00fap c\u01a1 th\u1ec3 ch\u1ed1ng l\u1ea1i c\u00e1c b\u1ec7nh t\u1eadt v\u00e0 vi khu\u1ea9n g\u00e2y h\u1ea1i.<\/li>\n<\/ul>\n<p>Thanh ng\u0169 c\u1ed1c dinh d\u01b0\u1ee1ng tr\u00e1i c\u00e2y v\u00e0 h\u1ed9p l\u00e0 s\u1ef1 l\u1ef1a ch\u1ecdn ho\u00e0n h\u1ea3o gi\u00fap b\u1ea1n b\u1ed5 sung n\u0103ng l\u01b0\u1ee3ng tr\u01b0\u1edbc khi b\u1eaft \u0111\u1ea7u b\u1ea5t k\u1ef3 ho\u1ea1t \u0111\u1ed9ng n\u00e0o, b\u1ea1n s\u1ebd tr\u1edf n\u00ean n\u0103ng \u0111\u1ed9ng v\u00e0 c\u00f3 m\u1ed9t kh\u1edfi \u0111\u1ea7u tuy\u1ec7t v\u1eddi h\u01a1n bao gi\u1edd h\u1ebft.<\/p>","protected":false},"excerpt":{"rendered":"<p>Thanh ng\u0169 c\u1ed1c dinh d\u01b0\u1ee1ng tr\u00e1i c\u00e2y v\u00e0 h\u1ea1t Minhduongfood\u00a0l\u00e0 m\u1ed9t l\u1ef1a ch\u1ecdn tuy\u1ec7t v\u1eddi cho b\u1eefa s\u00e1ng nhanh g\u1ecdn, ti\u1ec7n l\u1ee3i v\u00e0 cung c\u1ea5p \u0111\u1ea7y \u0111\u1ee7 dinh d\u01b0\u1ee1ng c\u1ea7n thi\u1ebft cho c\u01a1 th\u1ec3.\u00a0S\u1ef1 k\u1ebft h\u1ee3p ho\u00e0n h\u1ea3o c\u1ee7a c\u00e1c lo\u1ea1i h\u1ea1t dinh d\u01b0\u1ee1ng c\u00f9ng c\u00f4ng th\u1ee9c c\u1ea3i ti\u1ebfn s\u1ebd mang l\u1ea1i ngu\u1ed3n dinh d\u01b0\u1ee1ng tuy\u1ec7t v\u1eddi v\u00e0 an to\u00e0n cho c\u01a1 th\u1ec3 b\u1ea1n.<\/p>\n<ul>\n<li>Th\u00e0nh ph\u1ea7n trong thanh\u00a0ng\u0169 c\u1ed1c dinh d\u01b0\u1ee1ng tr\u00e1i c\u00e2y v\u00e0 h\u1ea1t bao g\u1ed3m: H\u1ea1t b\u00ed, h\u1ea1t \u0111i\u1ec1u, h\u1ea1t g\u1ea1o l\u1ee9t \u0111\u1ecf, khoai lang, nho, vi\u1ec7t qu\u1ea5t, d\u1eeba kh\u00f4, v\u1eebng,&#8230;<\/li>\n<li>Kh\u1ed1i l\u01b0\u1ee3ng t\u1ecbnh: 200g<\/li>\n<li>H\u01b0\u1edbng d\u1eabn s\u1eed d\u1ee5ng: D\u00f9ng tr\u1ef1c ti\u1ebfp nh\u01b0 m\u1ed9t b\u1eefa \u0103n s\u00e1ng ho\u1eb7c b\u1ed5 sung v\u00e0o c\u00e1c m\u00f3n \u0103n kh\u00e1c. \u0110\u1ec3 th\u01b0\u1edfng th\u1ee9c ngon h\u01a1n, b\u1ea1n c\u00f3 th\u1ec3 k\u1ebft h\u1ee3p c\u00f9ng s\u1eefa, s\u1eefa chua, n\u01b0\u1edbc tr\u00e1i c\u00e2y,&#8230;<\/li>\n<\/ul>\n<p><strong>L\u1ee3i \u00edch c\u1ee7a s\u1ea3n ph\u1ea9m:\u00a0<\/strong><\/p>\n<ul>\n<li>Cung c\u1ea5p n\u0103ng l\u01b0\u1ee3ng: S\u1eed d\u1ee5ng thanh ng\u0169 c\u1ed1c dinh d\u01b0\u1ee1ng tr\u00e1i c\u00e2y v\u00e0 h\u1ea1t h\u00e0ng ng\u00e0y gi\u00fap cung c\u1ea5p n\u0103ng l\u01b0\u1ee3ng cho c\u01a1 th\u1ec3 nh\u1edd h\u00e0m l\u01b0\u1ee3ng carbohydrate, ch\u1ea5t b\u00e9o v\u00e0 protein t\u1eeb c\u00e1c ngu\u1ed3n t\u1ef1 nhi\u00ean.<\/li>\n<li>\u0110a d\u1ea1ng ngu\u1ed3n dinh d\u01b0\u1ee1ng cho c\u01a1 th\u1ec3:\u00a0C\u00e1c lo\u1ea1i tr\u00e1i c\u00e2y v\u00e0 h\u1ea1t th\u01b0\u1eddng gi\u00e0u ch\u1ea5t x\u01a1, vitamin, kho\u00e1ng ch\u1ea5t v\u00e0 ch\u1ea5t ch\u1ed1ng \u00f4 xy h\u00f3a, \u0111\u00f3ng vai tr\u00f2 quan tr\u1ecdng trong vi\u1ec7c duy tr\u00ec s\u1ee9c kh\u1ecfe tim m\u1ea1ch, h\u1ec7 mi\u1ec5n d\u1ecbch v\u00e0 s\u1ee9c kh\u1ecfe t\u1ed5ng th\u1ec3<\/li>\n<li>B\u1ed1 sung c\u00e1c ch\u1ea5t ch\u1ed1ng oxy ho\u00e1 hi\u1ec7u qu\u1ea3: C\u00e1c lo\u1ea1i tr\u00e1i c\u00e2y v\u00e0 h\u1ea1t th\u01b0\u1eddng ch\u1ee9a nhi\u1ec1u\u00a0ch\u1ea5t ch\u1ed1ng \u00f4 xy h\u00f3a nh\u01b0 vitamin C, vitamin E v\u00e0 c\u00e1c flavonoid, gi\u00fap ng\u0103n ng\u1eeba t\u1ed5n th\u01b0\u01a1ng t\u1ebf b\u00e0o do c\u00e1c g\u1ed1c t\u1ef1 do.<\/li>\n<li>H\u1ed7 tr\u1ee3 ti\u00eau ho\u00e1 hi\u1ec7u qu\u1ea3:\u00a0Ch\u1ea5t x\u01a1 t\u1eeb tr\u00e1i c\u00e2y v\u00e0 h\u1ea1t c\u00f3 th\u1ec3 c\u1ea3i thi\u1ec7n s\u1ee9c kh\u1ecfe \u0111\u01b0\u1eddng ru\u1ed9t, h\u1ed7 tr\u1ee3 qu\u00e1 tr\u00ecnh ti\u00eau h\u00f3a v\u00e0 ng\u0103n ng\u1eeba t\u00e1o b\u00f3n.<\/li>\n<li>Gi\u1ea3m nguy c\u01a1 m\u1eafc c\u00e1c b\u1ec7nh v\u1ec1 tim m\u1ea1ch, ti\u1ec3u \u0111\u01b0\u1eddng, b\u00e9o ph\u00ec<\/li>\n<li>t\u0103ng c\u01b0\u1eddng s\u1ee9c \u0111\u1ec1 kh\u00e1ng cho c\u01a1 th\u1ec3:\u00a0C\u00e1c th\u00e0nh ph\u1ea7n dinh d\u01b0\u1ee1ng trong tr\u00e1i c\u00e2y v\u00e0 h\u1ea1t gi\u00fap t\u0103ng c\u01b0\u1eddng h\u1ec7 mi\u1ec5n d\u1ecbch, gi\u00fap c\u01a1 th\u1ec3 ch\u1ed1ng l\u1ea1i c\u00e1c b\u1ec7nh t\u1eadt v\u00e0 vi khu\u1ea9n g\u00e2y h\u1ea1i.<\/li>\n<\/ul>\n<p>Thanh ng\u0169 c\u1ed1c dinh d\u01b0\u1ee1ng tr\u00e1i c\u00e2y v\u00e0 h\u1ed9p l\u00e0 s\u1ef1 l\u1ef1a ch\u1ecdn ho\u00e0n h\u1ea3o gi\u00fap b\u1ea1n b\u1ed5 sung n\u0103ng l\u01b0\u1ee3ng tr\u01b0\u1edbc khi b\u1eaft \u0111\u1ea7u b\u1ea5t k\u1ef3 ho\u1ea1t \u0111\u1ed9ng n\u00e0o, b\u1ea1n s\u1ebd tr\u1edf n\u00ean n\u0103ng \u0111\u1ed9ng v\u00e0 c\u00f3 m\u1ed9t kh\u1edfi \u0111\u1ea7u tuy\u1ec7t v\u1eddi h\u01a1n bao gi\u1edd h\u1ebft.<\/p>","protected":false},"featured_media":8948,"comment_status":"open","ping_status":"closed","template":"","meta":{"_acf_changed":false},"product_cat":[314,22,313],"product_tag":[],"class_list":{"0":"post-2131","1":"product","2":"type-product","3":"status-publish","4":"has-post-thumbnail","6":"product_cat-do-an-nhanh","7":"product_cat-sanphamthucpham","8":"product_cat-thuc-pham-che-bien","10":"first","11":"instock","12":"shipping-taxable","13":"purchasable","14":"product-type-simple"},"acf":[],"_links":{"self":[{"href":"https:\/\/b2c.fairs.vn\/en\/wp-json\/wp\/v2\/product\/2131","targetHints":{"allow":["GET"]}}],"collection":[{"href":"https:\/\/b2c.fairs.vn\/en\/wp-json\/wp\/v2\/product"}],"about":[{"href":"https:\/\/b2c.fairs.vn\/en\/wp-json\/wp\/v2\/types\/product"}],"replies":[{"embeddable":true,"href":"https:\/\/b2c.fairs.vn\/en\/wp-json\/wp\/v2\/comments?post=2131"}],"version-history":[{"count":0,"href":"https:\/\/b2c.fairs.vn\/en\/wp-json\/wp\/v2\/product\/2131\/revisions"}],"wp:featuredmedia":[{"embeddable":true,"href":"https:\/\/b2c.fairs.vn\/en\/wp-json\/wp\/v2\/media\/8948"}],"wp:attachment":[{"href":"https:\/\/b2c.fairs.vn\/en\/wp-json\/wp\/v2\/media?parent=2131"}],"wp:term":[{"taxonomy":"product_cat","embeddable":true,"href":"https:\/\/b2c.fairs.vn\/en\/wp-json\/wp\/v2\/product_cat?post=2131"},{"taxonomy":"product_tag","embeddable":true,"href":"https:\/\/b2c.fairs.vn\/en\/wp-json\/wp\/v2\/product_tag?post=2131"}],"curies":[{"name":"wp","href":"https:\/\/api.w.org\/{rel}","templated":true}]}}