{"id":2128,"date":"2024-03-18T12:59:48","date_gmt":"2024-03-18T12:59:48","guid":{"rendered":"https:\/\/b2c.fairs.vn\/?post_type=product&#038;p=2128"},"modified":"2024-03-26T10:01:56","modified_gmt":"2024-03-26T03:01:56","slug":"ngo-nep-say-gion-vi-pho-mai-lucky","status":"publish","type":"product","link":"https:\/\/b2c.fairs.vn\/en\/product\/ngo-nep-say-gion-vi-pho-mai-lucky\/","title":{"rendered":"Ng\u00f4 n\u1ebfp s\u1ea5y gi\u00f2n v\u1ecb ph\u00f4 mai LUCKY"},"content":{"rendered":"<p>S\u1ea3n ph\u1ea9m l\u00e0m t\u1eeb 100% h\u1ea1t ng\u00f4 n\u1ebfp t\u01b0\u01a1i, qua c\u00f4ng ngh\u1ec7 s\u1ea5y ch\u00e2n kh\u00f4ng hi\u1ec7n \u0111\u1ea1i, h\u1ea1t ng\u00f4 sau khi s\u1ea5y v\u1eabn gi\u1eef nguy\u00ean \u0111\u01b0\u1ee3c h\u00e0m l\u01b0\u1ee3ng dinh d\u01b0\u1ee1ng v\u00e0 h\u01b0\u01a1ng th\u01a1m t\u1ef1 nhi\u00ean.<\/p>\n<p>H\u1ea1t ng\u00f4 n\u1ebfp sau khi s\u1ea5y gi\u00f2n tan quy\u1ec7n v\u1edbi v\u1ecb phomai b\u00e9o ng\u1eady m\u1eb7n ng\u1ecdt \u0111\u1eadm \u0111\u00e0 c\u00f3 v\u1ecb h\u01a1i cay cay c\u1ee7a \u1edbt t\u01b0\u01a1i \u0111\u00e3 t\u1ea1o n\u00ean h\u01b0\u01a1ng v\u1ecb \u0111\u1eb7c tr\u01b0ng c\u1ee7a s\u1ea3n ph\u1ea9m B\u1eafp N\u1ebfp V\u1ecb Phomai Minh D\u01b0\u01a1ng Food<\/p>\n<p>T\u00ean s\u1ea3n ph\u1ea9m: B\u1eafp n\u1ebfp v\u1ecb phomai<\/p>\n<p>Th\u01b0\u01a1ng hi\u1ec7u: Minh D\u01b0\u01a1ng<\/p>\n<p>Th\u00e0nh ph\u1ea7n: Ng\u00f4 n\u1ebfp\u00a098%, \u0111\u01b0\u1eddng tinh luy\u1ec7n, mu\u1ed1i, d\u1ea7u c\u1ecd.<\/p>\n<p>H\u1ea1n s\u1eed d\u1ee5ng: 6\u00a0th\u00e1ng k\u1ec3 t\u1eeb NSX<\/p>\n<p>H\u01b0\u1edbng d\u1eabn s\u1eed d\u1ee5ng: S\u1ea3n ph\u1ea9m \u0111\u01b0\u1ee3c s\u1eed d\u1ee5ng \u0103n li\u1ec1n kh\u00f4ng qua ch\u1ebf bi\u1ebfn.<\/p>\n<p>H\u01b0\u1edbng d\u1eabn b\u1ea3o qu\u1ea3n: \u0110\u1ec3 n\u01a1i kh\u00f4 r\u00e1o, s\u1ea1ch s\u1ebd, tho\u00e1ng m\u00e1t. Tr\u00e1nh \u00e1nh n\u1eafng tr\u1ef1c ti\u1ebfp t\u1eeb m\u1eb7t tr\u1eddi.<\/p>\n<p>Th\u00f4ng tin c\u1ea3nh b\u00e1o an to\u00e0n, v\u1ec7 sinh: Kh\u00f4ng s\u1eed d\u1ee5ng s\u1ea3n ph\u1ea9m c\u00f3 m\u00e0u s\u1eafc v\u00e0 m\u00f9i v\u1ecb b\u1ea5t th\u01b0\u1eddng<\/p>","protected":false},"excerpt":{"rendered":"<p>S\u1ea3n ph\u1ea9m l\u00e0m t\u1eeb 100% h\u1ea1t ng\u00f4 n\u1ebfp t\u01b0\u01a1i, qua c\u00f4ng ngh\u1ec7 s\u1ea5y ch\u00e2n kh\u00f4ng hi\u1ec7n \u0111\u1ea1i, h\u1ea1t ng\u00f4 sau khi s\u1ea5y v\u1eabn gi\u1eef nguy\u00ean \u0111\u01b0\u1ee3c h\u00e0m l\u01b0\u1ee3ng dinh d\u01b0\u1ee1ng v\u00e0 h\u01b0\u01a1ng th\u01a1m t\u1ef1 nhi\u00ean.<\/p>\n<p>H\u1ea1t ng\u00f4 n\u1ebfp sau khi s\u1ea5y gi\u00f2n tan quy\u1ec7n v\u1edbi v\u1ecb phomai b\u00e9o ng\u1eady m\u1eb7n ng\u1ecdt \u0111\u1eadm \u0111\u00e0 c\u00f3 v\u1ecb h\u01a1i cay cay c\u1ee7a \u1edbt t\u01b0\u01a1i \u0111\u00e3 t\u1ea1o n\u00ean h\u01b0\u01a1ng v\u1ecb \u0111\u1eb7c tr\u01b0ng c\u1ee7a s\u1ea3n ph\u1ea9m B\u1eafp N\u1ebfp V\u1ecb Phomai Minh D\u01b0\u01a1ng Food<\/p>\n<p>T\u00ean s\u1ea3n ph\u1ea9m: B\u1eafp n\u1ebfp v\u1ecb phomai<\/p>\n<p>Th\u01b0\u01a1ng hi\u1ec7u: Minh D\u01b0\u01a1ng<\/p>\n<p>Th\u00e0nh ph\u1ea7n: Ng\u00f4 n\u1ebfp\u00a098%, \u0111\u01b0\u1eddng tinh luy\u1ec7n, mu\u1ed1i, d\u1ea7u c\u1ecd.<\/p>\n<p>H\u1ea1n s\u1eed d\u1ee5ng: 6\u00a0th\u00e1ng k\u1ec3 t\u1eeb NSX<\/p>\n<p>H\u01b0\u1edbng d\u1eabn s\u1eed d\u1ee5ng: S\u1ea3n ph\u1ea9m \u0111\u01b0\u1ee3c s\u1eed d\u1ee5ng \u0103n li\u1ec1n kh\u00f4ng qua ch\u1ebf bi\u1ebfn.<\/p>\n<p>H\u01b0\u1edbng d\u1eabn b\u1ea3o qu\u1ea3n: \u0110\u1ec3 n\u01a1i kh\u00f4 r\u00e1o, s\u1ea1ch s\u1ebd, tho\u00e1ng m\u00e1t. Tr\u00e1nh \u00e1nh n\u1eafng tr\u1ef1c ti\u1ebfp t\u1eeb m\u1eb7t tr\u1eddi.<\/p>\n<p>Th\u00f4ng tin c\u1ea3nh b\u00e1o an to\u00e0n, v\u1ec7 sinh: Kh\u00f4ng s\u1eed d\u1ee5ng s\u1ea3n ph\u1ea9m c\u00f3 m\u00e0u s\u1eafc v\u00e0 m\u00f9i v\u1ecb b\u1ea5t th\u01b0\u1eddng<\/p>","protected":false},"featured_media":2129,"comment_status":"open","ping_status":"closed","template":"","meta":{"_acf_changed":false},"product_cat":[316,314,22,313],"product_tag":[],"class_list":{"0":"post-2128","1":"product","2":"type-product","3":"status-publish","4":"has-post-thumbnail","6":"product_cat-che-bien-tu-rau-cu-qua-hat","7":"product_cat-do-an-nhanh","8":"product_cat-sanphamthucpham","9":"product_cat-thuc-pham-che-bien","11":"first","12":"instock","13":"shipping-taxable","14":"purchasable","15":"product-type-simple"},"acf":[],"_links":{"self":[{"href":"https:\/\/b2c.fairs.vn\/en\/wp-json\/wp\/v2\/product\/2128","targetHints":{"allow":["GET"]}}],"collection":[{"href":"https:\/\/b2c.fairs.vn\/en\/wp-json\/wp\/v2\/product"}],"about":[{"href":"https:\/\/b2c.fairs.vn\/en\/wp-json\/wp\/v2\/types\/product"}],"replies":[{"embeddable":true,"href":"https:\/\/b2c.fairs.vn\/en\/wp-json\/wp\/v2\/comments?post=2128"}],"version-history":[{"count":0,"href":"https:\/\/b2c.fairs.vn\/en\/wp-json\/wp\/v2\/product\/2128\/revisions"}],"wp:featuredmedia":[{"embeddable":true,"href":"https:\/\/b2c.fairs.vn\/en\/wp-json\/wp\/v2\/media\/2129"}],"wp:attachment":[{"href":"https:\/\/b2c.fairs.vn\/en\/wp-json\/wp\/v2\/media?parent=2128"}],"wp:term":[{"taxonomy":"product_cat","embeddable":true,"href":"https:\/\/b2c.fairs.vn\/en\/wp-json\/wp\/v2\/product_cat?post=2128"},{"taxonomy":"product_tag","embeddable":true,"href":"https:\/\/b2c.fairs.vn\/en\/wp-json\/wp\/v2\/product_tag?post=2128"}],"curies":[{"name":"wp","href":"https:\/\/api.w.org\/{rel}","templated":true}]}}