{"id":2125,"date":"2024-03-18T12:57:20","date_gmt":"2024-03-18T12:57:20","guid":{"rendered":"https:\/\/b2c.fairs.vn\/?post_type=product&#038;p=2125"},"modified":"2024-03-26T09:46:42","modified_gmt":"2024-03-26T02:46:42","slug":"hat-dieu-vi-sau-rieng-minh-duong-290g","status":"publish","type":"product","link":"https:\/\/b2c.fairs.vn\/en\/product\/hat-dieu-vi-sau-rieng-minh-duong-290g\/","title":{"rendered":"H\u1ea1t \u0111i\u1ec1u v\u1ecb s\u1ea7u ri\u00eang Minh D\u01b0\u01a1ng 290g"},"content":{"rendered":"<p>H\u1ea0T \u0110I\u1ec0U V\u1eca S\u1ea6U RI\u00caNG MINH D\u01af\u01a0NG<br \/>\nH\u1ea1t \u0111i\u1ec1u v\u1ecb s\u1ea7u ri\u00eang mang \u0111\u1ebfn cho b\u1ea1n s\u1ef1 k\u1ebft h\u1ee3p m\u1edbi l\u1ea1 nh\u01b0ng kh\u00f4ng k\u00e9m ph\u1ea7n h\u00e0i h\u00f2a v\u1ec1 h\u01b0\u01a1ng v\u1ecb. H\u1ea1t \u0111i\u1ec1u th\u01a1m b\u00e9o, gi\u00f2n tan h\u00f2a quy\u1ec7n c\u00f9ng s\u1ef1 ng\u1ecdt ng\u00e0o n\u1ed3ng n\u00e0n c\u1ee7a s\u1ea7u ri\u00eang th\u1eadt, cho ra m\u1ed9t s\u1ea3n ph\u1ea9m gi\u00f2n th\u01a1m kh\u00f3 c\u01b0\u1ee1ng.<br \/>\n\u0110\u1ed1i v\u1edbi nh\u1eefng ai l\u00e0 &#8220;t\u00edn \u0111\u1ed3&#8221; c\u1ee7a s\u1ea7u ri\u00eang, th\u00ec H\u1ea0T \u0110I\u1ec0U V\u1eca S\u1ea6U RI\u00caNG Minh D\u01b0\u01a1ng ch\u00ednh l\u00e0 th\u1ef1c ph\u1ea9m h\u1ea5p d\u1eabn b\u1ed5 sung cho th\u1ef1c \u0111\u01a1n dinh d\u01b0\u1ee1ng h\u1eb1ng ng\u00e0y c\u1ee7a gia \u0111\u00ecnh.<\/p>\n<p>T\u00ean s\u1ea3n ph\u1ea9m: H\u1ea1t \u0111i\u1ec1u v\u1ecb s\u1ea7u ri\u00eang<\/p>\n<p>Th\u01b0\u01a1ng hi\u1ec7u: Minh D\u01b0\u01a1ng<\/p>\n<p>Th\u00e0nh ph\u1ea7n: H\u1ea1t \u0111i\u1ec1u\u00a098%, \u0111\u01b0\u1eddng tinh luy\u1ec7n, mu\u1ed1i, d\u1ea7u c\u1ecd.<\/p>\n<p>H\u1ea1n s\u1eed d\u1ee5ng: 12 th\u00e1ng k\u1ec3 t\u1eeb NSX<\/p>\n<p>H\u01b0\u1edbng d\u1eabn s\u1eed d\u1ee5ng: S\u1ea3n ph\u1ea9m \u0111\u01b0\u1ee3c s\u1eed d\u1ee5ng \u0103n li\u1ec1n kh\u00f4ng qua ch\u1ebf bi\u1ebfn.<\/p>\n<p>H\u01b0\u1edbng d\u1eabn b\u1ea3o qu\u1ea3n: \u0110\u1ec3 n\u01a1i kh\u00f4 r\u00e1o, s\u1ea1ch s\u1ebd, tho\u00e1ng m\u00e1t. Tr\u00e1nh \u00e1nh n\u1eafng tr\u1ef1c ti\u1ebfp t\u1eeb m\u1eb7t tr\u1eddi.<\/p>\n<p>Th\u00f4ng tin c\u1ea3nh b\u00e1o an to\u00e0n, v\u1ec7 sinh: Kh\u00f4ng s\u1eed d\u1ee5ng s\u1ea3n ph\u1ea9m c\u00f3 m\u00e0u s\u1eafc v\u00e0 m\u00f9i v\u1ecb b\u1ea5t th\u01b0\u1eddng<\/p>","protected":false},"excerpt":{"rendered":"<p>H\u1ea0T \u0110I\u1ec0U V\u1eca S\u1ea6U RI\u00caNG MINH D\u01af\u01a0NG<br \/>\nH\u1ea1t \u0111i\u1ec1u v\u1ecb s\u1ea7u ri\u00eang mang \u0111\u1ebfn cho b\u1ea1n s\u1ef1 k\u1ebft h\u1ee3p m\u1edbi l\u1ea1 nh\u01b0ng kh\u00f4ng k\u00e9m ph\u1ea7n h\u00e0i h\u00f2a v\u1ec1 h\u01b0\u01a1ng v\u1ecb. H\u1ea1t \u0111i\u1ec1u th\u01a1m b\u00e9o, gi\u00f2n tan h\u00f2a quy\u1ec7n c\u00f9ng s\u1ef1 ng\u1ecdt ng\u00e0o n\u1ed3ng n\u00e0n c\u1ee7a s\u1ea7u ri\u00eang th\u1eadt, cho ra m\u1ed9t s\u1ea3n ph\u1ea9m gi\u00f2n th\u01a1m kh\u00f3 c\u01b0\u1ee1ng.<br \/>\n\u0110\u1ed1i v\u1edbi nh\u1eefng ai l\u00e0 &#8220;t\u00edn \u0111\u1ed3&#8221; c\u1ee7a s\u1ea7u ri\u00eang, th\u00ec H\u1ea0T \u0110I\u1ec0U V\u1eca S\u1ea6U RI\u00caNG Minh D\u01b0\u01a1ng ch\u00ednh l\u00e0 th\u1ef1c ph\u1ea9m h\u1ea5p d\u1eabn b\u1ed5 sung cho th\u1ef1c \u0111\u01a1n dinh d\u01b0\u1ee1ng h\u1eb1ng ng\u00e0y c\u1ee7a gia \u0111\u00ecnh.<\/p>\n<p>T\u00ean s\u1ea3n ph\u1ea9m: H\u1ea1t \u0111i\u1ec1u v\u1ecb s\u1ea7u ri\u00eang<\/p>\n<p>Th\u01b0\u01a1ng hi\u1ec7u: Minh D\u01b0\u01a1ng<\/p>\n<p>Th\u00e0nh ph\u1ea7n: H\u1ea1t \u0111i\u1ec1u\u00a098%, \u0111\u01b0\u1eddng tinh luy\u1ec7n, mu\u1ed1i, d\u1ea7u c\u1ecd.<\/p>\n<p>H\u1ea1n s\u1eed d\u1ee5ng: 12 th\u00e1ng k\u1ec3 t\u1eeb NSX<\/p>\n<p>H\u01b0\u1edbng d\u1eabn s\u1eed d\u1ee5ng: S\u1ea3n ph\u1ea9m \u0111\u01b0\u1ee3c s\u1eed d\u1ee5ng \u0103n li\u1ec1n kh\u00f4ng qua ch\u1ebf bi\u1ebfn.<\/p>\n<p>H\u01b0\u1edbng d\u1eabn b\u1ea3o qu\u1ea3n: \u0110\u1ec3 n\u01a1i kh\u00f4 r\u00e1o, s\u1ea1ch s\u1ebd, tho\u00e1ng m\u00e1t. Tr\u00e1nh \u00e1nh n\u1eafng tr\u1ef1c ti\u1ebfp t\u1eeb m\u1eb7t tr\u1eddi.<\/p>\n<p>Th\u00f4ng tin c\u1ea3nh b\u00e1o an to\u00e0n, v\u1ec7 sinh: Kh\u00f4ng s\u1eed d\u1ee5ng s\u1ea3n ph\u1ea9m c\u00f3 m\u00e0u s\u1eafc v\u00e0 m\u00f9i v\u1ecb b\u1ea5t th\u01b0\u1eddng<\/p>","protected":false},"featured_media":2126,"comment_status":"open","ping_status":"closed","template":"","meta":{"_acf_changed":false},"product_cat":[316,22,313],"product_tag":[],"class_list":{"0":"post-2125","1":"product","2":"type-product","3":"status-publish","4":"has-post-thumbnail","6":"product_cat-che-bien-tu-rau-cu-qua-hat","7":"product_cat-sanphamthucpham","8":"product_cat-thuc-pham-che-bien","10":"first","11":"instock","12":"shipping-taxable","13":"purchasable","14":"product-type-simple"},"acf":[],"_links":{"self":[{"href":"https:\/\/b2c.fairs.vn\/en\/wp-json\/wp\/v2\/product\/2125","targetHints":{"allow":["GET"]}}],"collection":[{"href":"https:\/\/b2c.fairs.vn\/en\/wp-json\/wp\/v2\/product"}],"about":[{"href":"https:\/\/b2c.fairs.vn\/en\/wp-json\/wp\/v2\/types\/product"}],"replies":[{"embeddable":true,"href":"https:\/\/b2c.fairs.vn\/en\/wp-json\/wp\/v2\/comments?post=2125"}],"version-history":[{"count":0,"href":"https:\/\/b2c.fairs.vn\/en\/wp-json\/wp\/v2\/product\/2125\/revisions"}],"wp:featuredmedia":[{"embeddable":true,"href":"https:\/\/b2c.fairs.vn\/en\/wp-json\/wp\/v2\/media\/2126"}],"wp:attachment":[{"href":"https:\/\/b2c.fairs.vn\/en\/wp-json\/wp\/v2\/media?parent=2125"}],"wp:term":[{"taxonomy":"product_cat","embeddable":true,"href":"https:\/\/b2c.fairs.vn\/en\/wp-json\/wp\/v2\/product_cat?post=2125"},{"taxonomy":"product_tag","embeddable":true,"href":"https:\/\/b2c.fairs.vn\/en\/wp-json\/wp\/v2\/product_tag?post=2125"}],"curies":[{"name":"wp","href":"https:\/\/api.w.org\/{rel}","templated":true}]}}