{"id":2121,"date":"2024-03-18T12:53:22","date_gmt":"2024-03-18T12:53:22","guid":{"rendered":"https:\/\/b2c.fairs.vn\/?post_type=product&#038;p=2121"},"modified":"2024-03-26T09:38:10","modified_gmt":"2024-03-26T02:38:10","slug":"chuoi-say","status":"publish","type":"product","link":"https:\/\/b2c.fairs.vn\/en\/product\/chuoi-say\/","title":{"rendered":"Chu\u1ed1i s\u1ea5y"},"content":{"rendered":"<p>Chu\u1ed1i s\u1ea5y Minh D\u01b0\u01a1ng \u0111\u01b0\u1ee3c l\u00e0m t\u1eeb lo\u1ea1i chu\u1ed1i ngon nh\u1ea5t c\u1ee7a v\u00f9ng n\u00fai T\u00e2y B\u1eafc. Qu\u1ea3 chu\u1ed1i to, ngon, ch\u00edn v\u1eeba ph\u1ea3i \u0111\u01b0\u1ee3c s\u1ea5y b\u1eb1ng c\u00f4ng ngh\u1ec7 ch\u00e2n kh\u00f4ng n\u00ean gi\u1eef nguy\u00ean \u0111\u01b0\u1ee3c h\u01b0\u01a1ng v\u1ecb t\u1ef1 nhi\u00ean c\u0169ng nh\u01b0 h\u00e0m l\u01b0\u1ee3ng dinh d\u01b0\u1ee1ng v\u1ed1n c\u00f3.<\/p>\n<p>S\u1ea3n ph\u1ea9m sau khi s\u1ea5y gi\u00f2n tan, c\u00f3 v\u1ecb ng\u1ecdt t\u1ef1 nhi\u00ean, l\u00e0 m\u00f3n \u0103n v\u1eb7t \u0111\u01b0\u1ee3c c\u00e1c b\u1ea1n tr\u1ebb y\u00eau th\u00edch nh\u1ea5t hi\u1ec7n nay.<\/p>\n<p>T\u00ean s\u1ea3n ph\u1ea9m: Chu\u1ed1i s\u1ea5y<\/p>\n<p>Th\u01b0\u01a1ng hi\u1ec7u: Minh D\u01b0\u01a1ng<\/p>\n<p>Th\u00e0nh ph\u1ea7n: Chu\u1ed1i t\u00e2y\u00a098%, \u0111\u01b0\u1eddng tinh luy\u1ec7n, mu\u1ed1i, d\u1ea7u c\u1ecd.<\/p>\n<p>H\u1ea1n s\u1eed d\u1ee5ng: 12\u00a0th\u00e1ng k\u1ec3 t\u1eeb NSX<\/p>\n<p>H\u01b0\u1edbng d\u1eabn s\u1eed d\u1ee5ng: S\u1ea3n ph\u1ea9m \u0111\u01b0\u1ee3c s\u1eed d\u1ee5ng \u0103n li\u1ec1n kh\u00f4ng qua ch\u1ebf bi\u1ebfn.<\/p>\n<p>H\u01b0\u1edbng d\u1eabn b\u1ea3o qu\u1ea3n: \u0110\u1ec3 n\u01a1i kh\u00f4 r\u00e1o, s\u1ea1ch s\u1ebd, tho\u00e1ng m\u00e1t. Tr\u00e1nh \u00e1nh n\u1eafng tr\u1ef1c ti\u1ebfp t\u1eeb m\u1eb7t tr\u1eddi.<\/p>\n<p>Th\u00f4ng tin c\u1ea3nh b\u00e1o an to\u00e0n, v\u1ec7 sinh: Kh\u00f4ng s\u1eed d\u1ee5ng s\u1ea3n ph\u1ea9m c\u00f3 m\u00e0u s\u1eafc v\u00e0 m\u00f9i v\u1ecb b\u1ea5t th\u01b0\u1eddng<\/p>","protected":false},"excerpt":{"rendered":"<p>Chu\u1ed1i s\u1ea5y Minh D\u01b0\u01a1ng \u0111\u01b0\u1ee3c l\u00e0m t\u1eeb lo\u1ea1i chu\u1ed1i ngon nh\u1ea5t c\u1ee7a v\u00f9ng n\u00fai T\u00e2y B\u1eafc. Qu\u1ea3 chu\u1ed1i to, ngon, ch\u00edn v\u1eeba ph\u1ea3i \u0111\u01b0\u1ee3c s\u1ea5y b\u1eb1ng c\u00f4ng ngh\u1ec7 ch\u00e2n kh\u00f4ng n\u00ean gi\u1eef nguy\u00ean \u0111\u01b0\u1ee3c h\u01b0\u01a1ng v\u1ecb t\u1ef1 nhi\u00ean c\u0169ng nh\u01b0 h\u00e0m l\u01b0\u1ee3ng dinh d\u01b0\u1ee1ng v\u1ed1n c\u00f3.<\/p>\n<p>S\u1ea3n ph\u1ea9m sau khi s\u1ea5y gi\u00f2n tan, c\u00f3 v\u1ecb ng\u1ecdt t\u1ef1 nhi\u00ean, l\u00e0 m\u00f3n \u0103n v\u1eb7t \u0111\u01b0\u1ee3c c\u00e1c b\u1ea1n tr\u1ebb y\u00eau th\u00edch nh\u1ea5t hi\u1ec7n nay.<\/p>\n<p>T\u00ean s\u1ea3n ph\u1ea9m: Chu\u1ed1i s\u1ea5y<\/p>\n<p>Th\u01b0\u01a1ng hi\u1ec7u: Minh D\u01b0\u01a1ng<\/p>\n<p>Th\u00e0nh ph\u1ea7n: Chu\u1ed1i t\u00e2y\u00a098%, \u0111\u01b0\u1eddng tinh luy\u1ec7n, mu\u1ed1i, d\u1ea7u c\u1ecd.<\/p>\n<p>H\u1ea1n s\u1eed d\u1ee5ng: 12\u00a0th\u00e1ng k\u1ec3 t\u1eeb NSX<\/p>\n<p>H\u01b0\u1edbng d\u1eabn s\u1eed d\u1ee5ng: S\u1ea3n ph\u1ea9m \u0111\u01b0\u1ee3c s\u1eed d\u1ee5ng \u0103n li\u1ec1n kh\u00f4ng qua ch\u1ebf bi\u1ebfn.<\/p>\n<p>H\u01b0\u1edbng d\u1eabn b\u1ea3o qu\u1ea3n: \u0110\u1ec3 n\u01a1i kh\u00f4 r\u00e1o, s\u1ea1ch s\u1ebd, tho\u00e1ng m\u00e1t. Tr\u00e1nh \u00e1nh n\u1eafng tr\u1ef1c ti\u1ebfp t\u1eeb m\u1eb7t tr\u1eddi.<\/p>\n<p>Th\u00f4ng tin c\u1ea3nh b\u00e1o an to\u00e0n, v\u1ec7 sinh: Kh\u00f4ng s\u1eed d\u1ee5ng s\u1ea3n ph\u1ea9m c\u00f3 m\u00e0u s\u1eafc v\u00e0 m\u00f9i v\u1ecb b\u1ea5t th\u01b0\u1eddng<\/p>","protected":false},"featured_media":2122,"comment_status":"open","ping_status":"closed","template":"","meta":{"_acf_changed":false},"product_cat":[314,22,313],"product_tag":[],"class_list":{"0":"post-2121","1":"product","2":"type-product","3":"status-publish","4":"has-post-thumbnail","6":"product_cat-do-an-nhanh","7":"product_cat-sanphamthucpham","8":"product_cat-thuc-pham-che-bien","10":"first","11":"instock","12":"shipping-taxable","13":"purchasable","14":"product-type-variable"},"acf":[],"_links":{"self":[{"href":"https:\/\/b2c.fairs.vn\/en\/wp-json\/wp\/v2\/product\/2121","targetHints":{"allow":["GET"]}}],"collection":[{"href":"https:\/\/b2c.fairs.vn\/en\/wp-json\/wp\/v2\/product"}],"about":[{"href":"https:\/\/b2c.fairs.vn\/en\/wp-json\/wp\/v2\/types\/product"}],"replies":[{"embeddable":true,"href":"https:\/\/b2c.fairs.vn\/en\/wp-json\/wp\/v2\/comments?post=2121"}],"version-history":[{"count":0,"href":"https:\/\/b2c.fairs.vn\/en\/wp-json\/wp\/v2\/product\/2121\/revisions"}],"wp:featuredmedia":[{"embeddable":true,"href":"https:\/\/b2c.fairs.vn\/en\/wp-json\/wp\/v2\/media\/2122"}],"wp:attachment":[{"href":"https:\/\/b2c.fairs.vn\/en\/wp-json\/wp\/v2\/media?parent=2121"}],"wp:term":[{"taxonomy":"product_cat","embeddable":true,"href":"https:\/\/b2c.fairs.vn\/en\/wp-json\/wp\/v2\/product_cat?post=2121"},{"taxonomy":"product_tag","embeddable":true,"href":"https:\/\/b2c.fairs.vn\/en\/wp-json\/wp\/v2\/product_tag?post=2121"}],"curies":[{"name":"wp","href":"https:\/\/api.w.org\/{rel}","templated":true}]}}