{"id":2117,"date":"2024-03-18T12:49:23","date_gmt":"2024-03-18T12:49:23","guid":{"rendered":"https:\/\/b2c.fairs.vn\/?post_type=product&#038;p=2117"},"modified":"2024-03-26T09:49:18","modified_gmt":"2024-03-26T02:49:18","slug":"keo-siu-chau","status":"publish","type":"product","link":"https:\/\/b2c.fairs.vn\/en\/product\/keo-siu-chau\/","title":{"rendered":"K\u1eb9o s\u00ecu ch\u00e2u"},"content":{"rendered":"<p>K\u1eb8O S\u00ccU CH\u00c2U MINH D\u01af\u01a0NG<\/p>\n<p>Kh\u00f4ng ch\u1ec9 l\u00e0 ng\u01b0\u1eddi d\u00e2n th\u00e0nh nam m\u00e0 du kh\u00e1ch m\u1ecdi mi\u1ec1n \u0111\u1ea5t n\u01b0\u1edbc, nh\u1eefng ng\u01b0\u1eddi xa qu\u00ea h\u01b0\u01a1ng nhi\u1ec1u n\u0103m m\u1ed7i l\u1ea7n nh\u1edb v\u1ec1 Nam \u0110\u1ecbnh \u0111\u1ec1u nh\u1edb v\u1ec1 h\u01b0\u01a1ng v\u1ecb m\u1ed9c m\u1ea1c, thanh tao c\u1ee7a thanh k\u1eb9o s\u00ecu ch\u00e2u Minh D\u01b0\u01a1ng &#8211; \u0111\u1eb7c s\u1ea3n Nam \u0110\u1ecbnh.<\/p>\n<p>S\u1ea3n ph\u1ea9m \u201ctuy\u1ec7t m\u1ef9\u201d l\u00e0m t\u1eeb ngu\u1ed3n nguy\u00ean li\u1ec7u \u0111\u01b0\u1ee3c ch\u1ecdn l\u1ecdc k\u1ef9 c\u00e0ng, c\u1ea9n th\u1eadn, qua \u0111\u00f4i b\u00e0n tay tinh t\u1ebf c\u1ee7a ng\u01b0\u1eddi th\u1ee3 l\u00e0nh ngh\u1ec1 \u0111\u00e3 cho ra l\u00f2 nh\u1eefng m\u1ebb k\u1eb9o s\u00ecu ch\u00e2u s\u1eafc n\u00e2u h\u1ed3ng trong nh\u01b0 h\u1ed5 ph\u00e1ch, \u0103n gi\u00f2n tan, th\u01a1m l\u1eebng.<\/p>\n<p>K\u1eb9o s\u00ecu ch\u00e2u Minh D\u01b0\u01a1ng \u1ea5n t\u01b0\u1ee3ng b\u1edfi nh\u1eefng h\u1ea1t l\u1ea1c \u0111\u01b0\u1ee3c rang ch\u00edn th\u1ea5u, gi\u00f2n ng\u1eady n\u1ea5u v\u1edbi \u0111\u01b0\u1eddng m\u00eda quy\u1ec7n v\u1edbi m\u1ea1ch nha \u0111\u01b0\u1ee3c ch\u1ebf bi\u1ebfn t\u1eeb g\u1ea1o n\u1ebfp h\u01b0\u01a1ng v\u00e0 gi\u1ed1ng m\u1ea1 l\u00faa chi\u00eam n\u00ean c\u00f3 h\u01b0\u01a1ng v\u1ecb \u0111\u1eadm \u0111\u00e0 th\u01b0\u1eddng \u0111\u1ec3 l\u1ea1i d\u01b0 v\u1ecb kh\u00f3 qu\u00ean cho nh\u1eefng ai \u0111\u00e3 t\u1eebng c\u00f3 d\u1ecbp th\u01b0\u1edfng th\u1ee9c.<\/p>\n<p>T\u00ean s\u1ea3n ph\u1ea9m: K\u1eb9o s\u00ecu ch\u00e2u<\/p>\n<p>Th\u01b0\u01a1ng hi\u1ec7u: Minh D\u01b0\u01a1ng<\/p>\n<p>Th\u00e0nh ph\u1ea7n: L\u1ea1c nh\u00e2n\u00a098%, \u0111\u01b0\u1eddng tinh luy\u1ec7n, mu\u1ed1i, d\u1ea7u c\u1ecd.<\/p>\n<p>H\u1ea1n s\u1eed d\u1ee5ng: 6\u00a0th\u00e1ng k\u1ec3 t\u1eeb NSX<\/p>\n<p>H\u01b0\u1edbng d\u1eabn s\u1eed d\u1ee5ng: S\u1ea3n ph\u1ea9m \u0111\u01b0\u1ee3c s\u1eed d\u1ee5ng \u0103n li\u1ec1n kh\u00f4ng qua ch\u1ebf bi\u1ebfn.<\/p>\n<p>H\u01b0\u1edbng d\u1eabn b\u1ea3o qu\u1ea3n: \u0110\u1ec3 n\u01a1i kh\u00f4 r\u00e1o, s\u1ea1ch s\u1ebd, tho\u00e1ng m\u00e1t. Tr\u00e1nh \u00e1nh n\u1eafng tr\u1ef1c ti\u1ebfp t\u1eeb m\u1eb7t tr\u1eddi.<\/p>\n<p>Th\u00f4ng tin c\u1ea3nh b\u00e1o an to\u00e0n, v\u1ec7 sinh: Kh\u00f4ng s\u1eed d\u1ee5ng s\u1ea3n ph\u1ea9m c\u00f3 m\u00e0u s\u1eafc v\u00e0 m\u00f9i v\u1ecb b\u1ea5t th\u01b0\u1eddng<\/p>","protected":false},"excerpt":{"rendered":"<p>K\u1eb8O S\u00ccU CH\u00c2U MINH D\u01af\u01a0NG<\/p>\n<p>Kh\u00f4ng ch\u1ec9 l\u00e0 ng\u01b0\u1eddi d\u00e2n th\u00e0nh nam m\u00e0 du kh\u00e1ch m\u1ecdi mi\u1ec1n \u0111\u1ea5t n\u01b0\u1edbc, nh\u1eefng ng\u01b0\u1eddi xa qu\u00ea h\u01b0\u01a1ng nhi\u1ec1u n\u0103m m\u1ed7i l\u1ea7n nh\u1edb v\u1ec1 Nam \u0110\u1ecbnh \u0111\u1ec1u nh\u1edb v\u1ec1 h\u01b0\u01a1ng v\u1ecb m\u1ed9c m\u1ea1c, thanh tao c\u1ee7a thanh k\u1eb9o s\u00ecu ch\u00e2u Minh D\u01b0\u01a1ng &#8211; \u0111\u1eb7c s\u1ea3n Nam \u0110\u1ecbnh.<\/p>\n<p>S\u1ea3n ph\u1ea9m \u201ctuy\u1ec7t m\u1ef9\u201d l\u00e0m t\u1eeb ngu\u1ed3n nguy\u00ean li\u1ec7u \u0111\u01b0\u1ee3c ch\u1ecdn l\u1ecdc k\u1ef9 c\u00e0ng, c\u1ea9n th\u1eadn, qua \u0111\u00f4i b\u00e0n tay tinh t\u1ebf c\u1ee7a ng\u01b0\u1eddi th\u1ee3 l\u00e0nh ngh\u1ec1 \u0111\u00e3 cho ra l\u00f2 nh\u1eefng m\u1ebb k\u1eb9o s\u00ecu ch\u00e2u s\u1eafc n\u00e2u h\u1ed3ng trong nh\u01b0 h\u1ed5 ph\u00e1ch, \u0103n gi\u00f2n tan, th\u01a1m l\u1eebng.<\/p>\n<p>K\u1eb9o s\u00ecu ch\u00e2u Minh D\u01b0\u01a1ng \u1ea5n t\u01b0\u1ee3ng b\u1edfi nh\u1eefng h\u1ea1t l\u1ea1c \u0111\u01b0\u1ee3c rang ch\u00edn th\u1ea5u, gi\u00f2n ng\u1eady n\u1ea5u v\u1edbi \u0111\u01b0\u1eddng m\u00eda quy\u1ec7n v\u1edbi m\u1ea1ch nha \u0111\u01b0\u1ee3c ch\u1ebf bi\u1ebfn t\u1eeb g\u1ea1o n\u1ebfp h\u01b0\u01a1ng v\u00e0 gi\u1ed1ng m\u1ea1 l\u00faa chi\u00eam n\u00ean c\u00f3 h\u01b0\u01a1ng v\u1ecb \u0111\u1eadm \u0111\u00e0 th\u01b0\u1eddng \u0111\u1ec3 l\u1ea1i d\u01b0 v\u1ecb kh\u00f3 qu\u00ean cho nh\u1eefng ai \u0111\u00e3 t\u1eebng c\u00f3 d\u1ecbp th\u01b0\u1edfng th\u1ee9c.<\/p>\n<p>T\u00ean s\u1ea3n ph\u1ea9m: K\u1eb9o s\u00ecu ch\u00e2u<\/p>\n<p>Th\u01b0\u01a1ng hi\u1ec7u: Minh D\u01b0\u01a1ng<\/p>\n<p>Th\u00e0nh ph\u1ea7n: L\u1ea1c nh\u00e2n\u00a098%, \u0111\u01b0\u1eddng tinh luy\u1ec7n, mu\u1ed1i, d\u1ea7u c\u1ecd.<\/p>\n<p>H\u1ea1n s\u1eed d\u1ee5ng: 6\u00a0th\u00e1ng k\u1ec3 t\u1eeb NSX<\/p>\n<p>H\u01b0\u1edbng d\u1eabn s\u1eed d\u1ee5ng: S\u1ea3n ph\u1ea9m \u0111\u01b0\u1ee3c s\u1eed d\u1ee5ng \u0103n li\u1ec1n kh\u00f4ng qua ch\u1ebf bi\u1ebfn.<\/p>\n<p>H\u01b0\u1edbng d\u1eabn b\u1ea3o qu\u1ea3n: \u0110\u1ec3 n\u01a1i kh\u00f4 r\u00e1o, s\u1ea1ch s\u1ebd, tho\u00e1ng m\u00e1t. Tr\u00e1nh \u00e1nh n\u1eafng tr\u1ef1c ti\u1ebfp t\u1eeb m\u1eb7t tr\u1eddi.<\/p>\n<p>Th\u00f4ng tin c\u1ea3nh b\u00e1o an to\u00e0n, v\u1ec7 sinh: Kh\u00f4ng s\u1eed d\u1ee5ng s\u1ea3n ph\u1ea9m c\u00f3 m\u00e0u s\u1eafc v\u00e0 m\u00f9i v\u1ecb b\u1ea5t th\u01b0\u1eddng<\/p>","protected":false},"featured_media":2118,"comment_status":"open","ping_status":"closed","template":"","meta":{"_acf_changed":false},"product_cat":[314,22,313],"product_tag":[],"class_list":{"0":"post-2117","1":"product","2":"type-product","3":"status-publish","4":"has-post-thumbnail","6":"product_cat-do-an-nhanh","7":"product_cat-sanphamthucpham","8":"product_cat-thuc-pham-che-bien","10":"first","11":"instock","12":"shipping-taxable","13":"purchasable","14":"product-type-simple"},"acf":[],"_links":{"self":[{"href":"https:\/\/b2c.fairs.vn\/en\/wp-json\/wp\/v2\/product\/2117","targetHints":{"allow":["GET"]}}],"collection":[{"href":"https:\/\/b2c.fairs.vn\/en\/wp-json\/wp\/v2\/product"}],"about":[{"href":"https:\/\/b2c.fairs.vn\/en\/wp-json\/wp\/v2\/types\/product"}],"replies":[{"embeddable":true,"href":"https:\/\/b2c.fairs.vn\/en\/wp-json\/wp\/v2\/comments?post=2117"}],"version-history":[{"count":0,"href":"https:\/\/b2c.fairs.vn\/en\/wp-json\/wp\/v2\/product\/2117\/revisions"}],"wp:featuredmedia":[{"embeddable":true,"href":"https:\/\/b2c.fairs.vn\/en\/wp-json\/wp\/v2\/media\/2118"}],"wp:attachment":[{"href":"https:\/\/b2c.fairs.vn\/en\/wp-json\/wp\/v2\/media?parent=2117"}],"wp:term":[{"taxonomy":"product_cat","embeddable":true,"href":"https:\/\/b2c.fairs.vn\/en\/wp-json\/wp\/v2\/product_cat?post=2117"},{"taxonomy":"product_tag","embeddable":true,"href":"https:\/\/b2c.fairs.vn\/en\/wp-json\/wp\/v2\/product_tag?post=2117"}],"curies":[{"name":"wp","href":"https:\/\/api.w.org\/{rel}","templated":true}]}}