{"id":2113,"date":"2024-03-18T12:46:15","date_gmt":"2024-03-18T12:46:15","guid":{"rendered":"https:\/\/b2c.fairs.vn\/?post_type=product&#038;p=2113"},"modified":"2024-03-26T09:42:05","modified_gmt":"2024-03-26T02:42:05","slug":"gao-lut-me-rang","status":"publish","type":"product","link":"https:\/\/b2c.fairs.vn\/en\/product\/gao-lut-me-rang\/","title":{"rendered":"G\u1ea1o l\u1ee9t m\u00e8 rang"},"content":{"rendered":"<p>G\u1ea0O L\u1ee8T M\u00c8 RANG MINH D\u01af\u01a0NG<\/p>\n<p>G\u1ea1o l\u1ee9t m\u00e8 rang Minh D\u01b0\u01a1ng l\u00e0 m\u00f3n \u0103n gi\u00e0u dinh d\u01b0\u1ee1ng c\u00f3 l\u1ee3i cho s\u1ee9c kh\u1ecfe hi\u1ec7n \u0111ang \u0111\u01b0\u1ee3c r\u1ea5t nhi\u1ec1u ng\u01b0\u1eddi y\u00eau th\u00edch. H\u1ea1t g\u1ea1o th\u01a1m ngon, gi\u00f2n tan ph\u00f9 h\u1ee3p v\u1edbi kh\u1ea9u v\u1ecb c\u1ee7a \u0111\u1ea1i \u0111a s\u1ed1 kh\u00e1ch h\u00e0ng.<\/p>\n<p>C\u00f4ng d\u1ee5ng c\u1ee7a g\u1ea1o l\u1ee9t m\u00e8 rang Minh D\u01b0\u01a1ng<\/p>\n<p>+ H\u1ea1n ch\u1ebf t\u1ebf b\u00e0o ung th\u01b0 ph\u00e1t tri\u1ec3n<\/p>\n<p>+ Gi\u00fap gi\u1ea3m insulin h\u1ea1 \u0111\u01b0\u1eddng huy\u1ebft cho ng\u01b0\u1eddi m\u1eafc b\u1ec7nh \u0111\u00e1i th\u00e1o \u0111\u01b0\u1eddng<\/p>\n<p>+ H\u1ea1n ch\u1ebf s\u1ef1 t\u00edch t\u1ee5 ti\u1ec3u c\u1ea7u r\u1ea5t t\u1ed1t cho c\u00e1c b\u1ec7nh nh\u00e2n cao huy\u1ebft \u00e1p, m\u1eafc c\u00e1c b\u1ec7nh tim m\u1ea1ch hay x\u01a1 v\u1eefa \u0111\u1ed9ng m\u1ea1ch<\/p>\n<p>+ T\u1ed1t cho h\u1ec7 ti\u00eau h\u00f3a<\/p>\n<p>+ Gi\u00fap gi\u1ea3m c\u00e2n hi\u1ec7u qu\u1ea3<\/p>\n<p>+ C\u1ea3i thi\u1ec7n l\u00e0n da, l\u00e0m m\u1edd n\u1ebfp nh\u0103n<\/p>\n<p>T\u00ean s\u1ea3n ph\u1ea9m: G\u1ea1o l\u1ee9t m\u00e8 rang<\/p>\n<p>Th\u01b0\u01a1ng hi\u1ec7u: Minh D\u01b0\u01a1ng<\/p>\n<p>Th\u00e0nh ph\u1ea7n: G\u1ea1o l\u1ee9t\u00a098%, m\u00e8 rang 1%, \u0111\u01b0\u1eddng tinh luy\u1ec7n, mu\u1ed1i, d\u1ea7u c\u1ecd.<\/p>\n<p>H\u1ea1n s\u1eed d\u1ee5ng: 6\u00a0th\u00e1ng k\u1ec3 t\u1eeb NSX<\/p>\n<p>H\u01b0\u1edbng d\u1eabn s\u1eed d\u1ee5ng: S\u1ea3n ph\u1ea9m \u0111\u01b0\u1ee3c s\u1eed d\u1ee5ng \u0103n li\u1ec1n kh\u00f4ng qua ch\u1ebf bi\u1ebfn.<\/p>","protected":false},"excerpt":{"rendered":"<p>G\u1ea0O L\u1ee8T M\u00c8 RANG MINH D\u01af\u01a0NG<\/p>\n<p>G\u1ea1o l\u1ee9t m\u00e8 rang Minh D\u01b0\u01a1ng l\u00e0 m\u00f3n \u0103n gi\u00e0u dinh d\u01b0\u1ee1ng c\u00f3 l\u1ee3i cho s\u1ee9c kh\u1ecfe hi\u1ec7n \u0111ang \u0111\u01b0\u1ee3c r\u1ea5t nhi\u1ec1u ng\u01b0\u1eddi y\u00eau th\u00edch. H\u1ea1t g\u1ea1o th\u01a1m ngon, gi\u00f2n tan ph\u00f9 h\u1ee3p v\u1edbi kh\u1ea9u v\u1ecb c\u1ee7a \u0111\u1ea1i \u0111a s\u1ed1 kh\u00e1ch h\u00e0ng.<\/p>\n<p>C\u00f4ng d\u1ee5ng c\u1ee7a g\u1ea1o l\u1ee9t m\u00e8 rang Minh D\u01b0\u01a1ng<\/p>\n<p>+ H\u1ea1n ch\u1ebf t\u1ebf b\u00e0o ung th\u01b0 ph\u00e1t tri\u1ec3n<\/p>\n<p>+ Gi\u00fap gi\u1ea3m insulin h\u1ea1 \u0111\u01b0\u1eddng huy\u1ebft cho ng\u01b0\u1eddi m\u1eafc b\u1ec7nh \u0111\u00e1i th\u00e1o \u0111\u01b0\u1eddng<\/p>\n<p>+ H\u1ea1n ch\u1ebf s\u1ef1 t\u00edch t\u1ee5 ti\u1ec3u c\u1ea7u r\u1ea5t t\u1ed1t cho c\u00e1c b\u1ec7nh nh\u00e2n cao huy\u1ebft \u00e1p, m\u1eafc c\u00e1c b\u1ec7nh tim m\u1ea1ch hay x\u01a1 v\u1eefa \u0111\u1ed9ng m\u1ea1ch<\/p>\n<p>+ T\u1ed1t cho h\u1ec7 ti\u00eau h\u00f3a<\/p>\n<p>+ Gi\u00fap gi\u1ea3m c\u00e2n hi\u1ec7u qu\u1ea3<\/p>\n<p>+ C\u1ea3i thi\u1ec7n l\u00e0n da, l\u00e0m m\u1edd n\u1ebfp nh\u0103n<\/p>\n<p>T\u00ean s\u1ea3n ph\u1ea9m: G\u1ea1o l\u1ee9t m\u00e8 rang<\/p>\n<p>Th\u01b0\u01a1ng hi\u1ec7u: Minh D\u01b0\u01a1ng<\/p>\n<p>Th\u00e0nh ph\u1ea7n: G\u1ea1o l\u1ee9t\u00a098%, m\u00e8 rang 1%, \u0111\u01b0\u1eddng tinh luy\u1ec7n, mu\u1ed1i, d\u1ea7u c\u1ecd.<\/p>\n<p>H\u1ea1n s\u1eed d\u1ee5ng: 6\u00a0th\u00e1ng k\u1ec3 t\u1eeb NSX<\/p>\n<p>H\u01b0\u1edbng d\u1eabn s\u1eed d\u1ee5ng: S\u1ea3n ph\u1ea9m \u0111\u01b0\u1ee3c s\u1eed d\u1ee5ng \u0103n li\u1ec1n kh\u00f4ng qua ch\u1ebf bi\u1ebfn.<\/p>","protected":false},"featured_media":2114,"comment_status":"open","ping_status":"closed","template":"","meta":{"_acf_changed":false},"product_cat":[314,22,313],"product_tag":[],"class_list":{"0":"post-2113","1":"product","2":"type-product","3":"status-publish","4":"has-post-thumbnail","6":"product_cat-do-an-nhanh","7":"product_cat-sanphamthucpham","8":"product_cat-thuc-pham-che-bien","10":"first","11":"instock","12":"shipping-taxable","13":"purchasable","14":"product-type-simple"},"acf":[],"_links":{"self":[{"href":"https:\/\/b2c.fairs.vn\/en\/wp-json\/wp\/v2\/product\/2113","targetHints":{"allow":["GET"]}}],"collection":[{"href":"https:\/\/b2c.fairs.vn\/en\/wp-json\/wp\/v2\/product"}],"about":[{"href":"https:\/\/b2c.fairs.vn\/en\/wp-json\/wp\/v2\/types\/product"}],"replies":[{"embeddable":true,"href":"https:\/\/b2c.fairs.vn\/en\/wp-json\/wp\/v2\/comments?post=2113"}],"version-history":[{"count":0,"href":"https:\/\/b2c.fairs.vn\/en\/wp-json\/wp\/v2\/product\/2113\/revisions"}],"wp:featuredmedia":[{"embeddable":true,"href":"https:\/\/b2c.fairs.vn\/en\/wp-json\/wp\/v2\/media\/2114"}],"wp:attachment":[{"href":"https:\/\/b2c.fairs.vn\/en\/wp-json\/wp\/v2\/media?parent=2113"}],"wp:term":[{"taxonomy":"product_cat","embeddable":true,"href":"https:\/\/b2c.fairs.vn\/en\/wp-json\/wp\/v2\/product_cat?post=2113"},{"taxonomy":"product_tag","embeddable":true,"href":"https:\/\/b2c.fairs.vn\/en\/wp-json\/wp\/v2\/product_tag?post=2113"}],"curies":[{"name":"wp","href":"https:\/\/api.w.org\/{rel}","templated":true}]}}