{"id":2109,"date":"2024-03-18T12:41:18","date_gmt":"2024-03-18T12:41:18","guid":{"rendered":"https:\/\/b2c.fairs.vn\/?post_type=product&#038;p=2109"},"modified":"2024-03-26T10:16:10","modified_gmt":"2024-03-26T03:16:10","slug":"trai-cay-say","status":"publish","type":"product","link":"https:\/\/b2c.fairs.vn\/en\/product\/trai-cay-say\/","title":{"rendered":"Tr\u00e1i c\u00e2y s\u1ea5y"},"content":{"rendered":"<p>TR\u00c1I C\u00c2Y TH\u1eacP C\u1ea8M S\u1ea4Y MINH D\u01af\u01a0NG<br \/>\nTr\u00e1i c\u00e2y s\u1ea5y l\u00e0 m\u1ed9t trong nh\u1eefng m\u00f3n \u0103n \u0111\u01b0\u1ee3c \u01b0a chu\u1ed9ng hi\u1ec7n nay. B\u1edfi l\u1ebd, c\u00e1c lo\u1ea1i hoa qu\u1ea3 s\u1ea5y kh\u00f4 th\u01b0\u1eddng ch\u1ee9a nhi\u1ec1u dinh d\u01b0\u1ee1ng t\u1ed1t cho s\u1ee9c kh\u1ecfe nh\u01b0: protein, ch\u1ea5t x\u01a1,\u2026 . Ngo\u00e0i ra, khi \u0103n tr\u00e1i c\u00e2y s\u1ea5y b\u1ea1n kh\u00f4ng ph\u1ea3i lo l\u1eafng v\u1ec1 v\u1ea5n \u0111\u1ec1 c\u00e2n n\u1eb7ng. V\u00ec trong qu\u00e1 tr\u00ecnh s\u1ea5y, tr\u00e1i c\u00e2y \u0111\u00e3 \u0111\u01b0\u1ee3c lo\u1ea1i b\u1ecf m\u1ed9t s\u1ed1 ch\u1ea5t d\u01b0 th\u1eeba.<br \/>\nS\u1ea3n ph\u1ea9m tr\u00e1i c\u00e2y th\u1eadp c\u1ea9m s\u1ea5y Minh D\u01b0\u01a1ng bao g\u1ed3m: m\u00edt s\u1ea5y, chu\u1ed1i s\u1ea5y, c\u00e0 r\u1ed1t s\u1ea5y, khoai lang s\u1ea5y, khoai t\u00e2y s\u1ea5y,\u2026 C\u00e1c lo\u1ea1i hoa qu\u1ea3 t\u01b0\u01a1i, \u0111\u1ea3m b\u1ea3o ch\u1ea5t l\u01b0\u1ee3ng sau khi \u0111\u01b0\u1ee3c s\u01a1 ch\u1ebf v\u00e0 s\u1ea5y b\u1eb1ng c\u00f4ng ngh\u1ec7 ch\u00e2n kh\u00f4ng\u00a0 v\u1eabn gi\u1eef \u0111\u01b0\u1ee3c h\u01b0\u01a1ng th\u01a1m t\u1ef1 nhi\u00ean mang l\u1ea1i c\u1ea3m gi\u00e1c th\u00edch th\u00fa, ngon mi\u1ec7ng cho ng\u01b0\u1eddi th\u01b0\u1edfng th\u1ee9c.<\/p>\n<p>T\u00ean s\u1ea3n ph\u1ea9m: Tr\u00e1i c\u00e2y th\u1eadp c\u1ea9m s\u1ea5y<\/p>\n<p>Th\u01b0\u01a1ng hi\u1ec7u: Minh D\u01b0\u01a1ng<\/p>\n<p>Th\u00e0nh ph\u1ea7n:\u00a0m\u00edt s\u1ea5y, chu\u1ed1i s\u1ea5y, c\u00e0 r\u1ed1t s\u1ea5y, khoai lang s\u1ea5y, khoai t\u00e2y s\u1ea5y,&#8230;<\/p>\n<p>H\u1ea1n s\u1eed d\u1ee5ng: 12 th\u00e1ng k\u1ec3 t\u1eeb NSX<\/p>\n<p>H\u01b0\u1edbng d\u1eabn s\u1eed d\u1ee5ng: S\u1ea3n ph\u1ea9m \u0111\u01b0\u1ee3c s\u1eed d\u1ee5ng \u0103n li\u1ec1n kh\u00f4ng qua ch\u1ebf bi\u1ebfn.<\/p>\n<p>H\u01b0\u1edbng d\u1eabn b\u1ea3o qu\u1ea3n: \u0110\u1ec3 n\u01a1i kh\u00f4 r\u00e1o, s\u1ea1ch s\u1ebd, tho\u00e1ng m\u00e1t. Tr\u00e1nh \u00e1nh n\u1eafng tr\u1ef1c ti\u1ebfp t\u1eeb m\u1eb7t tr\u1eddi.<\/p>","protected":false},"excerpt":{"rendered":"<p>TR\u00c1I C\u00c2Y TH\u1eacP C\u1ea8M S\u1ea4Y MINH D\u01af\u01a0NG<br \/>\nTr\u00e1i c\u00e2y s\u1ea5y l\u00e0 m\u1ed9t trong nh\u1eefng m\u00f3n \u0103n \u0111\u01b0\u1ee3c \u01b0a chu\u1ed9ng hi\u1ec7n nay. B\u1edfi l\u1ebd, c\u00e1c lo\u1ea1i hoa qu\u1ea3 s\u1ea5y kh\u00f4 th\u01b0\u1eddng ch\u1ee9a nhi\u1ec1u dinh d\u01b0\u1ee1ng t\u1ed1t cho s\u1ee9c kh\u1ecfe nh\u01b0: protein, ch\u1ea5t x\u01a1,\u2026 . Ngo\u00e0i ra, khi \u0103n tr\u00e1i c\u00e2y s\u1ea5y b\u1ea1n kh\u00f4ng ph\u1ea3i lo l\u1eafng v\u1ec1 v\u1ea5n \u0111\u1ec1 c\u00e2n n\u1eb7ng. V\u00ec trong qu\u00e1 tr\u00ecnh s\u1ea5y, tr\u00e1i c\u00e2y \u0111\u00e3 \u0111\u01b0\u1ee3c lo\u1ea1i b\u1ecf m\u1ed9t s\u1ed1 ch\u1ea5t d\u01b0 th\u1eeba.<br \/>\nS\u1ea3n ph\u1ea9m tr\u00e1i c\u00e2y th\u1eadp c\u1ea9m s\u1ea5y Minh D\u01b0\u01a1ng bao g\u1ed3m: m\u00edt s\u1ea5y, chu\u1ed1i s\u1ea5y, c\u00e0 r\u1ed1t s\u1ea5y, khoai lang s\u1ea5y, khoai t\u00e2y s\u1ea5y,\u2026 C\u00e1c lo\u1ea1i hoa qu\u1ea3 t\u01b0\u01a1i, \u0111\u1ea3m b\u1ea3o ch\u1ea5t l\u01b0\u1ee3ng sau khi \u0111\u01b0\u1ee3c s\u01a1 ch\u1ebf v\u00e0 s\u1ea5y b\u1eb1ng c\u00f4ng ngh\u1ec7 ch\u00e2n kh\u00f4ng\u00a0 v\u1eabn gi\u1eef \u0111\u01b0\u1ee3c h\u01b0\u01a1ng th\u01a1m t\u1ef1 nhi\u00ean mang l\u1ea1i c\u1ea3m gi\u00e1c th\u00edch th\u00fa, ngon mi\u1ec7ng cho ng\u01b0\u1eddi th\u01b0\u1edfng th\u1ee9c.<\/p>\n<p>T\u00ean s\u1ea3n ph\u1ea9m: Tr\u00e1i c\u00e2y th\u1eadp c\u1ea9m s\u1ea5y<\/p>\n<p>Th\u01b0\u01a1ng hi\u1ec7u: Minh D\u01b0\u01a1ng<\/p>\n<p>Th\u00e0nh ph\u1ea7n:\u00a0m\u00edt s\u1ea5y, chu\u1ed1i s\u1ea5y, c\u00e0 r\u1ed1t s\u1ea5y, khoai lang s\u1ea5y, khoai t\u00e2y s\u1ea5y,&#8230;<\/p>\n<p>H\u1ea1n s\u1eed d\u1ee5ng: 12 th\u00e1ng k\u1ec3 t\u1eeb NSX<\/p>\n<p>H\u01b0\u1edbng d\u1eabn s\u1eed d\u1ee5ng: S\u1ea3n ph\u1ea9m \u0111\u01b0\u1ee3c s\u1eed d\u1ee5ng \u0103n li\u1ec1n kh\u00f4ng qua ch\u1ebf bi\u1ebfn.<\/p>\n<p>H\u01b0\u1edbng d\u1eabn b\u1ea3o qu\u1ea3n: \u0110\u1ec3 n\u01a1i kh\u00f4 r\u00e1o, s\u1ea1ch s\u1ebd, tho\u00e1ng m\u00e1t. Tr\u00e1nh \u00e1nh n\u1eafng tr\u1ef1c ti\u1ebfp t\u1eeb m\u1eb7t tr\u1eddi.<\/p>","protected":false},"featured_media":2110,"comment_status":"open","ping_status":"closed","template":"","meta":{"_acf_changed":false},"product_cat":[314,22,313],"product_tag":[],"class_list":{"0":"post-2109","1":"product","2":"type-product","3":"status-publish","4":"has-post-thumbnail","6":"product_cat-do-an-nhanh","7":"product_cat-sanphamthucpham","8":"product_cat-thuc-pham-che-bien","10":"first","11":"instock","12":"shipping-taxable","13":"purchasable","14":"product-type-variable"},"acf":[],"_links":{"self":[{"href":"https:\/\/b2c.fairs.vn\/en\/wp-json\/wp\/v2\/product\/2109","targetHints":{"allow":["GET"]}}],"collection":[{"href":"https:\/\/b2c.fairs.vn\/en\/wp-json\/wp\/v2\/product"}],"about":[{"href":"https:\/\/b2c.fairs.vn\/en\/wp-json\/wp\/v2\/types\/product"}],"replies":[{"embeddable":true,"href":"https:\/\/b2c.fairs.vn\/en\/wp-json\/wp\/v2\/comments?post=2109"}],"version-history":[{"count":0,"href":"https:\/\/b2c.fairs.vn\/en\/wp-json\/wp\/v2\/product\/2109\/revisions"}],"wp:featuredmedia":[{"embeddable":true,"href":"https:\/\/b2c.fairs.vn\/en\/wp-json\/wp\/v2\/media\/2110"}],"wp:attachment":[{"href":"https:\/\/b2c.fairs.vn\/en\/wp-json\/wp\/v2\/media?parent=2109"}],"wp:term":[{"taxonomy":"product_cat","embeddable":true,"href":"https:\/\/b2c.fairs.vn\/en\/wp-json\/wp\/v2\/product_cat?post=2109"},{"taxonomy":"product_tag","embeddable":true,"href":"https:\/\/b2c.fairs.vn\/en\/wp-json\/wp\/v2\/product_tag?post=2109"}],"curies":[{"name":"wp","href":"https:\/\/api.w.org\/{rel}","templated":true}]}}