{"id":2105,"date":"2024-03-18T12:38:29","date_gmt":"2024-03-18T12:38:29","guid":{"rendered":"https:\/\/b2c.fairs.vn\/?post_type=product&#038;p=2105"},"modified":"2024-03-26T09:53:55","modified_gmt":"2024-03-26T02:53:55","slug":"khoai-lang-say","status":"publish","type":"product","link":"https:\/\/b2c.fairs.vn\/en\/product\/khoai-lang-say\/","title":{"rendered":"Khoai lang s\u1ea5y"},"content":{"rendered":"<p>KHOAI LANG S\u1ea4Y MINH D\u01af\u01a0NG<\/p>\n<p>Khoai lang s\u1ea5y Minh D\u01b0\u01a1ng \u0111\u01b0\u1ee3c l\u00e0m t\u1eeb 100% khoai lang t\u01b0\u01a1i, kh\u00f4ng pha b\u1ed9t, kh\u00f4ng ph\u1ea9m m\u00e0u ph\u00f9 h\u1ee3p cho c\u1ea3 ng\u01b0\u1eddi l\u1edbn v\u00e0 c\u00e1c b\u1ea1n nh\u1ecf. Khoai \u0111\u01b0\u1ee3c tuy\u1ec3n ch\u1ecdn t\u1eebng c\u1ee7 sau qu\u00e1 tr\u00ecnh s\u01a1 ch\u1ebf v\u00e0 s\u1ea5y ch\u00e2n kh\u00f4ng, s\u1ea3n ph\u1ea9m thu \u0111\u01b0\u1ee3c c\u00f3 m\u00e0u v\u00e0ng t\u1ef1 nhi\u00ean, mi\u1ebfng khoai s\u1ea5y gi\u00f2n tan, khi \u0103n c\u00f3 v\u1ecb b\u00f9i b\u00f9i, ng\u1eady ng\u1eady, ng\u1ecdt d\u1ecbu.<\/p>\n<p>S\u1ea3n ph\u1ea9m ch\u1ea5t l\u01b0\u1ee3ng, \u0111\u1ea3m b\u1ea3o v\u1ec7 sinh an to\u00e0n th\u1ef1c ph\u1ea9m. L\u00e0 m\u00f3n \u0103n v\u1eb7t ti\u1ec7n l\u1ee3i, th\u01a1m ngon, mang l\u1ea1i nhi\u1ec1u gi\u00e1 tr\u1ecb dinh d\u01b0\u1ee1ng.<\/p>\n<p>T\u00ean s\u1ea3n ph\u1ea9m: Khoai lang s\u1ea5y<\/p>\n<p>Th\u01b0\u01a1ng hi\u1ec7u: Minh D\u01b0\u01a1ng<\/p>\n<p>Th\u00e0nh ph\u1ea7n: Khoai lang 98%, phomai 1%, \u0111\u01b0\u1eddng tinh luy\u1ec7n, mu\u1ed1i, d\u1ea7u c\u1ecd.<\/p>\n<p>H\u1ea1n s\u1eed d\u1ee5ng: 12 th\u00e1ng k\u1ec3 t\u1eeb NSX<\/p>\n<p>H\u01b0\u1edbng d\u1eabn s\u1eed d\u1ee5ng: S\u1ea3n ph\u1ea9m \u0111\u01b0\u1ee3c s\u1eed d\u1ee5ng \u0103n li\u1ec1n kh\u00f4ng qua ch\u1ebf bi\u1ebfn.<\/p>\n<p>H\u01b0\u1edbng d\u1eabn b\u1ea3o qu\u1ea3n: \u0110\u1ec3 n\u01a1i kh\u00f4 r\u00e1o, s\u1ea1ch s\u1ebd, tho\u00e1ng m\u00e1t. Tr\u00e1nh \u00e1nh n\u1eafng tr\u1ef1c ti\u1ebfp t\u1eeb m\u1eb7t tr\u1eddi.<\/p>","protected":false},"excerpt":{"rendered":"<p>KHOAI LANG S\u1ea4Y MINH D\u01af\u01a0NG<\/p>\n<p>Khoai lang s\u1ea5y Minh D\u01b0\u01a1ng \u0111\u01b0\u1ee3c l\u00e0m t\u1eeb 100% khoai lang t\u01b0\u01a1i, kh\u00f4ng pha b\u1ed9t, kh\u00f4ng ph\u1ea9m m\u00e0u ph\u00f9 h\u1ee3p cho c\u1ea3 ng\u01b0\u1eddi l\u1edbn v\u00e0 c\u00e1c b\u1ea1n nh\u1ecf. Khoai \u0111\u01b0\u1ee3c tuy\u1ec3n ch\u1ecdn t\u1eebng c\u1ee7 sau qu\u00e1 tr\u00ecnh s\u01a1 ch\u1ebf v\u00e0 s\u1ea5y ch\u00e2n kh\u00f4ng, s\u1ea3n ph\u1ea9m thu \u0111\u01b0\u1ee3c c\u00f3 m\u00e0u v\u00e0ng t\u1ef1 nhi\u00ean, mi\u1ebfng khoai s\u1ea5y gi\u00f2n tan, khi \u0103n c\u00f3 v\u1ecb b\u00f9i b\u00f9i, ng\u1eady ng\u1eady, ng\u1ecdt d\u1ecbu.<\/p>\n<p>S\u1ea3n ph\u1ea9m ch\u1ea5t l\u01b0\u1ee3ng, \u0111\u1ea3m b\u1ea3o v\u1ec7 sinh an to\u00e0n th\u1ef1c ph\u1ea9m. L\u00e0 m\u00f3n \u0103n v\u1eb7t ti\u1ec7n l\u1ee3i, th\u01a1m ngon, mang l\u1ea1i nhi\u1ec1u gi\u00e1 tr\u1ecb dinh d\u01b0\u1ee1ng.<\/p>\n<p>T\u00ean s\u1ea3n ph\u1ea9m: Khoai lang s\u1ea5y<\/p>\n<p>Th\u01b0\u01a1ng hi\u1ec7u: Minh D\u01b0\u01a1ng<\/p>\n<p>Th\u00e0nh ph\u1ea7n: Khoai lang 98%, phomai 1%, \u0111\u01b0\u1eddng tinh luy\u1ec7n, mu\u1ed1i, d\u1ea7u c\u1ecd.<\/p>\n<p>H\u1ea1n s\u1eed d\u1ee5ng: 12 th\u00e1ng k\u1ec3 t\u1eeb NSX<\/p>\n<p>H\u01b0\u1edbng d\u1eabn s\u1eed d\u1ee5ng: S\u1ea3n ph\u1ea9m \u0111\u01b0\u1ee3c s\u1eed d\u1ee5ng \u0103n li\u1ec1n kh\u00f4ng qua ch\u1ebf bi\u1ebfn.<\/p>\n<p>H\u01b0\u1edbng d\u1eabn b\u1ea3o qu\u1ea3n: \u0110\u1ec3 n\u01a1i kh\u00f4 r\u00e1o, s\u1ea1ch s\u1ebd, tho\u00e1ng m\u00e1t. Tr\u00e1nh \u00e1nh n\u1eafng tr\u1ef1c ti\u1ebfp t\u1eeb m\u1eb7t tr\u1eddi.<\/p>","protected":false},"featured_media":2106,"comment_status":"open","ping_status":"closed","template":"","meta":{"_acf_changed":false},"product_cat":[314,22,313],"product_tag":[],"class_list":{"0":"post-2105","1":"product","2":"type-product","3":"status-publish","4":"has-post-thumbnail","6":"product_cat-do-an-nhanh","7":"product_cat-sanphamthucpham","8":"product_cat-thuc-pham-che-bien","10":"first","11":"instock","12":"shipping-taxable","13":"purchasable","14":"product-type-variable"},"acf":[],"_links":{"self":[{"href":"https:\/\/b2c.fairs.vn\/en\/wp-json\/wp\/v2\/product\/2105","targetHints":{"allow":["GET"]}}],"collection":[{"href":"https:\/\/b2c.fairs.vn\/en\/wp-json\/wp\/v2\/product"}],"about":[{"href":"https:\/\/b2c.fairs.vn\/en\/wp-json\/wp\/v2\/types\/product"}],"replies":[{"embeddable":true,"href":"https:\/\/b2c.fairs.vn\/en\/wp-json\/wp\/v2\/comments?post=2105"}],"version-history":[{"count":0,"href":"https:\/\/b2c.fairs.vn\/en\/wp-json\/wp\/v2\/product\/2105\/revisions"}],"wp:featuredmedia":[{"embeddable":true,"href":"https:\/\/b2c.fairs.vn\/en\/wp-json\/wp\/v2\/media\/2106"}],"wp:attachment":[{"href":"https:\/\/b2c.fairs.vn\/en\/wp-json\/wp\/v2\/media?parent=2105"}],"wp:term":[{"taxonomy":"product_cat","embeddable":true,"href":"https:\/\/b2c.fairs.vn\/en\/wp-json\/wp\/v2\/product_cat?post=2105"},{"taxonomy":"product_tag","embeddable":true,"href":"https:\/\/b2c.fairs.vn\/en\/wp-json\/wp\/v2\/product_tag?post=2105"}],"curies":[{"name":"wp","href":"https:\/\/api.w.org\/{rel}","templated":true}]}}