{"id":2101,"date":"2024-03-18T12:36:17","date_gmt":"2024-03-18T12:36:17","guid":{"rendered":"https:\/\/b2c.fairs.vn\/?post_type=product&#038;p=2101"},"modified":"2024-03-26T10:12:22","modified_gmt":"2024-03-26T03:12:22","slug":"ngo-nep-tuoi-say","status":"publish","type":"product","link":"https:\/\/b2c.fairs.vn\/en\/product\/ngo-nep-tuoi-say\/","title":{"rendered":"Ng\u00f4 n\u1ebfp t\u01b0\u01a1i s\u1ea5y"},"content":{"rendered":"<p>S\u1ea3n ph\u1ea9m ng\u00f4 n\u1ebfp t\u01b0\u01a1i s\u1ea5y Minh D\u01b0\u01a1ng l\u00e0m t\u1eeb 100% h\u1ea1t ng\u00f4 n\u1ebfp t\u01b0\u01a1i \u0111\u01b0\u1ee3c ch\u1ecdn l\u1ecdc k\u1ef9 c\u00e0ng v\u00e0 \u0111\u01b0\u1ee3c s\u1ea5y qua c\u00f4ng ngh\u1ec7 ch\u00e2n kh\u00f4ng hi\u1ec7n \u0111\u1ea1i n\u00ean gi\u1eef tr\u1ecdn \u0111\u01b0\u1ee3c h\u01b0\u01a1ng v\u1ecb \u0111\u1eb7c tr\u01b0ng v\u00e0 m\u00e0u s\u1eafc t\u1ef1 nhi\u00ean. H\u1ea1t ng\u00f4 sau khi s\u1ea5y th\u01b0\u1eddng \u0111\u1eadm v\u1ecb, h\u1ea1t \u0111\u1ec1u, b\u00f3ng \u0111\u1eb9p, khi \u0103n c\u00f3 \u0111\u1ed9 gi\u00f2n x\u1ed1p. \u0110\u00e2y l\u00e0 s\u1ea3n ph\u1ea9m \u0111\u01b0\u1ee3c nhi\u1ec1u ng\u01b0\u1eddi y\u00eau th\u00edch, \u0111\u1eb7c bi\u1ec7t l\u00e0 c\u00e1c b\u00e9 v\u00e0 ch\u1ecb em v\u0103n ph\u00f2ng.<\/p>\n<p>Ng\u00f4 n\u1ebfp t\u01b0\u01a1i s\u1ea5y Minh D\u01b0\u01a1ng l\u00e0 m\u00f3n \u0103n t\u1ed1t cho s\u1ee9c kh\u1ecfe, \u0111\u1eb7c bi\u1ec7t l\u00e0 h\u1ec7 ti\u00eau h\u00f3a v\u00e0 tim m\u1ea1ch. S\u1ea3n ph\u1ea9m kh\u00f4ng ch\u1ee9a cholesterol, ph\u1ea9m m\u00e0u, h\u01b0\u01a1ng li\u1ec7u th\u1ef1c ph\u1ea9m, kh\u00f4ng s\u1eed d\u1ee5ng ch\u1ea5t b\u1ea3o qu\u1ea3n, \u0111\u1ea3m b\u1ea3o an to\u00e0n cho s\u1ee9c kh\u1ecfe ng\u01b0\u1eddi d\u00f9ng.<\/p>\n<p>S\u1ea3n ph\u1ea9m c\u00f3 nhi\u1ec1u size kh\u00e1c nhau v\u00e0 \u0111\u01b0\u1ee3c \u0111\u00f3ng g\u00f3i t\u00fai zip ti\u1ec7n l\u1ee3i, thu\u1eadn ti\u1ec7n cho vi\u1ec7c s\u1eed d\u1ee5ng v\u00e0 b\u1ea3o qu\u1ea3n.<\/p>\n<p>S\u1ea3n ph\u1ea9m ng\u00f4 n\u1ebfp t\u01b0\u01a1i s\u1ea5y Minh D\u01b0\u01a1ng c\u00f3 th\u1ec3 d\u00f9ng \u0111\u1ec3 l\u00e0m \u0111\u1ed3 \u0103n v\u1eb7t ho\u1eb7c mang theo trong c\u00e1c chuy\u1ebfn \u0111i du l\u1ecbch, picnic \u0111\u1ec3 th\u01b0\u1edfng th\u1ee9c c\u00f9ng ng\u01b0\u1eddi th\u00e2n v\u00e0 b\u1ea1n b\u00e8.<\/p>\n<p>T\u00ean s\u1ea3n ph\u1ea9m: Ng\u00f4 n\u1ebfp t\u01b0\u01a1i s\u1ea5y<\/p>\n<p>Th\u01b0\u01a1ng hi\u1ec7u: Minh D\u01b0\u01a1ng<\/p>\n<p>Th\u00e0nh ph\u1ea7n: Ng\u00f4 n\u1ebfp t\u01b0\u01a1i 98%, \u0111\u01b0\u1eddng, mu\u1ed1i, d\u1ea7u th\u1ef1c v\u1eadt.<\/p>\n<p>H\u1ea1n s\u1eed d\u1ee5ng: 12 th\u00e1ng k\u1ec3 t\u1eeb NSX<\/p>\n<p>H\u01b0\u1edbng d\u1eabn s\u1eed d\u1ee5ng: S\u1ea3n ph\u1ea9m \u0111\u01b0\u1ee3c s\u1eed d\u1ee5ng \u0103n li\u1ec1n kh\u00f4ng qua ch\u1ebf bi\u1ebfn.<\/p>\n<p>H\u01b0\u1edbng d\u1eabn b\u1ea3o qu\u1ea3n: \u0110\u1ec3 n\u01a1i kh\u00f4 r\u00e1o, s\u1ea1ch s\u1ebd, tho\u00e1ng m\u00e1t. Tr\u00e1nh \u00e1nh n\u1eafng tr\u1ef1c ti\u1ebfp t\u1eeb m\u1eb7t tr\u1eddi.<\/p>","protected":false},"excerpt":{"rendered":"<p>S\u1ea3n ph\u1ea9m ng\u00f4 n\u1ebfp t\u01b0\u01a1i s\u1ea5y Minh D\u01b0\u01a1ng l\u00e0m t\u1eeb 100% h\u1ea1t ng\u00f4 n\u1ebfp t\u01b0\u01a1i \u0111\u01b0\u1ee3c ch\u1ecdn l\u1ecdc k\u1ef9 c\u00e0ng v\u00e0 \u0111\u01b0\u1ee3c s\u1ea5y qua c\u00f4ng ngh\u1ec7 ch\u00e2n kh\u00f4ng hi\u1ec7n \u0111\u1ea1i n\u00ean gi\u1eef tr\u1ecdn \u0111\u01b0\u1ee3c h\u01b0\u01a1ng v\u1ecb \u0111\u1eb7c tr\u01b0ng v\u00e0 m\u00e0u s\u1eafc t\u1ef1 nhi\u00ean. H\u1ea1t ng\u00f4 sau khi s\u1ea5y th\u01b0\u1eddng \u0111\u1eadm v\u1ecb, h\u1ea1t \u0111\u1ec1u, b\u00f3ng \u0111\u1eb9p, khi \u0103n c\u00f3 \u0111\u1ed9 gi\u00f2n x\u1ed1p. \u0110\u00e2y l\u00e0 s\u1ea3n ph\u1ea9m \u0111\u01b0\u1ee3c nhi\u1ec1u ng\u01b0\u1eddi y\u00eau th\u00edch, \u0111\u1eb7c bi\u1ec7t l\u00e0 c\u00e1c b\u00e9 v\u00e0 ch\u1ecb em v\u0103n ph\u00f2ng.<\/p>\n<p>Ng\u00f4 n\u1ebfp t\u01b0\u01a1i s\u1ea5y Minh D\u01b0\u01a1ng l\u00e0 m\u00f3n \u0103n t\u1ed1t cho s\u1ee9c kh\u1ecfe, \u0111\u1eb7c bi\u1ec7t l\u00e0 h\u1ec7 ti\u00eau h\u00f3a v\u00e0 tim m\u1ea1ch. S\u1ea3n ph\u1ea9m kh\u00f4ng ch\u1ee9a cholesterol, ph\u1ea9m m\u00e0u, h\u01b0\u01a1ng li\u1ec7u th\u1ef1c ph\u1ea9m, kh\u00f4ng s\u1eed d\u1ee5ng ch\u1ea5t b\u1ea3o qu\u1ea3n, \u0111\u1ea3m b\u1ea3o an to\u00e0n cho s\u1ee9c kh\u1ecfe ng\u01b0\u1eddi d\u00f9ng.<\/p>\n<p>S\u1ea3n ph\u1ea9m c\u00f3 nhi\u1ec1u size kh\u00e1c nhau v\u00e0 \u0111\u01b0\u1ee3c \u0111\u00f3ng g\u00f3i t\u00fai zip ti\u1ec7n l\u1ee3i, thu\u1eadn ti\u1ec7n cho vi\u1ec7c s\u1eed d\u1ee5ng v\u00e0 b\u1ea3o qu\u1ea3n.<\/p>\n<p>S\u1ea3n ph\u1ea9m ng\u00f4 n\u1ebfp t\u01b0\u01a1i s\u1ea5y Minh D\u01b0\u01a1ng c\u00f3 th\u1ec3 d\u00f9ng \u0111\u1ec3 l\u00e0m \u0111\u1ed3 \u0103n v\u1eb7t ho\u1eb7c mang theo trong c\u00e1c chuy\u1ebfn \u0111i du l\u1ecbch, picnic \u0111\u1ec3 th\u01b0\u1edfng th\u1ee9c c\u00f9ng ng\u01b0\u1eddi th\u00e2n v\u00e0 b\u1ea1n b\u00e8.<\/p>\n<p>T\u00ean s\u1ea3n ph\u1ea9m: Ng\u00f4 n\u1ebfp t\u01b0\u01a1i s\u1ea5y<\/p>\n<p>Th\u01b0\u01a1ng hi\u1ec7u: Minh D\u01b0\u01a1ng<\/p>\n<p>Th\u00e0nh ph\u1ea7n: Ng\u00f4 n\u1ebfp t\u01b0\u01a1i 98%, \u0111\u01b0\u1eddng, mu\u1ed1i, d\u1ea7u th\u1ef1c v\u1eadt.<\/p>\n<p>H\u1ea1n s\u1eed d\u1ee5ng: 12 th\u00e1ng k\u1ec3 t\u1eeb NSX<\/p>\n<p>H\u01b0\u1edbng d\u1eabn s\u1eed d\u1ee5ng: S\u1ea3n ph\u1ea9m \u0111\u01b0\u1ee3c s\u1eed d\u1ee5ng \u0103n li\u1ec1n kh\u00f4ng qua ch\u1ebf bi\u1ebfn.<\/p>\n<p>H\u01b0\u1edbng d\u1eabn b\u1ea3o qu\u1ea3n: \u0110\u1ec3 n\u01a1i kh\u00f4 r\u00e1o, s\u1ea1ch s\u1ebd, tho\u00e1ng m\u00e1t. Tr\u00e1nh \u00e1nh n\u1eafng tr\u1ef1c ti\u1ebfp t\u1eeb m\u1eb7t tr\u1eddi.<\/p>","protected":false},"featured_media":2102,"comment_status":"open","ping_status":"closed","template":"","meta":{"_acf_changed":false},"product_cat":[314,22,313],"product_tag":[],"class_list":{"0":"post-2101","1":"product","2":"type-product","3":"status-publish","4":"has-post-thumbnail","6":"product_cat-do-an-nhanh","7":"product_cat-sanphamthucpham","8":"product_cat-thuc-pham-che-bien","10":"first","11":"instock","12":"shipping-taxable","13":"purchasable","14":"product-type-variable"},"acf":[],"_links":{"self":[{"href":"https:\/\/b2c.fairs.vn\/en\/wp-json\/wp\/v2\/product\/2101","targetHints":{"allow":["GET"]}}],"collection":[{"href":"https:\/\/b2c.fairs.vn\/en\/wp-json\/wp\/v2\/product"}],"about":[{"href":"https:\/\/b2c.fairs.vn\/en\/wp-json\/wp\/v2\/types\/product"}],"replies":[{"embeddable":true,"href":"https:\/\/b2c.fairs.vn\/en\/wp-json\/wp\/v2\/comments?post=2101"}],"version-history":[{"count":0,"href":"https:\/\/b2c.fairs.vn\/en\/wp-json\/wp\/v2\/product\/2101\/revisions"}],"wp:featuredmedia":[{"embeddable":true,"href":"https:\/\/b2c.fairs.vn\/en\/wp-json\/wp\/v2\/media\/2102"}],"wp:attachment":[{"href":"https:\/\/b2c.fairs.vn\/en\/wp-json\/wp\/v2\/media?parent=2101"}],"wp:term":[{"taxonomy":"product_cat","embeddable":true,"href":"https:\/\/b2c.fairs.vn\/en\/wp-json\/wp\/v2\/product_cat?post=2101"},{"taxonomy":"product_tag","embeddable":true,"href":"https:\/\/b2c.fairs.vn\/en\/wp-json\/wp\/v2\/product_tag?post=2101"}],"curies":[{"name":"wp","href":"https:\/\/api.w.org\/{rel}","templated":true}]}}