{"id":2077,"date":"2024-03-18T09:27:05","date_gmt":"2024-03-18T09:27:05","guid":{"rendered":"https:\/\/b2c.fairs.vn\/?post_type=product&#038;p=2077"},"modified":"2024-03-18T09:27:05","modified_gmt":"2024-03-18T09:27:05","slug":"tuong-nam-dan-700-ml","status":"publish","type":"product","link":"https:\/\/b2c.fairs.vn\/en\/product\/tuong-nam-dan-700-ml\/","title":{"rendered":"T\u01b0\u01a1ng Nam \u0110\u00e0n &#8211; 700 ml"},"content":{"rendered":"<p>T\u01b0\u01a1ng Nam \u0110\u00e0n: \u0110\u01b0\u1ee3c s\u1ea3n xu\u1ea5t b\u1eb1ng ph\u01b0\u01a1ng ph\u00e1p l\u00ean men t\u1ef1 nhi\u00ean truy\u1ec1n th\u1ed1ng \u0111\u1ed9c \u0111\u00e1o. S\u1ea3n ph\u1ea9m kh\u00f4ng s\u1eed d\u1ee5ng ho\u00e1 ch\u1ea5t, \u0111\u1ea3m b\u1ea3o an to\u00e0n th\u1ef1c ph\u1ea9m.<\/p>\n<p>\u0110\u1eb7c tr\u01b0ng s\u1ea3n ph\u1ea9m: L\u1edbp tr\u00ean l\u00e0 \u0111\u1eadu, l\u1edbp gi\u1eefa l\u00e0 n\u01b0\u1edbc t\u01b0\u01a1ng m\u00e0u v\u00e0ng n\u00e2u, l\u1edbp d\u01b0\u1edbi l\u00e0 b\u1ed9t g\u1ea1o n\u1ebfp l\u00ean men m\u00e0u tr\u1eafng ng\u00e0.<\/p>\n<p>Th\u00e0nh ph\u1ea7n: \u0110\u1eadu t\u01b0\u01a1ng, g\u1ea1o n\u1ebfp, mu\u1ed1i \u0103n v\u00e0 n\u01b0\u1edbc s\u1ea1ch.<\/p>\n<p>H\u01b0\u1edbng d\u1eabn s\u1eed d\u1ee5ng: L\u1eafc \u0111\u1ec1u tr\u01b0\u1edbc khi d\u00f9ng. N\u1ea5u, pha ch\u1ebf, l\u00e0m n\u01b0\u1edbc ch\u1ea5m, th\u1ee9c \u0103n chay t\u1ecbnh. S\u1eed d\u1ee5ng nguy\u00ean ch\u1ea5t ho\u1eb7c pha th\u00eam n\u01b0\u1edbc l\u1ecdc tinh khi\u1ebft, n\u01b0\u1edbc s\u00f4i \u0111\u1ec3 ngu\u1ed9i, \u0111\u01b0\u1eddng, chanh, t\u1ecfi, \u1edbt&#8230; t\u00f9y thu\u1ed9c kh\u1ea9u v\u1ecb ng\u01b0\u1eddi d\u00f9ng. S\u1eed d\u1ee5ng t\u1ed1t nh\u1ea5t trong 60 ng\u00e0y k\u1ec3 t\u1eeb khi m\u1edf n\u1eafp.<\/p>\n<p>H\u01b0\u1edbng d\u1eabn b\u1ea3o qu\u1ea3n: \u0110\u1ec3 n\u01a1i kh\u00f4 r\u00e1o, tho\u00e1ng m\u00e1t, s\u1ea1ch s\u1ebd, tr\u00e1nh \u00e1nh n\u1eafng. \u0110\u1eady k\u00edn n\u1eafp sau khi s\u1eed d\u1ee5ng.<\/p>\n<p>Th\u00f4ng tin c\u1ea3nh b\u00e1o: Kh\u00f4ng d\u00f9ng s\u1ea3n ph\u1ea9m khi h\u1ebft h\u1ea1n s\u1eed d\u1ee5ng.<\/p>\n<p>NSX\/HSD:In tr\u00ean nh\u00e3n ho\u1eb7c bao b\u00ec s\u1ea3n ph\u1ea9m<\/p>","protected":false},"excerpt":{"rendered":"<p>H\u01b0\u1edbng d\u1eabn s\u1eed d\u1ee5ng: L\u1eafc \u0111\u1ec1u tr\u01b0\u1edbc khi d\u00f9ng. N\u1ea5u, pha ch\u1ebf, l\u00e0m n\u01b0\u1edbc ch\u1ea5m, th\u1ee9c \u0103n chay t\u1ecbnh. S\u1eed d\u1ee5ng nguy\u00ean ch\u1ea5t ho\u1eb7c pha th\u00eam n\u01b0\u1edbc l\u1ecdc tinh khi\u1ebft, n\u01b0\u1edbc s\u00f4i \u0111\u1ec3 ngu\u1ed9i, \u0111\u01b0\u1eddng, chanh, t\u1ecfi, \u1edbt&#8230; t\u00f9y thu\u1ed9c kh\u1ea9u v\u1ecb ng\u01b0\u1eddi d\u00f9ng. S\u1eed d\u1ee5ng t\u1ed1t nh\u1ea5t trong 60 ng\u00e0y k\u1ec3 t\u1eeb khi m\u1edf n\u1eafp.<\/p>","protected":false},"featured_media":2081,"comment_status":"open","ping_status":"closed","template":"","meta":{"_acf_changed":false},"product_cat":[318,22,319],"product_tag":[],"class_list":{"0":"post-2077","1":"product","2":"type-product","3":"status-publish","4":"has-post-thumbnail","6":"product_cat-gia-vi","7":"product_cat-sanphamthucpham","8":"product_cat-tuong-nuoc-mam-gia-vi-dang-long-khac","10":"first","11":"instock","12":"shipping-taxable","13":"purchasable","14":"product-type-simple"},"acf":[],"_links":{"self":[{"href":"https:\/\/b2c.fairs.vn\/en\/wp-json\/wp\/v2\/product\/2077","targetHints":{"allow":["GET"]}}],"collection":[{"href":"https:\/\/b2c.fairs.vn\/en\/wp-json\/wp\/v2\/product"}],"about":[{"href":"https:\/\/b2c.fairs.vn\/en\/wp-json\/wp\/v2\/types\/product"}],"replies":[{"embeddable":true,"href":"https:\/\/b2c.fairs.vn\/en\/wp-json\/wp\/v2\/comments?post=2077"}],"version-history":[{"count":0,"href":"https:\/\/b2c.fairs.vn\/en\/wp-json\/wp\/v2\/product\/2077\/revisions"}],"wp:featuredmedia":[{"embeddable":true,"href":"https:\/\/b2c.fairs.vn\/en\/wp-json\/wp\/v2\/media\/2081"}],"wp:attachment":[{"href":"https:\/\/b2c.fairs.vn\/en\/wp-json\/wp\/v2\/media?parent=2077"}],"wp:term":[{"taxonomy":"product_cat","embeddable":true,"href":"https:\/\/b2c.fairs.vn\/en\/wp-json\/wp\/v2\/product_cat?post=2077"},{"taxonomy":"product_tag","embeddable":true,"href":"https:\/\/b2c.fairs.vn\/en\/wp-json\/wp\/v2\/product_tag?post=2077"}],"curies":[{"name":"wp","href":"https:\/\/api.w.org\/{rel}","templated":true}]}}