{"id":2070,"date":"2024-03-18T09:22:42","date_gmt":"2024-03-18T09:22:42","guid":{"rendered":"https:\/\/b2c.fairs.vn\/?post_type=product&#038;p=2070"},"modified":"2024-03-18T09:22:42","modified_gmt":"2024-03-18T09:22:42","slug":"nuoc-mam-cua-lo-cl-28-700-ml","status":"publish","type":"product","link":"https:\/\/b2c.fairs.vn\/en\/product\/nuoc-mam-cua-lo-cl-28-700-ml\/","title":{"rendered":"N\u01b0\u1edbc m\u1eafm C\u1eeda L\u00f2 CL 28 &#8211; 700 ml"},"content":{"rendered":"<p>Th\u00e0nh ph\u1ea7n: Th\u00e0nh ph\u1ea7n ch\u00ednh \u2265 99 %: N\u01b0\u1edbc m\u1eafm c\u1ed1t c\u00e1 c\u01a1m, n\u01b0\u1edbc. Th\u00e0nh ph\u1ea7n kh\u00e1c \u2264 1 %: Ch\u1ea5t \u0111i\u1ec1u v\u1ecb (621, 627, 631, 950), ch\u1ea5t ch\u1ed1ng oxy h\u00f3a (330), ph\u1ea9m m\u00e0u caramen nh\u00f3m III (150c). Ch\u1ec9 ti\u00eau ch\u1ea5t l\u01b0\u1ee3ng ch\u1ee7 y\u1ebfu: Nit\u01a1 t\u1ed5ng s\u1ed1 \u2265 10,0 g\/l; Nit\u01a1 acid amin \u2265 3,5 g\/l; Nit\u01a1 amoniac \u2264 2,8 g\/l; mu\u1ed1i \u0103n: 200 &#8211; 260 g\/l; pH: 5,0 &#8211; 6,5.<\/p>\n<p>H\u01b0\u1edbng d\u1eabn s\u1eed d\u1ee5ng: N\u1ea5u, t\u1ea9m \u01b0\u1edbp th\u1ef1c ph\u1ea9m, pha ch\u1ebf, l\u00e0m n\u01b0\u1edbc ch\u1ea5m. S\u1eed d\u1ee5ng nguy\u00ean ch\u1ea5t ho\u1eb7c pha th\u00eam n\u01b0\u1edbc l\u1ecdc tinh khi\u1ebft, n\u01b0\u1edbc s\u00f4i \u0111\u1ec3 ngu\u1ed9i, \u0111\u01b0\u1eddng, chanh, t\u1ecfi, g\u1eebng, \u1edbt&#8230; t\u00f9y thu\u1ed9c kh\u1ea9u v\u1ecb ng\u01b0\u1eddi d\u00f9ng. S\u1eed d\u1ee5ng t\u1ed1t nh\u1ea5t trong 60 ng\u00e0y k\u1ec3 t\u1eeb khi m\u1edf n\u1eafp.<\/p>\n<p>H\u01b0\u1edbng d\u1eabn b\u1ea3o qu\u1ea3n: \u0110\u1ec3 n\u01a1i kh\u00f4 r\u00e1o, tho\u00e1ng m\u00e1t, s\u1ea1ch s\u1ebd, tr\u00e1nh \u00e1nh n\u1eafng. \u0110\u1eady k\u00edn n\u1eafp sau khi s\u1eed d\u1ee5ng.<\/p>\n<p>Th\u00f4ng tin c\u1ea3nh b\u00e1o: Kh\u00f4ng d\u00f9ng s\u1ea3n ph\u1ea9m khi h\u1ebft h\u1ea1n s\u1eed d\u1ee5ng.<\/p>\n<p>NSX\/HSD:In tr\u00ean nh\u00e3n ho\u1eb7c bao b\u00ec s\u1ea3n ph\u1ea9m.<\/p>","protected":false},"excerpt":{"rendered":"<p>H\u01b0\u1edbng d\u1eabn s\u1eed d\u1ee5ng: N\u1ea5u, t\u1ea9m \u01b0\u1edbp th\u1ef1c ph\u1ea9m, pha ch\u1ebf, l\u00e0m n\u01b0\u1edbc ch\u1ea5m. S\u1eed d\u1ee5ng nguy\u00ean ch\u1ea5t ho\u1eb7c pha th\u00eam n\u01b0\u1edbc l\u1ecdc tinh khi\u1ebft, n\u01b0\u1edbc s\u00f4i \u0111\u1ec3 ngu\u1ed9i, \u0111\u01b0\u1eddng, chanh, t\u1ecfi, g\u1eebng, \u1edbt&#8230; t\u00f9y thu\u1ed9c kh\u1ea9u v\u1ecb ng\u01b0\u1eddi d\u00f9ng. S\u1eed d\u1ee5ng t\u1ed1t nh\u1ea5t trong 60 ng\u00e0y k\u1ec3 t\u1eeb khi m\u1edf n\u1eafp.<\/p>","protected":false},"featured_media":2071,"comment_status":"open","ping_status":"closed","template":"","meta":{"_acf_changed":false},"product_cat":[318,22,319],"product_tag":[],"class_list":{"0":"post-2070","1":"product","2":"type-product","3":"status-publish","4":"has-post-thumbnail","6":"product_cat-gia-vi","7":"product_cat-sanphamthucpham","8":"product_cat-tuong-nuoc-mam-gia-vi-dang-long-khac","10":"first","11":"instock","12":"shipping-taxable","13":"purchasable","14":"product-type-simple"},"acf":[],"_links":{"self":[{"href":"https:\/\/b2c.fairs.vn\/en\/wp-json\/wp\/v2\/product\/2070","targetHints":{"allow":["GET"]}}],"collection":[{"href":"https:\/\/b2c.fairs.vn\/en\/wp-json\/wp\/v2\/product"}],"about":[{"href":"https:\/\/b2c.fairs.vn\/en\/wp-json\/wp\/v2\/types\/product"}],"replies":[{"embeddable":true,"href":"https:\/\/b2c.fairs.vn\/en\/wp-json\/wp\/v2\/comments?post=2070"}],"version-history":[{"count":0,"href":"https:\/\/b2c.fairs.vn\/en\/wp-json\/wp\/v2\/product\/2070\/revisions"}],"wp:featuredmedia":[{"embeddable":true,"href":"https:\/\/b2c.fairs.vn\/en\/wp-json\/wp\/v2\/media\/2071"}],"wp:attachment":[{"href":"https:\/\/b2c.fairs.vn\/en\/wp-json\/wp\/v2\/media?parent=2070"}],"wp:term":[{"taxonomy":"product_cat","embeddable":true,"href":"https:\/\/b2c.fairs.vn\/en\/wp-json\/wp\/v2\/product_cat?post=2070"},{"taxonomy":"product_tag","embeddable":true,"href":"https:\/\/b2c.fairs.vn\/en\/wp-json\/wp\/v2\/product_tag?post=2070"}],"curies":[{"name":"wp","href":"https:\/\/api.w.org\/{rel}","templated":true}]}}