{"id":2056,"date":"2024-03-18T09:19:11","date_gmt":"2024-03-18T09:19:11","guid":{"rendered":"https:\/\/b2c.fairs.vn\/?post_type=product&#038;p=2056"},"modified":"2024-03-18T09:19:11","modified_gmt":"2024-03-18T09:19:11","slug":"ruou-nep-cai-hoa-vang-viagri-ngam-dong-dong","status":"publish","type":"product","link":"https:\/\/b2c.fairs.vn\/en\/product\/ruou-nep-cai-hoa-vang-viagri-ngam-dong-dong\/","title":{"rendered":"R\u01af\u1ee2U N\u1ebeP C\u00c1I HOA V\u00c0NG VIAGRI NG\u00c2M \u0110\u00d2NG \u0110\u00d2NG"},"content":{"rendered":"<p>\u0111ang c\u1eadp nh\u1eadt<\/p>","protected":false},"excerpt":{"rendered":"<p>\u0111ang c\u1eadp nh\u1eadt<\/p>","protected":false},"featured_media":2057,"comment_status":"open","ping_status":"closed","template":"","meta":{"_acf_changed":false},"product_cat":[325,326],"product_tag":[],"class_list":{"0":"post-2056","1":"product","2":"type-product","3":"status-publish","4":"has-post-thumbnail","6":"product_cat-san-pham-do-uong","7":"product_cat-do-uong-co-con","9":"first","10":"instock","11":"shipping-taxable","12":"product-type-simple"},"acf":[],"_links":{"self":[{"href":"https:\/\/b2c.fairs.vn\/en\/wp-json\/wp\/v2\/product\/2056","targetHints":{"allow":["GET"]}}],"collection":[{"href":"https:\/\/b2c.fairs.vn\/en\/wp-json\/wp\/v2\/product"}],"about":[{"href":"https:\/\/b2c.fairs.vn\/en\/wp-json\/wp\/v2\/types\/product"}],"replies":[{"embeddable":true,"href":"https:\/\/b2c.fairs.vn\/en\/wp-json\/wp\/v2\/comments?post=2056"}],"version-history":[{"count":0,"href":"https:\/\/b2c.fairs.vn\/en\/wp-json\/wp\/v2\/product\/2056\/revisions"}],"wp:featuredmedia":[{"embeddable":true,"href":"https:\/\/b2c.fairs.vn\/en\/wp-json\/wp\/v2\/media\/2057"}],"wp:attachment":[{"href":"https:\/\/b2c.fairs.vn\/en\/wp-json\/wp\/v2\/media?parent=2056"}],"wp:term":[{"taxonomy":"product_cat","embeddable":true,"href":"https:\/\/b2c.fairs.vn\/en\/wp-json\/wp\/v2\/product_cat?post=2056"},{"taxonomy":"product_tag","embeddable":true,"href":"https:\/\/b2c.fairs.vn\/en\/wp-json\/wp\/v2\/product_tag?post=2056"}],"curies":[{"name":"wp","href":"https:\/\/api.w.org\/{rel}","templated":true}]}}