{"id":2047,"date":"2024-03-18T09:14:46","date_gmt":"2024-03-18T09:14:46","guid":{"rendered":"https:\/\/b2c.fairs.vn\/?post_type=product&#038;p=2047"},"modified":"2024-03-18T09:15:05","modified_gmt":"2024-03-18T09:15:05","slug":"ruou-nep-cai-hoa-vang-viagri","status":"publish","type":"product","link":"https:\/\/b2c.fairs.vn\/en\/product\/ruou-nep-cai-hoa-vang-viagri\/","title":{"rendered":"R\u01af\u1ee2U N\u1ebeP C\u00c1I HOA V\u00c0NG VIAGRI"},"content":{"rendered":"<p>R\u01b0\u1ee3u N\u1ebeP C\u00c1I HOA V\u00c0NG VIAGRI \u00a0\u0111\u01b0\u1ee3c s\u1ea3n xu\u1ea5t t\u1eeb nguy\u00ean li\u1ec7u l\u00faa N\u1ebeP C\u00c1I HOA V\u00c0NG \u00a0ch\u1ea5t l\u01b0\u1ee3ng cao.<\/p>\n<p>K\u1ebft h\u1ee3p v\u1edbi ngu\u1ed3n n\u01b0\u1edbc trong m\u00e1t v\u1edbi d\u00f2ng men ri\u00eang c\u00f3 t\u1eeb nh\u1eefng v\u1ecb thu\u1ed1c qu\u00fd \u0111\u01b0\u1ee3c ph\u1ed1i<br \/>\ntr\u1ed9n theo t\u1ec9 l\u1ec7 V\u00e0ng Gia Truy\u1ec1n.<\/p>\n<p>K\u1ebft h\u1ee3p v\u1edbi c\u00f4ng ngh\u1ec7 n\u1ea5u r\u01b0\u1ee3u hi\u1ec7n \u0111\u1ea1i c\u1ee7a CH\u00c2U \u00c2U v\u00e0 \u0111\u01b0\u1ee3c ch\u1ea1y qua h\u1ec7 th\u1ed1ng m\u00e1y l\u1ecdc L\u00c3O H\u00d3A \u0111\u1ec3 l\u00e0m \u201cgi\u00e0\u201d r\u01b0\u1ee3u theo c\u00f4ng ngh\u1ec7 c\u1ee7a M\u1ef8 t\u1ea1o cho r\u01b0\u1ee3u \u0111\u1ed9 \u00eam m\u00e0 v\u1eabn gi\u1eef nguy\u00ean h\u01b0\u01a1ng th\u01a1m,\u00a0v\u1ecb ng\u1ecdt nh\u1eb9 v\u00e0 c\u1ea3m gi\u00e1c d\u1ec5 ch\u1ecbu khi u\u1ed1ng<\/p>","protected":false},"excerpt":{"rendered":"<p>R\u01b0\u1ee3u N\u1ebeP C\u00c1I HOA V\u00c0NG VIAGRI \u00a0\u0111\u01b0\u1ee3c s\u1ea3n xu\u1ea5t t\u1eeb nguy\u00ean li\u1ec7u l\u00faa N\u1ebeP C\u00c1I HOA V\u00c0NG \u00a0ch\u1ea5t l\u01b0\u1ee3ng cao.<\/p>","protected":false},"featured_media":2050,"comment_status":"open","ping_status":"closed","template":"","meta":{"_acf_changed":false},"product_cat":[325,326],"product_tag":[],"class_list":{"0":"post-2047","1":"product","2":"type-product","3":"status-publish","4":"has-post-thumbnail","6":"product_cat-san-pham-do-uong","7":"product_cat-do-uong-co-con","9":"first","10":"instock","11":"shipping-taxable","12":"product-type-simple"},"acf":[],"_links":{"self":[{"href":"https:\/\/b2c.fairs.vn\/en\/wp-json\/wp\/v2\/product\/2047","targetHints":{"allow":["GET"]}}],"collection":[{"href":"https:\/\/b2c.fairs.vn\/en\/wp-json\/wp\/v2\/product"}],"about":[{"href":"https:\/\/b2c.fairs.vn\/en\/wp-json\/wp\/v2\/types\/product"}],"replies":[{"embeddable":true,"href":"https:\/\/b2c.fairs.vn\/en\/wp-json\/wp\/v2\/comments?post=2047"}],"version-history":[{"count":0,"href":"https:\/\/b2c.fairs.vn\/en\/wp-json\/wp\/v2\/product\/2047\/revisions"}],"wp:featuredmedia":[{"embeddable":true,"href":"https:\/\/b2c.fairs.vn\/en\/wp-json\/wp\/v2\/media\/2050"}],"wp:attachment":[{"href":"https:\/\/b2c.fairs.vn\/en\/wp-json\/wp\/v2\/media?parent=2047"}],"wp:term":[{"taxonomy":"product_cat","embeddable":true,"href":"https:\/\/b2c.fairs.vn\/en\/wp-json\/wp\/v2\/product_cat?post=2047"},{"taxonomy":"product_tag","embeddable":true,"href":"https:\/\/b2c.fairs.vn\/en\/wp-json\/wp\/v2\/product_tag?post=2047"}],"curies":[{"name":"wp","href":"https:\/\/api.w.org\/{rel}","templated":true}]}}