{"id":2031,"date":"2024-03-18T09:11:46","date_gmt":"2024-03-18T09:11:46","guid":{"rendered":"https:\/\/b2c.fairs.vn\/?post_type=product&#038;p=2031"},"modified":"2024-03-26T16:32:17","modified_gmt":"2024-03-26T09:32:17","slug":"tra-cu-sen-viagri-sao-vang","status":"publish","type":"product","link":"https:\/\/b2c.fairs.vn\/en\/product\/tra-cu-sen-viagri-sao-vang\/","title":{"rendered":"TR\u00c0 C\u1ee6 SEN VIAGRI SAO V\u00c0NG"},"content":{"rendered":"<p>TR\u00c0 C\u1ee6 SEN VIAGRI\u00a0\u00a0\u0110\u01b0\u1ee3c l\u00e0m t\u1eeb 100% c\u1ee7 sen t\u01b0\u01a1i \u0111\u1ea1t ti\u00eau chu\u1ea9n an to\u00e0n th\u1ef1c ph\u1ea9m s\u1ea1ch HACCP<\/p>\n<p><strong>H\u01af\u1edaNG D\u1eaaN S\u1eec D\u1ee4NG<\/strong><\/p>\n<p><i><strong>Pha tr\u1ef1c ti\u1ebfp:<\/strong><\/i><\/p>\n<p>&#8211; Cho 10-20 gram tr\u00e0 c\u1ee7 sen tr\u00e1ng qua b\u1eb1ng n\u01b0\u1edbc s\u00f4i 90 \u0111\u1ed9 C<\/p>\n<p>&#8211; Sau \u0111\u00f3 cho l\u01b0\u1ee3ng n\u01b0\u1edbc v\u1eeba u\u1ed1ng, \u0111\u1ec3 kho\u1ea3ng 10 -15 ph\u00fat cho tr\u00e0 ng\u1ea5m l\u00e0 c\u00f3 th\u1ec3 s\u1eed d\u1ee5ng.<\/p>\n<p><i><strong>\u0110un s\u00f4i:<\/strong><\/i><\/p>\n<p>&#8211; Cho 10g tr\u00e0 c\u1ee7 sen kh\u00f4 v\u00e0o n\u1ed3i th\u00eam m\u1ed9t l\u01b0\u01a1ng n\u01b0\u1edbc v\u1eeba ph\u1ea3i.<\/p>\n<p>&#8211; \u0110un s\u00f4i gi\u1ea3m nh\u1ecf l\u1eeda, \u0111un ti\u1ebfp kho\u1ea3ng 5-7 ph\u00fat th\u00ec t\u1eaft b\u1ebfp.<\/p>\n<p>&#8211; Khi tr\u00e0 c\u00f2n n\u00f3ng cho th\u00eam m\u1ed9t ch\u00fat \u0111\u01b0\u1eddng ho\u1eb7c mu\u1ed1i khu\u1ea5y \u0111\u1ec1u gi\u00fap tr\u00e0 \u0111\u1eadm h\u01b0\u01a1ng v\u1ecb h\u01a1n.<\/p>\n<p>&#8211; C\u00f3 th\u1ec3 d\u00f9ng u\u1ed1ng thay n\u01b0\u1edbc l\u1ecdc.<\/p>","protected":false},"excerpt":{"rendered":"<p>TR\u00c0 C\u1ee6 SEN VIAGRI\u00a0\u00a0\u0110\u01b0\u1ee3c l\u00e0m t\u1eeb 100% c\u1ee7 sen t\u01b0\u01a1i \u0111\u1ea1t ti\u00eau chu\u1ea9n an to\u00e0n th\u1ef1c ph\u1ea9m s\u1ea1ch HACCP H\u01af\u1edaNG<\/p>","protected":false},"featured_media":2039,"comment_status":"open","ping_status":"closed","template":"","meta":{"_acf_changed":false},"product_cat":[321,22,323],"product_tag":[],"class_list":{"0":"post-2031","1":"product","2":"type-product","3":"status-publish","4":"has-post-thumbnail","6":"product_cat-che","7":"product_cat-sanphamthucpham","8":"product_cat-san-pham-tra-tu-thuc-vat-khac","10":"first","11":"instock","12":"shipping-taxable","13":"purchasable","14":"product-type-simple"},"acf":[],"_links":{"self":[{"href":"https:\/\/b2c.fairs.vn\/en\/wp-json\/wp\/v2\/product\/2031","targetHints":{"allow":["GET"]}}],"collection":[{"href":"https:\/\/b2c.fairs.vn\/en\/wp-json\/wp\/v2\/product"}],"about":[{"href":"https:\/\/b2c.fairs.vn\/en\/wp-json\/wp\/v2\/types\/product"}],"replies":[{"embeddable":true,"href":"https:\/\/b2c.fairs.vn\/en\/wp-json\/wp\/v2\/comments?post=2031"}],"version-history":[{"count":0,"href":"https:\/\/b2c.fairs.vn\/en\/wp-json\/wp\/v2\/product\/2031\/revisions"}],"wp:featuredmedia":[{"embeddable":true,"href":"https:\/\/b2c.fairs.vn\/en\/wp-json\/wp\/v2\/media\/2039"}],"wp:attachment":[{"href":"https:\/\/b2c.fairs.vn\/en\/wp-json\/wp\/v2\/media?parent=2031"}],"wp:term":[{"taxonomy":"product_cat","embeddable":true,"href":"https:\/\/b2c.fairs.vn\/en\/wp-json\/wp\/v2\/product_cat?post=2031"},{"taxonomy":"product_tag","embeddable":true,"href":"https:\/\/b2c.fairs.vn\/en\/wp-json\/wp\/v2\/product_tag?post=2031"}],"curies":[{"name":"wp","href":"https:\/\/api.w.org\/{rel}","templated":true}]}}