{"id":2023,"date":"2024-03-18T09:08:25","date_gmt":"2024-03-18T09:08:25","guid":{"rendered":"https:\/\/b2c.fairs.vn\/?post_type=product&#038;p=2023"},"modified":"2024-03-26T16:35:31","modified_gmt":"2024-03-26T09:35:31","slug":"tinh-bot-san-day-viagri","status":"publish","type":"product","link":"https:\/\/b2c.fairs.vn\/en\/product\/tinh-bot-san-day-viagri\/","title":{"rendered":"TINH B\u1ed8T S\u1eaeN D\u00c2Y VIAGRI"},"content":{"rendered":"<p>B\u1ed9t s\u1eafn d\u00e2y c\u1ee7a trang tr\u1ea1i N\u00f4ng s\u1ea3n s\u1ea1ch v\u1eeba tr\u1ed3ng tr\u1ecdt v\u00e0 s\u1ea3n xu\u1ea5t theo ti\u00eau chu\u1ea9n ch\u1ee9ng nh\u1eadn ATTP Qu\u1ed1c t\u1ebf HACCP cung c\u1ea5p cho c\u00e1c c\u00e1 nh\u00e2n \u0103n helthy, c\u1eeda h\u00e0ng N\u00f4ng s\u1ea3n s\u1ea1ch,..<\/p>\n<p><strong>TH\u01af\u01a0NG HI\u1ec6U\u00a0<\/strong>: N\u00d4NG S\u1ea2N S\u1ea0CH VIAGRI (C\u00d4NG TY C\u1ed4 PH\u1ea6N N\u00d4NG NGHI\u1ec6P VIAGRI)<\/p>\n<p><strong>C\u00d4NG D\u1ee4NG:\u00a0<\/strong>Tinh b\u1ed9t s\u1eafn d\u00e2y th\u01b0\u1eddng d\u00f9ng \u0111\u1ec3 pha tr\u1ef1c ti\u1ebfp v\u1edbi n\u01b0\u1edbc ho\u1eb7c k\u1ebft h\u1ee3p v\u1edbi m\u1ed9t v\u00e0i v\u1ecb thu\u1ed1c trong \u0111\u00f4ng y gi\u00fap cho c\u01a1 th\u1ec3 v\u1edbi nhi\u1ec1u c\u00f4ng d\u1ee5ng<\/p>\n<p><strong>QUY C\u00c1CH \u0110\u00d3NG G\u00d3I:\u00a0<\/strong>1 kg Tinh b\u1ed9t s\u1eafn d\u00e2y \u0111\u01b0\u1ee3c \u0111\u00f3ng trong 2 l\u1ecd (l\u1ecd nh\u1ef1a n\u1eafp nh\u00f4m v\u00e0 c\u00f3 seal b\u1ea3o qu\u1ea3n). M\u1ed7i l\u1ecd tr\u1ecdng l\u01b0\u1ee3ng 500g tinh b\u1ed9t s\u1eafn d\u00e2y<\/p>\n<p><strong>C\u00c1CH D\u00d9NG<\/strong><\/p>\n<p><i><strong>+ U\u1ed1ng ngu\u1ed9i:<\/strong><\/i>\u00a0Cho hai th\u00eca b\u1ed9t s\u1eafn ho\u00e0 v\u1edbi \u0111\u01b0\u1eddng c\u00f9ng 200ml n\u01b0\u1edbc s\u00f4i ngu\u1ed9i, khu\u1ea5y \u0111\u1ec1u.C\u00f3 th\u1ec3 pha chung v\u1edbi chanh<\/p>\n<p><i><strong>+ U\u1ed1ng n\u00f3ng:\u00a0<\/strong><\/i>Cho 2 th\u00eca tinh b\u1ed9t s\u1eafn d\u00e2y v\u00e0o ly, th\u00eam m\u1ed9t ch\u00fat n\u01b0\u1edbc ngu\u1ed9i, khu\u1ea5y tan \u0111\u1ec1u. Sau \u0111\u00f3 \u0111\u1ed5 n\u01b0\u1edbc s\u00f4i v\u00e0o, v\u1eeba \u0111\u1ed5 v\u1eeba khu\u1ea5y cho b\u1ed9t s\u00e1nh \u0111\u1ec1u l\u00e0 \u0111\u01b0\u1ee3c.<\/p>\n<p><i><strong>+ N\u1ea5u ch\u00edn:\u00a0<\/strong><\/i>L\u1ea5y l\u01b0\u1ee3ng b\u1ed9t v\u1eeba \u0111\u1ee7 v\u1edbi s\u1ed1 ng\u01b0\u1eddi d\u00f9ng, cho v\u00e0o n\u01b0\u1edbc l\u1ea1nh qu\u1ea5y tan. B\u1eafc l\u00ean b\u1ebfp \u0111un nh\u1ecf l\u1eeda, v\u1eeba \u0111un v\u1eeba qu\u1ea5y nh\u1eb9, \u0111\u1ec1u tay, khi m\u00e0u b\u1ed9t chuy\u1ec3n sang d\u1ea1ng trong l\u00e0 \u0111\u01b0\u1ee3c.<\/p>\n<p><i><strong>+ \u1ea8m th\u1ef1c:<\/strong><\/i>\u00a0Tinh b\u1ed9t s\u1eafn d\u00e2y \u0111\u01b0\u1ee3c d\u00f9ng nhi\u1ec1u trong n\u1ea5u \u0103n, m\u1ed9t s\u1ed1 m\u00f3n ch\u00e8, b\u00e1nh, \u0111\u1ed3 u\u1ed1ng gi\u00fap b\u1ed3i b\u1ed5 s\u1ee9c kho\u1ebb v\u00e0 t\u0103ng c\u01b0\u1eddng ti\u00eau ho\u00e1. D\u00f9ng t\u01b0\u01a1ng t\u1ef1 nh\u01b0 b\u1ed9t n\u0103ng: pha lo\u00e3ng v\u1edbi n\u01b0\u1edbc l\u1ea1nh r\u1ed3i \u0111\u1ed5 v\u00e0o n\u01b0\u1edbc d\u00f9ng \u0111ang s\u00f4i \u0111\u1ec3 t\u1ea1o \u0111\u1ed9 s\u00e1nh.<\/p>\n<p><strong>L\u01afU \u00dd:\u00a0<\/strong>Kh\u00f4ng n\u00ean d\u00f9ng qu\u00e1 nhi\u1ec1u, t\u1ed1t nh\u1ea5t l\u00e0 n\u00ean u\u1ed1ng ch\u00edn v\u00e0 kh\u00f4ng u\u1ed1ng nhi\u1ec1u qu\u00e1 1 ly\/ng\u00e0y.<\/p>\n<p>Th\u00f3i quen \u01b0\u1edbp hoa b\u01b0\u1edfi v\u00e0o s\u1eafn d\u00e2y \u0111\u1ec3 n\u01b0\u1edbc u\u1ed1ng \u0111\u01b0\u1ee3c th\u01a1m h\u01a1n, tuy nhi\u00ean th\u00f3i quen n\u00e0y n\u00ean b\u1ecf b\u1edfi hoa b\u01b0\u1edfi l\u00e0 l\u00e0m gi\u1ea3m d\u01b0\u1ee3c t\u00ednh c\u1ee7a b\u1ed9t s\u1eafn d\u00e2y m\u1ed9t c\u00e1ch \u0111\u00e1ng k\u1ec3. \u0110\u1ed1i v\u1edbi tr\u1ebb em, b\u1ed9t s\u1eafn d\u00e2y l\u00e0 m\u1ed9t d\u1ea1ng tinh b\u1ed9t l\u1ecdc ra t\u1eeb c\u00e2y s\u1eafn d\u00e2y v\u00e0 \u1edf d\u1ea1ng \u201cs\u1ed1ng\u201d, c\u00f3 t\u00ednh h\u00e0n r\u1ea5t m\u1ea1nh. N\u1ebfu cho tr\u1ebb \u0103n c\u1ea7n qu\u1ea5y ch\u00edn b\u1ed9t s\u1eafn s\u1ebd l\u00e0m cho t\u00ednh h\u00e0n gi\u1ea3m b\u1edbt, \u0111\u1ed3ng th\u1eddi v\u1eeba d\u1ec5 ti\u00eau v\u00e0 h\u1ea5p th\u1ee5 t\u1ed1t h\u01a1n.<\/p>","protected":false},"excerpt":{"rendered":"<p>B\u1ed9t s\u1eafn d\u00e2y c\u1ee7a trang tr\u1ea1i N\u00f4ng s\u1ea3n s\u1ea1ch v\u1eeba tr\u1ed3ng tr\u1ecdt v\u00e0 s\u1ea3n xu\u1ea5t theo ti\u00eau chu\u1ea9n ch\u1ee9ng nh\u1eadn ATTP Qu\u1ed1c t\u1ebf HACCP cung c\u1ea5p cho c\u00e1c c\u00e1 nh\u00e2n \u0103n helthy, c\u1eeda h\u00e0ng N\u00f4ng s\u1ea3n s\u1ea1ch,..<\/p>\n<p><strong>TH\u01af\u01a0NG HI\u1ec6U\u00a0<\/strong>: N\u00d4NG S\u1ea2N S\u1ea0CH VIAGRI (C\u00d4NG TY C\u1ed4 PH\u1ea6N N\u00d4NG NGHI\u1ec6P VIAGRI)<\/p>\n<p><strong>C\u00d4NG D\u1ee4NG:\u00a0<\/strong>Tinh b\u1ed9t s\u1eafn d\u00e2y th\u01b0\u1eddng d\u00f9ng \u0111\u1ec3 pha tr\u1ef1c ti\u1ebfp v\u1edbi n\u01b0\u1edbc ho\u1eb7c k\u1ebft h\u1ee3p v\u1edbi m\u1ed9t v\u00e0i v\u1ecb thu\u1ed1c trong \u0111\u00f4ng y gi\u00fap cho c\u01a1 th\u1ec3 v\u1edbi nhi\u1ec1u c\u00f4ng d\u1ee5ng<\/p>\n<p><strong>QUY C\u00c1CH \u0110\u00d3NG G\u00d3I:\u00a0<\/strong>1 kg Tinh b\u1ed9t s\u1eafn d\u00e2y \u0111\u01b0\u1ee3c \u0111\u00f3ng trong 2 l\u1ecd (l\u1ecd nh\u1ef1a n\u1eafp nh\u00f4m v\u00e0 c\u00f3 seal b\u1ea3o qu\u1ea3n). M\u1ed7i l\u1ecd tr\u1ecdng l\u01b0\u1ee3ng 500g tinh b\u1ed9t s\u1eafn d\u00e2y<\/p>","protected":false},"featured_media":2024,"comment_status":"open","ping_status":"closed","template":"","meta":{"_acf_changed":false},"product_cat":[321,325,22,323],"product_tag":[],"class_list":{"0":"post-2023","1":"product","2":"type-product","3":"status-publish","4":"has-post-thumbnail","6":"product_cat-che","7":"product_cat-san-pham-do-uong","8":"product_cat-sanphamthucpham","9":"product_cat-san-pham-tra-tu-thuc-vat-khac","11":"first","12":"instock","13":"shipping-taxable","14":"purchasable","15":"product-type-simple"},"acf":[],"_links":{"self":[{"href":"https:\/\/b2c.fairs.vn\/en\/wp-json\/wp\/v2\/product\/2023","targetHints":{"allow":["GET"]}}],"collection":[{"href":"https:\/\/b2c.fairs.vn\/en\/wp-json\/wp\/v2\/product"}],"about":[{"href":"https:\/\/b2c.fairs.vn\/en\/wp-json\/wp\/v2\/types\/product"}],"replies":[{"embeddable":true,"href":"https:\/\/b2c.fairs.vn\/en\/wp-json\/wp\/v2\/comments?post=2023"}],"version-history":[{"count":0,"href":"https:\/\/b2c.fairs.vn\/en\/wp-json\/wp\/v2\/product\/2023\/revisions"}],"wp:featuredmedia":[{"embeddable":true,"href":"https:\/\/b2c.fairs.vn\/en\/wp-json\/wp\/v2\/media\/2024"}],"wp:attachment":[{"href":"https:\/\/b2c.fairs.vn\/en\/wp-json\/wp\/v2\/media?parent=2023"}],"wp:term":[{"taxonomy":"product_cat","embeddable":true,"href":"https:\/\/b2c.fairs.vn\/en\/wp-json\/wp\/v2\/product_cat?post=2023"},{"taxonomy":"product_tag","embeddable":true,"href":"https:\/\/b2c.fairs.vn\/en\/wp-json\/wp\/v2\/product_tag?post=2023"}],"curies":[{"name":"wp","href":"https:\/\/api.w.org\/{rel}","templated":true}]}}