{"id":2012,"date":"2024-03-18T09:04:12","date_gmt":"2024-03-18T09:04:12","guid":{"rendered":"https:\/\/b2c.fairs.vn\/?post_type=product&#038;p=2012"},"modified":"2024-03-18T09:04:13","modified_gmt":"2024-03-18T09:04:13","slug":"tinh-bot-cu-sen-viagri","status":"publish","type":"product","link":"https:\/\/b2c.fairs.vn\/en\/product\/tinh-bot-cu-sen-viagri\/","title":{"rendered":"TINH B\u1ed8T C\u1ee6 SEN VIAGRI"},"content":{"rendered":"<div>\n<h3 class=\"text-xl my-5 font-bold\">M\u00f4 t\u1ea3<\/h3>\n<div>\n<p><strong>TINH B\u1ed8T C\u1ee6 SEN VIAGRI\u00a0NGUY\u00caN CH\u1ea4T 100%<\/strong>\u00a0\u0111\u01b0\u1ee3c s\u1ea3n su\u1ea5t t\u1eeb n\u00f4ng tr\u1ea1i\u00a0Viagri c\u1ee7a ch\u00fang t\u00f4i \u0111\u1ea3m b\u1ea3o :<\/p>\n<p>-100% nguy\u00ean ch\u1ea5t t\u1eeb c\u1ee7 sen t\u01b0\u01a1i &#8211; Kh\u00f4ng l\u1eabn t\u1ea1p ch\u1ea5t, &#8211; Kh\u00f4ng ch\u1ea5t b\u1ea3o qu\u1ea3n, &#8211; Kh\u00f4ng b\u1ecb \u0111\u00f3ng c\u1eb7n,<\/p>\n<p><strong>TINH B\u1ed8T C\u1ee6 SEN VIAGRI<\/strong>\u00a0d\u1ec5 h\u1ea5p thu, gi\u00e0u ch\u1ea5t x\u01a1 (r\u1ea5t c\u1ea7n thi\u1ebft cho ti\u00eau h\u00f3a) v\u00e0 gi\u00e0u kho\u00e1ng ch\u1ea5t, c\u00e1c nguy\u00ean t\u1ed1 vi l\u01b0\u1ee3ng c\u1ea7n thi\u1ebft cho c\u01a1 th\u1ec3 (s\u1eaft, mangan, kali, k\u1ebdm, selen, magie, canxi,\u2026) protein v\u00e0 gi\u00e0u vitamin A, vitamin C, c\u00e1c vitamin nh\u00f3m B.<\/p>\n<p><strong>TINH B\u1ed8T C\u1ee6 SEN VIAGRI<\/strong>\u00a0c\u00f3 v\u1ecb thanh m\u00e1t, tan ho\u00e0n to\u00e0n trong n\u01b0\u1edbc, Khi \u0111un n\u00f3ng v\u00e0 khi\u00a0\u0111\u1ec3 ngu\u1ed9i \u0111\u1ec1u c\u00f3 \u0111\u1ed9 d\u1ebbo nh\u1ea5t \u0111\u1ecbnh,\u00a0\u0111\u1ed3ng nh\u1ea5t kh\u00f4ng h\u1ec1 b\u1ecb lo\u00e3ng ra nh\u01b0 c\u00e1c s\u1ea3n ph\u1ea9m pha t\u1ea1p kh\u00e1c.<\/p>\n<p><strong>TINH B\u1ed8T C\u1ee6 SEN VIAGRI\u00a0<\/strong>\u0111\u00e3 \u0111\u01b0\u1ee3c ch\u1ee9ng nh\u1eadn s\u1ea3n ph\u1ea9m OCOP c\u1ee7a t\u1ec9nh Nam \u0110\u1ecbnh.<\/p>\n<p><strong>C\u00d4NG D\u1ee4NG:<\/strong><\/p>\n<p>D\u01b0\u1ee1ng nhan (gi\u00fap tr\u1ebb h\u00f3a l\u00e0n da, gi\u00fap da c\u0103ng m\u1ecbn, l\u00e0m \u0111\u1eb9p da), b\u1ed5 huy\u1ebft, thanh nhi\u1ec7t, m\u00e1t gan, b\u1ed5 ph\u1ed5i, \u0111i\u1ec1u h\u00f2a huy\u1ebft \u00e1p, l\u01b0u th\u00f4ng m\u00e1u, t\u1ed1t cho tim m\u1ea1ch, h\u1ed7 tr\u1ee3 gi\u1ea3m c\u00e2n, ng\u0103n ng\u1eeba t\u00e1o b\u00f3n, d\u01b0\u1ee1ng t\u00e2m an th\u1ea7n, b\u1ed5 huy\u1ebft, c\u1ea7m m\u00e1u, h\u1ed7 tr\u1ee3 ti\u00eau h\u00f3a, ch\u1ed1ng l\u00e3o h\u00f3a v\u00e0 cho gi\u1ea5c ng\u1ee7 ngon h\u01a1n, gi\u00fap tinh th\u1ea7n s\u1ea3ng kho\u00e1i, tho\u1ea3i m\u00e1i h\u01a1n.<\/p>\n<p><strong>H\u01af\u1edaNG D\u1eaaN S\u1eec D\u1ee4NG:<\/strong><\/p>\n<p><i><strong>M\u00f3n \u0103n<\/strong><\/i>:<\/p>\n<p>&#8211; Khu\u1ea5y \u0111\u1ec1u tinh b\u1ed9t c\u1ee7 sen v\u1edbi m\u1ed9t ch\u00fat\u00a0n\u01b0\u1edbc ngu\u1ed9i cho b\u1ed9t tan, sau \u0111\u00f3 th\u00eam n\u01b0\u1edbc n\u00f3ng v\u00e0o v\u00e0 khu\u1ea5y \u0111\u1ec1u tay\u00a0cho b\u1ed9t s\u00e1nh l\u1ea1i. N\u1ebfu mu\u1ed1n th\u01a1m c\u00f3 th\u1ec3 cho th\u00eam ch\u00fat b\u1ed9t hoa qu\u1ebf.<\/p>\n<p>&#8211; Ngo\u00e0i ra c\u00f3 th\u1ec3 d\u00f9ng tinh b\u1ed9t c\u1ee7 sen cho c\u00e1c m\u00f3n ch\u00e8, m\u00f3n suop&#8230;..<\/p>\n<p><i><strong>L\u00e0m \u0111\u1eb9p:\u00a0<\/strong><\/i><\/p>\n<p>&#8211; D\u01b0\u1ee1ng tr\u1eafng, se kh\u00edt l\u1ed7 ch\u00e2n l\u00f4ng: Cho 2 th\u00eca Tinh B\u1ed9t C\u1ee7 Sen v\u00e0o 20ml n\u01b0\u1edbc hoa h\u1ed3ng, thoa l\u00ean m\u1eb7t \u0111\u1ec3 15 r\u1ed3i r\u1eeda l\u1ea1i v\u1edbi n\u01b0\u1edbc.<\/p>\n<p><strong>\u0110\u1ed0I T\u01af\u1ee2NG S\u1eec D\u1ee4NG:\u00a0<\/strong>Tinh b\u1ed9t c\u1ee7 sen c\u00f3 th\u1ec3 d\u00f9ng cho c\u00e1c b\u00e9 \u0103n d\u1eb7m, cho m\u1eb9 b\u1ea7u (m\u1eb9 b\u1ea7u tr\u00ean 3 th\u00e1ng), d\u00f9ng cho ph\u1ee5 n\u1eef sau sinh, ng\u01b0\u1eddi cao tu\u1ed5i, ng\u01b0\u1eddi nhi\u1ec7t mi\u1ec7ng, n\u00f3ng trong&#8230;. (v\u1edbi l\u01b0\u1ee3ng v\u1eeba \u0111\u1ee7)<\/p>\n<p>HSD: In tr\u00ean bao b\u00ec s\u1ea3n ph\u1ea9m.<\/p>\n<\/div>\n<\/div>\n<div>\n<div>\n<h3 class=\"text-xl my-5 font-bold\">Th\u00f4ng s\u1ed1 k\u1ef9 thu\u1eadt<\/h3>\n<\/div>\n<\/div>","protected":false},"excerpt":{"rendered":"<p><strong>TINH B\u1ed8T C\u1ee6 SEN VIAGRI\u00a0NGUY\u00caN CH\u1ea4T 100%<\/strong>\u00a0\u0111\u01b0\u1ee3c s\u1ea3n su\u1ea5t t\u1eeb n\u00f4ng tr\u1ea1i\u00a0Viagri c\u1ee7a ch\u00fang t\u00f4i \u0111\u1ea3m b\u1ea3o :<\/p>\n<p>-100% nguy\u00ean ch\u1ea5t t\u1eeb c\u1ee7 sen t\u01b0\u01a1i &#8211; Kh\u00f4ng l\u1eabn t\u1ea1p ch\u1ea5t, &#8211; Kh\u00f4ng ch\u1ea5t b\u1ea3o qu\u1ea3n, &#8211; Kh\u00f4ng b\u1ecb \u0111\u00f3ng c\u1eb7n,<\/p>\n<p><strong>TINH B\u1ed8T C\u1ee6 SEN VIAGRI<\/strong>\u00a0d\u1ec5 h\u1ea5p thu, gi\u00e0u ch\u1ea5t x\u01a1 (r\u1ea5t c\u1ea7n thi\u1ebft cho ti\u00eau h\u00f3a) v\u00e0 gi\u00e0u kho\u00e1ng ch\u1ea5t, c\u00e1c nguy\u00ean t\u1ed1 vi l\u01b0\u1ee3ng c\u1ea7n thi\u1ebft cho c\u01a1 th\u1ec3 (s\u1eaft, mangan, kali, k\u1ebdm, selen, magie, canxi,\u2026) protein v\u00e0 gi\u00e0u vitamin A, vitamin C, c\u00e1c vitamin nh\u00f3m B.<\/p>\n<p><strong>TINH B\u1ed8T C\u1ee6 SEN VIAGRI<\/strong>\u00a0c\u00f3 v\u1ecb thanh m\u00e1t, tan ho\u00e0n to\u00e0n trong n\u01b0\u1edbc, Khi \u0111un n\u00f3ng v\u00e0 khi\u00a0\u0111\u1ec3 ngu\u1ed9i \u0111\u1ec1u c\u00f3 \u0111\u1ed9 d\u1ebbo nh\u1ea5t \u0111\u1ecbnh,\u00a0\u0111\u1ed3ng nh\u1ea5t kh\u00f4ng h\u1ec1 b\u1ecb lo\u00e3ng ra nh\u01b0 c\u00e1c s\u1ea3n ph\u1ea9m pha t\u1ea1p kh\u00e1c.<\/p>\n<p><strong>TINH B\u1ed8T C\u1ee6 SEN VIAGRI\u00a0<\/strong>\u0111\u00e3 \u0111\u01b0\u1ee3c ch\u1ee9ng nh\u1eadn s\u1ea3n ph\u1ea9m OCOP c\u1ee7a t\u1ec9nh Nam \u0110\u1ecbnh.<\/p>","protected":false},"featured_media":2014,"comment_status":"open","ping_status":"closed","template":"","meta":{"_acf_changed":false},"product_cat":[321,22,323],"product_tag":[],"class_list":{"0":"post-2012","1":"product","2":"type-product","3":"status-publish","4":"has-post-thumbnail","6":"product_cat-che","7":"product_cat-sanphamthucpham","8":"product_cat-san-pham-tra-tu-thuc-vat-khac","10":"first","11":"instock","12":"shipping-taxable","13":"product-type-simple"},"acf":[],"_links":{"self":[{"href":"https:\/\/b2c.fairs.vn\/en\/wp-json\/wp\/v2\/product\/2012","targetHints":{"allow":["GET"]}}],"collection":[{"href":"https:\/\/b2c.fairs.vn\/en\/wp-json\/wp\/v2\/product"}],"about":[{"href":"https:\/\/b2c.fairs.vn\/en\/wp-json\/wp\/v2\/types\/product"}],"replies":[{"embeddable":true,"href":"https:\/\/b2c.fairs.vn\/en\/wp-json\/wp\/v2\/comments?post=2012"}],"version-history":[{"count":0,"href":"https:\/\/b2c.fairs.vn\/en\/wp-json\/wp\/v2\/product\/2012\/revisions"}],"wp:featuredmedia":[{"embeddable":true,"href":"https:\/\/b2c.fairs.vn\/en\/wp-json\/wp\/v2\/media\/2014"}],"wp:attachment":[{"href":"https:\/\/b2c.fairs.vn\/en\/wp-json\/wp\/v2\/media?parent=2012"}],"wp:term":[{"taxonomy":"product_cat","embeddable":true,"href":"https:\/\/b2c.fairs.vn\/en\/wp-json\/wp\/v2\/product_cat?post=2012"},{"taxonomy":"product_tag","embeddable":true,"href":"https:\/\/b2c.fairs.vn\/en\/wp-json\/wp\/v2\/product_tag?post=2012"}],"curies":[{"name":"wp","href":"https:\/\/api.w.org\/{rel}","templated":true}]}}