{"id":1966,"date":"2024-03-18T08:52:37","date_gmt":"2024-03-18T08:52:37","guid":{"rendered":"https:\/\/b2c.fairs.vn\/?post_type=product&#038;p=1966"},"modified":"2024-03-18T08:52:37","modified_gmt":"2024-03-18T08:52:37","slug":"nuoc-mam-cot-33-do-dam-dong-chai-nhua","status":"publish","type":"product","link":"https:\/\/b2c.fairs.vn\/en\/product\/nuoc-mam-cot-33-do-dam-dong-chai-nhua\/","title":{"rendered":"N\u01af\u1edaC M\u1eaeM C\u1ed0T 33 \u0110\u1ed8 \u0110\u1ea0M \u0110\u00d3NG CHAI NH\u1ef0A"},"content":{"rendered":"<div>\n<div>\n<p>\u0110\u01b0\u1ee3c s\u1ea3n xu\u1ea5t theo ph\u01b0\u01a1ng ph\u00e1p c\u1ed5 truy\u1ec1n th\u01a1m ngon \u0111\u1ea1t ti\u00eau chu\u1ea9n VSATTP c\u1ee7a B\u1ed9 Y T\u1ebf<\/p>\n<p><i>Th\u00e0nh ph\u1ea7n:<\/i>\u00a0C\u1ed1t c\u00e1 d\u1ecfng, c\u00e1 l\u00e2m, c\u00e1 N\u1ee5c, mu\u1ed1i tr\u1eafng s\u1ea1ch.<\/p>\n<\/div>\n<\/div>\n<div>\n<div>\n<h3 class=\"text-xl my-5 font-bold\">Th\u00f4ng s\u1ed1 k\u1ef9 thu\u1eadt<\/h3>\n<div>\n<div class=\"my-2 py-2\">\u0110\u1ed9 \u0111\u1ea1m<span class=\"mlr-1\">:<\/span><span class=\"ml-1\">33 \u0111\u1ed9<\/span><\/div>\n<\/div>\n<\/div>\n<\/div>","protected":false},"excerpt":{"rendered":"<p>\u0110\u01b0\u1ee3c s\u1ea3n xu\u1ea5t theo ph\u01b0\u01a1ng ph\u00e1p c\u1ed5 truy\u1ec1n th\u01a1m ngon \u0111\u1ea1t ti\u00eau chu\u1ea9n VSATTP c\u1ee7a B\u1ed9 Y T\u1ebf<\/p>\n<p><i>Th\u00e0nh ph\u1ea7n:<\/i>\u00a0C\u1ed1t c\u00e1 d\u1ecfng, c\u00e1 l\u00e2m, c\u00e1 N\u1ee5c, mu\u1ed1i tr\u1eafng s\u1ea1ch.<\/p>","protected":false},"featured_media":1967,"comment_status":"open","ping_status":"closed","template":"","meta":{"_acf_changed":false},"product_cat":[318,22,319],"product_tag":[],"class_list":{"0":"post-1966","1":"product","2":"type-product","3":"status-publish","4":"has-post-thumbnail","6":"product_cat-gia-vi","7":"product_cat-sanphamthucpham","8":"product_cat-tuong-nuoc-mam-gia-vi-dang-long-khac","10":"first","11":"instock","12":"shipping-taxable","13":"product-type-simple"},"acf":[],"_links":{"self":[{"href":"https:\/\/b2c.fairs.vn\/en\/wp-json\/wp\/v2\/product\/1966","targetHints":{"allow":["GET"]}}],"collection":[{"href":"https:\/\/b2c.fairs.vn\/en\/wp-json\/wp\/v2\/product"}],"about":[{"href":"https:\/\/b2c.fairs.vn\/en\/wp-json\/wp\/v2\/types\/product"}],"replies":[{"embeddable":true,"href":"https:\/\/b2c.fairs.vn\/en\/wp-json\/wp\/v2\/comments?post=1966"}],"version-history":[{"count":0,"href":"https:\/\/b2c.fairs.vn\/en\/wp-json\/wp\/v2\/product\/1966\/revisions"}],"wp:featuredmedia":[{"embeddable":true,"href":"https:\/\/b2c.fairs.vn\/en\/wp-json\/wp\/v2\/media\/1967"}],"wp:attachment":[{"href":"https:\/\/b2c.fairs.vn\/en\/wp-json\/wp\/v2\/media?parent=1966"}],"wp:term":[{"taxonomy":"product_cat","embeddable":true,"href":"https:\/\/b2c.fairs.vn\/en\/wp-json\/wp\/v2\/product_cat?post=1966"},{"taxonomy":"product_tag","embeddable":true,"href":"https:\/\/b2c.fairs.vn\/en\/wp-json\/wp\/v2\/product_tag?post=1966"}],"curies":[{"name":"wp","href":"https:\/\/api.w.org\/{rel}","templated":true}]}}