{"id":1963,"date":"2024-03-18T09:06:12","date_gmt":"2024-03-18T09:06:12","guid":{"rendered":"https:\/\/b2c.fairs.vn\/?post_type=product&#038;p=1963"},"modified":"2024-03-26T10:07:41","modified_gmt":"2024-03-26T03:07:41","slug":"khoai-tay-say-vi-pho-mai","status":"publish","type":"product","link":"https:\/\/b2c.fairs.vn\/en\/product\/khoai-tay-say-vi-pho-mai\/","title":{"rendered":"Khoai t\u00e2y s\u1ea5y v\u1ecb ph\u00f4 mai"},"content":{"rendered":"<p>T\u01b0\u01a1ng t\u1ef1 v\u1edbi khoai t\u00e2y s\u1ea5y v\u1ecb t\u1ef1 nhi\u00ean, s\u1ea3n ph\u1ea9m khoai t\u00e2y s\u1ea5y v\u1ecb phomai c\u1ee7a MinhDuongFood c\u0169ng \u0111\u01b0\u1ee3c r\u1ea5t nhi\u1ec1u kh\u00e1ch h\u00e0ng \u01b0a chu\u1ed9ng. S\u1ea3n ph\u1ea9m \u0111\u01b0\u1ee3c s\u1ea5y b\u1eb1ng c\u00f4ng ngh\u1ec7 ch\u00e2n kh\u00f4ng hi\u1ec7n \u0111\u1ea1i n\u00ean gi\u1eef nguy\u00ean \u0111\u01b0\u1ee3c \u0111\u1ed9 \u201ct\u01b0\u01a1i\u201d trong t\u1eebng mi\u1ebfng. Tuy nhi\u00ean, m\u00f3n snack n\u00e0y thu h\u00fat ng\u01b0\u1eddi \u0103n h\u01a1n kh\u00f4ng ch\u1ec9 \u1edf \u0111\u1ed9 gi\u00f2n t\u01b0\u01a1i m\u00e0 c\u00f2n \u1edf v\u1ecb th\u01a1m ng\u1ecdt, b\u00e9o ng\u1eady \u0111\u1ebfn t\u1eeb l\u1edbp b\u1ed9t phomai \u0111\u01b0\u1ee3c t\u1ea9m \u01b0\u1edbp theo c\u00f4ng th\u1ee9c \u201cb\u00ed m\u1eadt\u201d c\u1ee7a c\u00e1c th\u1ef1c th\u1ea7n MinhDuongFood. \u0110\u00f3 l\u00e0 s\u1ef1 k\u1ebft h\u1ee3p h\u00e0i h\u00f2a gi\u1eefa \u0111\u1ed9 gi\u00f2n v\u00e0 \u0111\u1ed9 th\u01a1m ng\u1eady khi\u1ebfn ng\u01b0\u1eddi th\u01b0\u1edfng th\u1ee9c c\u1ea3m th\u1ea5y k\u00edch th\u00edch v\u00e0 \u0103n ngon mi\u1ec7ng h\u01a1n.<\/p>\n<p>S\u1ea3n ph\u1ea9m kh\u00f4ng ch\u1ea5t b\u1ea3o qu\u1ea3n, kh\u00f4ng cholesterol, kh\u00f4ng s\u1eed d\u1ee5ng ch\u1ea5t t\u1ed5ng h\u1ee3p, m\u00e0u th\u1ef1c ph\u1ea9m,&#8230; \u0111\u1ea3m b\u1ea3o an to\u00e0n v\u1ec7 sinh th\u1ef1c ph\u1ea9m, t\u1ed1t cho s\u1ee9c kh\u1ecfe ng\u01b0\u1eddi d\u00f9ng.<\/p>\n<p>Khoai t\u00e2y s\u1ea5y v\u1ecb phomai v\u1eeba ngon v\u1eeba an to\u00e0n cho s\u1ee9c kh\u1ecfe, ba m\u1eb9 c\u00f3 th\u1ec3 cho b\u00e9 s\u1eed d\u1ee5ng thay cho bim bim, c\u00e1c lo\u1ea1i snack b\u00e1n tr\u00ean th\u1ecb tr\u01b0\u1eddng.<\/p>\n<p>T\u00ean s\u1ea3n ph\u1ea9m: Khoai t\u00e2y s\u1ea5y v\u1ecb phomai<\/p>\n<p>Th\u01b0\u01a1ng hi\u1ec7u: Minh D\u01b0\u01a1ng<\/p>\n<p>Th\u00e0nh ph\u1ea7n: Khoai t\u00e2y t\u01b0\u01a1i 98%, phomai 1%, \u0111\u01b0\u1eddng tinh luy\u1ec7n, mu\u1ed1i, d\u1ea7u c\u1ecd.<\/p>\n<p>H\u1ea1n s\u1eed d\u1ee5ng: 12 th\u00e1ng k\u1ec3 t\u1eeb NSX<\/p>\n<p>H\u01b0\u1edbng d\u1eabn s\u1eed d\u1ee5ng: S\u1ea3n ph\u1ea9m \u0111\u01b0\u1ee3c s\u1eed d\u1ee5ng \u0103n li\u1ec1n kh\u00f4ng qua ch\u1ebf bi\u1ebfn.<\/p>\n<p>H\u01b0\u1edbng d\u1eabn b\u1ea3o qu\u1ea3n: \u0110\u1ec3 n\u01a1i kh\u00f4 r\u00e1o, s\u1ea1ch s\u1ebd, tho\u00e1ng m\u00e1t. Tr\u00e1nh \u00e1nh n\u1eafng tr\u1ef1c ti\u1ebfp t\u1eeb m\u1eb7t tr\u1eddi.<\/p>","protected":false},"excerpt":{"rendered":"<p>T\u01b0\u01a1ng t\u1ef1 v\u1edbi khoai t\u00e2y s\u1ea5y v\u1ecb t\u1ef1 nhi\u00ean, s\u1ea3n ph\u1ea9m khoai t\u00e2y s\u1ea5y v\u1ecb phomai c\u1ee7a MinhDuongFood c\u0169ng \u0111\u01b0\u1ee3c r\u1ea5t nhi\u1ec1u kh\u00e1ch h\u00e0ng \u01b0a chu\u1ed9ng. S\u1ea3n ph\u1ea9m \u0111\u01b0\u1ee3c s\u1ea5y b\u1eb1ng c\u00f4ng ngh\u1ec7 ch\u00e2n kh\u00f4ng hi\u1ec7n \u0111\u1ea1i n\u00ean gi\u1eef nguy\u00ean \u0111\u01b0\u1ee3c \u0111\u1ed9 \u201ct\u01b0\u01a1i\u201d trong t\u1eebng mi\u1ebfng. Tuy nhi\u00ean, m\u00f3n snack n\u00e0y thu h\u00fat ng\u01b0\u1eddi \u0103n h\u01a1n kh\u00f4ng ch\u1ec9 \u1edf \u0111\u1ed9 gi\u00f2n t\u01b0\u01a1i m\u00e0 c\u00f2n \u1edf v\u1ecb th\u01a1m ng\u1ecdt, b\u00e9o ng\u1eady \u0111\u1ebfn t\u1eeb l\u1edbp b\u1ed9t phomai \u0111\u01b0\u1ee3c t\u1ea9m \u01b0\u1edbp theo c\u00f4ng th\u1ee9c \u201cb\u00ed m\u1eadt\u201d c\u1ee7a c\u00e1c th\u1ef1c th\u1ea7n MinhDuongFood. \u0110\u00f3 l\u00e0 s\u1ef1 k\u1ebft h\u1ee3p h\u00e0i h\u00f2a gi\u1eefa \u0111\u1ed9 gi\u00f2n v\u00e0 \u0111\u1ed9 th\u01a1m ng\u1eady khi\u1ebfn ng\u01b0\u1eddi th\u01b0\u1edfng th\u1ee9c c\u1ea3m th\u1ea5y k\u00edch th\u00edch v\u00e0 \u0103n ngon mi\u1ec7ng h\u01a1n.<\/p>\n<p>S\u1ea3n ph\u1ea9m kh\u00f4ng ch\u1ea5t b\u1ea3o qu\u1ea3n, kh\u00f4ng cholesterol, kh\u00f4ng s\u1eed d\u1ee5ng ch\u1ea5t t\u1ed5ng h\u1ee3p, m\u00e0u th\u1ef1c ph\u1ea9m,&#8230; \u0111\u1ea3m b\u1ea3o an to\u00e0n v\u1ec7 sinh th\u1ef1c ph\u1ea9m, t\u1ed1t cho s\u1ee9c kh\u1ecfe ng\u01b0\u1eddi d\u00f9ng.<\/p>\n<p>Khoai t\u00e2y s\u1ea5y v\u1ecb phomai v\u1eeba ngon v\u1eeba an to\u00e0n cho s\u1ee9c kh\u1ecfe, ba m\u1eb9 c\u00f3 th\u1ec3 cho b\u00e9 s\u1eed d\u1ee5ng thay cho bim bim, c\u00e1c lo\u1ea1i snack b\u00e1n tr\u00ean th\u1ecb tr\u01b0\u1eddng.<\/p>\n<p>T\u00ean s\u1ea3n ph\u1ea9m: Khoai t\u00e2y s\u1ea5y v\u1ecb phomai<\/p>\n<p>Th\u01b0\u01a1ng hi\u1ec7u: Minh D\u01b0\u01a1ng<\/p>\n<p>Th\u00e0nh ph\u1ea7n: Khoai t\u00e2y t\u01b0\u01a1i 98%, phomai 1%, \u0111\u01b0\u1eddng tinh luy\u1ec7n, mu\u1ed1i, d\u1ea7u c\u1ecd.<\/p>\n<p>H\u1ea1n s\u1eed d\u1ee5ng: 12 th\u00e1ng k\u1ec3 t\u1eeb NSX<\/p>\n<p>H\u01b0\u1edbng d\u1eabn s\u1eed d\u1ee5ng: S\u1ea3n ph\u1ea9m \u0111\u01b0\u1ee3c s\u1eed d\u1ee5ng \u0103n li\u1ec1n kh\u00f4ng qua ch\u1ebf bi\u1ebfn.<\/p>\n<p>H\u01b0\u1edbng d\u1eabn b\u1ea3o qu\u1ea3n: \u0110\u1ec3 n\u01a1i kh\u00f4 r\u00e1o, s\u1ea1ch s\u1ebd, tho\u00e1ng m\u00e1t. Tr\u00e1nh \u00e1nh n\u1eafng tr\u1ef1c ti\u1ebfp t\u1eeb m\u1eb7t tr\u1eddi.<\/p>\n<p>T\u01b0\u01a1ng t\u1ef1 v\u1edbi khoai t\u00e2y s\u1ea5y v\u1ecb t\u1ef1 nhi\u00ean, s\u1ea3n ph\u1ea9m khoai t\u00e2y s\u1ea5y v\u1ecb phomai c\u1ee7a MinhDuongFood c\u0169ng \u0111\u01b0\u1ee3c r\u1ea5t nhi\u1ec1u kh\u00e1ch h\u00e0ng \u01b0a chu\u1ed9ng. S\u1ea3n ph\u1ea9m \u0111\u01b0\u1ee3c s\u1ea5y b\u1eb1ng c\u00f4ng ngh\u1ec7 ch\u00e2n kh\u00f4ng hi\u1ec7n \u0111\u1ea1i n\u00ean gi\u1eef nguy\u00ean \u0111\u01b0\u1ee3c \u0111\u1ed9 \u201ct\u01b0\u01a1i\u201d trong t\u1eebng mi\u1ebfng. Tuy nhi\u00ean, m\u00f3n snack n\u00e0y thu h\u00fat ng\u01b0\u1eddi \u0103n h\u01a1n kh\u00f4ng ch\u1ec9 \u1edf \u0111\u1ed9 gi\u00f2n t\u01b0\u01a1i m\u00e0 c\u00f2n \u1edf v\u1ecb th\u01a1m ng\u1ecdt, b\u00e9o ng\u1eady \u0111\u1ebfn t\u1eeb l\u1edbp b\u1ed9t phomai \u0111\u01b0\u1ee3c t\u1ea9m \u01b0\u1edbp theo c\u00f4ng th\u1ee9c \u201cb\u00ed m\u1eadt\u201d c\u1ee7a c\u00e1c th\u1ef1c th\u1ea7n MinhDuongFood. \u0110\u00f3 l\u00e0 s\u1ef1 k\u1ebft h\u1ee3p h\u00e0i h\u00f2a gi\u1eefa \u0111\u1ed9 gi\u00f2n v\u00e0 \u0111\u1ed9 th\u01a1m ng\u1eady khi\u1ebfn ng\u01b0\u1eddi th\u01b0\u1edfng th\u1ee9c c\u1ea3m th\u1ea5y k\u00edch th\u00edch v\u00e0 \u0103n ngon mi\u1ec7ng h\u01a1n.<\/p>\n<p>S\u1ea3n ph\u1ea9m kh\u00f4ng ch\u1ea5t b\u1ea3o qu\u1ea3n, kh\u00f4ng cholesterol, kh\u00f4ng s\u1eed d\u1ee5ng ch\u1ea5t t\u1ed5ng h\u1ee3p, m\u00e0u th\u1ef1c ph\u1ea9m,&#8230; \u0111\u1ea3m b\u1ea3o an to\u00e0n v\u1ec7 sinh th\u1ef1c ph\u1ea9m, t\u1ed1t cho s\u1ee9c kh\u1ecfe ng\u01b0\u1eddi d\u00f9ng.<\/p>\n<p>Khoai t\u00e2y s\u1ea5y v\u1ecb phomai v\u1eeba ngon v\u1eeba an to\u00e0n cho s\u1ee9c kh\u1ecfe, ba m\u1eb9 c\u00f3 th\u1ec3 cho b\u00e9 s\u1eed d\u1ee5ng thay cho bim bim, c\u00e1c lo\u1ea1i snack b\u00e1n tr\u00ean th\u1ecb tr\u01b0\u1eddng.<\/p>\n<p>T\u00ean s\u1ea3n ph\u1ea9m: Khoai t\u00e2y s\u1ea5y v\u1ecb phomai<\/p>\n<p>Th\u01b0\u01a1ng hi\u1ec7u: Minh D\u01b0\u01a1ng<\/p>\n<p>Th\u00e0nh ph\u1ea7n: Khoai t\u00e2y t\u01b0\u01a1i 98%, phomai 1%, \u0111\u01b0\u1eddng tinh luy\u1ec7n, mu\u1ed1i, d\u1ea7u c\u1ecd.<\/p>\n<p>H\u1ea1n s\u1eed d\u1ee5ng: 12 th\u00e1ng k\u1ec3 t\u1eeb NSX<\/p>\n<p>H\u01b0\u1edbng d\u1eabn s\u1eed d\u1ee5ng: S\u1ea3n ph\u1ea9m \u0111\u01b0\u1ee3c s\u1eed d\u1ee5ng \u0103n li\u1ec1n kh\u00f4ng qua ch\u1ebf bi\u1ebfn.<\/p>\n<p>H\u01b0\u1edbng d\u1eabn b\u1ea3o qu\u1ea3n: \u0110\u1ec3 n\u01a1i kh\u00f4 r\u00e1o, s\u1ea1ch s\u1ebd, tho\u00e1ng m\u00e1t. Tr\u00e1nh \u00e1nh n\u1eafng tr\u1ef1c ti\u1ebfp t\u1eeb m\u1eb7t tr\u1eddi.<\/p>","protected":false},"featured_media":2001,"comment_status":"open","ping_status":"closed","template":"","meta":{"_acf_changed":false},"product_cat":[314,22,313],"product_tag":[],"class_list":{"0":"post-1963","1":"product","2":"type-product","3":"status-publish","4":"has-post-thumbnail","6":"product_cat-do-an-nhanh","7":"product_cat-sanphamthucpham","8":"product_cat-thuc-pham-che-bien","10":"first","11":"instock","12":"shipping-taxable","13":"purchasable","14":"product-type-variable"},"acf":[],"_links":{"self":[{"href":"https:\/\/b2c.fairs.vn\/en\/wp-json\/wp\/v2\/product\/1963","targetHints":{"allow":["GET"]}}],"collection":[{"href":"https:\/\/b2c.fairs.vn\/en\/wp-json\/wp\/v2\/product"}],"about":[{"href":"https:\/\/b2c.fairs.vn\/en\/wp-json\/wp\/v2\/types\/product"}],"replies":[{"embeddable":true,"href":"https:\/\/b2c.fairs.vn\/en\/wp-json\/wp\/v2\/comments?post=1963"}],"version-history":[{"count":0,"href":"https:\/\/b2c.fairs.vn\/en\/wp-json\/wp\/v2\/product\/1963\/revisions"}],"wp:featuredmedia":[{"embeddable":true,"href":"https:\/\/b2c.fairs.vn\/en\/wp-json\/wp\/v2\/media\/2001"}],"wp:attachment":[{"href":"https:\/\/b2c.fairs.vn\/en\/wp-json\/wp\/v2\/media?parent=1963"}],"wp:term":[{"taxonomy":"product_cat","embeddable":true,"href":"https:\/\/b2c.fairs.vn\/en\/wp-json\/wp\/v2\/product_cat?post=1963"},{"taxonomy":"product_tag","embeddable":true,"href":"https:\/\/b2c.fairs.vn\/en\/wp-json\/wp\/v2\/product_tag?post=1963"}],"curies":[{"name":"wp","href":"https:\/\/api.w.org\/{rel}","templated":true}]}}