{"id":1944,"date":"2024-03-18T08:42:13","date_gmt":"2024-03-18T08:42:13","guid":{"rendered":"https:\/\/b2c.fairs.vn\/?post_type=product&#038;p=1944"},"modified":"2024-03-27T10:00:34","modified_gmt":"2024-03-27T03:00:34","slug":"cong-duc-dong-4","status":"publish","type":"product","link":"https:\/\/b2c.fairs.vn\/en\/product\/cong-duc-dong-4\/","title":{"rendered":"C\u1ed5ng \u0111\u00fac \u0111\u1ed3ng 4"},"content":{"rendered":"<div>\n<div>\n<div>\n<div class=\"flex items-center my-3\"><\/div>\n<\/div>\n<\/div>\n<\/div>\n<div class=\"flex flex-col px-10\">\n<h2 class=\"my-1 font-bold text-2xl\">C\u1ed5ng \u0111\u00fac \u0111\u1ed3ng<\/h2>\n<\/div>","protected":false},"excerpt":{"rendered":"<div>\n<div>\n<div>\n<div class=\"flex items-center my-3\"><\/div>\n<\/div>\n<\/div>\n<\/div>\n<div class=\"flex flex-col px-10\">\n<h2 class=\"my-1 font-bold text-2xl\">C\u1ed5ng \u0111\u00fac \u0111\u1ed3ng<\/h2>\n<\/div>","protected":false},"featured_media":1945,"comment_status":"open","ping_status":"closed","template":"","meta":{"_acf_changed":false},"product_cat":[389,348],"product_tag":[],"class_list":{"0":"post-1944","1":"product","2":"type-product","3":"status-publish","4":"has-post-thumbnail","6":"product_cat-duc-dong","7":"product_cat-thiet-bi-co-khi","9":"first","10":"instock","11":"shipping-taxable","12":"product-type-simple"},"acf":[],"_links":{"self":[{"href":"https:\/\/b2c.fairs.vn\/en\/wp-json\/wp\/v2\/product\/1944","targetHints":{"allow":["GET"]}}],"collection":[{"href":"https:\/\/b2c.fairs.vn\/en\/wp-json\/wp\/v2\/product"}],"about":[{"href":"https:\/\/b2c.fairs.vn\/en\/wp-json\/wp\/v2\/types\/product"}],"replies":[{"embeddable":true,"href":"https:\/\/b2c.fairs.vn\/en\/wp-json\/wp\/v2\/comments?post=1944"}],"version-history":[{"count":0,"href":"https:\/\/b2c.fairs.vn\/en\/wp-json\/wp\/v2\/product\/1944\/revisions"}],"wp:featuredmedia":[{"embeddable":true,"href":"https:\/\/b2c.fairs.vn\/en\/wp-json\/wp\/v2\/media\/1945"}],"wp:attachment":[{"href":"https:\/\/b2c.fairs.vn\/en\/wp-json\/wp\/v2\/media?parent=1944"}],"wp:term":[{"taxonomy":"product_cat","embeddable":true,"href":"https:\/\/b2c.fairs.vn\/en\/wp-json\/wp\/v2\/product_cat?post=1944"},{"taxonomy":"product_tag","embeddable":true,"href":"https:\/\/b2c.fairs.vn\/en\/wp-json\/wp\/v2\/product_tag?post=1944"}],"curies":[{"name":"wp","href":"https:\/\/api.w.org\/{rel}","templated":true}]}}