{"id":1927,"date":"2024-03-18T08:45:54","date_gmt":"2024-03-18T08:45:54","guid":{"rendered":"https:\/\/b2c.fairs.vn\/?post_type=product&#038;p=1927"},"modified":"2024-03-26T09:45:28","modified_gmt":"2024-03-26T02:45:28","slug":"hat-dieu-rang-muoi-minh-duong","status":"publish","type":"product","link":"https:\/\/b2c.fairs.vn\/en\/product\/hat-dieu-rang-muoi-minh-duong\/","title":{"rendered":"H\u1ea1t \u0111i\u1ec1u rang mu\u1ed1i Minh D\u01b0\u01a1ng"},"content":{"rendered":"<p>H\u1ea0T \u0110I\u1ec0U RANG MU\u1ed0I MINH D\u01af\u01a0NG<\/p>\n<p>H\u1ea1t \u0111i\u1ec1u l\u00e0 m\u1ed9t trong nh\u1eefng lo\u1ea1i h\u1ea1t ch\u1ee9a nhi\u1ec1u vitamin, kho\u00e1ng ch\u1ea5t v\u00e0 ch\u1ea5t ch\u1ed1ng oxy h\u00f3a. Trong h\u1ea1t \u0111i\u1ec1u ch\u1ee9a nhi\u1ec1u magie gi\u00fap t\u0103ng c\u01b0\u1eddng h\u1ec7 mi\u1ec5n d\u1ecbch v\u00e0 duy tr\u00ec ch\u1ee9c n\u0103ng th\u1ea7n kinh gi\u00fap x\u01b0\u01a1ng ch\u1eafc kh\u1ecfe, t\u1ed1t cho tim m\u1ea1ch v\u00e0 l\u00e0m gi\u1ea3m \u0111\u01b0\u1ee3c c\u00e1c cholesterol x\u1ea5u. H\u1ea1t \u0111i\u1ec1u rang mu\u1ed1i c\u00f3 v\u1ecf l\u1ee5a gi\u00fap nh\u00e2n h\u1ea1t kh\u00f4ng b\u1ecb d\u00ednh d\u1ea7u \u0111\u1ed3ng th\u1eddi gi\u1eef \u0111\u01b0\u1ee3c c\u00e1c ch\u1ea5t dinh d\u01b0\u1ee1ng v\u1ed1n c\u00f3 trong h\u1ea1t \u0111i\u1ec1u m\u00e0 kh\u00f4ng b\u1ecb oxy h\u00f3a.<\/p>\n<p>H\u1ea1t \u0111i\u1ec1u rang mu\u1ed1i Minh D\u01b0\u01a1ng chu\u1ea9n h\u00e0ng B\u00ecnh Ph\u01b0\u1edbc. H\u1ea1t to v\u1eeba ph\u1ea3i, tr\u00f2n, ch\u1eafc, h\u1ea1t \u0111\u1ec1u \u0111\u1eb9p, c\u1eafn gi\u00f2n tan th\u01a1m ng\u1eady<\/p>\n<p>T\u00ean s\u1ea3n ph\u1ea9m: H\u1ea1t \u0111i\u1ec1u rang mu\u1ed1i<\/p>\n<p>Th\u01b0\u01a1ng hi\u1ec7u: Minh D\u01b0\u01a1ng<\/p>\n<p>Th\u00e0nh ph\u1ea7n: H\u1ea1t \u0111i\u1ec1u\u00a098%, \u0111\u01b0\u1eddng tinh luy\u1ec7n, mu\u1ed1i, d\u1ea7u c\u1ecd.<\/p>\n<p>H\u1ea1n s\u1eed d\u1ee5ng: 12 th\u00e1ng k\u1ec3 t\u1eeb NSX<\/p>\n<p>H\u01b0\u1edbng d\u1eabn s\u1eed d\u1ee5ng: S\u1ea3n ph\u1ea9m \u0111\u01b0\u1ee3c s\u1eed d\u1ee5ng \u0103n li\u1ec1n kh\u00f4ng qua ch\u1ebf bi\u1ebfn.<\/p>\n<p>H\u01b0\u1edbng d\u1eabn b\u1ea3o qu\u1ea3n: \u0110\u1ec3 n\u01a1i kh\u00f4 r\u00e1o, s\u1ea1ch s\u1ebd, tho\u00e1ng m\u00e1t. Tr\u00e1nh \u00e1nh n\u1eafng tr\u1ef1c ti\u1ebfp t\u1eeb m\u1eb7t tr\u1eddi.<\/p>\n<p>Th\u00f4ng tin c\u1ea3nh b\u00e1o an to\u00e0n, v\u1ec7 sinh: Kh\u00f4ng s\u1eed d\u1ee5ng s\u1ea3n ph\u1ea9m c\u00f3 m\u00e0u s\u1eafc v\u00e0 m\u00f9i v\u1ecb b\u1ea5t th\u01b0\u1eddng<\/p>","protected":false},"excerpt":{"rendered":"<p>H\u1ea0T \u0110I\u1ec0U RANG MU\u1ed0I MINH D\u01af\u01a0NG<\/p>\n<p>H\u1ea1t \u0111i\u1ec1u l\u00e0 m\u1ed9t trong nh\u1eefng lo\u1ea1i h\u1ea1t ch\u1ee9a nhi\u1ec1u vitamin, kho\u00e1ng ch\u1ea5t v\u00e0 ch\u1ea5t ch\u1ed1ng oxy h\u00f3a. Trong h\u1ea1t \u0111i\u1ec1u ch\u1ee9a nhi\u1ec1u magie gi\u00fap t\u0103ng c\u01b0\u1eddng h\u1ec7 mi\u1ec5n d\u1ecbch v\u00e0 duy tr\u00ec ch\u1ee9c n\u0103ng th\u1ea7n kinh gi\u00fap x\u01b0\u01a1ng ch\u1eafc kh\u1ecfe, t\u1ed1t cho tim m\u1ea1ch v\u00e0 l\u00e0m gi\u1ea3m \u0111\u01b0\u1ee3c c\u00e1c cholesterol x\u1ea5u. H\u1ea1t \u0111i\u1ec1u rang mu\u1ed1i c\u00f3 v\u1ecf l\u1ee5a gi\u00fap nh\u00e2n h\u1ea1t kh\u00f4ng b\u1ecb d\u00ednh d\u1ea7u \u0111\u1ed3ng th\u1eddi gi\u1eef \u0111\u01b0\u1ee3c c\u00e1c ch\u1ea5t dinh d\u01b0\u1ee1ng v\u1ed1n c\u00f3 trong h\u1ea1t \u0111i\u1ec1u m\u00e0 kh\u00f4ng b\u1ecb oxy h\u00f3a.<\/p>\n<p>H\u1ea1t \u0111i\u1ec1u rang mu\u1ed1i Minh D\u01b0\u01a1ng chu\u1ea9n h\u00e0ng B\u00ecnh Ph\u01b0\u1edbc. H\u1ea1t to v\u1eeba ph\u1ea3i, tr\u00f2n, ch\u1eafc, h\u1ea1t \u0111\u1ec1u \u0111\u1eb9p, c\u1eafn gi\u00f2n tan th\u01a1m ng\u1eady<\/p>\n<p>T\u00ean s\u1ea3n ph\u1ea9m: H\u1ea1t \u0111i\u1ec1u rang mu\u1ed1i<\/p>\n<p>Th\u01b0\u01a1ng hi\u1ec7u: Minh D\u01b0\u01a1ng<\/p>\n<p>Th\u00e0nh ph\u1ea7n: H\u1ea1t \u0111i\u1ec1u\u00a098%, \u0111\u01b0\u1eddng tinh luy\u1ec7n, mu\u1ed1i, d\u1ea7u c\u1ecd.<\/p>\n<p>H\u1ea1n s\u1eed d\u1ee5ng: 12 th\u00e1ng k\u1ec3 t\u1eeb NSX<\/p>\n<p>H\u01b0\u1edbng d\u1eabn s\u1eed d\u1ee5ng: S\u1ea3n ph\u1ea9m \u0111\u01b0\u1ee3c s\u1eed d\u1ee5ng \u0103n li\u1ec1n kh\u00f4ng qua ch\u1ebf bi\u1ebfn.<\/p>\n<p>H\u01b0\u1edbng d\u1eabn b\u1ea3o qu\u1ea3n: \u0110\u1ec3 n\u01a1i kh\u00f4 r\u00e1o, s\u1ea1ch s\u1ebd, tho\u00e1ng m\u00e1t. Tr\u00e1nh \u00e1nh n\u1eafng tr\u1ef1c ti\u1ebfp t\u1eeb m\u1eb7t tr\u1eddi.<\/p>\n<p>Th\u00f4ng tin c\u1ea3nh b\u00e1o an to\u00e0n, v\u1ec7 sinh: Kh\u00f4ng s\u1eed d\u1ee5ng s\u1ea3n ph\u1ea9m c\u00f3 m\u00e0u s\u1eafc v\u00e0 m\u00f9i v\u1ecb b\u1ea5t th\u01b0\u1eddng<\/p>","protected":false},"featured_media":1930,"comment_status":"open","ping_status":"closed","template":"","meta":{"_acf_changed":false},"product_cat":[316,22,313],"product_tag":[],"class_list":{"0":"post-1927","1":"product","2":"type-product","3":"status-publish","4":"has-post-thumbnail","6":"product_cat-che-bien-tu-rau-cu-qua-hat","7":"product_cat-sanphamthucpham","8":"product_cat-thuc-pham-che-bien","10":"first","11":"instock","12":"shipping-taxable","13":"purchasable","14":"product-type-simple"},"acf":[],"_links":{"self":[{"href":"https:\/\/b2c.fairs.vn\/en\/wp-json\/wp\/v2\/product\/1927","targetHints":{"allow":["GET"]}}],"collection":[{"href":"https:\/\/b2c.fairs.vn\/en\/wp-json\/wp\/v2\/product"}],"about":[{"href":"https:\/\/b2c.fairs.vn\/en\/wp-json\/wp\/v2\/types\/product"}],"replies":[{"embeddable":true,"href":"https:\/\/b2c.fairs.vn\/en\/wp-json\/wp\/v2\/comments?post=1927"}],"version-history":[{"count":0,"href":"https:\/\/b2c.fairs.vn\/en\/wp-json\/wp\/v2\/product\/1927\/revisions"}],"wp:featuredmedia":[{"embeddable":true,"href":"https:\/\/b2c.fairs.vn\/en\/wp-json\/wp\/v2\/media\/1930"}],"wp:attachment":[{"href":"https:\/\/b2c.fairs.vn\/en\/wp-json\/wp\/v2\/media?parent=1927"}],"wp:term":[{"taxonomy":"product_cat","embeddable":true,"href":"https:\/\/b2c.fairs.vn\/en\/wp-json\/wp\/v2\/product_cat?post=1927"},{"taxonomy":"product_tag","embeddable":true,"href":"https:\/\/b2c.fairs.vn\/en\/wp-json\/wp\/v2\/product_tag?post=1927"}],"curies":[{"name":"wp","href":"https:\/\/api.w.org\/{rel}","templated":true}]}}