{"id":1880,"date":"2024-03-18T08:21:59","date_gmt":"2024-03-18T08:21:59","guid":{"rendered":"https:\/\/b2c.fairs.vn\/?post_type=product&#038;p=1880"},"modified":"2024-03-27T10:00:14","modified_gmt":"2024-03-27T03:00:14","slug":"tu-dien-phan-phoi","status":"publish","type":"product","link":"https:\/\/b2c.fairs.vn\/en\/product\/tu-dien-phan-phoi\/","title":{"rendered":"T\u1ee6 \u0110I\u1ec6N PH\u00c2N PH\u1ed0I"},"content":{"rendered":"<p>T\u1ee7 \u0111i\u1ec7n ph\u00e2n ph\u1ed1i.<\/p>\n<p>+ V\u1ecf t\u1ee7 \u0111\u01b0\u1ee3c gia c\u00f4ng tr\u1ef1c ti\u1ebfp v\u1edbi \u0111\u1ee7 c\u00e1c k\u00edch th\u01b0\u1edbc , \u0111\u1ed9 d\u00e0y v\u1eadt li\u1ec7u t\u1eeb 0.8mm &#8211; 2.0mm, \u0111\u01b0\u1ee3c s\u01a1n t\u0129nh \u0111i\u1ec7n.<\/p>\n<p>+ Aptomats s\u1eed d\u1ee5ng c\u1ee7a h\u00e3ng Ls-Hyundai\/Korea, Schneider, ABB, Mitsubishi, Chint \u2026.<\/p>\n<p>+ Thanh c\u00e1i \u0111\u1ed3ng d\u1eabn xu\u1ea5t x\u1ee9 Malaysia.<\/p>\n<p>+ T\u1ee7 \u0111i\u1ec7n \u0111\u01b0\u1ee3c t\u00ednh to\u00e1n v\u00e0 thi\u1ebft k\u1ebf theo ti\u00eau chu\u1ea9n Vi\u1ec7t Nam.<\/p>\n<p>+ T\u1ea5t c\u1ea3 c\u00e1c s\u1ea3n h\u1ea9m \u0111\u1ec1u ch\u00ednh h\u00e3ng v\u00e0 c\u00f3 ch\u1ee9ng ch\u1ec9 v\u1ec1 h\u00e0ng h\u00f3a c\u0169ng nh\u01b0 ch\u1ea5t l\u01b0\u1ee3ng.<\/p>\n<p>+ Cam k\u1ebft b\u1ea3o h\u00e0nh s\u1ea3n ph\u1ea9m t\u1eadn c\u00f4ng tr\u00ecnh, d\u1ef1 \u00e1n, nh\u00e0 m\u00e1y\u2026<\/p>\n<p>&nbsp;<\/p>\n<p>&gt;&gt;&gt; Q\u00fay kh\u00e1ch h\u00e0ng vui l\u00f2ng li\u00ean h\u1ec7 \u0111\u1ec3 nh\u1eadn b\u00e1o gi\u00e1 nhanh nh\u1ea5t!<\/p>\n<p>Kinh doanh 1: 0964 812 088<\/p>\n<p>Kinh doanh 2: 077 434 2009<\/p>","protected":false},"excerpt":{"rendered":"<p>T\u1ee7 \u0111i\u1ec7n ph\u00e2n ph\u1ed1i.<\/p>","protected":false},"featured_media":1887,"comment_status":"open","ping_status":"closed","template":"","meta":{"_acf_changed":false},"product_cat":[348,345],"product_tag":[],"class_list":{"0":"post-1880","1":"product","2":"type-product","3":"status-publish","4":"has-post-thumbnail","6":"product_cat-thiet-bi-co-khi","7":"product_cat-tu-dien","9":"first","10":"instock","11":"shipping-taxable","12":"product-type-simple"},"acf":[],"_links":{"self":[{"href":"https:\/\/b2c.fairs.vn\/en\/wp-json\/wp\/v2\/product\/1880","targetHints":{"allow":["GET"]}}],"collection":[{"href":"https:\/\/b2c.fairs.vn\/en\/wp-json\/wp\/v2\/product"}],"about":[{"href":"https:\/\/b2c.fairs.vn\/en\/wp-json\/wp\/v2\/types\/product"}],"replies":[{"embeddable":true,"href":"https:\/\/b2c.fairs.vn\/en\/wp-json\/wp\/v2\/comments?post=1880"}],"version-history":[{"count":0,"href":"https:\/\/b2c.fairs.vn\/en\/wp-json\/wp\/v2\/product\/1880\/revisions"}],"wp:featuredmedia":[{"embeddable":true,"href":"https:\/\/b2c.fairs.vn\/en\/wp-json\/wp\/v2\/media\/1887"}],"wp:attachment":[{"href":"https:\/\/b2c.fairs.vn\/en\/wp-json\/wp\/v2\/media?parent=1880"}],"wp:term":[{"taxonomy":"product_cat","embeddable":true,"href":"https:\/\/b2c.fairs.vn\/en\/wp-json\/wp\/v2\/product_cat?post=1880"},{"taxonomy":"product_tag","embeddable":true,"href":"https:\/\/b2c.fairs.vn\/en\/wp-json\/wp\/v2\/product_tag?post=1880"}],"curies":[{"name":"wp","href":"https:\/\/api.w.org\/{rel}","templated":true}]}}