{"id":1865,"date":"2024-03-18T08:09:34","date_gmt":"2024-03-18T08:09:34","guid":{"rendered":"https:\/\/b2c.fairs.vn\/?post_type=product&#038;p=1865"},"modified":"2024-03-18T08:09:35","modified_gmt":"2024-03-18T08:09:35","slug":"bot-xuyen-tam-lien","status":"publish","type":"product","link":"https:\/\/b2c.fairs.vn\/en\/product\/bot-xuyen-tam-lien\/","title":{"rendered":"B\u1ed9t xuy\u00ean t\u00e2m li\u00ean"},"content":{"rendered":"<p>\u201cXuy\u00ean t\u00e2m li\u00ean\u201d l\u00e0 t\u00ean g\u1ecdi c\u1ee7a m\u1ed9t lo\u00e0i c\u00e2y c\u00f3 t\u00ean khoa h\u1ecdc l\u00e0 Andrographis paniculata. C\u00e2y d\u01b0\u1ee3c li\u1ec7u n\u00e0y \u0111\u01b0\u1ee3c \u0111\u00e1nh gi\u00e1 l\u00e0 \u201cc\u00f3 t\u00ednh kh\u00e1ng sinh m\u1ea1nh \u0111\u1ed1i v\u1edbi nhi\u1ec1u lo\u1ea1i vi khu\u1ea9n, vi r\u00fat\u201d, th\u01b0\u1eddng d\u00f9ng \u0111\u1ec3 ch\u1eefa m\u1ed9t s\u1ed1 b\u1ec7nh li\u00ean quan \u0111\u1ebfn h\u00f4 h\u1ea5p nh\u01b0: c\u1ea3m s\u1ed1t, c\u1ea3m c\u00fam, ho, vi\u00eam h\u1ecdng v\u00e0 vi\u00eam ph\u1ed5i.<\/p>\n<p>Th\u00e0nh ph\u1ea7n:<\/p>\n<ul>\n<li>B\u1ed9t xuy\u00ean t\u00e2m li\u00ean: 800mg.<\/li>\n<li>B\u1ed9t t\u1ecfi: 50mg.<\/li>\n<li>Ph\u1ee5 li\u1ec7u: Avicel, PVP K30, Magie Stearat, Magie Cacbonat, ch\u1ea5t ch\u1ed1ng \u0111\u00f4ng v\u00f3n &#8211; Talc, HPMC, Titan dioxide, lactose, PEG 6000 v\u1eeba \u0111\u1ee7 1 vi\u00ean n\u00e9n bao phim<\/li>\n<\/ul>\n<p>C\u00e1ch d\u00f9ng:<\/p>\n<ul>\n<li>Tr\u1ebb em 7-12 tu\u1ed5i: 1 vi\u00ean\/l\u1ea7n x 2-3 l\u1ea7n\/ng\u00e0y.<\/li>\n<li>Tr\u1ebb t\u1eeb 12 tu\u1ed5i tr\u1edf l\u00ean v\u00e0 ng\u01b0\u1eddi l\u1edbn: 2-3 vi\u00ean\/l\u1ea7n x 2-3 l\u1ea7n\/ng\u00e0y.<\/li>\n<\/ul>\n<p>B\u1ea3o qu\u1ea3n: b\u1ea3o qu\u1ea3n n\u01a1i kh\u00f4 r\u00e1o tho\u00e1ng m\u00e1t, tr\u00e1nh n\u00f3ng \u1ea9m.<\/p>\n<p>H\u1ea1n s\u1eed d\u1ee5ng: 36 th\u00e1ng k\u1ec3 t\u1eeb ng\u00e0y s\u1ea3n xu\u1ea5t.<\/p>\n<p>Ti\u00eau chu\u1ea9n: TCCS<\/p>\n<p>S\u1ed1 TCB: 01\/freshlife\/2021<\/p>\n<p>Kh\u1ed1i l\u01b0\u1ee3ng vi\u00ean: 1500mg \u00b1 10%<\/p>","protected":false},"excerpt":{"rendered":"<p>\u201cXuy\u00ean t\u00e2m li\u00ean\u201d l\u00e0 t\u00ean g\u1ecdi c\u1ee7a m\u1ed9t lo\u00e0i c\u00e2y c\u00f3 t\u00ean khoa h\u1ecdc l\u00e0 Andrographis paniculata. C\u00e2y d\u01b0\u1ee3c li\u1ec7u n\u00e0y \u0111\u01b0\u1ee3c \u0111\u00e1nh gi\u00e1 l\u00e0 \u201cc\u00f3 t\u00ednh kh\u00e1ng sinh m\u1ea1nh \u0111\u1ed1i v\u1edbi nhi\u1ec1u lo\u1ea1i vi khu\u1ea9n, vi r\u00fat\u201d, th\u01b0\u1eddng d\u00f9ng \u0111\u1ec3 ch\u1eefa m\u1ed9t s\u1ed1 b\u1ec7nh li\u00ean quan \u0111\u1ebfn h\u00f4 h\u1ea5p nh\u01b0: c\u1ea3m s\u1ed1t, c\u1ea3m c\u00fam, ho, vi\u00eam h\u1ecdng v\u00e0 vi\u00eam ph\u1ed5i.<\/p>","protected":false},"featured_media":1869,"comment_status":"open","ping_status":"closed","template":"","meta":{"_acf_changed":false},"product_cat":[332,346],"product_tag":[],"class_list":{"0":"post-1865","1":"product","2":"type-product","3":"status-publish","4":"has-post-thumbnail","6":"product_cat-san-pham-duoc-lieu-va-san-pham-tu-duoc-lieu","7":"product_cat-vat-tu-y-te","9":"first","10":"instock","11":"shipping-taxable","12":"product-type-simple"},"acf":[],"_links":{"self":[{"href":"https:\/\/b2c.fairs.vn\/en\/wp-json\/wp\/v2\/product\/1865","targetHints":{"allow":["GET"]}}],"collection":[{"href":"https:\/\/b2c.fairs.vn\/en\/wp-json\/wp\/v2\/product"}],"about":[{"href":"https:\/\/b2c.fairs.vn\/en\/wp-json\/wp\/v2\/types\/product"}],"replies":[{"embeddable":true,"href":"https:\/\/b2c.fairs.vn\/en\/wp-json\/wp\/v2\/comments?post=1865"}],"version-history":[{"count":0,"href":"https:\/\/b2c.fairs.vn\/en\/wp-json\/wp\/v2\/product\/1865\/revisions"}],"wp:featuredmedia":[{"embeddable":true,"href":"https:\/\/b2c.fairs.vn\/en\/wp-json\/wp\/v2\/media\/1869"}],"wp:attachment":[{"href":"https:\/\/b2c.fairs.vn\/en\/wp-json\/wp\/v2\/media?parent=1865"}],"wp:term":[{"taxonomy":"product_cat","embeddable":true,"href":"https:\/\/b2c.fairs.vn\/en\/wp-json\/wp\/v2\/product_cat?post=1865"},{"taxonomy":"product_tag","embeddable":true,"href":"https:\/\/b2c.fairs.vn\/en\/wp-json\/wp\/v2\/product_tag?post=1865"}],"curies":[{"name":"wp","href":"https:\/\/api.w.org\/{rel}","templated":true}]}}