{"id":1851,"date":"2024-03-18T08:25:19","date_gmt":"2024-03-18T08:25:19","guid":{"rendered":"https:\/\/b2c.fairs.vn\/?post_type=product&#038;p=1851"},"modified":"2024-03-26T10:22:34","modified_gmt":"2024-03-26T03:22:34","slug":"hanh-nhan-rang-bo-my","status":"publish","type":"product","link":"https:\/\/b2c.fairs.vn\/en\/product\/hanh-nhan-rang-bo-my\/","title":{"rendered":"G\u1ea1o l\u1ee9t rong bi\u1ec3n"},"content":{"rendered":"<div>G\u1ea0O L\u1ee8T RONG BI\u1ec2N<\/div>\n<p>G\u1ea1o l\u1ee9t s\u1ea5y rong bi\u1ec3n Minh D\u01b0\u01a1ng l\u00e0 m\u00f3n \u0103n v\u1eb7t l\u00e0nh m\u1ea1nh quen thu\u1ed9c v\u1edbi nh\u1eefng ng\u01b0\u1eddi mu\u1ed1n \u0103n ki\u00eang, gi\u1ea3m c\u00e2n. S\u1ea3n ph\u1ea9m \u0111\u01b0\u1ee3c k\u1ebft h\u1ee3p t\u1eeb hai lo\u1ea1i nguy\u00ean li\u1ec7u gi\u00e0u dinh d\u01b0\u1ee1ng nh\u01b0ng kh\u00f4ng ch\u1ee9a nhi\u1ec1u calo \u0111\u00f3 l\u00e0 g\u1ea1o l\u1ee9t v\u00e0 rong bi\u1ec3n c\u00f3 t\u00e1c d\u1ee5ng ph\u00f2ng tr\u00e1nh \u0111\u01b0\u1ee3c c\u00e1c c\u0103n b\u1ec7nh nh\u01b0 ung thu, tim m\u1ea1ch, ti\u1ec3u \u0111\u01b0\u1eddng, x\u01b0\u01a1ng kh\u1edbp,&#8230;<\/p>\n<div>G\u1ea1o l\u1ee9t s\u1ea5y rong bi\u1ec3n Minh D\u01b0\u01a1ng s\u1ebd l\u00e0 s\u1ef1 l\u1ef1a ch\u1ecdn tuy\u1ec7t v\u1eddi \u0111\u1ec3 cung c\u1ea5p c\u00e1c d\u01b0\u1ee1ng ch\u1ea5t cho c\u01a1 th\u1ec3, c\u1ea3i thi\u1ec7n v\u00f3c d\u00e1ng v\u00e0 tr\u1ebb h\u00f3a l\u00e0n da.<\/div>\n<div><strong>L\u1ee3i \u00edch khi s\u1eed d\u1ee5ng s\u1ea3n ph\u1ea9m g\u1ea1o l\u1ee9t rong bi\u1ec3n<\/strong><\/div>\n<div>\n<ul>\n<li><strong>Dinh d\u01b0\u1ee1ng \u0111a d\u1ea1ng:<\/strong>\u00a0S\u1ef1 k\u1ebft h\u1ee3p gi\u1eefa g\u1ea1o l\u1ee9t v\u00e0 rong bi\u1ec3n t\u1ea1o ra m\u1ed9t s\u1ea3n ph\u1ea9m gi\u00e0u ch\u1ea5t dinh d\u01b0\u1ee1ng. G\u1ea1o l\u1ee9t cung c\u1ea5p ch\u1ea5t x\u01a1, vitamin B v\u00e0 kho\u00e1ng ch\u1ea5t nh\u01b0 kali v\u00e0 magi\u00ea, trong khi rong bi\u1ec3n ch\u1ee9a nhi\u1ec1u lo\u1ea1i kho\u00e1ng ch\u1ea5t nh\u01b0 iodine, canxi v\u00e0 s\u1eaft.<\/li>\n<li><strong>Gi\u00fap s\u1ee9c kh\u1ecfe tim m\u1ea1ch:<\/strong>\u00a0G\u1ea1o l\u1ee9t c\u00f3 th\u1ec3 gi\u00fap gi\u1ea3m cholesterol v\u00e0 h\u1ed7 tr\u1ee3 s\u1ee9c kh\u1ecfe tim m\u1ea1ch. Rong bi\u1ec3n cung c\u1ea5p axit b\u00e9o omega-3, gi\u00fap l\u00e0m gi\u1ea3m nguy c\u01a1 m\u1eafc b\u1ec7nh tim m\u1ea1ch.<\/li>\n<li><strong>Cung c\u1ea5p iodine t\u1ef1 nhi\u00ean:<\/strong>\u00a0Rong bi\u1ec3n l\u00e0 m\u1ed9t trong nh\u1eefng ngu\u1ed3n cung c\u1ea5p iodine t\u1ef1 nhi\u00ean quan tr\u1ecdng cho s\u1ee9c kh\u1ecfe c\u1ee7a tuy\u1ebfn gi\u00e1p, gi\u00fap duy tr\u00ec s\u1ee9c kh\u1ecfe c\u1ee7a n\u00f3.<\/li>\n<li><strong>H\u1ed7 tr\u1ee3 ki\u1ec3m so\u00e1t c\u00e2n n\u1eb7ng:<\/strong>\u00a0S\u1ef1 k\u1ebft h\u1ee3p gi\u1eefa ch\u1ea5t x\u01a1 t\u1eeb g\u1ea1o l\u1ee9t v\u00e0 c\u00e1c kho\u00e1ng ch\u1ea5t t\u1eeb rong bi\u1ec3n c\u00f3 th\u1ec3 gi\u00fap duy tr\u00ec c\u1ea3m gi\u00e1c no l\u00e2u h\u01a1n v\u00e0 ki\u1ec3m so\u00e1t c\u00e2n n\u1eb7ng.<\/li>\n<li><strong>H\u1ed7 tr\u1ee3 ti\u00eau h\u00f3a:<\/strong>\u00a0Ch\u1ea5t x\u01a1 t\u1eeb g\u1ea1o l\u1ee9t v\u00e0 c\u00e1c kho\u00e1ng ch\u1ea5t t\u1eeb rong bi\u1ec3n c\u00f3 th\u1ec3 h\u1ed7 tr\u1ee3 ti\u00eau h\u00f3a v\u00e0 duy tr\u00ec s\u1ee9c kh\u1ecfe c\u1ee7a \u0111\u01b0\u1eddng ru\u1ed9t.<\/li>\n<li><strong>Ngu\u1ed3n n\u0103ng l\u01b0\u1ee3ng \u1ed5n \u0111\u1ecbnh:<\/strong>\u00a0G\u1ea1o l\u1ee9t cung c\u1ea5p n\u0103ng l\u01b0\u1ee3ng \u1ed5n \u0111\u1ecbnh trong th\u1eddi gian d\u00e0i, trong khi rong bi\u1ec3n c\u00f3 th\u1ec3 t\u0103ng c\u01b0\u1eddng s\u1ee9c kh\u1ecfe to\u00e0n di\u1ec7n do ch\u1ee9a nhi\u1ec1u ch\u1ea5t dinh d\u01b0\u1ee1ng.<\/li>\n<\/ul>\n<\/div>\n<div>\n<p>T\u00ean s\u1ea3n ph\u1ea9m: G\u1ea1o l\u1ee9t rong bi\u1ec3n<\/p>\n<p>Th\u01b0\u01a1ng hi\u1ec7u: Minh D\u01b0\u01a1ng<\/p>\n<p>Th\u00e0nh ph\u1ea7n: G\u1ea1o l\u1ee9t 98%, rong bi\u1ec3n 2%<\/p>\n<p>H\u1ea1n s\u1eed d\u1ee5ng: 6\u00a0th\u00e1ng k\u1ec3 t\u1eeb NSX<\/p>\n<p>H\u01b0\u1edbng d\u1eabn s\u1eed d\u1ee5ng: S\u1ea3n ph\u1ea9m \u0111\u01b0\u1ee3c s\u1eed d\u1ee5ng \u0103n li\u1ec1n kh\u00f4ng qua ch\u1ebf bi\u1ebfn.<\/p>\n<p>H\u01b0\u1edbng d\u1eabn b\u1ea3o qu\u1ea3n: \u0110\u1ec3 n\u01a1i kh\u00f4 r\u00e1o, s\u1ea1ch s\u1ebd, tho\u00e1ng m\u00e1t. Tr\u00e1nh \u00e1nh n\u1eafng tr\u1ef1c ti\u1ebfp t\u1eeb m\u1eb7t tr\u1eddi.<\/p>\n<p>Th\u00f4ng tin c\u1ea3nh b\u00e1o an to\u00e0n, v\u1ec7 sinh: Kh\u00f4ng s\u1eed d\u1ee5ng s\u1ea3n ph\u1ea9m c\u00f3 m\u00e0u s\u1eafc v\u00e0 m\u00f9i v\u1ecb b\u1ea5t th\u01b0\u1eddng<\/p>\n<\/div>","protected":false},"excerpt":{"rendered":"<div>G\u1ea0O L\u1ee8T RONG BI\u1ec2N<\/div>\n<p>G\u1ea1o l\u1ee9t s\u1ea5y rong bi\u1ec3n Minh D\u01b0\u01a1ng l\u00e0 m\u00f3n \u0103n v\u1eb7t l\u00e0nh m\u1ea1nh quen thu\u1ed9c v\u1edbi nh\u1eefng ng\u01b0\u1eddi mu\u1ed1n \u0103n ki\u00eang, gi\u1ea3m c\u00e2n. S\u1ea3n ph\u1ea9m \u0111\u01b0\u1ee3c k\u1ebft h\u1ee3p t\u1eeb hai lo\u1ea1i nguy\u00ean li\u1ec7u gi\u00e0u dinh d\u01b0\u1ee1ng nh\u01b0ng kh\u00f4ng ch\u1ee9a nhi\u1ec1u calo \u0111\u00f3 l\u00e0 g\u1ea1o l\u1ee9t v\u00e0 rong bi\u1ec3n c\u00f3 t\u00e1c d\u1ee5ng ph\u00f2ng tr\u00e1nh \u0111\u01b0\u1ee3c c\u00e1c c\u0103n b\u1ec7nh nh\u01b0 ung thu, tim m\u1ea1ch, ti\u1ec3u \u0111\u01b0\u1eddng, x\u01b0\u01a1ng kh\u1edbp,&#8230;<\/p>\n<div>G\u1ea1o l\u1ee9t s\u1ea5y rong bi\u1ec3n Minh D\u01b0\u01a1ng s\u1ebd l\u00e0 s\u1ef1 l\u1ef1a ch\u1ecdn tuy\u1ec7t v\u1eddi \u0111\u1ec3 cung c\u1ea5p c\u00e1c d\u01b0\u1ee1ng ch\u1ea5t cho c\u01a1 th\u1ec3, c\u1ea3i thi\u1ec7n v\u00f3c d\u00e1ng v\u00e0 tr\u1ebb h\u00f3a l\u00e0n da.<\/div>\n<div><strong>L\u1ee3i \u00edch khi s\u1eed d\u1ee5ng s\u1ea3n ph\u1ea9m g\u1ea1o l\u1ee9t rong bi\u1ec3n<\/strong><\/div>\n<div>\n<ul>\n<li><strong>Dinh d\u01b0\u1ee1ng \u0111a d\u1ea1ng:<\/strong>\u00a0S\u1ef1 k\u1ebft h\u1ee3p gi\u1eefa g\u1ea1o l\u1ee9t v\u00e0 rong bi\u1ec3n t\u1ea1o ra m\u1ed9t s\u1ea3n ph\u1ea9m gi\u00e0u ch\u1ea5t dinh d\u01b0\u1ee1ng. G\u1ea1o l\u1ee9t cung c\u1ea5p ch\u1ea5t x\u01a1, vitamin B v\u00e0 kho\u00e1ng ch\u1ea5t nh\u01b0 kali v\u00e0 magi\u00ea, trong khi rong bi\u1ec3n ch\u1ee9a nhi\u1ec1u lo\u1ea1i kho\u00e1ng ch\u1ea5t nh\u01b0 iodine, canxi v\u00e0 s\u1eaft.<\/li>\n<li><strong>Gi\u00fap s\u1ee9c kh\u1ecfe tim m\u1ea1ch:<\/strong>\u00a0G\u1ea1o l\u1ee9t c\u00f3 th\u1ec3 gi\u00fap gi\u1ea3m cholesterol v\u00e0 h\u1ed7 tr\u1ee3 s\u1ee9c kh\u1ecfe tim m\u1ea1ch. Rong bi\u1ec3n cung c\u1ea5p axit b\u00e9o omega-3, gi\u00fap l\u00e0m gi\u1ea3m nguy c\u01a1 m\u1eafc b\u1ec7nh tim m\u1ea1ch.<\/li>\n<li><strong>Cung c\u1ea5p iodine t\u1ef1 nhi\u00ean:<\/strong>\u00a0Rong bi\u1ec3n l\u00e0 m\u1ed9t trong nh\u1eefng ngu\u1ed3n cung c\u1ea5p iodine t\u1ef1 nhi\u00ean quan tr\u1ecdng cho s\u1ee9c kh\u1ecfe c\u1ee7a tuy\u1ebfn gi\u00e1p, gi\u00fap duy tr\u00ec s\u1ee9c kh\u1ecfe c\u1ee7a n\u00f3.<\/li>\n<li><strong>H\u1ed7 tr\u1ee3 ki\u1ec3m so\u00e1t c\u00e2n n\u1eb7ng:<\/strong>\u00a0S\u1ef1 k\u1ebft h\u1ee3p gi\u1eefa ch\u1ea5t x\u01a1 t\u1eeb g\u1ea1o l\u1ee9t v\u00e0 c\u00e1c kho\u00e1ng ch\u1ea5t t\u1eeb rong bi\u1ec3n c\u00f3 th\u1ec3 gi\u00fap duy tr\u00ec c\u1ea3m gi\u00e1c no l\u00e2u h\u01a1n v\u00e0 ki\u1ec3m so\u00e1t c\u00e2n n\u1eb7ng.<\/li>\n<li><strong>H\u1ed7 tr\u1ee3 ti\u00eau h\u00f3a:<\/strong>\u00a0Ch\u1ea5t x\u01a1 t\u1eeb g\u1ea1o l\u1ee9t v\u00e0 c\u00e1c kho\u00e1ng ch\u1ea5t t\u1eeb rong bi\u1ec3n c\u00f3 th\u1ec3 h\u1ed7 tr\u1ee3 ti\u00eau h\u00f3a v\u00e0 duy tr\u00ec s\u1ee9c kh\u1ecfe c\u1ee7a \u0111\u01b0\u1eddng ru\u1ed9t.<\/li>\n<li><strong>Ngu\u1ed3n n\u0103ng l\u01b0\u1ee3ng \u1ed5n \u0111\u1ecbnh:<\/strong>\u00a0G\u1ea1o l\u1ee9t cung c\u1ea5p n\u0103ng l\u01b0\u1ee3ng \u1ed5n \u0111\u1ecbnh trong th\u1eddi gian d\u00e0i, trong khi rong bi\u1ec3n c\u00f3 th\u1ec3 t\u0103ng c\u01b0\u1eddng s\u1ee9c kh\u1ecfe to\u00e0n di\u1ec7n do ch\u1ee9a nhi\u1ec1u ch\u1ea5t dinh d\u01b0\u1ee1ng.<\/li>\n<\/ul>\n<\/div>\n<div>\n<p>T\u00ean s\u1ea3n ph\u1ea9m: G\u1ea1o l\u1ee9t rong bi\u1ec3n<\/p>\n<p>Th\u01b0\u01a1ng hi\u1ec7u: Minh D\u01b0\u01a1ng<\/p>\n<p>Th\u00e0nh ph\u1ea7n: G\u1ea1o l\u1ee9t 98%, rong bi\u1ec3n 2%<\/p>\n<p>H\u1ea1n s\u1eed d\u1ee5ng: 6\u00a0th\u00e1ng k\u1ec3 t\u1eeb NSX<\/p>\n<p>H\u01b0\u1edbng d\u1eabn s\u1eed d\u1ee5ng: S\u1ea3n ph\u1ea9m \u0111\u01b0\u1ee3c s\u1eed d\u1ee5ng \u0103n li\u1ec1n kh\u00f4ng qua ch\u1ebf bi\u1ebfn.<\/p>\n<p>H\u01b0\u1edbng d\u1eabn b\u1ea3o qu\u1ea3n: \u0110\u1ec3 n\u01a1i kh\u00f4 r\u00e1o, s\u1ea1ch s\u1ebd, tho\u00e1ng m\u00e1t. Tr\u00e1nh \u00e1nh n\u1eafng tr\u1ef1c ti\u1ebfp t\u1eeb m\u1eb7t tr\u1eddi.<\/p>\n<p>Th\u00f4ng tin c\u1ea3nh b\u00e1o an to\u00e0n, v\u1ec7 sinh: Kh\u00f4ng s\u1eed d\u1ee5ng s\u1ea3n ph\u1ea9m c\u00f3 m\u00e0u s\u1eafc v\u00e0 m\u00f9i v\u1ecb b\u1ea5t th\u01b0\u1eddng<\/p>\n<\/div>","protected":false},"featured_media":8934,"comment_status":"open","ping_status":"closed","template":"","meta":{"_acf_changed":false},"product_cat":[316,22,313],"product_tag":[],"class_list":{"0":"post-1851","1":"product","2":"type-product","3":"status-publish","4":"has-post-thumbnail","6":"product_cat-che-bien-tu-rau-cu-qua-hat","7":"product_cat-sanphamthucpham","8":"product_cat-thuc-pham-che-bien","10":"first","11":"instock","12":"shipping-taxable","13":"purchasable","14":"product-type-variable"},"acf":[],"_links":{"self":[{"href":"https:\/\/b2c.fairs.vn\/en\/wp-json\/wp\/v2\/product\/1851","targetHints":{"allow":["GET"]}}],"collection":[{"href":"https:\/\/b2c.fairs.vn\/en\/wp-json\/wp\/v2\/product"}],"about":[{"href":"https:\/\/b2c.fairs.vn\/en\/wp-json\/wp\/v2\/types\/product"}],"replies":[{"embeddable":true,"href":"https:\/\/b2c.fairs.vn\/en\/wp-json\/wp\/v2\/comments?post=1851"}],"version-history":[{"count":0,"href":"https:\/\/b2c.fairs.vn\/en\/wp-json\/wp\/v2\/product\/1851\/revisions"}],"wp:featuredmedia":[{"embeddable":true,"href":"https:\/\/b2c.fairs.vn\/en\/wp-json\/wp\/v2\/media\/8934"}],"wp:attachment":[{"href":"https:\/\/b2c.fairs.vn\/en\/wp-json\/wp\/v2\/media?parent=1851"}],"wp:term":[{"taxonomy":"product_cat","embeddable":true,"href":"https:\/\/b2c.fairs.vn\/en\/wp-json\/wp\/v2\/product_cat?post=1851"},{"taxonomy":"product_tag","embeddable":true,"href":"https:\/\/b2c.fairs.vn\/en\/wp-json\/wp\/v2\/product_tag?post=1851"}],"curies":[{"name":"wp","href":"https:\/\/api.w.org\/{rel}","templated":true}]}}