{"id":1848,"date":"2024-03-18T08:04:01","date_gmt":"2024-03-18T08:04:01","guid":{"rendered":"https:\/\/b2c.fairs.vn\/?post_type=product&#038;p=1848"},"modified":"2024-03-18T08:04:01","modified_gmt":"2024-03-18T08:04:01","slug":"nano-sea-baby-spray","status":"publish","type":"product","link":"https:\/\/b2c.fairs.vn\/en\/product\/nano-sea-baby-spray\/","title":{"rendered":"Nano Sea Baby Spray"},"content":{"rendered":"<p>B\u00ecnh x\u1ecbt m\u0169i mu\u1ed1i bi\u1ec3n Nano Sea Baby Spray l\u00e0 dung d\u1ecbch gi\u00fap l\u00e0m s\u1ea1ch m\u0169i, l\u1ea5y \u0111i nh\u1eefng b\u1ee5i b\u1ea9n, d\u1ecbch nh\u1ea7y trong m\u0169i \u1edf tr\u1ebb. \u0110\u1ed3ng th\u1eddi, s\u1ea3n ph\u1ea9m h\u1ed7 tr\u1ee3 ng\u0103n ng\u1eeba vi khu\u1ea9n, virus x\u00e2m nh\u1eadp v\u00f9ng m\u0169i h\u1ecdng hi\u1ec7u qu\u1ea3. S\u1ea3n ph\u1ea9m l\u00e0 l\u1ef1a ch\u1ecdn ph\u00f9 h\u1ee3p, an to\u00e0n cho tr\u1ebb s\u01a1 sinh t\u1eeb 3 th\u00e1ng tu\u1ed5i tr\u1edf l\u00ean.<\/p>\n<p>Th\u00e0nh ph\u1ea7n:<\/p>\n<ul>\n<li>N\u01b0\u1edbc tinh khi\u1ebft<\/li>\n<li>Potassium sorbate<\/li>\n<li>Tinh d\u1ea7u tr\u00e0m<\/li>\n<li>Dung d\u1ecbch Nano b\u1ea1c<\/li>\n<li>Mu\u1ed1i bi\u1ec3n<\/li>\n<\/ul>\n<p>C\u00f4ng d\u1ee5ng:<\/p>\n<ul>\n<li>B\u00ecnh x\u1ecbt m\u0169i mu\u1ed1i bi\u1ec3n Nano Sea Baby Spray \u0111\u01b0\u1ee3c s\u1eed d\u1ee5ng h\u00e0ng ng\u00e0y \u0111\u1ec3 l\u00e0m s\u1ea1ch m\u0169i cho b\u00e9, gi\u00fap lo\u1ea1i b\u1ecf ch\u1ea5t nh\u1ea7y, b\u1ee5i b\u1ea9n \u0111\u1ecdng l\u1ea1i \u1edf m\u0169i b\u00e9&#8230; gi\u00fap m\u0169i b\u00e9 th\u00f4ng tho\u00e1ng, d\u1ec5 th\u1edf, b\u00fa v\u00e0 \u0103n u\u1ed1ng t\u1ed1t h\u01a1n.<\/li>\n<li>H\u1ed7 tr\u1ee3 ng\u1eeba khu\u1ea9n, kh\u00e1ng vi\u00eam, qua \u0111\u00f3 gi\u00fap ph\u00f2ng ng\u1eeba v\u00e0 l\u00e0m gi\u1ea3m c\u00e1c tri\u1ec7u ch\u1ee9ng hay g\u1eb7p \u1edf b\u00e9 nh\u01b0 s\u1ed5 m\u0169i, ng\u1ea1t m\u0169i, vi\u00eam m\u0169i d\u1ecb \u1ee9ng.<\/li>\n<\/ul>\n<p>C\u00e1ch d\u00f9ng:<\/p>\n<ul>\n<li>\u1ea4n nhanh v\u00e0 d\u1ee9t kho\u00e1t 2 &#8211; 3 l\u1ea7n v\u00f2i x\u1ecbt m\u1ed7i l\u1ea7n x\u1ecbt.<\/li>\n<li><i>B\u00e9 \u0111ang b\u1ecb c\u00e1c b\u1ec7nh l\u00fd v\u1ec1 m\u0169i:<\/i>\u00a0X\u1ecbt ng\u00e0y 4 &#8211; 6 l\u1ea7n.<\/li>\n<li><i>V\u1ec7 sinh m\u0169i h\u00e0ng ng\u00e0y:<\/i>\u00a0X\u1ecbt ng\u00e0y 2 &#8211; 3 l\u1ea7n.<\/li>\n<\/ul>\n<p>\u0110\u1ed1i t\u01b0\u1ee3ng s\u1eed d\u1ee5ng: B\u00ecnh x\u1ecbt m\u0169i mu\u1ed1i bi\u1ec3n Nano Sea Baby Spray d\u00f9ng \u0111\u01b0\u1ee3c cho tr\u1ebb s\u01a1 sinh t\u1eeb 3 th\u00e1ng tu\u1ed5i tr\u1edf l\u00ean.<\/p>\n<p>Ch\u1ed1ng ch\u1ec9 \u0111\u1ecbnh: ng\u01b0\u1eddi d\u00f9ng qu\u00e1 m\u1eabn c\u1ea3m v\u1edbi c\u00e1c th\u00e0nh ph\u1ea7n c\u1ee7a dung d\u1ecbch x\u1ecbt m\u0169i, kh\u00f4ng \u0111\u01b0\u1ee3c ti\u00eam.<\/p>\n<p>B\u1ea3o qu\u1ea3n n\u01a1i kh\u00f4 r\u00e1o, tho\u00e1ng m\u00e1t, tr\u00e1nh \u00e1nh s\u00e1ng tr\u1ef1c ti\u1ebfp t\u1eeb m\u1eb7t tr\u1eddi.<\/p>\n<p>H\u1ea1n s\u1eed d\u1ee5ng: 36 th\u00e1ng k\u1ec3 t\u1eeb ng\u00e0y s\u1ea3n xu\u1ea5t.<\/p>","protected":false},"excerpt":{"rendered":"<p>B\u00ecnh x\u1ecbt m\u0169i mu\u1ed1i bi\u1ec3n Nano Sea Baby Spray l\u00e0 dung d\u1ecbch gi\u00fap l\u00e0m s\u1ea1ch m\u0169i, l\u1ea5y \u0111i nh\u1eefng b\u1ee5i b\u1ea9n, d\u1ecbch nh\u1ea7y trong m\u0169i \u1edf tr\u1ebb. \u0110\u1ed3ng th\u1eddi, s\u1ea3n ph\u1ea9m h\u1ed7 tr\u1ee3 ng\u0103n ng\u1eeba vi khu\u1ea9n, virus x\u00e2m nh\u1eadp v\u00f9ng m\u0169i h\u1ecdng hi\u1ec7u qu\u1ea3. S\u1ea3n ph\u1ea9m l\u00e0 l\u1ef1a ch\u1ecdn ph\u00f9 h\u1ee3p, an to\u00e0n cho tr\u1ebb s\u01a1 sinh t\u1eeb 3 th\u00e1ng tu\u1ed5i tr\u1edf l\u00ean.<\/p>","protected":false},"featured_media":1852,"comment_status":"open","ping_status":"closed","template":"","meta":{"_acf_changed":false},"product_cat":[332,346],"product_tag":[],"class_list":{"0":"post-1848","1":"product","2":"type-product","3":"status-publish","4":"has-post-thumbnail","6":"product_cat-san-pham-duoc-lieu-va-san-pham-tu-duoc-lieu","7":"product_cat-vat-tu-y-te","9":"first","10":"instock","11":"shipping-taxable","12":"product-type-simple"},"acf":[],"_links":{"self":[{"href":"https:\/\/b2c.fairs.vn\/en\/wp-json\/wp\/v2\/product\/1848","targetHints":{"allow":["GET"]}}],"collection":[{"href":"https:\/\/b2c.fairs.vn\/en\/wp-json\/wp\/v2\/product"}],"about":[{"href":"https:\/\/b2c.fairs.vn\/en\/wp-json\/wp\/v2\/types\/product"}],"replies":[{"embeddable":true,"href":"https:\/\/b2c.fairs.vn\/en\/wp-json\/wp\/v2\/comments?post=1848"}],"version-history":[{"count":0,"href":"https:\/\/b2c.fairs.vn\/en\/wp-json\/wp\/v2\/product\/1848\/revisions"}],"wp:featuredmedia":[{"embeddable":true,"href":"https:\/\/b2c.fairs.vn\/en\/wp-json\/wp\/v2\/media\/1852"}],"wp:attachment":[{"href":"https:\/\/b2c.fairs.vn\/en\/wp-json\/wp\/v2\/media?parent=1848"}],"wp:term":[{"taxonomy":"product_cat","embeddable":true,"href":"https:\/\/b2c.fairs.vn\/en\/wp-json\/wp\/v2\/product_cat?post=1848"},{"taxonomy":"product_tag","embeddable":true,"href":"https:\/\/b2c.fairs.vn\/en\/wp-json\/wp\/v2\/product_tag?post=1848"}],"curies":[{"name":"wp","href":"https:\/\/api.w.org\/{rel}","templated":true}]}}