{"id":1840,"date":"2024-03-18T08:02:13","date_gmt":"2024-03-18T08:02:13","guid":{"rendered":"https:\/\/b2c.fairs.vn\/?post_type=product&#038;p=1840"},"modified":"2024-03-18T08:02:13","modified_gmt":"2024-03-18T08:02:13","slug":"bo-phe-antibec","status":"publish","type":"product","link":"https:\/\/b2c.fairs.vn\/en\/product\/bo-phe-antibec\/","title":{"rendered":"B\u1ed5 ph\u1ebf ANTIBEC"},"content":{"rendered":"<div>\n<div>\n<p><strong>B\u1ed4 PH\u1ebe &#8211; GI\u1ea2M HO &#8211; GI\u1ea2M \u0110AU H\u1eccNG<\/strong><\/p>\n<p>M\u1eadt ong: 1500mg<\/p>\n<p>Cao l\u00e1 th\u01b0\u1eddng xu\u00e2n: 1000mg<\/p>\n<p>&nbsp;<\/p>\n<p><strong>C\u00e1ch d\u00f9ng:<\/strong><\/p>\n<p>&#8211; L\u1eafc k\u0129 tr\u01b0\u1edbc khi u\u1ed1ng. C\u00f3 th\u1ec3 u\u1ed1ng nguy\u00ean ch\u1ea5t ho\u1eb7c h\u00f2a v\u1edbi n\u01b0\u1edbc \u1ea5m \u0111\u1ec3 c\u00f3 v\u1ecb ng\u1ecdt ph\u00f9 h\u1ee3p;<\/p>\n<p>&#8211; Tr\u1ebb em d\u01b0\u1edbi 2 tu\u1ed5i: Tham kh\u1ea3o \u00fd ki\u1ebfn b\u00e1c s\u1ef9 ho\u1eb7c d\u01b0\u1ee3c s\u1ef9 tr\u01b0\u1edbc khi d\u00f9ng;<\/p>\n<p>&#8211; Tr\u1ebb em t\u1eeb 2 tu\u1ed5i \u0111\u1ebfn 5 tu\u1ed5i: Ng\u00e0y u\u1ed1ng 3 l\u1ea7n, m\u1ed7i l\u1ea7n 5-10ml;<\/p>\n<p>&#8211; Tr\u1ebb t\u1eeb 6 tu\u1ed5i \u0111\u1ebfn 10 tu\u1ed5i: Ng\u00e0y u\u1ed1ng 3 l\u1ea7n, m\u1ed7i l\u1ea7n 10-15ml;<\/p>\n<p>&#8211; Tr\u1ebb em tr\u00ean 10 tu\u1ed5i v\u00e0 ng\u01b0\u1eddi l\u1edbn: Ng\u00e0y u\u1ed1ng 3 l\u1ea7n, m\u1ed7i l\u1ea7n 15-20ml.<\/p>\n<p>&nbsp;<\/p>\n<p><strong>B\u1ea3o qu\u1ea3n:<\/strong>\u00a0N\u01a1i kh\u00f4 m\u00e1t, tr\u00e1nh \u00e1nh n\u1eafng m\u1eb7t tr\u1eddi.<\/p>\n<\/div>\n<\/div>\n<div>\n<div>\n<h3 class=\"text-xl my-5 font-bold\">Th\u00f4ng s\u1ed1 k\u1ef9 thu\u1eadt<\/h3>\n<div>\n<div class=\"my-2 py-2\">Th\u00e0nh ph\u1ea7n<span class=\"mlr-1\">:<\/span><span class=\"ml-1\">100 th\u1ea3o d\u01b0\u1ee3c<\/span><\/div>\n<\/div>\n<\/div>\n<\/div>","protected":false},"excerpt":{"rendered":"<p><strong>B\u1ed4 PH\u1ebe &#8211; GI\u1ea2M HO &#8211; GI\u1ea2M \u0110AU H\u1eccNG<\/strong><\/p>\n<p>M\u1eadt ong: 1500mg<\/p>\n<p>Cao l\u00e1 th\u01b0\u1eddng xu\u00e2n: 1000mg<\/p>","protected":false},"featured_media":1841,"comment_status":"open","ping_status":"closed","template":"","meta":{"_acf_changed":false},"product_cat":[332,346],"product_tag":[],"class_list":{"0":"post-1840","1":"product","2":"type-product","3":"status-publish","4":"has-post-thumbnail","6":"product_cat-san-pham-duoc-lieu-va-san-pham-tu-duoc-lieu","7":"product_cat-vat-tu-y-te","9":"first","10":"instock","11":"shipping-taxable","12":"product-type-simple"},"acf":[],"_links":{"self":[{"href":"https:\/\/b2c.fairs.vn\/en\/wp-json\/wp\/v2\/product\/1840","targetHints":{"allow":["GET"]}}],"collection":[{"href":"https:\/\/b2c.fairs.vn\/en\/wp-json\/wp\/v2\/product"}],"about":[{"href":"https:\/\/b2c.fairs.vn\/en\/wp-json\/wp\/v2\/types\/product"}],"replies":[{"embeddable":true,"href":"https:\/\/b2c.fairs.vn\/en\/wp-json\/wp\/v2\/comments?post=1840"}],"version-history":[{"count":0,"href":"https:\/\/b2c.fairs.vn\/en\/wp-json\/wp\/v2\/product\/1840\/revisions"}],"wp:featuredmedia":[{"embeddable":true,"href":"https:\/\/b2c.fairs.vn\/en\/wp-json\/wp\/v2\/media\/1841"}],"wp:attachment":[{"href":"https:\/\/b2c.fairs.vn\/en\/wp-json\/wp\/v2\/media?parent=1840"}],"wp:term":[{"taxonomy":"product_cat","embeddable":true,"href":"https:\/\/b2c.fairs.vn\/en\/wp-json\/wp\/v2\/product_cat?post=1840"},{"taxonomy":"product_tag","embeddable":true,"href":"https:\/\/b2c.fairs.vn\/en\/wp-json\/wp\/v2\/product_tag?post=1840"}],"curies":[{"name":"wp","href":"https:\/\/api.w.org\/{rel}","templated":true}]}}