{"id":1836,"date":"2024-03-18T07:58:54","date_gmt":"2024-03-18T07:58:54","guid":{"rendered":"https:\/\/b2c.fairs.vn\/?post_type=product&#038;p=1836"},"modified":"2024-03-18T07:58:54","modified_gmt":"2024-03-18T07:58:54","slug":"dung-dich-suc-hong-hexodine","status":"publish","type":"product","link":"https:\/\/b2c.fairs.vn\/en\/product\/dung-dich-suc-hong-hexodine\/","title":{"rendered":"Dung d\u1ecbch s\u00fac h\u1ecdng HEXODINE"},"content":{"rendered":"<div>\n<div>\n<p><strong>M\u00d4 T\u1ea2 S\u1ea2N PH\u1ea8M<\/strong><\/p>\n<p><strong>N\u01b0\u1edbc S\u00fac Mi\u1ec7ng S\u00fac H\u1ecdng HEXODINE HAGO L\u00e0m S\u1ea1ch V\u00e0 Ng\u1eeba S\u00e2u R\u0103ng 250ml\u00a0<\/strong><\/p>\n<p>&#8211; Xu\u1ea5t x\u1ee9: Vi\u1ec7t Nam<\/p>\n<p>&#8211; Th\u01b0\u01a1ng hi\u1ec7u: HAGO<\/p>\n<p>&#8211; Dung t\u00edch: 250ml<\/p>\n<p><strong>1. TH\u00c0NH PH\u1ea6N:<\/strong>\u00a0Hexetidin 0.1%<\/p>\n<p>Purified water, Chi\u1ebft xu\u1ea5t tr\u1ea7u kh\u00f4ng, Sodium floride, Menthoi, Tinh d\u1ea7u b\u1ea1c h\u00e0, H\u01b0\u01a1ng li\u1ec7u, Ethanol, Prolylene Glycol, Kali sorbate&#8230;<\/p>\n<p><strong>2. C\u01a0 CH\u1ebe T\u00c1C D\u1ee4NG<\/strong><\/p>\n<p>&#8211; Hexetidine l\u00e0 ho\u1ea1t ch\u1ea5t kh.\u00e1.ng kh.u.\u1ea9n, kh.\u00e1.ng n.\u1ea5.m, kh.\u00e1.ng vir.u.s ph\u1ed5 r\u1ed9ng \u0111\u1eb7c bi\u1ec7t hi\u1ec7u qu\u1ea3 v\u00e0 an to\u00e0n \u0111\u1ed1i v\u1edbi mi\u1ec7ng h\u1ecdng. Th\u01b0\u1eddng \u0111\u01b0\u1ee3c s\u1eed d\u1ee5ng s\u00fac mi\u1ec7ng, s\u00fac h\u1ecdng ho\u1eb7c x\u1ecbt h\u1ecdng.<\/p>\n<p><strong>3. C\u00d4NG D\u1ee4NG<\/strong><\/p>\n<p>&#8211; Gi\u00fap l\u00e0m s\u1ea1ch kh.u.\u1ea9.n v\u00e0 v\u1ec7 sinh mi\u1ec7ng, h\u1ecdng<\/p>\n<p>&#8211; V\u1ec7 sinh h\u00e0ng ng\u00e0y t\u1ea1o c\u1ea3m gi\u00e1c m\u00e1t d\u1ecbu v\u00f9ng mi\u1ec7ng &#8211; L\u00e0m ch\u1eafc r\u0103ng, gi\u1ea3m m\u1ea3ng b\u00e1m tr\u00ean r\u0103ng, ng\u0103n ng\u1eeba s\u00e2u r\u0103ng<\/p>\n<p>&#8211; Gi\u00fap kh\u1eed m\u00f9i h\u00f4i mi\u1ec7ng, gi\u1eef cho h\u01a1i th\u1edf th\u01a1m m\u00e1t.<\/p>\n<p><strong>4. \u0110\u1ed0I T\u01af\u1ee2NG S\u1eec D\u1ee4NG\u00a0<\/strong><\/p>\n<p>D\u00f9ng cho nh\u1eefng tr\u01b0\u1eddng h\u1ee3p vi.\u00ea.m nhi.\u1ec5.m khu.\u1ea9.n \u1edf mi\u1ec7ng h\u1ecdng nh\u01b0:<\/p>\n<p>&#8211; Vi\u00eam h\u1ecdng, ng.\u1ee9.a r.\u00e1.t h\u1ecdng, vi\u00eam amidan, \u0111au h\u1ecdng khi nu\u1ed1t n\u01b0\u1edbc b\u1ecdt<\/p>\n<p>&#8211; D\u00f9ng cho tr\u01b0\u1eddng h\u1ee3p nhi\u1ec7t mi\u1ec7ng, vi\u00eam lo\u00e9t mi\u1ec7ng, vi\u00eam l\u1ee3i, lo\u00e9t apt\u01a1, nhi.\u1ec5.m n\u1ea5m candida, c\u1ea3m v\u00e0 c\u00fam<\/p>\n<p>&#8211; D\u00f9ng d\u1ef1 ph\u00f2ng trong v\u00e0 sau khi ph\u1eab.u thu.\u1eadt (tr\u01b0\u1eddng h\u1ee3p c\u1eaft amydan, sau th\u1ee7 thu\u1eadt nha khoa<\/p>\n<p>&#8211; D\u00f9ng d\u1ef1 ph\u00f2ng vi.\u00ea.m l.o.\u00e9t mi\u1ec7ng S\u1ea3n ph\u1ea9m s\u00fac h\u1ecdng, s\u00fac mi\u1ec7ng d\u00f9ng thay th\u1ebf c\u00e1c s\u1ea3n ph\u1ea9m c\u00f3 ch\u1ee9a iod, ho\u1eb7c povidon<\/p>\n<p>&#8211; D\u00f9ng th\u01b0\u1eddng k\u1ef3 \u0111\u1ec3 v\u1ec7 sinh khoang mi\u1ec7ng v\u00e0 h\u1ecdng<\/p>\n<p>&#8211; An to\u00e0n cho ph\u1ee5 n\u1eef mang thai.<\/p>\n<p><strong>5. H\u01af\u1edaNG D\u1eaaN S\u1eec D\u1ee4NG\u00a0<\/strong><\/p>\n<p>&#8211; \u0110\u1ec3 d\u1ef1 ph\u00f2ng: M\u1ed7i l\u1ea7n 15-30ml, d\u00f9ng \u0111\u1ec3 s\u00fac h\u1ecdng, s\u00fac mi\u1ec7ng trong \u00edt nh\u1ea5t 30s<\/p>\n<p>&#8211; Khi c\u00f3 t\u1ed5n th\u01b0\u01a1ng, ng\u1ee9a r\u00e1t h\u1ecdng: d\u00f9ng 15-30 ml, kh\u00f4ng pha lo\u00e3ng, s\u00fac h\u1ecdng s\u00fac mi\u1ec7ng t\u1ed1i thi\u1ec3u trong 2 ph\u00fat. D\u00f9ng 3-5 l\u1ea7n \/ng\u00e0y<\/p>\n<p>L\u01b0u \u00fd: Kh\u00f4ng \u0111\u01b0\u1ee3c u\u1ed1ng tr\u1ef1c ti\u1ebfp. \u0110\u1ec3 xa t\u1ea7m tay tr\u1ebb em<\/p>\n<\/div>\n<\/div>\n<div>\n<div>\n<h3 class=\"text-xl my-5 font-bold\">Th\u00f4ng s\u1ed1 k\u1ef9 thu\u1eadt<\/h3>\n<div>\n<div class=\"my-2 py-2\">Hexetidin<span class=\"mlr-1\">:<\/span><span class=\"ml-1\">0.1%<\/span><\/div>\n<div class=\"my-2 py-2\">Dung t\u00edch<span class=\"mlr-1\">:<\/span><span class=\"ml-1\">250ml<\/span><\/div>\n<div class=\"my-2 py-2\">Xu\u1ea5t x\u1ee9<span class=\"mlr-1\">:<\/span><span class=\"ml-1\">Vi\u1ec7t Nam<\/span><\/div>\n<\/div>\n<\/div>\n<\/div>","protected":false},"excerpt":{"rendered":"<p><strong>N\u01b0\u1edbc S\u00fac Mi\u1ec7ng S\u00fac H\u1ecdng HEXODINE HAGO L\u00e0m S\u1ea1ch V\u00e0 Ng\u1eeba S\u00e2u R\u0103ng 250ml\u00a0<\/strong><\/p>\n<p>&#8211; Xu\u1ea5t x\u1ee9: Vi\u1ec7t Nam<\/p>\n<p>&#8211; Th\u01b0\u01a1ng hi\u1ec7u: HAGO<\/p>\n<p>&#8211; Dung t\u00edch: 250ml<\/p>","protected":false},"featured_media":1837,"comment_status":"open","ping_status":"closed","template":"","meta":{"_acf_changed":false},"product_cat":[332,346],"product_tag":[],"class_list":{"0":"post-1836","1":"product","2":"type-product","3":"status-publish","4":"has-post-thumbnail","6":"product_cat-san-pham-duoc-lieu-va-san-pham-tu-duoc-lieu","7":"product_cat-vat-tu-y-te","9":"first","10":"instock","11":"shipping-taxable","12":"purchasable","13":"product-type-simple"},"acf":[],"_links":{"self":[{"href":"https:\/\/b2c.fairs.vn\/en\/wp-json\/wp\/v2\/product\/1836","targetHints":{"allow":["GET"]}}],"collection":[{"href":"https:\/\/b2c.fairs.vn\/en\/wp-json\/wp\/v2\/product"}],"about":[{"href":"https:\/\/b2c.fairs.vn\/en\/wp-json\/wp\/v2\/types\/product"}],"replies":[{"embeddable":true,"href":"https:\/\/b2c.fairs.vn\/en\/wp-json\/wp\/v2\/comments?post=1836"}],"version-history":[{"count":0,"href":"https:\/\/b2c.fairs.vn\/en\/wp-json\/wp\/v2\/product\/1836\/revisions"}],"wp:featuredmedia":[{"embeddable":true,"href":"https:\/\/b2c.fairs.vn\/en\/wp-json\/wp\/v2\/media\/1837"}],"wp:attachment":[{"href":"https:\/\/b2c.fairs.vn\/en\/wp-json\/wp\/v2\/media?parent=1836"}],"wp:term":[{"taxonomy":"product_cat","embeddable":true,"href":"https:\/\/b2c.fairs.vn\/en\/wp-json\/wp\/v2\/product_cat?post=1836"},{"taxonomy":"product_tag","embeddable":true,"href":"https:\/\/b2c.fairs.vn\/en\/wp-json\/wp\/v2\/product_tag?post=1836"}],"curies":[{"name":"wp","href":"https:\/\/api.w.org\/{rel}","templated":true}]}}