{"id":18300,"date":"2024-05-15T10:14:33","date_gmt":"2024-05-15T03:14:33","guid":{"rendered":"https:\/\/b2c.fairs.vn\/?post_type=product&#038;p=18300"},"modified":"2024-05-15T10:18:54","modified_gmt":"2024-05-15T03:18:54","slug":"18300","status":"publish","type":"product","link":"https:\/\/b2c.fairs.vn\/en\/product\/18300\/","title":{"rendered":"B\u1ed9t c\u1ea7n t\u00e2y s\u1ea5y l\u1ea1nh Tu\u1ec7 T\u00e2m"},"content":{"rendered":"<p>\u0110\u00e1nh tan n\u1ed7i lo \u1edf nh\u00e0 t\u00edch m\u1ee1,detox, thanh l\u1ecdc, gi\u00fap l\u00e0n da m\u1ecbn m\u00e0ng h\u01a1n,b\u1ed5 sung ch\u1ea5t x\u01a1, vitamin, kho\u00e1ng ch\u1ea5t htr\u1ee3 t\u0103ng c\u01b0\u1eddng s\u1ee9c \u0111\u1ec1 kh\u00e1ng, th\u1ea3i \u0111\u1ed9c \u0111\u1ec3 h\u1ea1n ch\u1ebf t\u00e1c d\u1ee5ng ph\u1ee5 b\u1eb1ng c\u00e1ch cung c\u1ea5p Vitamin, kho\u00e1ng ch\u1ea5t t\u1eeb c\u1ea7n t\u00e2y, h\u1ed7 tr\u1ee3 ti\u00eau h\u00f3a &#8230;<\/p>","protected":false},"excerpt":{"rendered":"<p>\u0110\u00e1nh tan n\u1ed7i lo \u1edf nh\u00e0 t\u00edch m\u1ee1,detox, thanh l\u1ecdc, gi\u00fap l\u00e0n da m\u1ecbn m\u00e0ng h\u01a1n,b\u1ed5 sung ch\u1ea5t x\u01a1, vitamin, kho\u00e1ng ch\u1ea5t htr\u1ee3 t\u0103ng c\u01b0\u1eddng s\u1ee9c \u0111\u1ec1 kh\u00e1ng, th\u1ea3i \u0111\u1ed9c \u0111\u1ec3 h\u1ea1n ch\u1ebf t\u00e1c d\u1ee5ng ph\u1ee5 b\u1eb1ng c\u00e1ch cung c\u1ea5p Vitamin, kho\u00e1ng ch\u1ea5t t\u1eeb c\u1ea7n t\u00e2y, h\u1ed7 tr\u1ee3 ti\u00eau h\u00f3a &#8230;<\/p>","protected":false},"featured_media":18301,"comment_status":"closed","ping_status":"closed","template":"","meta":{"_acf_changed":false},"product_cat":[332,333],"product_tag":[],"class_list":{"0":"post-18300","1":"product","2":"type-product","3":"status-publish","4":"has-post-thumbnail","6":"product_cat-san-pham-duoc-lieu-va-san-pham-tu-duoc-lieu","7":"product_cat-thuc-pham-chuc-nang-thuoc-duoc-lieu-thuoc-y-hoc-co-truyen","9":"first","10":"instock","11":"shipping-taxable","12":"purchasable","13":"product-type-simple"},"acf":[],"_links":{"self":[{"href":"https:\/\/b2c.fairs.vn\/en\/wp-json\/wp\/v2\/product\/18300","targetHints":{"allow":["GET"]}}],"collection":[{"href":"https:\/\/b2c.fairs.vn\/en\/wp-json\/wp\/v2\/product"}],"about":[{"href":"https:\/\/b2c.fairs.vn\/en\/wp-json\/wp\/v2\/types\/product"}],"replies":[{"embeddable":true,"href":"https:\/\/b2c.fairs.vn\/en\/wp-json\/wp\/v2\/comments?post=18300"}],"version-history":[{"count":0,"href":"https:\/\/b2c.fairs.vn\/en\/wp-json\/wp\/v2\/product\/18300\/revisions"}],"wp:featuredmedia":[{"embeddable":true,"href":"https:\/\/b2c.fairs.vn\/en\/wp-json\/wp\/v2\/media\/18301"}],"wp:attachment":[{"href":"https:\/\/b2c.fairs.vn\/en\/wp-json\/wp\/v2\/media?parent=18300"}],"wp:term":[{"taxonomy":"product_cat","embeddable":true,"href":"https:\/\/b2c.fairs.vn\/en\/wp-json\/wp\/v2\/product_cat?post=18300"},{"taxonomy":"product_tag","embeddable":true,"href":"https:\/\/b2c.fairs.vn\/en\/wp-json\/wp\/v2\/product_tag?post=18300"}],"curies":[{"name":"wp","href":"https:\/\/api.w.org\/{rel}","templated":true}]}}