{"id":1830,"date":"2024-03-18T08:01:16","date_gmt":"2024-03-18T08:01:16","guid":{"rendered":"https:\/\/b2c.fairs.vn\/?post_type=product&#038;p=1830"},"modified":"2024-04-19T11:24:26","modified_gmt":"2024-04-19T04:24:26","slug":"tra-hoa-vang-vu-gia-tui-loc","status":"publish","type":"product","link":"https:\/\/b2c.fairs.vn\/en\/product\/tra-hoa-vang-vu-gia-tui-loc\/","title":{"rendered":"Tr\u00e0 hoa v\u00e0ng V\u0169 Gia t\u00fai l\u1ecdc"},"content":{"rendered":"<p><strong>Th\u00e0nh ph\u1ea7n<\/strong>: 90% l\u00e1 tr\u00e0 hoa v\u00e0ng, 8% hoa v\u00e0 2%c\u1ecf ng\u1ecdt Stevia<\/p>\n<p><strong>Quy tr\u00ecnh s\u1ea3n xu\u1ea5t<\/strong>: L\u00e1 thu h\u00e1i v\u00e0 r\u1eeda s\u1ea1ch, s\u1ea5y kh\u00f4 b\u1eb1ng c\u00f4ng ngh\u1ec7 s\u1ea5y b\u01a1m nhi\u1ec7t \u1edf nhi\u1ec7t \u0111\u1ed9 d\u01b0\u1edbi 65 \u0111\u1ed9 C. L\u00e1 tr\u00e0 hoa v\u00e0ng kh\u00f4 \u0111\u01b0\u1ee3c nghi\u1ec1n v\u00e0 ph\u1ed1i tr\u1ed9n v\u1edbi hoa tr\u00e0 hoa v\u00e0ng c\u00f9ng l\u00e1 c\u1ecf ng\u1ecdt Stevia tr\u01b0\u1edbc khi \u0111\u01b0a v\u00e0o \u0111\u00f3ng g\u00f3i t\u00fai l\u1ecdc.<\/p>\n<p><strong>Ch\u1ea5t l\u01b0\u1ee3ng<\/strong>: V\u00f9ng nguy\u00ean li\u1ec7u thu h\u00e1i \u0111\u01b0\u1ee3c B\u1ed9 Y t\u1ebf ch\u1ee9ng nh\u1eadn \u0111\u1ea1t ti\u00eau chu\u1ea9n Th\u1ef1c h\u00e0nh t\u1ed1t theo khuy\u1ebfn c\u00e1o c\u1ee7a T\u1ed5 ch\u1ee9c Y t\u1ebf th\u1ebf gi\u1edbi GACP-WHO. C\u00e2y tr\u00e0 hoa v\u00e0ng \u0111\u01b0\u1ee3c ch\u0103m s\u00f3c\u00a0KH\u00d4NG: Thu\u1ed1c tr\u1eeb s\u00e2u ho\u00e1 h\u1ecdc-K\u00edch th\u00edch sinh tr\u01b0\u1edfng-Bi\u1ebfn \u0111\u1ed5i gen-Thu\u1ed1c tr\u1eeb c\u1ecf-Ph\u00e2n b\u00f3n ho\u00e1 h\u1ecdc. Qu\u00e1 tr\u00ecnh s\u1ea5y ch\u1ebf bi\u1ebfn KH\u00d4NG s\u1eed d\u1ee5ng: Ch\u1ea5t b\u1ea3o qu\u1ea3n-Ch\u1ea5t t\u1ea1o m\u00e0u-Ch\u1ea5t t\u1ea1o h\u01b0\u01a1ng li\u1ec7u.<\/p>\n<p>Canh t\u00e1c theo ti\u00eau chu\u1ea9n h\u1eefu c\u01a1, \u1ee9ng d\u1ee5ng c\u00f4ng ngh\u1ec7 vi v\u1eadt v\u1eadt h\u1eefu hi\u1ec7u EM c\u00f9ng n\u1ea5m \u0111\u1ed1i kh\u00e1ng v\u00e0 vi sinh kh\u00e1ng n\u1ea5m trong h\u1ea1n ch\u1ebf m\u1ee9c \u0111\u1ed9 g\u00e2y h\u1ea1i c\u1ee7a s\u00e2u b\u1ec7nh; s\u1eed d\u1ee5ng c\u00e1c lo\u1ea1i ph\u00e2n \u1ee7 vi sinh g\u1ed3m ph\u00e2n b\u00f2, \u0111\u1eadu t\u01b0\u01a1ng, c\u00e1.<\/p>\n<p><i><strong>Theo \u201cCamellia international Journal\u201d (t\u1ea1p ch\u00ed chuy\u00ean nghi\u00ean c\u1ee9u v\u1ec1 ch\u00e8 hoa v\u00e0ng c\u1ee7a th\u1ebf gi\u1edbi):<\/strong><\/i><\/p>\n<ul>\n<li>H\u00e0m l\u01b0\u1ee3ng ch\u1ea5t ch\u1ed1ng OXH (ch\u1ed1ng l\u00e3o ho\u00e1) r\u1ea5t cao<\/li>\n<li>H\u1ed7 tr\u1ee3 \u0111i\u1ec1u ch\u1ec9nh huy\u1ebft \u00e1p<\/li>\n<li>Gi\u00fap ng\u1ee7 ngon, s\u00e2u gi\u1ea5c<\/li>\n<li>L\u1ee3i ti\u1ec3u, gi\u1ea3m ti\u1ec3u \u0111\u00eam, h\u1ed7 tr\u1ee3 t\u1ed1t cho gan v\u00e0 th\u1eadn.<\/li>\n<li>C\u00e1c h\u1ee3p ch\u1ea5t c\u1ee7a ch\u00e8 hoa v\u00e0ng c\u00f3 kh\u1ea3 n\u0103ng ki\u1ec1m ch\u1ebf s\u1ef1 sinh tr\u01b0\u1edfng c\u1ee7a c\u00e1c kh\u1ed1i u \u0111\u1ebfn 33,8% trong khi ch\u1ec9 c\u1ea7n \u0111\u1ea1t \u0111\u1ebfn ng\u01b0\u1ee1ng 30% \u0111\u00e3 c\u00f3 th\u1ec3 xem l\u00e0 th\u00e0nh c\u00f4ng trong \u0111i\u1ec1u tr\u1ecb ung th\u01b0; gi\u00fap gi\u1ea3m \u0111\u1ebfn 35% h\u00e0m l\u01b0\u1ee3ng cholesterol trong m\u00e1u, trong khi d\u00f9ng c\u00e1c lo\u1ea1i thu\u1ed1c kh\u00e1c th\u00ec m\u1ee9c \u0111\u1ed9 gi\u1ea3m ch\u1ec9 l\u00e0 33,2%;<\/li>\n<li>Gi\u1ea3m tri\u1ec7u ch\u1ee9ng x\u01a1 v\u1eefa \u0111\u1ed9ng m\u1ea1ch do m\u00e1u nhi\u1ec5m m\u1ee1, \u0111i\u1ec1u h\u00f2a huy\u1ebft \u00e1p, h\u1ea1 \u0111\u01b0\u1eddng huy\u1ebft; ch\u1eefa ki\u1ebft l\u1ef5, \u0111\u1ea1i ti\u1ec7n ra m\u00e1u;<\/li>\n<li>Trong l\u00e1 ch\u00e8 c\u00f3 nh\u1eefng ho\u1ea1t ch\u1ea5t l\u00e0m gi\u1ea3m t\u1ed5ng h\u00e0m l\u01b0\u1ee3ng lipit trong huy\u1ebft thanh m\u00e1u, gi\u1ea3m l\u01b0\u1ee3ng cholesterol m\u1eadt \u0111\u1ed9 th\u1ea5p (cholesterol x\u1ea5u) v\u00e0 t\u0103ng l\u01b0\u1ee3ng cholesterol m\u1eadt \u0111\u1ed9 cao (cholesterol t\u1ed1t); h\u1ea1 huy\u1ebft \u00e1p v\u00e0 t\u00e1c d\u1ee5ng \u0111\u01b0\u1ee3c duy tr\u00ec trong th\u1eddi gian t\u01b0\u01a1ng \u0111\u1ed1i d\u00e0i;<\/li>\n<li>\u1ee8c ch\u1ebf s\u1ef1 t\u1ee5 t\u1eadp c\u1ee7a ti\u1ec3u c\u1ea7u, ch\u1ed1ng s\u1ef1 h\u00ecnh th\u00e0nh huy\u1ebft kh\u1ed1i g\u00e2y t\u1eafc ngh\u1ebdn m\u1ea1ch m\u00e1u;<\/li>\n<li>Ph\u00f2ng ng\u1eeba ung th\u01b0 v\u00e0 \u1ee9c ch\u1ebf s\u1ef1 ph\u00e1t tri\u1ec3n c\u1ee7a c\u00e1c kh\u1ed1i u kh\u00e1c; H\u01b0ng ph\u1ea5n th\u1ea7n kinh; L\u1ee3i ti\u1ec3u m\u1ea1nh; Gi\u1ea3i \u0111\u1ed9c gan v\u00e0 th\u1eadn, ng\u0103n ng\u1eeba x\u01a1 v\u1eefa \u0111\u1ed9ng m\u1ea1nh m\u00e1u; \u1ee8c ch\u1ebf v\u00e0 ti\u00eau di\u1ec7t vi khu\u1ea9n;<\/li>\n<li>Ch\u1ed1ng vi\u00eam, ch\u1ed1ng d\u1ecb \u1ee9ng v\u00e0 duy tr\u00ec tr\u1ea1ng th\u00e1i b\u00ecnh th\u01b0\u1eddng c\u1ee7a tuy\u1ebfn gi\u00e1p.<\/li>\n<\/ul>\n<p><strong>Ch\u1ee9ng nh\u1eadn ch\u1ea5t l\u01b0\u1ee3ng<\/strong>: ch\u1ee9ng nh\u1eadn HACCP b\u1edfi Quacert, v\u00f9ng tr\u1ed3ng \u0111\u1ea1t ti\u00eau chu\u1ea9n GACP-WHO; Tr\u00e0 hoa v\u00e0ng l\u00e0 s\u1ea3n ph\u1ea9m OCOP t\u1ec9nh Ninh B\u00ecnh, s\u1ea3n ph\u1ea9m C\u00f4ng nghi\u1ec7p n\u00f4ng th\u00f4n ti\u00eau bi\u1ec3u xu\u1ea5t s\u1eafc t\u1ec9nh Ninh B\u00ecnh 2021 v\u00e0 Khu v\u1ef1c ph\u00eda B\u1eafc 2022.<\/p>\n<p><strong>HDSD<\/strong>: d\u00f9ng 01 g\u00f3i v\u1edbi 250-300ml n\u01b0\u1edbc s\u00f4i, r\u00f3t t\u1eeb t\u1eeb \u0111\u1ec3 t\u00fai l\u1ecdc ng\u1ea5m n\u01b0\u1edbc r\u1ed3i r\u00f3t \u0111\u1ee7 l\u01b0\u1ee3ng. D\u00f9ng sau 3-5 ph\u00fat. C\u00f3 th\u1ec3 s\u1eed d\u1ee5ng k\u1ebft h\u1ee3p th\u00eam b\u00f4ng tr\u00e0 hoa v\u00e0ng ho\u1eb7c t\u00e1o \u0111\u1ecf, k\u1ef3 t\u1eed ho\u1eb7c ch\u00fat m\u1eadt ong, ho\u1eb7c h\u1ed3ng tr\u00e0 hay tr\u00e0 th\u1ea3o m\u1ed9c kh\u00e1c \u0111\u1ec3 t\u0103ng v\u1ecb ngon cho tr\u00e0.<\/p>\n<p><strong>\u0110\u00f3ng g\u00f3i<\/strong>: 20 g\u00f3i\/h\u1ed9p<\/p>\n<p><strong>B\u1ea3o qu\u1ea3n<\/strong>: k\u00edn, n\u01a1i kh\u00f4 tho\u00e1ng.<\/p>\n<p><img fetchpriority=\"high\" decoding=\"async\" class=\"alignnone size-medium wp-image-1832\" src=\"http:\/\/b2c.fairs.vn\/wp-content\/uploads\/2024\/03\/41-259x300.jpg\" alt=\"\" width=\"259\" height=\"300\" srcset=\"https:\/\/b2c.fairs.vn\/wp-content\/uploads\/2024\/03\/41-259x300.jpg 259w, https:\/\/b2c.fairs.vn\/wp-content\/uploads\/2024\/03\/41-scaled-150x174.jpg 150w, https:\/\/b2c.fairs.vn\/wp-content\/uploads\/2024\/03\/41-scaled-1200x1392.jpg 1200w, https:\/\/b2c.fairs.vn\/wp-content\/uploads\/2024\/03\/41-883x1024.jpg 883w, https:\/\/b2c.fairs.vn\/wp-content\/uploads\/2024\/03\/41-768x891.jpg 768w, https:\/\/b2c.fairs.vn\/wp-content\/uploads\/2024\/03\/41-1324x1536.jpg 1324w, https:\/\/b2c.fairs.vn\/wp-content\/uploads\/2024\/03\/41-1765x2048.jpg 1765w, https:\/\/b2c.fairs.vn\/wp-content\/uploads\/2024\/03\/41-1320x1531.jpg 1320w\" sizes=\"(max-width: 259px) 100vw, 259px\" \/> <img decoding=\"async\" class=\"alignnone size-medium wp-image-1833\" src=\"http:\/\/b2c.fairs.vn\/wp-content\/uploads\/2024\/03\/42-300x225.jpg\" alt=\"\" width=\"300\" height=\"225\" srcset=\"https:\/\/b2c.fairs.vn\/wp-content\/uploads\/2024\/03\/42-300x225.jpg 300w, https:\/\/b2c.fairs.vn\/wp-content\/uploads\/2024\/03\/42-scaled-150x113.jpg 150w, https:\/\/b2c.fairs.vn\/wp-content\/uploads\/2024\/03\/42-scaled-1200x900.jpg 1200w, https:\/\/b2c.fairs.vn\/wp-content\/uploads\/2024\/03\/42-1024x768.jpg 1024w, https:\/\/b2c.fairs.vn\/wp-content\/uploads\/2024\/03\/42-768x576.jpg 768w, https:\/\/b2c.fairs.vn\/wp-content\/uploads\/2024\/03\/42-1536x1152.jpg 1536w, https:\/\/b2c.fairs.vn\/wp-content\/uploads\/2024\/03\/42-2048x1536.jpg 2048w, https:\/\/b2c.fairs.vn\/wp-content\/uploads\/2024\/03\/42-1320x990.jpg 1320w\" sizes=\"(max-width: 300px) 100vw, 300px\" \/> <img decoding=\"async\" class=\"alignnone size-medium wp-image-1834\" src=\"http:\/\/b2c.fairs.vn\/wp-content\/uploads\/2024\/03\/43-300x225.jpg\" alt=\"\" width=\"300\" height=\"225\" srcset=\"https:\/\/b2c.fairs.vn\/wp-content\/uploads\/2024\/03\/43-300x225.jpg 300w, https:\/\/b2c.fairs.vn\/wp-content\/uploads\/2024\/03\/43-scaled-150x113.jpg 150w, https:\/\/b2c.fairs.vn\/wp-content\/uploads\/2024\/03\/43-scaled-1200x900.jpg 1200w, https:\/\/b2c.fairs.vn\/wp-content\/uploads\/2024\/03\/43-1024x768.jpg 1024w, https:\/\/b2c.fairs.vn\/wp-content\/uploads\/2024\/03\/43-768x576.jpg 768w, https:\/\/b2c.fairs.vn\/wp-content\/uploads\/2024\/03\/43-1536x1152.jpg 1536w, https:\/\/b2c.fairs.vn\/wp-content\/uploads\/2024\/03\/43-2048x1536.jpg 2048w, https:\/\/b2c.fairs.vn\/wp-content\/uploads\/2024\/03\/43-1320x990.jpg 1320w\" sizes=\"(max-width: 300px) 100vw, 300px\" \/><\/p>","protected":false},"excerpt":{"rendered":"<p>Th\u00e0nh ph\u1ea7n: 90% l\u00e1 tr\u00e0 hoa v\u00e0ng, 8% hoa v\u00e0 2%c\u1ecf ng\u1ecdt Stevia Quy tr\u00ecnh s\u1ea3n xu\u1ea5t: L\u00e1 thu h\u00e1i<\/p>","protected":false},"featured_media":1834,"comment_status":"open","ping_status":"closed","template":"","meta":{"_acf_changed":false},"product_cat":[321,366,367,22,323],"product_tag":[],"class_list":{"0":"post-1830","1":"product","2":"type-product","3":"status-publish","4":"has-post-thumbnail","6":"product_cat-che","7":"product_cat-hang-cnnt-cap-qg","8":"product_cat-hang-cnnt-cap-qg-2023","9":"product_cat-sanphamthucpham","10":"product_cat-san-pham-tra-tu-thuc-vat-khac","12":"first","13":"instock","14":"featured","15":"shipping-taxable","16":"purchasable","17":"product-type-simple"},"acf":[],"_links":{"self":[{"href":"https:\/\/b2c.fairs.vn\/en\/wp-json\/wp\/v2\/product\/1830","targetHints":{"allow":["GET"]}}],"collection":[{"href":"https:\/\/b2c.fairs.vn\/en\/wp-json\/wp\/v2\/product"}],"about":[{"href":"https:\/\/b2c.fairs.vn\/en\/wp-json\/wp\/v2\/types\/product"}],"replies":[{"embeddable":true,"href":"https:\/\/b2c.fairs.vn\/en\/wp-json\/wp\/v2\/comments?post=1830"}],"version-history":[{"count":0,"href":"https:\/\/b2c.fairs.vn\/en\/wp-json\/wp\/v2\/product\/1830\/revisions"}],"wp:featuredmedia":[{"embeddable":true,"href":"https:\/\/b2c.fairs.vn\/en\/wp-json\/wp\/v2\/media\/1834"}],"wp:attachment":[{"href":"https:\/\/b2c.fairs.vn\/en\/wp-json\/wp\/v2\/media?parent=1830"}],"wp:term":[{"taxonomy":"product_cat","embeddable":true,"href":"https:\/\/b2c.fairs.vn\/en\/wp-json\/wp\/v2\/product_cat?post=1830"},{"taxonomy":"product_tag","embeddable":true,"href":"https:\/\/b2c.fairs.vn\/en\/wp-json\/wp\/v2\/product_tag?post=1830"}],"curies":[{"name":"wp","href":"https:\/\/api.w.org\/{rel}","templated":true}]}}