{"id":18294,"date":"2024-05-15T09:51:13","date_gmt":"2024-05-15T02:51:13","guid":{"rendered":"https:\/\/b2c.fairs.vn\/?post_type=product&#038;p=18294"},"modified":"2024-05-15T09:51:13","modified_gmt":"2024-05-15T02:51:13","slug":"bot-tia-to-tue-tam","status":"publish","type":"product","link":"https:\/\/b2c.fairs.vn\/en\/product\/bot-tia-to-tue-tam\/","title":{"rendered":"B\u1ed9t t\u00eda t\u00f4 Tu\u1ec7 T\u00e2m"},"content":{"rendered":"<p>B\u1ed9t c\u00e2y t\u00eda t\u00f4 c\u00f3 kh\u1ea3 n\u0103ng c\u1ea3i thi\u1ec7n ng\u1ed9 \u0111\u1ed9c th\u1ef1c ph\u1ea9m, g\u00fat, x\u01b0\u01a1ng kh\u1edbp, c\u00fam v\u00e0 virus \u0111\u01b0\u1eddng h\u00f4 h\u1ea5p, hen suy\u1ec5n, ti\u1ec3u \u0111\u01b0\u1eddng v\u00e0 b\u1ec7nh tim. c\u00e1c \u0111\u1eb7c t\u00ednh b\u1ea3o v\u1ec7 tim m\u1ea1ch, b\u1ea3o v\u1ec7 th\u1ea7n kinh v\u00e0 ch\u1ed1ng tr\u1ea7m c\u1ea3m.<\/p>","protected":false},"excerpt":{"rendered":"<p>B\u1ed9t c\u00e2y t\u00eda t\u00f4 c\u00f3 kh\u1ea3 n\u0103ng c\u1ea3i thi\u1ec7n ng\u1ed9 \u0111\u1ed9c th\u1ef1c ph\u1ea9m, g\u00fat, x\u01b0\u01a1ng kh\u1edbp, c\u00fam v\u00e0 virus \u0111\u01b0\u1eddng h\u00f4 h\u1ea5p, hen suy\u1ec5n, ti\u1ec3u \u0111\u01b0\u1eddng v\u00e0 b\u1ec7nh tim. c\u00e1c \u0111\u1eb7c t\u00ednh b\u1ea3o v\u1ec7 tim m\u1ea1ch, b\u1ea3o v\u1ec7 th\u1ea7n kinh v\u00e0 ch\u1ed1ng tr\u1ea7m c\u1ea3m.<\/p>","protected":false},"featured_media":18295,"comment_status":"closed","ping_status":"closed","template":"","meta":{"_acf_changed":false},"product_cat":[332,333],"product_tag":[],"class_list":{"0":"post-18294","1":"product","2":"type-product","3":"status-publish","4":"has-post-thumbnail","6":"product_cat-san-pham-duoc-lieu-va-san-pham-tu-duoc-lieu","7":"product_cat-thuc-pham-chuc-nang-thuoc-duoc-lieu-thuoc-y-hoc-co-truyen","9":"first","10":"instock","11":"shipping-taxable","12":"purchasable","13":"product-type-simple"},"acf":[],"_links":{"self":[{"href":"https:\/\/b2c.fairs.vn\/en\/wp-json\/wp\/v2\/product\/18294","targetHints":{"allow":["GET"]}}],"collection":[{"href":"https:\/\/b2c.fairs.vn\/en\/wp-json\/wp\/v2\/product"}],"about":[{"href":"https:\/\/b2c.fairs.vn\/en\/wp-json\/wp\/v2\/types\/product"}],"replies":[{"embeddable":true,"href":"https:\/\/b2c.fairs.vn\/en\/wp-json\/wp\/v2\/comments?post=18294"}],"version-history":[{"count":0,"href":"https:\/\/b2c.fairs.vn\/en\/wp-json\/wp\/v2\/product\/18294\/revisions"}],"wp:featuredmedia":[{"embeddable":true,"href":"https:\/\/b2c.fairs.vn\/en\/wp-json\/wp\/v2\/media\/18295"}],"wp:attachment":[{"href":"https:\/\/b2c.fairs.vn\/en\/wp-json\/wp\/v2\/media?parent=18294"}],"wp:term":[{"taxonomy":"product_cat","embeddable":true,"href":"https:\/\/b2c.fairs.vn\/en\/wp-json\/wp\/v2\/product_cat?post=18294"},{"taxonomy":"product_tag","embeddable":true,"href":"https:\/\/b2c.fairs.vn\/en\/wp-json\/wp\/v2\/product_tag?post=18294"}],"curies":[{"name":"wp","href":"https:\/\/api.w.org\/{rel}","templated":true}]}}