{"id":18290,"date":"2024-05-15T09:45:57","date_gmt":"2024-05-15T02:45:57","guid":{"rendered":"https:\/\/b2c.fairs.vn\/?post_type=product&#038;p=18290"},"modified":"2024-05-15T09:45:58","modified_gmt":"2024-05-15T02:45:58","slug":"tinh-bot-nghe-tue-tam","status":"publish","type":"product","link":"https:\/\/b2c.fairs.vn\/en\/product\/tinh-bot-nghe-tue-tam\/","title":{"rendered":"Tinh b\u1ed9t ngh\u1ec7 Tu\u1ec7 T\u00e2m"},"content":{"rendered":"<div class=\"xdj266r x11i5rnm xat24cr x1mh8g0r x1vvkbs x126k92a\">\n<div dir=\"auto\">Tinh b\u1ed9t ngh\u1ec7 tinh khi\u1ebft kh\u00f4ng ch\u1ec9 l\u00e0 m\u1ed9t si\u00eau th\u1ef1c ph\u1ea9m, m\u00e0 c\u00f2n l\u00e0 ngu\u1ed3n cung c\u1ea5p l\u00e2u d\u00e0i cho s\u1ee9c kh\u1ecfe v\u00e0 s\u1eafc \u0111\u1eb9p t\u1ef1 nhi\u00ean. V\u1edbi c\u00f4ng d\u1ee5ng ch\u1ed1ng vi khu\u1ea9n, vi r\u00fat v\u00e0 vi\u00eam m\u1ea1nh m\u1ebd, tinh b\u1ed9t ngh\u1ec7 tinh khi\u1ebft gi\u00fap c\u01a1 th\u1ec3 b\u1ea1n lu\u00f4n \u1ed5n \u0111\u1ecbnh v\u00e0 kh\u1ecfe m\u1ea1nh.<\/div>\n<\/div>\n<div class=\"x11i5rnm xat24cr x1mh8g0r x1vvkbs xtlvy1s x126k92a\">\n<div dir=\"auto\"><span class=\"x3nfvp2 x1j61x8r x1fcty0u xdj266r xhhsvwb xat24cr xgzva0m xxymvpz xlup9mm x1kky2od\"><img decoding=\"async\" class=\"xz74otr\" src=\"https:\/\/static.xx.fbcdn.net\/images\/emoji.php\/v9\/ted\/1\/16\/1f379.png\" alt=\"\ud83c\udf79\" width=\"16\" height=\"16\" \/><\/span> Kh\u00f4ng ch\u1ec9 d\u1eebng l\u1ea1i \u1edf \u0111\u00f3,\ud835\uddd6\ud835\ude02\ud835\uddff\ud835\uddf0\ud835\ude02\ud835\uddfa\ud835\uddf6\ud835\uddfb &#8211; th\u00e0nh ph\u1ea7n ch\u00ednh trong tinh b\u1ed9t ngh\u1ec7, c\u00f2n l\u00e0 m\u1ed9t ph\u01b0\u01a1ng ti\u1ec7n hi\u1ec7u qu\u1ea3 \u0111\u1ec3 l\u00e0m d\u1ecbu v\u00e0 t\u00e1i t\u1ea1o l\u00e0n da. T\u1ef1 tin t\u1ecfa s\u00e1ng v\u1edbi l\u00e0n da tr\u1ebb trung v\u00e0 s\u1ee9c kh\u1ecfe t\u1ed1t nh\u1ea5t t\u1eeb b\u00ean trong ra ngo\u00e0i <span class=\"x3nfvp2 x1j61x8r x1fcty0u xdj266r xhhsvwb xat24cr xgzva0m xxymvpz xlup9mm x1kky2od\"><img decoding=\"async\" class=\"xz74otr\" src=\"https:\/\/static.xx.fbcdn.net\/images\/emoji.php\/v9\/tea\/1\/16\/1f970.png\" alt=\"\ud83e\udd70\" width=\"16\" height=\"16\" \/><\/span><\/div>\n<\/div>","protected":false},"excerpt":{"rendered":"<div class=\"xdj266r x11i5rnm xat24cr x1mh8g0r x1vvkbs x126k92a\">\n<div dir=\"auto\">Tinh b\u1ed9t ngh\u1ec7 tinh khi\u1ebft kh\u00f4ng ch\u1ec9 l\u00e0 m\u1ed9t si\u00eau th\u1ef1c ph\u1ea9m, m\u00e0 c\u00f2n l\u00e0 ngu\u1ed3n cung c\u1ea5p l\u00e2u d\u00e0i cho s\u1ee9c kh\u1ecfe v\u00e0 s\u1eafc \u0111\u1eb9p t\u1ef1 nhi\u00ean. V\u1edbi c\u00f4ng d\u1ee5ng ch\u1ed1ng vi khu\u1ea9n, vi r\u00fat v\u00e0 vi\u00eam m\u1ea1nh m\u1ebd, tinh b\u1ed9t ngh\u1ec7 tinh khi\u1ebft gi\u00fap c\u01a1 th\u1ec3 b\u1ea1n lu\u00f4n \u1ed5n \u0111\u1ecbnh v\u00e0 kh\u1ecfe m\u1ea1nh.<\/div>\n<\/div>\n<div class=\"x11i5rnm xat24cr x1mh8g0r x1vvkbs xtlvy1s x126k92a\">\n<div dir=\"auto\"><span class=\"x3nfvp2 x1j61x8r x1fcty0u xdj266r xhhsvwb xat24cr xgzva0m xxymvpz xlup9mm x1kky2od\"><img decoding=\"async\" class=\"xz74otr\" src=\"https:\/\/static.xx.fbcdn.net\/images\/emoji.php\/v9\/ted\/1\/16\/1f379.png\" alt=\"\ud83c\udf79\" width=\"16\" height=\"16\" \/><\/span> Kh\u00f4ng ch\u1ec9 d\u1eebng l\u1ea1i \u1edf \u0111\u00f3,\ud835\uddd6\ud835\ude02\ud835\uddff\ud835\uddf0\ud835\ude02\ud835\uddfa\ud835\uddf6\ud835\uddfb &#8211; th\u00e0nh ph\u1ea7n ch\u00ednh trong tinh b\u1ed9t ngh\u1ec7, c\u00f2n l\u00e0 m\u1ed9t ph\u01b0\u01a1ng ti\u1ec7n hi\u1ec7u qu\u1ea3 \u0111\u1ec3 l\u00e0m d\u1ecbu v\u00e0 t\u00e1i t\u1ea1o l\u00e0n da. T\u1ef1 tin t\u1ecfa s\u00e1ng v\u1edbi l\u00e0n da tr\u1ebb trung v\u00e0 s\u1ee9c kh\u1ecfe t\u1ed1t nh\u1ea5t t\u1eeb b\u00ean trong ra ngo\u00e0i <span class=\"x3nfvp2 x1j61x8r x1fcty0u xdj266r xhhsvwb xat24cr xgzva0m xxymvpz xlup9mm x1kky2od\"><img decoding=\"async\" class=\"xz74otr\" src=\"https:\/\/static.xx.fbcdn.net\/images\/emoji.php\/v9\/tea\/1\/16\/1f970.png\" alt=\"\ud83e\udd70\" width=\"16\" height=\"16\" \/><\/span><\/div>\n<\/div>","protected":false},"featured_media":18291,"comment_status":"closed","ping_status":"closed","template":"","meta":{"_acf_changed":false},"product_cat":[332,333],"product_tag":[],"class_list":{"0":"post-18290","1":"product","2":"type-product","3":"status-publish","4":"has-post-thumbnail","6":"product_cat-san-pham-duoc-lieu-va-san-pham-tu-duoc-lieu","7":"product_cat-thuc-pham-chuc-nang-thuoc-duoc-lieu-thuoc-y-hoc-co-truyen","9":"first","10":"instock","11":"shipping-taxable","12":"purchasable","13":"product-type-simple"},"acf":[],"_links":{"self":[{"href":"https:\/\/b2c.fairs.vn\/en\/wp-json\/wp\/v2\/product\/18290","targetHints":{"allow":["GET"]}}],"collection":[{"href":"https:\/\/b2c.fairs.vn\/en\/wp-json\/wp\/v2\/product"}],"about":[{"href":"https:\/\/b2c.fairs.vn\/en\/wp-json\/wp\/v2\/types\/product"}],"replies":[{"embeddable":true,"href":"https:\/\/b2c.fairs.vn\/en\/wp-json\/wp\/v2\/comments?post=18290"}],"version-history":[{"count":0,"href":"https:\/\/b2c.fairs.vn\/en\/wp-json\/wp\/v2\/product\/18290\/revisions"}],"wp:featuredmedia":[{"embeddable":true,"href":"https:\/\/b2c.fairs.vn\/en\/wp-json\/wp\/v2\/media\/18291"}],"wp:attachment":[{"href":"https:\/\/b2c.fairs.vn\/en\/wp-json\/wp\/v2\/media?parent=18290"}],"wp:term":[{"taxonomy":"product_cat","embeddable":true,"href":"https:\/\/b2c.fairs.vn\/en\/wp-json\/wp\/v2\/product_cat?post=18290"},{"taxonomy":"product_tag","embeddable":true,"href":"https:\/\/b2c.fairs.vn\/en\/wp-json\/wp\/v2\/product_tag?post=18290"}],"curies":[{"name":"wp","href":"https:\/\/api.w.org\/{rel}","templated":true}]}}