{"id":18285,"date":"2024-05-15T09:21:11","date_gmt":"2024-05-15T02:21:11","guid":{"rendered":"https:\/\/b2c.fairs.vn\/?post_type=product&#038;p=18285"},"modified":"2024-05-15T09:26:59","modified_gmt":"2024-05-15T02:26:59","slug":"18285","status":"publish","type":"product","link":"https:\/\/b2c.fairs.vn\/en\/product\/18285\/","title":{"rendered":"B\u1ed9t rau m\u00e1 s\u1ea5y l\u1ea1nh"},"content":{"rendered":"<p>Rau m\u00e1 c\u00f3 t\u00e1c d\u1ee5ng ti\u00eau nhi\u1ec7t, d\u01b0\u1ee1ng \u00e2m, gi\u1ea3i \u0111\u1ed9c,\u2026 th\u01b0\u1eddng d\u00f9ng \u0111\u1ec3 c\u1ea3i thi\u1ec7n nhi\u1ec1u b\u1ec7nh nh\u01b0 vi\u00eam h\u1ecdng, vi\u00eam amidan, ng\u1ed9 \u0111\u1ed9c th\u1ef1c ph\u1ea9m. Ngo\u00e0i ra, ch\u00fang c\u00f2n \u0111\u01b0\u1ee3c s\u1eed d\u1ee5ng v\u1edbi m\u1ee5c \u0111\u00edch gi\u1ea3m nhanh c\u00e1c tri\u1ec7u ch\u1ee9ng b\u1ec7nh ngo\u00e0i da v\u00e0 h\u1ed7 tr\u1ee3 c\u1ea3i thi\u1ec7n b\u1ec7nh tim m\u1ea1ch v\u00e0 th\u1ea7n kinh. Gi\u00fap l\u00e0m m\u00e1t c\u01a1 th\u1ec3, gi\u1ea3i nhi\u1ec7t, \u0111\u1eb9p da, t\u1ed1t cho gan th\u1eadn<\/p>","protected":false},"excerpt":{"rendered":"<p>Rau m\u00e1 c\u00f3 t\u00e1c d\u1ee5ng ti\u00eau nhi\u1ec7t, d\u01b0\u1ee1ng \u00e2m, gi\u1ea3i \u0111\u1ed9c,\u2026 th\u01b0\u1eddng d\u00f9ng \u0111\u1ec3 c\u1ea3i thi\u1ec7n nhi\u1ec1u b\u1ec7nh nh\u01b0 vi\u00eam h\u1ecdng, vi\u00eam amidan, ng\u1ed9 \u0111\u1ed9c th\u1ef1c ph\u1ea9m. Ngo\u00e0i ra, ch\u00fang c\u00f2n \u0111\u01b0\u1ee3c s\u1eed d\u1ee5ng v\u1edbi m\u1ee5c \u0111\u00edch gi\u1ea3m nhanh c\u00e1c tri\u1ec7u ch\u1ee9ng b\u1ec7nh ngo\u00e0i da v\u00e0 h\u1ed7 tr\u1ee3 c\u1ea3i thi\u1ec7n b\u1ec7nh tim m\u1ea1ch v\u00e0 th\u1ea7n kinh. Gi\u00fap l\u00e0m m\u00e1t c\u01a1 th\u1ec3, gi\u1ea3i nhi\u1ec7t, \u0111\u1eb9p da, t\u1ed1t cho gan th\u1eadn<\/p>","protected":false},"featured_media":18286,"comment_status":"closed","ping_status":"closed","template":"","meta":{"_acf_changed":false},"product_cat":[332,333],"product_tag":[],"class_list":{"0":"post-18285","1":"product","2":"type-product","3":"status-publish","4":"has-post-thumbnail","6":"product_cat-san-pham-duoc-lieu-va-san-pham-tu-duoc-lieu","7":"product_cat-thuc-pham-chuc-nang-thuoc-duoc-lieu-thuoc-y-hoc-co-truyen","9":"first","10":"instock","11":"shipping-taxable","12":"purchasable","13":"product-type-simple"},"acf":[],"_links":{"self":[{"href":"https:\/\/b2c.fairs.vn\/en\/wp-json\/wp\/v2\/product\/18285","targetHints":{"allow":["GET"]}}],"collection":[{"href":"https:\/\/b2c.fairs.vn\/en\/wp-json\/wp\/v2\/product"}],"about":[{"href":"https:\/\/b2c.fairs.vn\/en\/wp-json\/wp\/v2\/types\/product"}],"replies":[{"embeddable":true,"href":"https:\/\/b2c.fairs.vn\/en\/wp-json\/wp\/v2\/comments?post=18285"}],"version-history":[{"count":0,"href":"https:\/\/b2c.fairs.vn\/en\/wp-json\/wp\/v2\/product\/18285\/revisions"}],"wp:featuredmedia":[{"embeddable":true,"href":"https:\/\/b2c.fairs.vn\/en\/wp-json\/wp\/v2\/media\/18286"}],"wp:attachment":[{"href":"https:\/\/b2c.fairs.vn\/en\/wp-json\/wp\/v2\/media?parent=18285"}],"wp:term":[{"taxonomy":"product_cat","embeddable":true,"href":"https:\/\/b2c.fairs.vn\/en\/wp-json\/wp\/v2\/product_cat?post=18285"},{"taxonomy":"product_tag","embeddable":true,"href":"https:\/\/b2c.fairs.vn\/en\/wp-json\/wp\/v2\/product_tag?post=18285"}],"curies":[{"name":"wp","href":"https:\/\/api.w.org\/{rel}","templated":true}]}}