{"id":1826,"date":"2024-03-18T07:55:37","date_gmt":"2024-03-18T07:55:37","guid":{"rendered":"https:\/\/b2c.fairs.vn\/?post_type=product&#038;p=1826"},"modified":"2024-03-18T07:55:38","modified_gmt":"2024-03-18T07:55:38","slug":"yen-sao-an-ngon-bamboo","status":"publish","type":"product","link":"https:\/\/b2c.fairs.vn\/en\/product\/yen-sao-an-ngon-bamboo\/","title":{"rendered":"Y\u1ebfn S\u00e0o \u0102n Ngon BAMBOO"},"content":{"rendered":"<p>C\u00f4ng d\u1ee5ng :<br \/>\n1. B\u1ed3i b\u1ed5 c\u01a1 th\u1ec3, ki\u1ec7n t\u1ef3, l\u1ee3i v\u1ecb, d\u01b0\u1ee1ng t\u00e2m, an th\u1ea7n<\/p>\n<p>2. Gi\u00fap \u0103n ngon, ng\u1ee7 t\u1ed1t, t\u0103ng c\u01b0\u1eddng kh\u1ea3 n\u0103ng\u00a0 h\u1ea5p thu \u1edf tr\u1ebb ti\u00eau h\u00f3a k\u00e9m<\/p>\n<p>3. Gi\u00fap t\u0103ng c\u01b0\u1eddng s\u1ee9c \u0111\u1ec1 kh\u00e1ng, c\u1ea3i thi\u1ec7n s\u1ee9c kh\u1ecfe \u1edf ng\u01b0\u1eddi m\u1edbi \u1ed1m d\u1eady, ng\u01b0\u1eddi c\u00f3 s\u1ee9c \u0111\u1ec1 kh\u00e1ng k\u00e9m<\/p>","protected":false},"excerpt":{"rendered":"<p>C\u00f4ng d\u1ee5ng :<br \/>\n1. B\u1ed3i b\u1ed5 c\u01a1 th\u1ec3, ki\u1ec7n t\u1ef3, l\u1ee3i v\u1ecb, d\u01b0\u1ee1ng t\u00e2m, an th\u1ea7n<\/p>\n<p>2. Gi\u00fap \u0103n ngon, ng\u1ee7 t\u1ed1t, t\u0103ng c\u01b0\u1eddng kh\u1ea3 n\u0103ng\u00a0 h\u1ea5p thu \u1edf tr\u1ebb ti\u00eau h\u00f3a k\u00e9m<\/p>\n<p>3. Gi\u00fap t\u0103ng c\u01b0\u1eddng s\u1ee9c \u0111\u1ec1 kh\u00e1ng, c\u1ea3i thi\u1ec7n s\u1ee9c kh\u1ecfe \u1edf ng\u01b0\u1eddi m\u1edbi \u1ed1m d\u1eady, ng\u01b0\u1eddi c\u00f3 s\u1ee9c \u0111\u1ec1 kh\u00e1ng k\u00e9m<\/p>","protected":false},"featured_media":1827,"comment_status":"open","ping_status":"closed","template":"","meta":{"_acf_changed":false},"product_cat":[332,333],"product_tag":[],"class_list":{"0":"post-1826","1":"product","2":"type-product","3":"status-publish","4":"has-post-thumbnail","6":"product_cat-san-pham-duoc-lieu-va-san-pham-tu-duoc-lieu","7":"product_cat-thuc-pham-chuc-nang-thuoc-duoc-lieu-thuoc-y-hoc-co-truyen","9":"first","10":"instock","11":"shipping-taxable","12":"product-type-simple"},"acf":[],"_links":{"self":[{"href":"https:\/\/b2c.fairs.vn\/en\/wp-json\/wp\/v2\/product\/1826","targetHints":{"allow":["GET"]}}],"collection":[{"href":"https:\/\/b2c.fairs.vn\/en\/wp-json\/wp\/v2\/product"}],"about":[{"href":"https:\/\/b2c.fairs.vn\/en\/wp-json\/wp\/v2\/types\/product"}],"replies":[{"embeddable":true,"href":"https:\/\/b2c.fairs.vn\/en\/wp-json\/wp\/v2\/comments?post=1826"}],"version-history":[{"count":0,"href":"https:\/\/b2c.fairs.vn\/en\/wp-json\/wp\/v2\/product\/1826\/revisions"}],"wp:featuredmedia":[{"embeddable":true,"href":"https:\/\/b2c.fairs.vn\/en\/wp-json\/wp\/v2\/media\/1827"}],"wp:attachment":[{"href":"https:\/\/b2c.fairs.vn\/en\/wp-json\/wp\/v2\/media?parent=1826"}],"wp:term":[{"taxonomy":"product_cat","embeddable":true,"href":"https:\/\/b2c.fairs.vn\/en\/wp-json\/wp\/v2\/product_cat?post=1826"},{"taxonomy":"product_tag","embeddable":true,"href":"https:\/\/b2c.fairs.vn\/en\/wp-json\/wp\/v2\/product_tag?post=1826"}],"curies":[{"name":"wp","href":"https:\/\/api.w.org\/{rel}","templated":true}]}}