{"id":18225,"date":"2024-04-25T14:45:42","date_gmt":"2024-04-25T07:45:42","guid":{"rendered":"https:\/\/b2c.fairs.vn\/?post_type=product&#038;p=18225"},"modified":"2024-04-25T14:45:43","modified_gmt":"2024-04-25T07:45:43","slug":"luc-binh","status":"publish","type":"product","link":"https:\/\/b2c.fairs.vn\/en\/product\/luc-binh\/","title":{"rendered":"L\u1ee5c b\u00ecnh"},"content":{"rendered":"<p>L\u1ee5c b\u00ecnh \u0111\u01b0\u1ee3c t\u00ecm th\u1ea5y \u1edf ven s\u00f4ng n\u01a1i c\u00f3 b\u00f4ng sen n\u1ed5i c\u1ee7a \u0110\u1ed3ng b\u1eb1ng s\u00f4ng C\u1eedu Long, mi\u1ec1n Nam Vi\u1ec7t Nam. L\u1ee5c b\u00ecnh c\u00f3 th\u1ec3 \u0111\u01b0\u1ee3c \u0111an tr\u00ean nhi\u1ec1u lo\u1ea1i khung nh\u01b0 g\u1ed7, kim lo\u1ea1i v\u00e0 m\u00e2y. \u01afu \u0111i\u1ec3m th\u1ef1c s\u1ef1 c\u1ee7a n\u00f3 so v\u1edbi c\u00e1c ch\u1ea5t li\u1ec7u kh\u00e1c l\u00e0 c\u00f3 th\u1ec3 \u0111\u01b0\u1ee3c ch\u1ebf bi\u1ebfn theo c\u00e1ch kh\u00e1c \u0111\u1ec3 t\u1ea1o ra nh\u1eefng v\u1ebb ngo\u00e0i kh\u00f4ng th\u1ec3 l\u00e0m \u0111\u01b0\u1ee3c v\u1edbi c\u00e1c d\u00f2ng kh\u00e1c.<\/p>","protected":false},"excerpt":{"rendered":"<p>L\u1ee5c b\u00ecnh \u0111\u01b0\u1ee3c t\u00ecm th\u1ea5y \u1edf ven s\u00f4ng n\u01a1i c\u00f3 b\u00f4ng sen n\u1ed5i c\u1ee7a \u0110\u1ed3ng b\u1eb1ng s\u00f4ng C\u1eedu Long, mi\u1ec1n Nam Vi\u1ec7t Nam. L\u1ee5c b\u00ecnh c\u00f3 th\u1ec3 \u0111\u01b0\u1ee3c \u0111an tr\u00ean nhi\u1ec1u lo\u1ea1i khung nh\u01b0 g\u1ed7, kim lo\u1ea1i v\u00e0 m\u00e2y. \u01afu \u0111i\u1ec3m th\u1ef1c s\u1ef1 c\u1ee7a n\u00f3 so v\u1edbi c\u00e1c ch\u1ea5t li\u1ec7u kh\u00e1c l\u00e0 c\u00f3 th\u1ec3 \u0111\u01b0\u1ee3c ch\u1ebf bi\u1ebfn theo c\u00e1ch kh\u00e1c \u0111\u1ec3 t\u1ea1o ra nh\u1eefng v\u1ebb ngo\u00e0i kh\u00f4ng th\u1ec3 l\u00e0m \u0111\u01b0\u1ee3c v\u1edbi c\u00e1c d\u00f2ng kh\u00e1c.<\/p>","protected":false},"featured_media":18226,"comment_status":"closed","ping_status":"closed","template":"","meta":{"_acf_changed":false},"product_cat":[394,366,398,336,337],"product_tag":[],"class_list":{"0":"post-18225","1":"product","2":"type-product","3":"status-publish","4":"has-post-thumbnail","6":"product_cat-may-tre-dan","7":"product_cat-hang-cnnt-cap-qg","8":"product_cat-san-pham-cnnt-tb-cap-qg-2021","9":"product_cat-san-pham-thu-cong-my-nghe","10":"product_cat-thu-cong-my-nghe-gia-dung-trang-tri","12":"first","13":"instock","14":"shipping-taxable","15":"product-type-simple"},"acf":[],"_links":{"self":[{"href":"https:\/\/b2c.fairs.vn\/en\/wp-json\/wp\/v2\/product\/18225","targetHints":{"allow":["GET"]}}],"collection":[{"href":"https:\/\/b2c.fairs.vn\/en\/wp-json\/wp\/v2\/product"}],"about":[{"href":"https:\/\/b2c.fairs.vn\/en\/wp-json\/wp\/v2\/types\/product"}],"replies":[{"embeddable":true,"href":"https:\/\/b2c.fairs.vn\/en\/wp-json\/wp\/v2\/comments?post=18225"}],"version-history":[{"count":0,"href":"https:\/\/b2c.fairs.vn\/en\/wp-json\/wp\/v2\/product\/18225\/revisions"}],"wp:featuredmedia":[{"embeddable":true,"href":"https:\/\/b2c.fairs.vn\/en\/wp-json\/wp\/v2\/media\/18226"}],"wp:attachment":[{"href":"https:\/\/b2c.fairs.vn\/en\/wp-json\/wp\/v2\/media?parent=18225"}],"wp:term":[{"taxonomy":"product_cat","embeddable":true,"href":"https:\/\/b2c.fairs.vn\/en\/wp-json\/wp\/v2\/product_cat?post=18225"},{"taxonomy":"product_tag","embeddable":true,"href":"https:\/\/b2c.fairs.vn\/en\/wp-json\/wp\/v2\/product_tag?post=18225"}],"curies":[{"name":"wp","href":"https:\/\/api.w.org\/{rel}","templated":true}]}}