{"id":18221,"date":"2024-04-25T14:42:55","date_gmt":"2024-04-25T07:42:55","guid":{"rendered":"https:\/\/b2c.fairs.vn\/?post_type=product&#038;p=18221"},"modified":"2024-04-25T14:42:57","modified_gmt":"2024-04-25T07:42:57","slug":"gio-xach-dan-may-tre-la","status":"publish","type":"product","link":"https:\/\/b2c.fairs.vn\/en\/product\/gio-xach-dan-may-tre-la\/","title":{"rendered":"Gi\u1ecf x\u00e1ch \u0111an m\u00e2y tre l\u00e1"},"content":{"rendered":"<p>T\u1ea1i Ba Nh\u1ea5t nhi\u1ec1u lo\u1ea1i tre \u0111\u01b0\u1ee3c ch\u00fang t\u00f4i s\u1eed d\u1ee5ng trong c\u00e1c s\u1ea3n ph\u1ea9m c\u1ee7a m\u00ecnh.<\/p>\n<p>C\u1eaft v\u00e0 ch\u1ebb cu\u1ed1i c\u00f3 th\u1ec3 \u0111\u01b0\u1ee3c s\u1eed d\u1ee5ng \u0111\u1ec3 l\u00e0m t\u1ea5t c\u1ea3 c\u00e1c lo\u1ea1i gi\u1ecf, h\u1ed9p, b\u00ecnh hoa, khay\u2026 Tre \u0111an k\u1ebft h\u1ee3p v\u1edbi da m\u00e2y c\u0169ng \u0111\u01b0\u1ee3c s\u1eed d\u1ee5ng r\u1ed9ng r\u00e3i trong c\u00e1c d\u00f2ng s\u1ea3n ph\u1ea9m c\u1ee7a ch\u00fang t\u00f4i.<\/p>\n<p>Gi\u1ecf tre: Tre \u0111\u01b0\u1ee3c ch\u1eb7t t\u1eeb r\u1eebng, ch\u1ebb ra l\u00e0m nhi\u1ec1u kh\u00fac. L\u1ea5y b\u00ean trong c\u00e2y tre ra. X\u1eed l\u00fd theo k\u1ef9 thu\u1eadt truy\u1ec1n th\u1ed1ng, \u00e9p tre b\u1eb1ng m\u00e1y, sau \u0111\u00f3 d\u00e1n keo l\u1ea1i v\u1edbi nhau r\u1ed3i c\u1eaft th\u00e0nh h\u00ecnh cho \u0111\u1ed3 s\u01a1n m\u00e0i.<\/p>","protected":false},"excerpt":{"rendered":"<p>T\u1ea1i Ba Nh\u1ea5t nhi\u1ec1u lo\u1ea1i tre \u0111\u01b0\u1ee3c ch\u00fang t\u00f4i s\u1eed d\u1ee5ng trong c\u00e1c s\u1ea3n ph\u1ea9m c\u1ee7a m\u00ecnh.<\/p>\n<p>C\u1eaft v\u00e0 ch\u1ebb cu\u1ed1i c\u00f3 th\u1ec3 \u0111\u01b0\u1ee3c s\u1eed d\u1ee5ng \u0111\u1ec3 l\u00e0m t\u1ea5t c\u1ea3 c\u00e1c lo\u1ea1i gi\u1ecf, h\u1ed9p, b\u00ecnh hoa, khay\u2026 Tre \u0111an k\u1ebft h\u1ee3p v\u1edbi da m\u00e2y c\u0169ng \u0111\u01b0\u1ee3c s\u1eed d\u1ee5ng r\u1ed9ng r\u00e3i trong c\u00e1c d\u00f2ng s\u1ea3n ph\u1ea9m c\u1ee7a ch\u00fang t\u00f4i.<\/p>\n<p>Gi\u1ecf tre: Tre \u0111\u01b0\u1ee3c ch\u1eb7t t\u1eeb r\u1eebng, ch\u1ebb ra l\u00e0m nhi\u1ec1u kh\u00fac. L\u1ea5y b\u00ean trong c\u00e2y tre ra. X\u1eed l\u00fd theo k\u1ef9 thu\u1eadt truy\u1ec1n th\u1ed1ng, \u00e9p tre b\u1eb1ng m\u00e1y, sau \u0111\u00f3 d\u00e1n keo l\u1ea1i v\u1edbi nhau r\u1ed3i c\u1eaft th\u00e0nh h\u00ecnh cho \u0111\u1ed3 s\u01a1n m\u00e0i.<\/p>","protected":false},"featured_media":18222,"comment_status":"closed","ping_status":"closed","template":"","meta":{"_acf_changed":false},"product_cat":[394,366,398,336,337],"product_tag":[],"class_list":{"0":"post-18221","1":"product","2":"type-product","3":"status-publish","4":"has-post-thumbnail","6":"product_cat-may-tre-dan","7":"product_cat-hang-cnnt-cap-qg","8":"product_cat-san-pham-cnnt-tb-cap-qg-2021","9":"product_cat-san-pham-thu-cong-my-nghe","10":"product_cat-thu-cong-my-nghe-gia-dung-trang-tri","12":"first","13":"instock","14":"shipping-taxable","15":"product-type-simple"},"acf":[],"_links":{"self":[{"href":"https:\/\/b2c.fairs.vn\/en\/wp-json\/wp\/v2\/product\/18221","targetHints":{"allow":["GET"]}}],"collection":[{"href":"https:\/\/b2c.fairs.vn\/en\/wp-json\/wp\/v2\/product"}],"about":[{"href":"https:\/\/b2c.fairs.vn\/en\/wp-json\/wp\/v2\/types\/product"}],"replies":[{"embeddable":true,"href":"https:\/\/b2c.fairs.vn\/en\/wp-json\/wp\/v2\/comments?post=18221"}],"version-history":[{"count":0,"href":"https:\/\/b2c.fairs.vn\/en\/wp-json\/wp\/v2\/product\/18221\/revisions"}],"wp:featuredmedia":[{"embeddable":true,"href":"https:\/\/b2c.fairs.vn\/en\/wp-json\/wp\/v2\/media\/18222"}],"wp:attachment":[{"href":"https:\/\/b2c.fairs.vn\/en\/wp-json\/wp\/v2\/media?parent=18221"}],"wp:term":[{"taxonomy":"product_cat","embeddable":true,"href":"https:\/\/b2c.fairs.vn\/en\/wp-json\/wp\/v2\/product_cat?post=18221"},{"taxonomy":"product_tag","embeddable":true,"href":"https:\/\/b2c.fairs.vn\/en\/wp-json\/wp\/v2\/product_tag?post=18221"}],"curies":[{"name":"wp","href":"https:\/\/api.w.org\/{rel}","templated":true}]}}