{"id":18205,"date":"2024-04-25T09:15:50","date_gmt":"2024-04-25T02:15:50","guid":{"rendered":"https:\/\/b2c.fairs.vn\/?post_type=product&#038;p=18205"},"modified":"2024-04-25T09:19:57","modified_gmt":"2024-04-25T02:19:57","slug":"thai-binh-cay-canh-bach-thuan-dat-tieu-chuan-ocop-3-sao","status":"publish","type":"product","link":"https:\/\/b2c.fairs.vn\/en\/product\/thai-binh-cay-canh-bach-thuan-dat-tieu-chuan-ocop-3-sao\/","title":{"rendered":"Th\u00e1i B\u00ecnh &#8211; C\u00e2y c\u1ea3nh B\u00e1ch Thu\u1eadn \u0111\u1ea1t ti\u00eau chu\u1ea9n OCOP 3 sao"},"content":{"rendered":"<p>L\u00e0ng v\u01b0\u1eddn B\u00e1ch Thu\u1eadn \u0111\u1ebfn nay \u0111\u00e3 c\u00f3 g\u1ea7n 250 n\u0103m tu\u1ed5i \u0111\u1eddi v\u1edbi 120ha chuy\u00ean canh hoa c\u00e2y c\u1ea3nh.<\/p>\n<p><img fetchpriority=\"high\" decoding=\"async\" class=\"aligncenter wp-image-18206 size-full\" src=\"http:\/\/b2c.fairs.vn\/wp-content\/uploads\/2024\/04\/canh-1.jpeg\" alt=\"\" width=\"570\" height=\"350\" srcset=\"https:\/\/b2c.fairs.vn\/wp-content\/uploads\/2024\/04\/canh-1.jpeg 570w, https:\/\/b2c.fairs.vn\/wp-content\/uploads\/2024\/04\/canh-1-300x184.jpeg 300w, https:\/\/b2c.fairs.vn\/wp-content\/uploads\/2024\/04\/canh-1-18x12.jpeg 18w, https:\/\/b2c.fairs.vn\/wp-content\/uploads\/2024\/04\/canh-1-150x92.jpeg 150w\" sizes=\"(max-width: 570px) 100vw, 570px\" \/><\/p>\n<p>H\u1ea7u nh\u01b0 m\u1ed7i gia \u0111\u00ecnh \u0111\u1ec1u s\u1edf h\u1eefu m\u1ed9t v\u01b0\u1eddn c\u00e2y r\u1ed9ng t\u1eeb 0,5ha \u0111\u1ebfn 1ha, v\u1edbi c\u00e1c lo\u00e0i c\u00e2y \u0103n qu\u1ea3 xen l\u1eabn v\u1edbi c\u00e2y c\u1ea3nh, c\u00e2y th\u1ebf \u0111\u01b0\u1ee3c ch\u0103m s\u00f3c, u\u1ed1n t\u1ec9a c\u00f4ng phu. Gi\u00e1 tr\u1ecb s\u1ea3n xu\u1ea5t b\u00ecnh qu\u00e2n \u0111\u1ea1t g\u1ea7n 400 tri\u1ec7u \u0111\u1ed3ng\/ha\/n\u0103m. Nhi\u1ec1u m\u00f4 h\u00ecnh s\u1ea3n xu\u1ea5t hoa, c\u00e2y c\u1ea3nh \u0111\u1ea1t t\u1eeb 0,5 t\u1ef7 \u0111\u1ed3ng \u0111\u1ebfn 1 t\u1ef7 \u0111\u1ed3ng\/ha\/n\u0103m. V\u1edbi l\u1ee3i th\u1ebf v\u1ec1 v\u1ecb tr\u00ed \u0111\u1ecba l\u00fd, th\u1ed5 nh\u01b0\u1ee1ng ph\u00f9 h\u1ee3p v\u1edbi ph\u00e1t tri\u1ec3n hoa, c\u00e2y c\u1ea3nh, x\u00e3 B\u00e1ch Thu\u1eadn \u0111\u00e3 x\u00e1c \u0111\u1ecbnh m\u1ed9t s\u1ed1 s\u1ea3n ph\u1ea9m hoa, c\u00e2y c\u1ea3nh l\u00e0 s\u1ea3n ph\u1ea9m ch\u1ee7 l\u1ef1c \u0111\u01b0\u1ee3c khuy\u1ebfn kh\u00edch h\u1ed7 tr\u1ee3 \u0111\u1ea7u t\u01b0 ph\u00e1t tri\u1ec3n nh\u01b0: c\u00e2y sanh bonsai, c\u00e1c lo\u1ea1i c\u00e2y c\u00f4ng tr\u00ecnh. C\u00f9ng v\u1edbi \u0111\u00f3, khuy\u1ebfn kh\u00edch nhi\u1ec1u phong tr\u00e0o sinh v\u1eadt c\u1ea3nh g\u1eafn v\u1edbi x\u00e2y d\u1ef1ng n\u00f4ng th\u00f4n m\u1edbi n\u00e2ng cao nh\u01b0: \u0111\u01b0\u1eddng hoa n\u00f4ng th\u00f4n, con \u0111\u01b0\u1eddng c\u00e2y xanh \u00a0v\u1edbi \u0111i\u1ec3m nh\u1ea5n l\u00e0 L\u00e0ng v\u01b0\u1eddn du l\u1ecbch th\u00e1i. <img decoding=\"async\" class=\"aligncenter wp-image-18207 size-full\" src=\"http:\/\/b2c.fairs.vn\/wp-content\/uploads\/2024\/04\/canh-2.jpeg\" alt=\"\" width=\"650\" height=\"366\" srcset=\"https:\/\/b2c.fairs.vn\/wp-content\/uploads\/2024\/04\/canh-2.jpeg 650w, https:\/\/b2c.fairs.vn\/wp-content\/uploads\/2024\/04\/canh-2-300x169.jpeg 300w, https:\/\/b2c.fairs.vn\/wp-content\/uploads\/2024\/04\/canh-2-18x10.jpeg 18w, https:\/\/b2c.fairs.vn\/wp-content\/uploads\/2024\/04\/canh-2-150x84.jpeg 150w\" sizes=\"(max-width: 650px) 100vw, 650px\" \/><\/p>\n<p>D\u00f9 \u0111\u00e3 \u0111\u1ea1t \u0111\u01b0\u1ee3c nh\u1eefng k\u1ebft qu\u1ea3 b\u01b0\u1edbc \u0111\u1ea7u, tuy nhi\u00ean vi\u1ec7c ph\u00e1t tri\u1ec3n hoa, c\u00e2y c\u1ea3nh \u0111\u01b0\u1ee3c \u0111\u00e1nh gi\u00e1 l\u00e0 ch\u01b0a ph\u00e1t huy h\u1ebft ti\u1ec1m n\u0103ng, l\u1ee3i th\u1ebf. Do \u0111\u00f3, th\u1eddi gian t\u1edbi, \u0111\u1ecba ph\u01b0\u01a1ng t\u1eadp trung th\u1ef1c hi\u1ec7n t\u1ed1t c\u00f4ng t\u00e1c quy ho\u1ea1ch \u0111\u1ec3 hoa, c\u00e2y c\u1ea3nh tr\u1edf th\u00e0nh ng\u00e0nh s\u1ea3n xu\u1ea5t m\u0169i nh\u1ecdn trong ph\u00e1t tri\u1ec3n kinh t\u1ebf, c\u1ea3i thi\u1ec7n m\u00f4i tr\u01b0\u1eddng sinh th\u00e1i<\/p>\n<p>&nbsp;<\/p>","protected":false},"excerpt":{"rendered":"<p>L\u00e0ng v\u01b0\u1eddn B\u00e1ch Thu\u1eadn \u0111\u1ebfn nay \u0111\u00e3 c\u00f3 g\u1ea7n 250 n\u0103m tu\u1ed5i \u0111\u1eddi v\u1edbi 120ha chuy\u00ean canh hoa c\u00e2y c\u1ea3nh.<\/p>","protected":false},"featured_media":18206,"comment_status":"closed","ping_status":"closed","template":"","meta":{"_acf_changed":false},"product_cat":[341,339],"product_tag":[539],"class_list":{"0":"post-18205","1":"product","2":"type-product","3":"status-publish","4":"has-post-thumbnail","6":"product_cat-cay-canh","7":"product_cat-san-pham-sinh-vat-canh","8":"product_tag-cay-canh","10":"first","11":"instock","12":"shipping-taxable","13":"product-type-simple"},"acf":[],"_links":{"self":[{"href":"https:\/\/b2c.fairs.vn\/en\/wp-json\/wp\/v2\/product\/18205","targetHints":{"allow":["GET"]}}],"collection":[{"href":"https:\/\/b2c.fairs.vn\/en\/wp-json\/wp\/v2\/product"}],"about":[{"href":"https:\/\/b2c.fairs.vn\/en\/wp-json\/wp\/v2\/types\/product"}],"replies":[{"embeddable":true,"href":"https:\/\/b2c.fairs.vn\/en\/wp-json\/wp\/v2\/comments?post=18205"}],"version-history":[{"count":0,"href":"https:\/\/b2c.fairs.vn\/en\/wp-json\/wp\/v2\/product\/18205\/revisions"}],"wp:featuredmedia":[{"embeddable":true,"href":"https:\/\/b2c.fairs.vn\/en\/wp-json\/wp\/v2\/media\/18206"}],"wp:attachment":[{"href":"https:\/\/b2c.fairs.vn\/en\/wp-json\/wp\/v2\/media?parent=18205"}],"wp:term":[{"taxonomy":"product_cat","embeddable":true,"href":"https:\/\/b2c.fairs.vn\/en\/wp-json\/wp\/v2\/product_cat?post=18205"},{"taxonomy":"product_tag","embeddable":true,"href":"https:\/\/b2c.fairs.vn\/en\/wp-json\/wp\/v2\/product_tag?post=18205"}],"curies":[{"name":"wp","href":"https:\/\/api.w.org\/{rel}","templated":true}]}}