{"id":18188,"date":"2024-04-24T16:38:39","date_gmt":"2024-04-24T09:38:39","guid":{"rendered":"https:\/\/b2c.fairs.vn\/?post_type=product&#038;p=18188"},"modified":"2024-04-24T16:38:40","modified_gmt":"2024-04-24T09:38:40","slug":"da-nang-khu-du-lich-sinh-thai-banarita-glamping-farm","status":"publish","type":"product","link":"https:\/\/b2c.fairs.vn\/en\/product\/da-nang-khu-du-lich-sinh-thai-banarita-glamping-farm\/","title":{"rendered":"\u0110\u00e0 N\u1eb5ng: Khu du l\u1ecbch sinh th\u00e1i Banarita Glamping Farm"},"content":{"rendered":"<div class=\"entry-content clearfix single-post-content\">\n<div class=\"post-share single-post-share top-share clearfix style-1\">\n<div class=\"post-share-btn-group\"><em>Sau gi\u1edd l\u00e0m vi\u1ec7c c\u0103ng s\u1ee9c, b\u1ea1n mu\u1ed1n c\u00f9ng gia \u0111\u00ecnh, h\u1ed9i b\u1ea1n th\u00e2n vi vu kh\u00e1m ph\u00e1 thi\u00ean nhi\u00ean hoang d\u00e3, chill &amp; cheer \u201ct\u1eb9t ga\u2019 \u1edf \u0110\u00e0 N\u1eb5ng th\u00ec h\u00e3y \u201cx\u00ea d\u1ecbch\u201d ngay \u0111\u1ebfn BANA RITA GLAMPING FARM.<\/em><\/div>\n<\/div>\n<div class=\"entry-content clearfix single-post-content\">\n<p><a href=\"https:\/\/vr360.danangfantasticity.com\/#banarita_1\"><img fetchpriority=\"high\" decoding=\"async\" class=\"aligncenter wp-image-76070 size-full b-loaded\" src=\"https:\/\/danangfantasticity.com\/wp-content\/uploads\/2023\/09\/bana-rita-glamping-farm-hoa-phu-hoa-vang-da-nang-001.jpg\" sizes=\"(max-width: 1920px) 100vw, 1920px\" srcset=\"https:\/\/danangfantasticity.com\/wp-content\/uploads\/2023\/09\/bana-rita-glamping-farm-hoa-phu-hoa-vang-da-nang-001.jpg 1920w, https:\/\/danangfantasticity.com\/wp-content\/uploads\/2023\/09\/bana-rita-glamping-farm-hoa-phu-hoa-vang-da-nang-001-300x169.jpg 300w, https:\/\/danangfantasticity.com\/wp-content\/uploads\/2023\/09\/bana-rita-glamping-farm-hoa-phu-hoa-vang-da-nang-001-1024x576.jpg 1024w, https:\/\/danangfantasticity.com\/wp-content\/uploads\/2023\/09\/bana-rita-glamping-farm-hoa-phu-hoa-vang-da-nang-001-768x432.jpg 768w, https:\/\/danangfantasticity.com\/wp-content\/uploads\/2023\/09\/bana-rita-glamping-farm-hoa-phu-hoa-vang-da-nang-001-1536x864.jpg 1536w\" alt=\"Bana Rita Glamping Farm Hoa Phu Hoa Vang Da Nang 001\" width=\"1920\" height=\"1080\" \/><\/a><\/p>\n<blockquote><p><em><strong>Bana Rita Glamping Farm<\/strong>\u00a0c\u00f3 t\u1ed5ng di\u1ec7n t\u00edch \u0111\u1ea7u t\u01b0 50.090 m2. \u0110\u00e2y l\u00e0 \u0111\u1ecba \u0111i\u1ec3m du l\u1ecbch d\u00e3 ngo\u1ea1i, ngo\u1ea1i kh\u00f3a k\u1ebft h\u1ee3p r\u00e8n luy\u1ec7n k\u1ef9 n\u0103ng theo nhu c\u1ea7u.<\/em><\/p>\n<p><em>Bana Rita Glamping Farm l\u00e0 m\u1ed9t trong hai m\u00f4 h\u00ecnh khai th\u00e1c du l\u1ecbch k\u1ebft h\u1ee3p ph\u00e1t tri\u1ec3n n\u00f4ng nghi\u1ec7p h\u1eefu c\u01a1 \u0111\u01b0\u1ee3c UBND huy\u1ec7n H\u00f2a Vang \u0111\u01b0a v\u00e0o khai th\u00e1c th\u00ed \u0111i\u1ec3m.<\/em><\/p><\/blockquote>\n<p><img decoding=\"async\" class=\"aligncenter wp-image-76050 size-full b-loaded\" src=\"https:\/\/danangfantasticity.com\/wp-content\/uploads\/2023\/09\/bana-rita-glamping-farm-thon-hoi-phuoc-xa-hoa-phu-huyen-hoa-vang-thanh-pho-da-nang-01.jpg\" sizes=\"(max-width: 1200px) 100vw, 1200px\" srcset=\"https:\/\/danangfantasticity.com\/wp-content\/uploads\/2023\/09\/bana-rita-glamping-farm-thon-hoi-phuoc-xa-hoa-phu-huyen-hoa-vang-thanh-pho-da-nang-01.jpg 1200w, https:\/\/danangfantasticity.com\/wp-content\/uploads\/2023\/09\/bana-rita-glamping-farm-thon-hoi-phuoc-xa-hoa-phu-huyen-hoa-vang-thanh-pho-da-nang-01-300x200.jpg 300w, https:\/\/danangfantasticity.com\/wp-content\/uploads\/2023\/09\/bana-rita-glamping-farm-thon-hoi-phuoc-xa-hoa-phu-huyen-hoa-vang-thanh-pho-da-nang-01-1024x683.jpg 1024w, https:\/\/danangfantasticity.com\/wp-content\/uploads\/2023\/09\/bana-rita-glamping-farm-thon-hoi-phuoc-xa-hoa-phu-huyen-hoa-vang-thanh-pho-da-nang-01-768x512.jpg 768w\" alt=\"Bana Rita Glamping Farm Thon Hoi Phuoc Xa Hoa Phu Huyen Hoa Vang Thanh Pho Da Nang 01\" width=\"1200\" height=\"800\" \/><\/p>\n<div id=\"gallery-1\" class=\"gallery galleryid-75885 gallery-columns-2 gallery-size-full\">\n<figure class=\"gallery-item\">\n<div class=\"gallery-icon landscape\"><a href=\"https:\/\/danangfantasticity.com\/wp-content\/uploads\/2023\/09\/bana-rita-glamping-farm-thon-hoi-phuoc-xa-hoa-phu-huyen-hoa-vang-thanh-pho-da-nang-02.jpg\" rel=\"prettyPhoto[gallery_1]\"><img decoding=\"async\" class=\"attachment-full size-full\" src=\"https:\/\/danangfantasticity.com\/wp-content\/uploads\/2023\/09\/bana-rita-glamping-farm-thon-hoi-phuoc-xa-hoa-phu-huyen-hoa-vang-thanh-pho-da-nang-02.jpg\" sizes=\"(max-width: 1200px) 100vw, 1200px\" srcset=\"https:\/\/danangfantasticity.com\/wp-content\/uploads\/2023\/09\/bana-rita-glamping-farm-thon-hoi-phuoc-xa-hoa-phu-huyen-hoa-vang-thanh-pho-da-nang-02.jpg 1200w, https:\/\/danangfantasticity.com\/wp-content\/uploads\/2023\/09\/bana-rita-glamping-farm-thon-hoi-phuoc-xa-hoa-phu-huyen-hoa-vang-thanh-pho-da-nang-02-300x142.jpg 300w, https:\/\/danangfantasticity.com\/wp-content\/uploads\/2023\/09\/bana-rita-glamping-farm-thon-hoi-phuoc-xa-hoa-phu-huyen-hoa-vang-thanh-pho-da-nang-02-1024x485.jpg 1024w, https:\/\/danangfantasticity.com\/wp-content\/uploads\/2023\/09\/bana-rita-glamping-farm-thon-hoi-phuoc-xa-hoa-phu-huyen-hoa-vang-thanh-pho-da-nang-02-768x364.jpg 768w\" alt=\"Bana Rita Glamping Farm Thon Hoi Phuoc Xa Hoa Phu Huyen Hoa Vang Thanh Pho Da Nang 02\" width=\"1200\" height=\"568\" \/><\/a><\/div>\n<\/figure>\n<figure class=\"gallery-item\">\n<div class=\"gallery-icon landscape\"><a href=\"https:\/\/danangfantasticity.com\/wp-content\/uploads\/2023\/09\/bana-rita-glamping-farm-thon-hoi-phuoc-xa-hoa-phu-huyen-hoa-vang-thanh-pho-da-nang-03.jpg\" rel=\"prettyPhoto[gallery_1]\"><img loading=\"lazy\" decoding=\"async\" class=\"attachment-full size-full\" src=\"https:\/\/danangfantasticity.com\/wp-content\/uploads\/2023\/09\/bana-rita-glamping-farm-thon-hoi-phuoc-xa-hoa-phu-huyen-hoa-vang-thanh-pho-da-nang-03.jpg\" sizes=\"(max-width: 1200px) 100vw, 1200px\" srcset=\"https:\/\/danangfantasticity.com\/wp-content\/uploads\/2023\/09\/bana-rita-glamping-farm-thon-hoi-phuoc-xa-hoa-phu-huyen-hoa-vang-thanh-pho-da-nang-03.jpg 1200w, https:\/\/danangfantasticity.com\/wp-content\/uploads\/2023\/09\/bana-rita-glamping-farm-thon-hoi-phuoc-xa-hoa-phu-huyen-hoa-vang-thanh-pho-da-nang-03-300x142.jpg 300w, https:\/\/danangfantasticity.com\/wp-content\/uploads\/2023\/09\/bana-rita-glamping-farm-thon-hoi-phuoc-xa-hoa-phu-huyen-hoa-vang-thanh-pho-da-nang-03-1024x485.jpg 1024w, https:\/\/danangfantasticity.com\/wp-content\/uploads\/2023\/09\/bana-rita-glamping-farm-thon-hoi-phuoc-xa-hoa-phu-huyen-hoa-vang-thanh-pho-da-nang-03-768x364.jpg 768w\" alt=\"Bana Rita Glamping Farm Thon Hoi Phuoc Xa Hoa Phu Huyen Hoa Vang Thanh Pho Da Nang 03\" width=\"1200\" height=\"568\" \/><\/a><\/div>\n<\/figure>\n<\/div>\n<p>17km (28 ph\u00fat xe m\u00e1y, \u00f4 t\u00f4) t\u1eeb s\u00e2n bay \u0110\u00e0 N\u1eb5ng, b\u1ea1n \u0111\u1ebfn \u0111\u01b0\u1eddng Ho\u00e0ng V\u0103n Th\u00e1i n\u1ed1i d\u00e0i l\u00ean B\u00e0 N\u00e0 \u2013 Su\u1ed1i M\u01a1, m\u1ed9t cung \u0111\u01b0\u1eddng tuy\u1ec7t \u0111\u1eb9p n\u1eb1m v\u1ec1 ph\u00eda T\u00e2y B\u1eafc c\u1ee7a Th\u00e0nh Ph\u1ed1 \u0110\u00e0 N\u1eb5ng.<\/p>\n<p><img loading=\"lazy\" decoding=\"async\" class=\"aligncenter wp-image-76057 size-full b-loaded\" src=\"https:\/\/danangfantasticity.com\/wp-content\/uploads\/2023\/09\/bana-rita-glamping-farm-thon-hoi-phuoc-xa-hoa-phu-huyen-hoa-vang-thanh-pho-da-nang-08.jpg\" sizes=\"(max-width: 1280px) 100vw, 1280px\" srcset=\"https:\/\/danangfantasticity.com\/wp-content\/uploads\/2023\/09\/bana-rita-glamping-farm-thon-hoi-phuoc-xa-hoa-phu-huyen-hoa-vang-thanh-pho-da-nang-08.jpg 1280w, https:\/\/danangfantasticity.com\/wp-content\/uploads\/2023\/09\/bana-rita-glamping-farm-thon-hoi-phuoc-xa-hoa-phu-huyen-hoa-vang-thanh-pho-da-nang-08-300x188.jpg 300w, https:\/\/danangfantasticity.com\/wp-content\/uploads\/2023\/09\/bana-rita-glamping-farm-thon-hoi-phuoc-xa-hoa-phu-huyen-hoa-vang-thanh-pho-da-nang-08-1024x640.jpg 1024w, https:\/\/danangfantasticity.com\/wp-content\/uploads\/2023\/09\/bana-rita-glamping-farm-thon-hoi-phuoc-xa-hoa-phu-huyen-hoa-vang-thanh-pho-da-nang-08-768x480.jpg 768w, https:\/\/danangfantasticity.com\/wp-content\/uploads\/2023\/09\/bana-rita-glamping-farm-thon-hoi-phuoc-xa-hoa-phu-huyen-hoa-vang-thanh-pho-da-nang-08-494x309.jpg 494w\" alt=\"Bana Rita Glamping Farm Thon Hoi Phuoc Xa Hoa Phu Huyen Hoa Vang Thanh Pho Da Nang 08\" width=\"1280\" height=\"800\" \/><\/p>\n<div id=\"gallery-2\" class=\"gallery galleryid-75885 gallery-columns-3 gallery-size-publisher-md\">\n<figure class=\"gallery-item\">\n<div class=\"gallery-icon landscape\"><a href=\"https:\/\/danangfantasticity.com\/diem-du-lich\/du-lich-sinh-thai-cong-dong-danang-vi\/bana-rita-glamping-farm-hoa-phu-hoa-vang-da-nang.html\/attachment\/bana-rita-glamping-farm-thon-hoi-phuoc-xa-hoa-phu-huyen-hoa-vang-thanh-pho-da-nang-010\" rel=\"prettyPhoto[pp_gal]\"><img loading=\"lazy\" decoding=\"async\" class=\"attachment-publisher-md size-publisher-md\" src=\"https:\/\/danangfantasticity.com\/wp-content\/uploads\/2023\/09\/bana-rita-glamping-farm-thon-hoi-phuoc-xa-hoa-phu-huyen-hoa-vang-thanh-pho-da-nang-010-357x210.jpg\" alt=\"Bana Rita Glamping Farm Thon Hoi Phuoc Xa Hoa Phu Huyen Hoa Vang Thanh Pho Da Nang 010\" width=\"357\" height=\"210\" \/><\/a><\/div>\n<\/figure>\n<figure class=\"gallery-item\">\n<div class=\"gallery-icon landscape\"><a href=\"https:\/\/danangfantasticity.com\/diem-du-lich\/du-lich-sinh-thai-cong-dong-danang-vi\/bana-rita-glamping-farm-hoa-phu-hoa-vang-da-nang.html\/attachment\/bana-rita-glamping-farm-thon-hoi-phuoc-xa-hoa-phu-huyen-hoa-vang-thanh-pho-da-nang-09\" rel=\"prettyPhoto[pp_gal]\"><img loading=\"lazy\" decoding=\"async\" class=\"attachment-publisher-md size-publisher-md\" src=\"https:\/\/danangfantasticity.com\/wp-content\/uploads\/2023\/09\/bana-rita-glamping-farm-thon-hoi-phuoc-xa-hoa-phu-huyen-hoa-vang-thanh-pho-da-nang-09-357x210.jpg\" alt=\"Bana Rita Glamping Farm Thon Hoi Phuoc Xa Hoa Phu Huyen Hoa Vang Thanh Pho Da Nang 09\" width=\"357\" height=\"210\" \/><\/a><\/div>\n<\/figure>\n<figure class=\"gallery-item\">\n<div class=\"gallery-icon landscape\"><a href=\"https:\/\/danangfantasticity.com\/diem-du-lich\/du-lich-sinh-thai-cong-dong-danang-vi\/bana-rita-glamping-farm-hoa-phu-hoa-vang-da-nang.html\/attachment\/bana-rita-glamping-farm-thon-hoi-phuoc-xa-hoa-phu-huyen-hoa-vang-thanh-pho-da-nang-07\" rel=\"prettyPhoto[pp_gal]\"><img loading=\"lazy\" decoding=\"async\" class=\"attachment-publisher-md size-publisher-md\" src=\"https:\/\/danangfantasticity.com\/wp-content\/uploads\/2023\/09\/bana-rita-glamping-farm-thon-hoi-phuoc-xa-hoa-phu-huyen-hoa-vang-thanh-pho-da-nang-07-357x210.jpg\" alt=\"Bana Rita Glamping Farm Thon Hoi Phuoc Xa Hoa Phu Huyen Hoa Vang Thanh Pho Da Nang 07\" width=\"357\" height=\"210\" \/><\/a><\/div>\n<\/figure>\n<figure class=\"gallery-item\">\n<div class=\"gallery-icon landscape\"><a href=\"https:\/\/danangfantasticity.com\/diem-du-lich\/du-lich-sinh-thai-cong-dong-danang-vi\/bana-rita-glamping-farm-hoa-phu-hoa-vang-da-nang.html\/attachment\/bana-rita-glamping-farm-thon-hoi-phuoc-xa-hoa-phu-huyen-hoa-vang-thanh-pho-da-nang-06\" rel=\"prettyPhoto[pp_gal]\"><img loading=\"lazy\" decoding=\"async\" class=\"attachment-publisher-md size-publisher-md\" src=\"https:\/\/danangfantasticity.com\/wp-content\/uploads\/2023\/09\/bana-rita-glamping-farm-thon-hoi-phuoc-xa-hoa-phu-huyen-hoa-vang-thanh-pho-da-nang-06-357x210.jpg\" alt=\"Bana Rita Glamping Farm Thon Hoi Phuoc Xa Hoa Phu Huyen Hoa Vang Thanh Pho Da Nang 06\" width=\"357\" height=\"210\" \/><\/a><\/div>\n<\/figure>\n<figure class=\"gallery-item\">\n<div class=\"gallery-icon landscape\"><a href=\"https:\/\/danangfantasticity.com\/diem-du-lich\/du-lich-sinh-thai-cong-dong-danang-vi\/bana-rita-glamping-farm-hoa-phu-hoa-vang-da-nang.html\/attachment\/bana-rita-glamping-farm-thon-hoi-phuoc-xa-hoa-phu-huyen-hoa-vang-thanh-pho-da-nang-05\" rel=\"prettyPhoto[pp_gal]\"><img loading=\"lazy\" decoding=\"async\" class=\"attachment-publisher-md size-publisher-md\" src=\"https:\/\/danangfantasticity.com\/wp-content\/uploads\/2023\/09\/bana-rita-glamping-farm-thon-hoi-phuoc-xa-hoa-phu-huyen-hoa-vang-thanh-pho-da-nang-05-357x210.jpg\" alt=\"Bana Rita Glamping Farm Thon Hoi Phuoc Xa Hoa Phu Huyen Hoa Vang Thanh Pho Da Nang 05\" width=\"357\" height=\"210\" \/><\/a><\/div>\n<\/figure>\n<figure class=\"gallery-item\">\n<div class=\"gallery-icon landscape\"><a href=\"https:\/\/danangfantasticity.com\/diem-du-lich\/du-lich-sinh-thai-cong-dong-danang-vi\/bana-rita-glamping-farm-hoa-phu-hoa-vang-da-nang.html\/attachment\/bana-rita-glamping-farm-thon-hoi-phuoc-xa-hoa-phu-huyen-hoa-vang-thanh-pho-da-nang-04\" rel=\"prettyPhoto[pp_gal]\"><img loading=\"lazy\" decoding=\"async\" class=\"attachment-publisher-md size-publisher-md\" src=\"https:\/\/danangfantasticity.com\/wp-content\/uploads\/2023\/09\/bana-rita-glamping-farm-thon-hoi-phuoc-xa-hoa-phu-huyen-hoa-vang-thanh-pho-da-nang-04-357x210.jpg\" alt=\"Bana Rita Glamping Farm Thon Hoi Phuoc Xa Hoa Phu Huyen Hoa Vang Thanh Pho Da Nang 04\" width=\"357\" height=\"210\" \/><\/a><\/div>\n<\/figure>\n<\/div>\n<p>BANA RITA FARM l\u00e0 m\u1ed9t \u0111\u1ecba \u0111i\u1ec3m c\u1eafm tr\u1ea1i tr\u1ea3i nghi\u1ec7m ho\u00e0n to\u00e0n m\u1edbi t\u1ea1i ch\u00e2n n\u00fai B\u00e0 N\u00e0, m\u1ed9t v\u00f9ng \u0111\u1ea5t r\u1ea5t \u0111\u1eb7c bi\u1ec7t, n\u01a1i m\u00e0 ti\u1ebfng g\u00e0 g\u00e1y \u0111\u00e1nh th\u1ee9c b\u00ecnh minh cho c\u1ea3 3 x\u00e3 H\u00f2a Ph\u00fa, H\u00f2a Ninh, H\u00f2a Nh\u01a1n thu\u1ed9c huy\u1ec7n H\u00f2a Vang th\u00e0nh ph\u1ed1 \u0110\u00e0 N\u1eb5ng. B\u1ea1n th\u1ea3 l\u01b0\u1edbi bu\u00f4ng c\u00e2u tr\u00ean d\u00f2ng Su\u1ed1i Cao S\u01a1n \u00f4m tr\u1ecdn khu v\u01b0\u1eddn farm r\u1ed9ng \u0111\u1ebfn 5 hecta. B\u1ea1n t\u1ef1 tay ng\u1eaft l\u00e1 ch\u00e8 trong farm, nh\u00f3m c\u1ee7i \u0111un \u1ea5m n\u01b0\u1edbc s\u00f4i, pha t\u00e1ch ch\u00e8 xanh \u0111\u00f3n b\u00ecnh minh l\u1ea5p l\u00f3 sau N\u00fai H\u00f2n N\u00e0ng, ng\u1eafm nh\u1eefng gi\u1ecdt s\u01b0\u01a1ng \u0111\u1ecdng tr\u00ean c\u1ecf xanh.<\/p>\n<p>\u0110\u1eafm m\u00ecnh trong l\u00e0n gi\u00f3 m\u00e1t c\u1ee7a n\u00fai r\u1eebng, ng\u1eafm H\u00f2n N\u00e0ng b\u1eebng s\u00e1ng trong \u0111\u00eam t\u1ed1i, b\u1ea1n ng\u1ee1 m\u00ecnh \u0111ang l\u1ea1c v\u00e0o m\u1ed9t kh\u00f4ng gian huy\u1ec1n \u1ea3o r\u1ea5t kh\u00e1c bi\u1ec7t xa th\u00e0nh ph\u1ed1. N\u00e0ng RITA thanh nh\u00e3, trong s\u00e1ng nh\u01b0 h\u00f2n ng\u1ecdc, n\u1eb1m tr\u00ean cung \u0111\u01b0\u1eddng du l\u1ecbch B\u00e0 N\u00e0 Su\u1ed1i M\u01a1, \u0111\u01b0\u1ee3c su\u1ed1i Cao S\u01a1n bao b\u1ecdc, \u0111\u01b0\u1ee3c n\u00fai H\u00f2n N\u00e0ng che ch\u1eafn, v\u00f9ng \u0111\u1ea5t \u1ea5y \u0111\u01b0\u1ee3c g\u1ecdi t\u00ean l\u00e0 BANA RITA \u2013 m\u1ed9t v\u00f9ng \u0111\u1ea5t \u0111\u1eb9p d\u01b0\u1edbi ch\u00e2n n\u00fai B\u00e0 N\u00e0.<\/p>\n<\/div>\n<\/div>","protected":false},"excerpt":{"rendered":"<p>Sau gi\u1edd l\u00e0m vi\u1ec7c c\u0103ng s\u1ee9c, b\u1ea1n mu\u1ed1n c\u00f9ng gia \u0111\u00ecnh, h\u1ed9i b\u1ea1n th\u00e2n vi vu kh\u00e1m ph\u00e1 thi\u00ean nhi\u00ean<\/p>","protected":false},"featured_media":18189,"comment_status":"closed","ping_status":"closed","template":"","meta":{"_acf_changed":false},"product_cat":[343,481],"product_tag":[],"class_list":{"0":"post-18188","1":"product","2":"type-product","3":"status-publish","4":"has-post-thumbnail","6":"product_cat-du-lich","7":"product_cat-khu-vuc-mien-trung","9":"first","10":"instock","11":"shipping-taxable","12":"product-type-simple"},"acf":[],"_links":{"self":[{"href":"https:\/\/b2c.fairs.vn\/en\/wp-json\/wp\/v2\/product\/18188","targetHints":{"allow":["GET"]}}],"collection":[{"href":"https:\/\/b2c.fairs.vn\/en\/wp-json\/wp\/v2\/product"}],"about":[{"href":"https:\/\/b2c.fairs.vn\/en\/wp-json\/wp\/v2\/types\/product"}],"replies":[{"embeddable":true,"href":"https:\/\/b2c.fairs.vn\/en\/wp-json\/wp\/v2\/comments?post=18188"}],"version-history":[{"count":0,"href":"https:\/\/b2c.fairs.vn\/en\/wp-json\/wp\/v2\/product\/18188\/revisions"}],"wp:featuredmedia":[{"embeddable":true,"href":"https:\/\/b2c.fairs.vn\/en\/wp-json\/wp\/v2\/media\/18189"}],"wp:attachment":[{"href":"https:\/\/b2c.fairs.vn\/en\/wp-json\/wp\/v2\/media?parent=18188"}],"wp:term":[{"taxonomy":"product_cat","embeddable":true,"href":"https:\/\/b2c.fairs.vn\/en\/wp-json\/wp\/v2\/product_cat?post=18188"},{"taxonomy":"product_tag","embeddable":true,"href":"https:\/\/b2c.fairs.vn\/en\/wp-json\/wp\/v2\/product_tag?post=18188"}],"curies":[{"name":"wp","href":"https:\/\/api.w.org\/{rel}","templated":true}]}}