{"id":18178,"date":"2024-04-24T15:30:31","date_gmt":"2024-04-24T08:30:31","guid":{"rendered":"https:\/\/b2c.fairs.vn\/?post_type=product&#038;p=18178"},"modified":"2024-04-24T15:30:32","modified_gmt":"2024-04-24T08:30:32","slug":"dong-thap-khu-du-lich-miet-vuon-happy-land-hung-thy","status":"publish","type":"product","link":"https:\/\/b2c.fairs.vn\/en\/product\/dong-thap-khu-du-lich-miet-vuon-happy-land-hung-thy\/","title":{"rendered":"\u0110\u1ed3ng Th\u00e1p &#8211; Khu du l\u1ecbch mi\u1ec7t v\u01b0\u1eddn Happy Land H\u00f9ng Thy"},"content":{"rendered":"<p>Khu du l\u1ecbch vui ch\u01a1i mi\u1ec7t v\u01b0\u1eddn mang t\u00ean Happy Land H\u00f9ng Thy n\u1eb1m ngay t\u1ea1i trung t\u00e2m khu v\u1ef1c L\u00e0ng hoa Sa \u0110\u00e9c \u1edf ph\u01b0\u1eddng T\u00e2n Quy \u0110\u00f4ng (TP. Sa \u0110\u00e9c, t\u1ec9nh \u0110\u1ed3ng Th\u00e1p)<\/p>\n<h2><strong>T\u1eeb l\u00e0ng hoa \u0111\u1ebfn khu du l\u1ecbch Happy Land H\u00f9ng Thy<\/strong><\/h2>\n<p>N\u00f3i v\u1ec1 c\u01a1 duy\u00ean \u0111\u1ebfn v\u1edbi ng\u00e0nh du l\u1ecbch c\u1ed9ng \u0111\u1ed3ng, anh Nguy\u1ec5n Ng\u1ecdc H\u00f9ng \u2013 Ch\u1ee7 khu du l\u1ecbch mi\u1ec7t v\u01b0\u1eddn Happy Land H\u00f9ng Thy chia s\u1ebb: \u201cT\u1eeb sau nh\u1eefng chuy\u1ebfn \u0111i tham quan nhi\u1ec1u n\u01a1i, trong \u0111\u00f3 c\u00f3 c\u00e1c khu du l\u1ecbch nh\u01b0: Su\u1ed1i Ti\u00ean, \u0110\u1ea7m Sen\u2026 c\u1ee7a Th\u00e0nh ph\u1ed1 H\u1ed3 Ch\u00ed Minh, t\u00f4i lu\u00f4n tr\u0103n tr\u1edf v\u1edbi suy ngh\u0129 t\u1ea1i sao nh\u1eefng n\u01a1i \u0111\u00f3 bi\u1ebft t\u1eadn d\u1ee5ng ao \u0111\u1ea7m, su\u1ed1i c\u1ea1n \u0111\u1ec3 t\u00f4n t\u1ea1o th\u00e0nh \u0111i\u1ec3m du l\u1ecbch, trong khi Sa \u0110\u00e9c c\u00f3 l\u1ee3i th\u1ebf l\u00e0ng hoa truy\u1ec1n th\u1ed1ng, c\u00f3 k\u00eanh r\u1ea1ch v\u00e0 c\u00f3 khu \u0111\u00f4 th\u1ecb \u0111\u00f4ng d\u00e2n\u2026 l\u1ea1i ch\u01b0a c\u00f3 m\u1ed9t khu vui ch\u01a1i, tr\u1ea3i nghi\u1ec7m, ho\u00e0 m\u00ecnh c\u00f9ng thi\u00ean nhi\u00ean.<\/p>\n<p>M\u1ed9t d\u1ecbp \u0111\u01b0\u1ee3c \u0111\u00f3n ti\u1ebfp ch\u00fa S\u00e1u Hoan \u0111\u1ebfn th\u0103m L\u00e0ng hoa (L\u00fac \u0111\u00f3 \u00f4ng L\u00ea Minh Hoan l\u00e0 B\u00ed th\u01b0 T\u1ec9nh u\u1ef7 \u0110\u1ed3ng Th\u00e1p &#8211; PV), \u0111\u01b0\u1ee3c nghe g\u1ee3i \u00fd c\u1ee7a ch\u00fa v\u1ec1 vi\u1ec7c n\u00ean x\u00e2y d\u1ef1ng m\u00f4 h\u00ecnh khu vui ch\u01a1i g\u1eafn v\u1edbi du l\u1ecbch \u1edf L\u00e0ng hoa, \u00fd ki\u1ebfn n\u00e0y \u0111\u00e3 ti\u1ebfp th\u00eam s\u1ee9c m\u1ea1nh th\u00f4i th\u00fac t\u00f4i m\u1ea1nh d\u1ea1n tri\u1ec3n khai \u00fd t\u01b0\u1edfng \u0111\u1ea7u t\u01b0 x\u00e2y d\u1ef1ng m\u1ed9t khu du l\u1ecbch \u1edf v\u00f9ng \u0111\u1ea5t n\u00e0y. T\u00f4i \u0111\u00e3 quy\u1ebft \u0111\u1ecbnh kh\u1edfi nghi\u1ec7p v\u1edbi d\u1ef1 \u00e1n x\u00e2y d\u1ef1ng khu du l\u1ecbch \u2013 vui ch\u01a1i Happy Land H\u00f9ng Thy\u201d.<\/p>\n<p>\u0110\u1ebfn Happy land H\u00f9ng Thy, du kh\u00e1ch c\u00f3 th\u1ec3 tham gia r\u1ea5t nhi\u1ec1u tr\u00f2 ch\u01a1i d\u00e2n gian nh\u01b0: T\u00e1t ao b\u1eaft c\u00e1, \u0111i c\u1ea7u th\u0103ng b\u1eb1ng, \u0111u d\u00e2y qua s\u00f4ng, \u0111\u1ea1p xe qua c\u1ea7u kh\u1ec9, \u0111i c\u1ea7u l\u1eafc, n\u1ea5c thang l\u00ean thi\u00ean \u0111\u00e0ng, tham gia m\u00f4 h\u00ecnh ch\u1ee3 qu\u00ea, \u0111i con \u0111\u01b0\u1eddng ch\u00e0 l\u00e0 v\u00e0 nhi\u1ec1u tr\u00f2 ch\u01a1i kh\u00e1c.<\/p>\n<div id=\"attachment_18179\" style=\"width: 310px\" class=\"wp-caption aligncenter\"><img fetchpriority=\"high\" decoding=\"async\" aria-describedby=\"caption-attachment-18179\" class=\"wp-image-18179 size-medium\" src=\"http:\/\/b2c.fairs.vn\/wp-content\/uploads\/2024\/04\/ipiccy_image112-300x225.jpg\" alt=\"\" width=\"300\" height=\"225\" srcset=\"https:\/\/b2c.fairs.vn\/wp-content\/uploads\/2024\/04\/ipiccy_image112-300x225.jpg 300w, https:\/\/b2c.fairs.vn\/wp-content\/uploads\/2024\/04\/ipiccy_image112-1024x768.jpg 1024w, https:\/\/b2c.fairs.vn\/wp-content\/uploads\/2024\/04\/ipiccy_image112-768x576.jpg 768w, https:\/\/b2c.fairs.vn\/wp-content\/uploads\/2024\/04\/ipiccy_image112-1536x1152.jpg 1536w, https:\/\/b2c.fairs.vn\/wp-content\/uploads\/2024\/04\/ipiccy_image112-16x12.jpg 16w, https:\/\/b2c.fairs.vn\/wp-content\/uploads\/2024\/04\/ipiccy_image112-1200x900.jpg 1200w, https:\/\/b2c.fairs.vn\/wp-content\/uploads\/2024\/04\/ipiccy_image112-150x113.jpg 150w, https:\/\/b2c.fairs.vn\/wp-content\/uploads\/2024\/04\/ipiccy_image112.jpg 1600w\" sizes=\"(max-width: 300px) 100vw, 300px\" \/><p id=\"caption-attachment-18179\" class=\"wp-caption-text\">Du kh\u00e1ch tho\u1ea3 th\u00edch tr\u1ea3i nghi\u1ec7m c\u00e1c tr\u00f2 ch\u01a1i d\u00e2n gian mi\u1ec7t v\u01b0\u1eddn<\/p><\/div>\n<p>Sau khi vui ch\u01a1i tho\u1ea3 th\u00edch, du kh\u00e1ch c\u00f3 th\u1ec3 gh\u00e9 v\u00e0o khu v\u1ef1c \u1ea9m th\u1ef1c \u0111\u1ec3 th\u01b0\u1edfng th\u1ee9c c\u00e1c m\u00f3n \u0103n \u0111\u1eb7c s\u1ea3n nh\u01b0: C\u00e1 l\u00f3c n\u01b0\u1edbng trui cu\u1ed1n l\u00e1 sen non ho\u1eb7c b\u00e1nh tr\u00e1ng \u0111\u1eb7c tr\u01b0ng c\u1ee7a lo\u1ea1i b\u1ed9t g\u1ea1o Sa \u0110\u00e9c, c\u01a1m x\u00e0o t\u1ecfi, c\u01a1m x\u00e0o tr\u1ee9ng, l\u1ea9u c\u00e1 \u0111\u1ed3ng, \u1ed1c h\u1ea5p ti\u00eau v\u00e0 nhi\u1ec1u m\u00f3n \u0103n d\u00e2n d\u00e3 kh\u00e1c.<\/p>\n<p>B\u00ean c\u1ea1nh c\u00e1c khu vui ch\u01a1i, khu \u1ea9m th\u1ef1c, Happy Land H\u00f9ng Thy c\u00f2n c\u00f3 khu mua s\u1eafm v\u1edbi t\u00ean \u0110\u1eb7c s\u1ea3n Sen H\u1ed3ng. L\u00e0 khu v\u1ef1c gi\u1edbi thi\u1ec7u v\u00e0 b\u00e0y b\u00e1n c\u00e1c s\u1ea3n v\u1eadt ti\u00eau bi\u1ec3u c\u1ee7a \u0110\u1ed3ng Th\u00e1p, c\u00e1c s\u1ea3n ph\u1ea9m OCOP nh\u01b0: H\u1ee7 ti\u1ebfu Sa \u0110\u00e9c, b\u00e1nh ph\u1ed3ng T\u00f4m Sa Giang, m\u1eafm Sen Qu\u00ea, tr\u00e0 tim sen, tr\u00e0 l\u00e1 sen\u2026<\/p>\n<p>Hi\u1ec7n nay, v\u1edbi di\u1ec7n t\u00edch h\u01a1n 20.000 m2, Khu vui ch\u01a1i mi\u1ec7t v\u01b0\u1eddn Happy Land H\u00f9ng Thy c\u00f3 th\u1ec3 ph\u1ee5c v\u1ee5 h\u00e0ng tr\u0103m kh\u00e1ch tham quan c\u00f9ng l\u00fac v\u00e0 gi\u1ea3i quy\u1ebft vi\u1ec7c l\u00e0m cho h\u01a1n 30 lao \u0111\u1ed9ng t\u1ea1i \u0111\u1ecba ph\u01b0\u01a1ng.<\/p>\n<h2><strong>V\u00e0 ph\u1ea9m OCOP 4 sao trong l\u0129nh v\u1ef1c du l\u1ecbch<\/strong><\/h2>\n<p>Chia s\u1ebb v\u1ec1 d\u1ef1 \u0111\u1ecbnh trong th\u1eddi gian t\u1edbi, anh H\u00f9ng chia s\u1ebb: \u201cNgo\u00e0i t\u0103ng c\u01b0\u1eddng th\u00eam ti\u1ec3u c\u1ea3nh v\u00e0 hoa trong khu du l\u1ecbch, s\u1eafp t\u1edbi khu du l\u1ecbch s\u1ebd m\u1edf th\u00eam d\u1ecbch v\u1ee5 \u0111\u01b0a \u0111\u00f3n b\u1eb1ng xe \u0111i\u1ec7n, ghe thuy\u1ec1n \u0111\u1ec3 \u0111\u01b0a du kh\u00e1ch \u0111i tham quan c\u00e1c di t\u00edch l\u1ecbch s\u1eed \u1edf t\u1ec9nh \u0110\u1ed3ng Th\u00e1p, th\u0103m th\u00fa c\u00e1c c\u1ea3nh sinh ho\u1ea1t c\u1ee7a b\u00e0 con tr\u00ean s\u00f4ng Sa \u0110\u00e9c v\u00e0 s\u00f4ng Ti\u1ec1n Giang\u201d.<\/p>\n<p>L\u00e0 m\u1ed9t th\u00e0nh vi\u00ean t\u00edch c\u1ef1c c\u1ee7a H\u1ed9i qu\u00e1n \u201cc\u00f9ng nhau l\u00e0m du l\u1ecbch\u201d, anh Nguy\u1ec5n Ng\u1ecdc H\u00f9ng c\u00f2n th\u01b0\u1eddng xuy\u00ean g\u1eb7p g\u1ee1, trao \u0111\u1ed5i kinh nghi\u1ec7m c\u00f9ng c\u00e1c h\u1ed9i vi\u00ean b\u1ea1n nh\u1eb1m h\u1ed7 tr\u1ee3 l\u1eabn nhau x\u00e2y d\u1ef1ng \u0111i\u1ec3m \u0111\u1ebfn du l\u1ecbch L\u00e0ng hoa Sa \u0110\u00e9c n\u00f3i ri\u00eang v\u00e0 du l\u1ecbch \u0110\u1ed3ng Th\u00e1p n\u00f3i chung th\u00e0nh m\u1ed9t \u0111\u1ecba ch\u1ec9 du l\u1ecbch uy t\u00edn, ph\u1ee5c v\u1ee5 chu \u0111\u00e1o, t\u1eadn t\u00ecnh cho du kh\u00e1ch trong v\u00e0 ngo\u00e0i n\u01b0\u1edbc khi \u0111\u1ebfn th\u0103m v\u00f9ng ch\u00e2u th\u1ed5 Mekong.<\/p>\n<p>Happy Land H\u00f9ng Thy l\u00e0 \u0111i\u1ec3m du l\u1ecbch m\u1edbi t\u1ea1i \u0110\u1ed3ng Th\u00e1p, du kh\u00e1ch \u0111\u1ebfn \u0111\u00e2y s\u1ebd c\u1ea3m nh\u1eadn \u0111\u01b0\u1ee3c kh\u00f4ng gian mi\u1ec7t v\u01b0\u1eddn \u0111\u1eb7c tr\u01b0ng c\u1ee7a mi\u1ec1n T\u00e2y. Theo t\u00ecm hi\u1ec3u c\u1ee7a ph\u00f3ng vi\u00ean, m\u00f4 h\u00ecnh du l\u1ecbch c\u1ed9ng \u0111\u1ed3ng n\u00e0y s\u1ebd \u0111\u01b0\u1ee3c m\u1edf r\u1ed9ng th\u00eam v\u00ec l\u01b0\u1ee3ng kh\u00e1ch v\u1ec1 \u0111\u00e2y r\u1ea5t \u0111\u00f4ng, nh\u1edd l\u1ee3i th\u1ebf l\u00e0 n\u1eb1m ngay trung t\u00e2m L\u00e0ng Hoa Sa \u0110\u00e9c, v\u1ed1n l\u00e0 l\u00e0ng ngh\u1ec1 tr\u1ed3ng hoa n\u1ed5i ti\u1ebfng. Ngo\u00e0i ra, khu v\u1ef1c n\u00e0y c\u00f2n c\u00f3 nhi\u1ec1u k\u00eanh r\u1ea1ch t\u1ef1 nhi\u00ean ch\u1ea3y qua t\u1ea1o n\u00ean khung c\u1ea3nh \u0111\u1eb7c tr\u01b0ng Nam B\u1ed9, du kh\u00e1ch c\u00f3 th\u1ec3 v\u00e0o check-in nh\u1eefng t\u1ea5m \u1ea3nh c\u00f9ng v\u1edbi hoa \u0111\u1eb9p v\u00e0 khung c\u1ea3nh s\u00f4ng n\u01b0\u1edbc h\u1eefu t\u00ecnh, \u0111\u1eb7c bi\u1ec7t \u0111\u01b0\u1ee3c tham quan v\u00e0 tham gia c\u00e1c tr\u00f2 ch\u01a1i d\u00e2n gian mi\u1ec7t v\u01b0\u1eddn.<\/p>\n<p>&nbsp;<\/p>","protected":false},"excerpt":{"rendered":"<p>Khu du l\u1ecbch vui ch\u01a1i mi\u1ec7t v\u01b0\u1eddn mang t\u00ean Happy Land H\u00f9ng Thy n\u1eb1m ngay t\u1ea1i trung t\u00e2m khu v\u1ef1c<\/p>","protected":false},"featured_media":18180,"comment_status":"closed","ping_status":"closed","template":"","meta":{"_acf_changed":false},"product_cat":[343,482],"product_tag":[],"class_list":{"0":"post-18178","1":"product","2":"type-product","3":"status-publish","4":"has-post-thumbnail","6":"product_cat-du-lich","7":"product_cat-khu-vuc-mien-nam","9":"first","10":"instock","11":"shipping-taxable","12":"product-type-simple"},"acf":[],"_links":{"self":[{"href":"https:\/\/b2c.fairs.vn\/en\/wp-json\/wp\/v2\/product\/18178","targetHints":{"allow":["GET"]}}],"collection":[{"href":"https:\/\/b2c.fairs.vn\/en\/wp-json\/wp\/v2\/product"}],"about":[{"href":"https:\/\/b2c.fairs.vn\/en\/wp-json\/wp\/v2\/types\/product"}],"replies":[{"embeddable":true,"href":"https:\/\/b2c.fairs.vn\/en\/wp-json\/wp\/v2\/comments?post=18178"}],"version-history":[{"count":0,"href":"https:\/\/b2c.fairs.vn\/en\/wp-json\/wp\/v2\/product\/18178\/revisions"}],"wp:featuredmedia":[{"embeddable":true,"href":"https:\/\/b2c.fairs.vn\/en\/wp-json\/wp\/v2\/media\/18180"}],"wp:attachment":[{"href":"https:\/\/b2c.fairs.vn\/en\/wp-json\/wp\/v2\/media?parent=18178"}],"wp:term":[{"taxonomy":"product_cat","embeddable":true,"href":"https:\/\/b2c.fairs.vn\/en\/wp-json\/wp\/v2\/product_cat?post=18178"},{"taxonomy":"product_tag","embeddable":true,"href":"https:\/\/b2c.fairs.vn\/en\/wp-json\/wp\/v2\/product_tag?post=18178"}],"curies":[{"name":"wp","href":"https:\/\/api.w.org\/{rel}","templated":true}]}}