{"id":18166,"date":"2024-04-24T14:24:28","date_gmt":"2024-04-24T07:24:28","guid":{"rendered":"https:\/\/b2c.fairs.vn\/?post_type=product&#038;p=18166"},"modified":"2024-04-24T15:32:30","modified_gmt":"2024-04-24T08:32:30","slug":"phu-tho-diem-du-lich-van-hoa-cong-dong-hung-lo","status":"publish","type":"product","link":"https:\/\/b2c.fairs.vn\/en\/product\/phu-tho-diem-du-lich-van-hoa-cong-dong-hung-lo\/","title":{"rendered":"Ph\u00fa Th\u1ecd &#8211; \u0110i\u1ec3m du l\u1ecbch v\u0103n h\u00f3a c\u1ed9ng \u0111\u1ed3ng H\u00f9ng L\u00f4"},"content":{"rendered":"<p><strong>N\u1eb1m b\u00ean d\u00f2ng s\u00f4ng L\u00f4 \u00eam \u0111\u1ec1m, th\u01a1 m\u1ed9ng, \u0111i\u1ec3m du l\u1ecbch v\u0103n h\u00f3a c\u1ed9ng \u0111\u1ed3ng H\u00f9ng L\u00f4, x\u00e3 H\u00f9ng L\u00f4, th\u00e0nh ph\u1ed1 Vi\u1ec7t Tr\u00ec, t\u1ec9nh Ph\u00fa Th\u1ecd v\u1edbi qu\u1ea7n th\u1ec3 ki\u1ebfn tr\u00fac \u0111\u00ecnh, \u0111\u1ec1n, ch\u00f9a c\u1ed5 k\u00ednh l\u00e0 \u0111i\u1ec3m \u0111\u1ebfn tham quan nh\u00e0 c\u1ed5, g\u00f3i b\u00e1nh ch\u01b0ng, b\u00e1nh gi\u1ea7y, tr\u1ea3i nghi\u1ec7m nghe h\u00e1t Xoan&#8230; c\u1ee7a nhi\u1ec1u du kh\u00e1ch trong n\u01b0\u1edbc c\u0169ng nh\u01b0 qu\u1ed1c t\u1ebf khi v\u1ec1 \u0110\u1ea5t T\u1ed5.<\/strong><\/p>\n<h2><strong>\u0110\u1ea5t x\u01b0a, \u0111\u00ecnh c\u1ed5\u2026<\/strong><\/h2>\n<p>H\u00f9ng L\u00f4 l\u00e0 v\u00f9ng \u0111\u1ea5t tr\u00f9 ph\u00fa n\u1eb1m b\u00ean d\u00f2ng L\u00f4 giang trong \u0111\u1ecba h\u1ea1t kinh \u0111\u00f4 V\u0103n Lang, x\u01b0a c\u00f3 t\u00ean g\u1ecdi l\u00e0 Kh\u1ea3 L\u00e3m Trang, sau \u0111\u1ed5i th\u00e0nh l\u00e0ng An L\u00e3o. Qua nhi\u1ec1u th\u1eddi k\u1ef3, l\u00e0ng c\u00f3 t\u00ean: Trang Kh\u1ea3 L\u00e3m, L\u00e0ng X\u1ed1m, L\u00e0ng An L\u00e3m, L\u00e0ng An L\u00e3o, r\u1ed3i sau C\u00e1ch m\u1ea1ng Th\u00e1ng t\u00e1m n\u0103m 1945 \u0111\u1ed5i t\u00ean th\u00e0nh x\u00e3 H\u00f9ng L\u00f4 cho \u0111\u1ebfn nay. T\u01b0\u01a1ng truy\u1ec1n, \u0111\u00e2y v\u1ed1n l\u00e0 n\u01a1i Vua H\u00f9ng c\u00f9ng c\u00f4ng ch\u00faa v\u00e0 c\u00e1c qu\u1ea7n th\u1ea7n d\u1eebng ch\u00e2n ngh\u1ec9 ng\u01a1i trong m\u1ed9t chuy\u1ebfn du ngo\u1ea1n. Vua th\u1ea5y n\u01a1i n\u00e0y tr\u00f9 ph\u00fa, c\u00e2y c\u1ed1i t\u1ed1t t\u01b0\u01a1i, l\u1ea1i c\u00f3 kh\u00ed thi\u00eang t\u1eeb l\u00f2ng \u0111\u1ea5t b\u1ed1c l\u00ean n\u00ean cho \u0111\u00e2y l\u00e0 ch\u1ed1n \u0111\u1ecba linh. Sau n\u00e0y, d\u00e2n l\u00e0ng \u0111\u00e3 d\u1ef1ng Mi\u1ebfu th\u1edd Vua H\u00f9ng \u0111\u1ec3 \u0111\u1eddi \u0111\u1eddi nh\u1edb \u01a1n V\u01b0\u01a1ng t\u1ed5. \u0110\u1ebfn th\u1eddi vua L\u00ea Hy T\u00f4ng, \u0111\u00ecnh b\u1eaft \u0111\u1ea7u \u0111\u01b0\u1ee3c x\u00e2y d\u1ef1ng, h\u01b0\u1edbng v\u1ec1 n\u00fai Ngh\u0129a L\u0129nh.<\/p>\n<p>C\u00f3 v\u1ecb tr\u00ed \u0111\u1ecba l\u00fd thu\u1eadn l\u1ee3i, K\u1ebb X\u1ed1m x\u01b0a s\u1edbm \u0111\u00e3 h\u00ecnh th\u00e0nh trung t\u00e2m bu\u00f4n b\u00e1n s\u1ea7m u\u1ea5t. D\u1ea5u \u1ea5n v\u0103n ho\u00e1 c\u1ee7a th\u1eddi k\u1ef3 d\u1ef1ng n\u01b0\u1edbc c\u00f2n l\u01b0u l\u1ea1i tr\u00ean m\u1ea3nh \u0111\u1ea5t n\u00e0y qua c\u00e1c di s\u1ea3n t\u1eeb nh\u1eefng giai \u0111o\u1ea1n \u0111\u1ed3 \u0111\u00e1, th\u1eddi k\u1ef3 \u0111\u1ed3 \u0111\u1ed3ng nh\u01b0 cu\u1ed1c \u0111\u00e1, r\u00ecu \u0111\u00e1, m\u0169i t\u00ean \u0111\u1ed3ng, b\u00faa \u0111\u1ed3ng\u2026 Tr\u1ea3i qua nhi\u1ec1u th\u1ebf k\u1ef7, d\u00e2u b\u1ec3 th\u1eddi gian, nh\u1eefng t\u1eadp t\u1ee5c, n\u1ebfp l\u00e0ng t\u1eeb x\u01b0a \u0111\u1ebfn nay v\u1eabn lu\u00f4n \u0111\u01b0\u1ee3c ng\u01b0\u1eddi d\u00e2n H\u00f9ng L\u00f4 g\u00ecn gi\u1eef, l\u01b0u truy\u1ec1n t\u1eeb \u0111\u1eddi n\u00e0y sang \u0111\u1eddi kh\u00e1c. \u0110\u1ebfn nay, m\u00e1i \u0110\u00ecnh H\u00f9ng L\u00f4 v\u1eabn b\u1ec1 th\u1ebf, v\u1eefng ch\u00e3i, m\u00e1i ng\u00f3i r\u00eau phong nhu\u1ed1m m\u00e0u th\u1eddi gian. V\u1edbi s\u1ef1 gi\u00e0u c\u00f3 v\u1ec1 gi\u00e1 tr\u1ecb ki\u1ebfn tr\u00fac v\u00e0 \u00fd ngh\u0129a l\u1ecbch s\u1eed, qu\u1ea7n th\u1ec3 Di t\u00edch \u0110\u00ecnh H\u00f9ng L\u00f4 khi\u1ebfn cho m\u1ed7i du kh\u00e1ch \u0111\u1ec1u tr\u1ea7m tr\u1ed3, th\u00edch th\u00fa m\u1ed7i khi c\u00f3 d\u1ecbp v\u1ec1 th\u0103m quan, tr\u1ea3i nghi\u1ec7m.<\/p>\n<div style=\"width: 524px\" class=\"wp-caption aligncenter\"><a href=\"https:\/\/images.vietnamtourism.gov.vn\/vn\/\/images\/2023\/thang_6\/2006.net-xua-lang-co-2.jpg\" target=\"_blank\" rel=\"noopener\"><img fetchpriority=\"high\" decoding=\"async\" class=\"\" src=\"https:\/\/images.vietnamtourism.gov.vn\/vn\/\/images\/2023\/thang_6\/2006.net-xua-lang-co-2.jpg\" alt=\"\" width=\"514\" height=\"300\" \/><\/a><p class=\"wp-caption-text\">H\u1ecdc sinh th\u00e0nh ph\u1ed1 Vi\u1ec7t Tr\u00ec tr\u1ea3i nghi\u1ec7m h\u00e1t Xoan t\u1ea1i \u0110\u00ecnh H\u00f9ng L\u00f4<\/p><\/div>\n<p>L\u00e0m n\u00ean v\u1ebb c\u1ed5 k\u00ednh k\u1ef3 di\u1ec7u c\u1ee7a l\u00e0ng c\u1ed5 H\u00f9ng L\u00f4, ngo\u00e0i \u0111\u00ecnh c\u1ed5 c\u00f2n ph\u1ea3i k\u1ec3 \u0111\u1ebfn nh\u1eefng ng\u00f4i nh\u00e0 c\u1ed5. Hi\u1ec7n nay tr\u00ean \u0111\u1ecba b\u00e0n x\u00e3 c\u00f2n l\u01b0u gi\u1eef \u0111\u01b0\u1ee3c kho\u1ea3ng 50 ng\u00f4i nh\u00e0 g\u1ed7 c\u1ed5 c\u00f3 ni\u00ean \u0111\u1ea1i t\u1eeb 100 n\u0103m tu\u1ed5i tr\u1edf l\u00ean, v\u1edbi ki\u1ebfn tr\u00fac \u0111\u1ed9c \u0111\u00e1o mang n\u00e9t \u0111\u1eb9p v\u0103n ho\u00e1 c\u1ee7a n\u1ec1n v\u0103n minh n\u00f4ng nghi\u1ec7p, c\u00f9ng v\u1edbi c\u1ea3nh quan ven s\u00f4ng, \u0111\u1eddi s\u1ed1ng sinh ho\u1ea1t ch\u1ee3 qu\u00ea, ho\u1ea1t \u0111\u1ed9ng l\u00e0ng ngh\u1ec1\u2026 l\u00e0 nh\u1eefng \u0111i\u1ec1u ki\u1ec7n thu\u1eadn l\u1ee3i ph\u00e1t tri\u1ec3n s\u1ea3n ph\u1ea9m du l\u1ecbch v\u0103n h\u00f3a c\u1ed9ng \u0111\u1ed3ng ph\u1ee5c v\u1ee5 kh\u00e1ch tham quan du l\u1ecbch tr\u1ea3i nghi\u1ec7m.<\/p>\n<h2><strong>&#8230;chuy\u1ec3n m\u00ecnh v\u01b0\u01a1n l\u00ean<\/strong><\/h2>\n<p>Lu\u00f4n mang l\u1ea1i tr\u1ea3i nghi\u1ec7m m\u1edbi l\u1ea1 trong kh\u00f4ng gian c\u1ed5 k\u00ednh, y\u00ean b\u00ecnh quen thu\u1ed9c, v\u1ec1 H\u00f9ng L\u00f4 trong nh\u1eefng ng\u00e0y l\u1ec5, ai ai c\u0169ng ph\u1ea5n kh\u1edfi b\u1edfi kh\u00f4ng kh\u00ed s\u00f4i \u0111\u1ed9ng, r\u1ed9n r\u00e0ng tr\u1ea3i kh\u1eafp kh\u00f4ng gian l\u00e0ng c\u1ed5. \u0110i\u1ec1u \u0111\u1eb7c bi\u1ec7t h\u1ea5p d\u1eabn l\u00e0 ngo\u00e0i v\u1ebb \u0111\u1eb9p c\u1ed5 k\u00ednh c\u00f9ng c\u00e1c gi\u00e1 tr\u1ecb l\u1ecbch s\u1eed, v\u0103n h\u00f3a l\u00e2u \u0111\u1eddi, H\u00f9ng L\u00f4 hi\u1ec7n nay c\u00f2n l\u00e0 m\u1ed9t trong nh\u1eefng x\u00e3 \u0111i \u0111\u1ea7u c\u1ee7a th\u00e0nh ph\u1ed1 Vi\u1ec7t Tr\u00ec trong vi\u1ec7c ph\u00e1t huy nh\u1eefng gi\u00e1 tr\u1ecb v\u0103n h\u00f3a, truy\u1ec1n th\u1ed1ng l\u00e2u \u0111\u1eddi \u0111\u1ec3 v\u01b0\u01a1n l\u00ean ph\u00e1t tri\u1ec3n kinh t\u1ebf &#8211; x\u00e3 h\u1ed9i.<\/p>\n<p>Nhi\u1ec1u n\u0103m nay, ph\u00e1t huy th\u1ebf m\u1ea1nh v\u1ecb tr\u00ed \u0111\u1ea5t ven \u0111\u00f4, giao th\u01b0\u01a1ng thu\u1eadn l\u1ee3i, ng\u01b0\u1eddi d\u00e2n n\u01a1i \u0111\u00e2y \u0111\u00e3 m\u1edf mang, ph\u00e1t tri\u1ec3n ng\u00e0nh ngh\u1ec1, t\u1ea1o cho ng\u01b0\u1eddi k\u1ebb X\u1ed1m c\u00f3 phong c\u00e1ch n\u0103ng \u0111\u1ed9ng, s\u00e1ng t\u1ea1o, m\u1edf r\u1ed9ng giao l\u01b0u, h\u00ecnh th\u00e0nh c\u00e1c ngh\u1ec1 truy\u1ec1n th\u1ed1ng l\u00e0m b\u00e1nh \u0111a, b\u00e1nh \u0111\u00fac, b\u00e1nh ch\u01b0ng, b\u00e1nh gai, m\u00ec mi\u1ebfn, k\u1eb9o l\u1ea1c, k\u1eb9o v\u1eebng&#8230; Qua b\u00e0n tay kh\u00e9o l\u00e9o c\u1ee7a ng\u01b0\u1eddi d\u00e2n qu\u00ea, n\u00f4ng s\u1ea3n l\u00e0m ra \u0111\u00e3 tr\u1edf th\u00e0nh h\u00e0ng ho\u00e1 c\u00f3 gi\u00e1 tr\u1ecb kinh t\u1ebf cao, m\u1ed9t ph\u1ea7n b\u00e0y b\u00e1n \u1edf ch\u1ee3 qu\u00ea, ph\u1ea7n nhi\u1ec1u \u0111\u01b0\u1ee3c xu\u1ea5t b\u00e1n t\u1edbi c\u00e1c \u0111\u1ecba ph\u01b0\u01a1ng trong v\u00e0 ngo\u00e0i t\u1ec9nh.<\/p>\n<p>B\u00ean c\u1ea1nh \u0111\u00f3, \u0111\u1ec3 d\u1ecbch v\u1ee5 du l\u1ecbch tr\u00ean \u0111\u1ecba b\u00e0n x\u00e3 ph\u00e1t tri\u1ec3n, x\u00e3 t\u1eadp trung t\u0103ng c\u01b0\u1eddng tuy\u00ean truy\u1ec1n qu\u1ea3ng b\u00e1 thu h\u00fat \u0111\u1ea7u t\u01b0, t\u1ea1o \u0111i\u1ec1u ki\u1ec7n thu\u1eadn l\u1ee3i cho vi\u1ec7c \u0111\u1ea7u t\u01b0 nghi\u00ean c\u1ee9u x\u00e2y d\u1ef1ng lo\u1ea1i h\u00ecnh du l\u1ecbch sinh th\u00e1i- ngh\u1ec9 d\u01b0\u1ee1ng, du l\u1ecbch homestay, du l\u1ecbch c\u1ed9ng \u0111\u1ed3ng. N\u00e2ng cao nh\u1eadn th\u1ee9c c\u1ee7a nh\u00e2n d\u00e2n v\u1ec1 vi\u1ec7c ph\u00e1t tri\u1ec3n du l\u1ecbch; duy tr\u00ec L\u1ec5 h\u1ed9i r\u01b0\u1edbc ki\u1ec7u, nh\u1eb1m b\u1ea3o t\u1ed3n, ph\u00e1t huy gi\u00e1 tr\u1ecb, t\u00edn ng\u01b0\u1ee1ng th\u1edd c\u00fang H\u00f9ng V\u01b0\u01a1ng; \u0111\u1ed3ng th\u1eddi t\u1ed5 ch\u1ee9c c\u00e1c ho\u1ea1t \u0111\u1ed9ng th\u1ec3 thao qu\u1ea7n ch\u00fang, c\u00e1c tr\u00f2 ch\u01a1i d\u00e2n gian, h\u00e1t Xoan l\u00e0ng c\u1ed5 t\u1ea1i \u0110\u00ecnh H\u00f9ng L\u00f4; k\u1ebft h\u1ee3p v\u1edbi c\u00e1c ho\u1ea1t \u0111\u1ed9ng tr\u1ea3i nghi\u1ec7m c\u00e1c l\u00e0ng ngh\u1ec1 th\u1ee7 c\u00f4ng truy\u1ec1n th\u1ed1ng, tham quan nh\u00e0 c\u1ed5 v\u00e0 tr\u1ea3i nghi\u1ec7m \u1ea9m th\u1ef1c \u0111\u1eb7c s\u1eafc c\u1ee7a \u0111\u1ecba ph\u01b0\u01a1ng&#8230; Nh\u1edd \u0111\u00f3, kinh t\u1ebf \u1edf \u0111\u1ecba ph\u01b0\u01a1ng ng\u00e0y c\u00e0ng ph\u00e1t tri\u1ec3n.<\/p>\n<h2 class=\"pTitle\">Tr\u1ea3i nghi\u1ec7m du l\u1ecbch v\u0103n h\u00f3a c\u1ed9ng \u0111\u1ed3ng H\u00f9ng L\u00f4<\/h2>\n<div id=\"attachment_18171\" style=\"width: 498px\" class=\"wp-caption aligncenter\"><img decoding=\"async\" aria-describedby=\"caption-attachment-18171\" class=\"wp-image-18171\" src=\"http:\/\/b2c.fairs.vn\/wp-content\/uploads\/2024\/04\/111d6091400t182277l2-300x188.jpg\" alt=\"\" width=\"488\" height=\"306\" srcset=\"https:\/\/b2c.fairs.vn\/wp-content\/uploads\/2024\/04\/111d6091400t182277l2-300x188.jpg 300w, https:\/\/b2c.fairs.vn\/wp-content\/uploads\/2024\/04\/111d6091400t182277l2-768x482.jpg 768w, https:\/\/b2c.fairs.vn\/wp-content\/uploads\/2024\/04\/111d6091400t182277l2-18x12.jpg 18w, https:\/\/b2c.fairs.vn\/wp-content\/uploads\/2024\/04\/111d6091400t182277l2-150x94.jpg 150w, https:\/\/b2c.fairs.vn\/wp-content\/uploads\/2024\/04\/111d6091400t182277l2.jpg 1000w\" sizes=\"(max-width: 488px) 100vw, 488px\" \/><p id=\"caption-attachment-18171\" class=\"wp-caption-text\">Bi\u1ec3u di\u1ec5n h\u00e1t Xoan v\u1edbi du kh\u00e1ch n\u01b0\u1edbc ngo\u00e0i t\u1ea1i \u0110\u00ecnh c\u1ed5 H\u00f9ng L\u00f4<\/p><\/div>\n<p class=\"pBody\">\u0110i\u1ec1u \u0111\u1eb7c bi\u1ec7t h\u1ea5p d\u1eabn l\u00e0 ngo\u00e0i v\u1ebb \u0111\u1eb9p c\u1ed5 k\u00ednh c\u00f9ng c\u00e1c gi\u00e1 tr\u1ecb l\u1ecbch s\u1eed, v\u0103n h\u00f3a l\u00e2u \u0111\u1eddi, k\u1ec3 t\u1eeb khi \u0111\u01b0\u1ee3c \u0111\u01b0a v\u00e0o ph\u1ee5c v\u1ee5 tham quan, \u0111\u1ec3 \u0111a d\u1ea1ng h\u00f3a s\u1ea3n ph\u1ea9m du l\u1ecbch, du kh\u00e1ch \u0111\u1eb7t l\u1ecbch \u0111\u1ebfn th\u0103m \u0111\u00ecnh H\u00f9ng L\u00f4 s\u1ebd \u0111\u01b0\u1ee3c tham gia bi\u1ec3u di\u1ec5n c\u00f9ng c\u00e1c ngh\u1ec7 nh\u00e2n c\u00e1c l\u00e0n \u0111i\u1ec7u Xoan Ph\u00fa Th\u1ecd, Di s\u1ea3n v\u0103n h\u00f3a phi v\u1eadt th\u1ec3 \u0111\u1ea1i di\u1ec7n c\u1ee7a nh\u00e2n lo\u1ea1i \u0111\u01b0\u1ee3c UNESCO c\u00f4ng nh\u1eadn. Nh\u1eefng giai \u0111i\u1ec7u h\u00e1t Xoan khi \u0111\u01b0\u1ee3c th\u1ec3 hi\u1ec7n qua ti\u1ebfng h\u00e1t, \u0111i\u1ec7u nh\u1ea3y c\u1ee7a nh\u1eefng ng\u01b0\u1eddi con sinh ra v\u00e0 l\u1edbn l\u00ean n\u01a1i ph\u01b0\u1eddng Xoan g\u1ed1c H\u00f9ng L\u00f4 \u0111\u1ea7y h\u1ea5p d\u1eabn v\u00e0 c\u00f3 s\u1ee9c l\u00f4i cu\u1ed1n du kh\u00e1ch l\u1ea1 k\u1ef3.<\/p>\n<div id=\"attachment_18172\" style=\"width: 494px\" class=\"wp-caption aligncenter\"><img decoding=\"async\" aria-describedby=\"caption-attachment-18172\" class=\"wp-image-18172\" src=\"http:\/\/b2c.fairs.vn\/wp-content\/uploads\/2024\/04\/111d6091400t182277l3-300x163.jpg\" alt=\"\" width=\"484\" height=\"263\" srcset=\"https:\/\/b2c.fairs.vn\/wp-content\/uploads\/2024\/04\/111d6091400t182277l3-300x163.jpg 300w, https:\/\/b2c.fairs.vn\/wp-content\/uploads\/2024\/04\/111d6091400t182277l3-768x418.jpg 768w, https:\/\/b2c.fairs.vn\/wp-content\/uploads\/2024\/04\/111d6091400t182277l3-18x10.jpg 18w, https:\/\/b2c.fairs.vn\/wp-content\/uploads\/2024\/04\/111d6091400t182277l3-150x82.jpg 150w, https:\/\/b2c.fairs.vn\/wp-content\/uploads\/2024\/04\/111d6091400t182277l3.jpg 1000w\" sizes=\"(max-width: 484px) 100vw, 484px\" \/><p id=\"caption-attachment-18172\" class=\"wp-caption-text\">Du kh\u00e1ch th\u0103m quan L\u00e0ng ngh\u1ec1 l\u00e0m m\u1ef3 truy\u1ec1n th\u1ed1ng<\/p><\/div>\n<p class=\"pBody\">C\u00f9ng v\u1edbi \u0111\u00f3 du kh\u00e1ch s\u1ebd \u0111\u01b0\u1ee3c gh\u00e9 th\u0103m l\u00e0ng ngh\u1ec1 l\u00e0m m\u1ef3 v\u00e0 b\u00e1nh \u0111a \u0111\u01b0\u1ee3c s\u1ea3n xu\u1ea5t ho\u00e0n to\u00e0n b\u1eb1ng ph\u01b0\u01a1ng ph\u00e1p truy\u1ec1n th\u1ed1ng. \u0110\u00e2y kh\u00f4ng ch\u1ec9 l\u00e0 ngh\u1ec1 gia truy\u1ec1n mang \u0111\u1ebfn thu nh\u1eadp cho c\u00e1c gia \u0111\u00ecnh m\u00e0 c\u00f2n \u0111ang d\u1ea7n tr\u1edf th\u00e0nh s\u1ea3n ph\u1ea9m du l\u1ecbch th\u00fa v\u1ecb cho l\u00e0ng c\u1ed5. T\u1ea1i \u0111\u00e2y, du kh\u00e1ch s\u1ebd \u0111\u01b0\u1ee3c t\u00ecm hi\u1ec3u v\u1ec1 c\u00e1c c\u00f4ng \u0111o\u1ea1n l\u00e0m m\u1ef3, b\u00e1nh \u0111a, \u0111\u01b0\u1ee3c n\u1ebfm th\u1eed \u0111\u1eb7c s\u1ea3n n\u1ed5i ti\u1ebfng c\u1ee7a ng\u00f4i l\u00e0ng n\u00e0y v\u00e0 n\u1ebfu c\u00f3 nhu c\u1ea7u, c\u00f2n \u0111\u01b0\u1ee3c tham gia tr\u1ea3i nghi\u1ec7m m\u1ed9t s\u1ed1 c\u00f4ng \u0111o\u1ea1n s\u1ea3n xu\u1ea5t.<\/p>\n<p>V\u1edbi h\u00ecnh th\u1ee9c k\u1ebft h\u1ee3p du l\u1ecbch t\u00e2m linh &#8211; l\u00e0ng ngh\u1ec1 d\u1ef1a tr\u00ean t\u00e0i nguy\u00ean v\u0103n h\u00f3a, l\u1ecbch s\u1eed d\u1ed3i d\u00e0o, l\u00e0ng c\u1ed5 H\u00f9ng L\u00f4 \u0111\u00e3 v\u00e0 \u0111ang tr\u1edf th\u00e0nh \u0111i\u1ec3m \u0111\u1ebfn ng\u00e0y c\u00e0ng \u0111\u01b0\u1ee3c nhi\u1ec1u du kh\u00e1ch trong, ngo\u00e0i n\u01b0\u1edbc bi\u1ebft \u0111\u1ebfn. S\u1edf VHTT&amp;DL v\u00e0 UBND th\u00e0nh ph\u1ed1 Vi\u1ec7t Tr\u00ec \u0111ang n\u1ed7 l\u1ef1c qu\u1ea3ng b\u00e1, x\u00fac ti\u1ebfn du l\u1ecbch, \u0111\u1ed3ng th\u1eddi x\u00e2y d\u1ef1ng th\u00eam nhi\u1ec1u s\u1ea3n ph\u1ea9m du l\u1ecbch m\u1edbi \u0111\u1ec3 n\u00edu ch\u00e2n du kh\u00e1ch v\u1ec1 th\u00e0nh ph\u1ed1 Vi\u1ec7t Tr\u00ec, th\u00e0nh ph\u1ed1 l\u1ec5 h\u1ed9i v\u1ec1 v\u1edbi C\u1ed9i ngu\u1ed3n d\u00e2n t\u1ed9c Vi\u1ec7t Nam.<\/p>","protected":false},"excerpt":{"rendered":"<p>N\u1eb1m b\u00ean d\u00f2ng s\u00f4ng L\u00f4 \u00eam \u0111\u1ec1m, th\u01a1 m\u1ed9ng, \u0111i\u1ec3m du l\u1ecbch v\u0103n h\u00f3a c\u1ed9ng \u0111\u1ed3ng H\u00f9ng L\u00f4, x\u00e3 H\u00f9ng<\/p>","protected":false},"featured_media":18182,"comment_status":"closed","ping_status":"closed","template":"","meta":{"_acf_changed":false},"product_cat":[343,480],"product_tag":[],"class_list":{"0":"post-18166","1":"product","2":"type-product","3":"status-publish","4":"has-post-thumbnail","6":"product_cat-du-lich","7":"product_cat-khu-vuc-mien-bac","9":"first","10":"instock","11":"shipping-taxable","12":"product-type-simple"},"acf":[],"_links":{"self":[{"href":"https:\/\/b2c.fairs.vn\/en\/wp-json\/wp\/v2\/product\/18166","targetHints":{"allow":["GET"]}}],"collection":[{"href":"https:\/\/b2c.fairs.vn\/en\/wp-json\/wp\/v2\/product"}],"about":[{"href":"https:\/\/b2c.fairs.vn\/en\/wp-json\/wp\/v2\/types\/product"}],"replies":[{"embeddable":true,"href":"https:\/\/b2c.fairs.vn\/en\/wp-json\/wp\/v2\/comments?post=18166"}],"version-history":[{"count":0,"href":"https:\/\/b2c.fairs.vn\/en\/wp-json\/wp\/v2\/product\/18166\/revisions"}],"wp:featuredmedia":[{"embeddable":true,"href":"https:\/\/b2c.fairs.vn\/en\/wp-json\/wp\/v2\/media\/18182"}],"wp:attachment":[{"href":"https:\/\/b2c.fairs.vn\/en\/wp-json\/wp\/v2\/media?parent=18166"}],"wp:term":[{"taxonomy":"product_cat","embeddable":true,"href":"https:\/\/b2c.fairs.vn\/en\/wp-json\/wp\/v2\/product_cat?post=18166"},{"taxonomy":"product_tag","embeddable":true,"href":"https:\/\/b2c.fairs.vn\/en\/wp-json\/wp\/v2\/product_tag?post=18166"}],"curies":[{"name":"wp","href":"https:\/\/api.w.org\/{rel}","templated":true}]}}