{"id":18165,"date":"2024-04-24T14:06:53","date_gmt":"2024-04-24T07:06:53","guid":{"rendered":"https:\/\/b2c.fairs.vn\/?post_type=product&#038;p=18165"},"modified":"2024-04-24T14:06:55","modified_gmt":"2024-04-24T07:06:55","slug":"18165","status":"publish","type":"product","link":"https:\/\/b2c.fairs.vn\/en\/product\/18165\/","title":{"rendered":""},"content":{"rendered":"<p class=\"QN2lPu\">Tr\u00ean th\u1ecb tr\u01b0\u1eddng c\u00f3 r\u1ea5t nhi\u1ec1u m\u1eabu m\u00e3 dao \u0111a d\u1ea1ng, phong ph\u00fa. Nh\u1eefng m\u1eabu dao \u0111\u1eb9p, c\u00f3 t\u00ednh th\u1ea9m m\u1ef9 cao th\u00ec th\u01b0\u1eddng s\u1ebd nhanh c\u00f9n, g\u1ec9. Nh\u1eefng m\u1eabu ch\u1ea5t l\u01b0\u1ee3ng t\u1ed1t h\u01a1n th\u00ec gi\u00e1 l\u1ea1i qu\u00e1 \u0111\u1eaft \u0111\u1ecf, l\u00ean \u0111\u1ebfn v\u00e0i tri\u1ec7u \u0111\u1ed3ng\/ chi\u1ebfc. V\u1eady th\u00ec nh\u1eefng m\u1eabu dao \u0111\u01b0\u1ee3c s\u1ea3n xu\u1ea5t th\u1ee7 c\u00f4ng t\u1ea1i l\u00e0ng r\u00e8n L\u00fd Nh\u00e2n \u2013 V\u0129nh T\u01b0\u1eddng s\u1ebd l\u00e0 s\u1ef1 l\u1ef1a ch\u1ecdn ho\u00e0n h\u1ea3o cho c\u0103n b\u1ebfp gia \u0111\u00ecnh b\u1ea1n.<\/p>\n<p class=\"QN2lPu\">L\u00e0ng r\u00e8n truy\u1ec1n th\u1ed1ng L\u00fd Nh\u00e2n t\u1ef1 h\u00e0o l\u00e0 n\u01a1i s\u1ea3n xu\u1ea5t v\u00e0 cung c\u1ea5p dao k\u00e9o CHU\u1ea8N \u2013 B\u1ec0N \u2013 S\u1eaeC s\u1ed1 1 t\u1ea1i Mi\u1ec1n B\u1eafc.<\/p>\n<p class=\"QN2lPu\">B\u1ed8 DAO NH\u00c0 B\u1ebeP G\u1ed6 C\u1ea8M CH\u1ec8 CAO C\u1ea4P<\/p>\n<p class=\"QN2lPu\">1. Th\u00f4ng tin c\u01a1 b\u1ea3n c\u1ee7a nh\u00e0 s\u1ea3n xu\u1ea5t<\/p>\n<p class=\"QN2lPu\">&#8211; \u00a0 \u00a0 \u00a0 B\u1ed9 dao bao g\u1ed3m:<\/p>\n<p class=\"QN2lPu\">&#8211; Ch\u1ea5t li\u1ec7u: Th\u00e9p tr\u1eafng Nh\u1eadt kh\u00f4ng g\u1ec9 cao c\u1ea5p<\/p>\n<p class=\"QN2lPu\">&#8211; S\u1ea3n xu\u1ea5t t\u1ea1i: L\u00e0ng r\u00e8n L\u00fd Nh\u00e2n \u2013 V\u0129nh T\u01b0\u1eddng \u2013 V\u0129nh Ph\u00fac<\/p>\n<p class=\"QN2lPu\">&#8211; C\u00e1n: G\u1ed7 c\u1ea9m s\u1eebng kh\u00e2u \u0111\u1ed3ng<\/p>\n<p class=\"QN2lPu\">2. \u0110\u1eb7c \u0111i\u1ec3m<\/p>\n<p class=\"QN2lPu\">&#8211; S\u1ea3n ph\u1ea9m \u0111\u01b0\u1ee3c l\u00e0m t\u1eeb th\u00e9p Nh\u1eadt kh\u00f4ng g\u1ec9 n\u00ean lu\u00f4n s\u00e1ng v\u00e0 gi\u1eef \u0111\u01b0\u1ee3c an to\u00e0n v\u1ec7 sinh th\u1ef1c ph\u1ea9m khi c\u1eaft, th\u00e1i, ch\u1eb7t th\u1ee9c \u0103n tr\u1ef1c ti\u1ebfp.<\/p>\n<p class=\"QN2lPu\">*L\u01b0u \u00fd: Th\u00e9p kh\u00f4ng g\u1ec9 kh\u00f4ng c\u00f3 ngh\u0129a l\u00e0 kh\u00f4ng g\u1ec9 100%. \u0110i\u1ec1u n\u00e0y c\u00f2n ph\u1ee5 thu\u1ed9c nhi\u1ec1u v\u00e0o c\u00e1ch s\u1eed d\u1ee5ng, b\u1ea3o qu\u1ea3n v\u00e0 m\u00f4i tr\u01b0\u1eddng s\u1ed1ng.<\/p>\n<p class=\"QN2lPu\">B\u1ea3o qu\u1ea3n m\u1ed9t c\u00e1ch c\u1ea9n th\u1eadn, dao c\u00f3 th\u1ec3 ch\u1ed1ng g\u1ec9 \u0111\u01b0\u1ee3c nhi\u1ec1u n\u0103m. Tuy nhi\u00ean, sau khi b\u1ea1n d\u00f9ng dao, n\u1ebfu kh\u00f4ng r\u1eeda ngay ho\u1eb7c \u0111\u1ec3 dao v\u00e0o n\u01b0\u1edbc qua \u0111\u00eam hay \u1ed1ng c\u1eafm dao nh\u00e0 b\u1ea1n \u1ea9m th\u1ea5p, c\u00f3 th\u1ec3 xu\u1ea5t hi\u1ec7n 1 v\u00e0i v\u1ebft \u1ed1 tr\u00ean dao, \u0111\u00e2y l\u00e0 \u0111i\u1ec1u h\u1ebft s\u1ee9c b\u00ecnh th\u01b0\u1eddng. C\u00f3 th\u1ec3 kh\u1eafc ph\u1ee5c b\u1eb1ng c\u00e1ch lau b\u1eb1ng x\u0103ng th\u01a1m, gi\u1ea5y nh\u00e1m, lau c\u00e1t l\u00ean dao\u2026 ho\u1eb7c r\u1eeda s\u1ea1ch th\u00f4ng th\u01b0\u1eddng, v\u1ebft \u1ed1 s\u1ebd ch\u1ec9 d\u1eebng l\u1ea1i \u1edf v\u00e0i \u0111\u1ed1m nh\u1ecf<\/p>\n<p class=\"QN2lPu\">&#8211; C\u00e1n g\u1ed7 c\u1ea9m kh\u00e2u \u0111\u1ed3ng b\u1ec1n b\u1ec9 v\u1edbi th\u1eddi gian, kh\u00f4ng b\u1ecb n\u1ee9t, m\u00f9n (n\u1ebfu ng\u00e2m trong n\u01b0\u1edbc) so v\u1edbi c\u00e1n g\u1ed7 th\u01b0\u1eddng<\/p>\n<p class=\"QN2lPu\">&#8211; L\u01b0\u1ee1i dao s\u1eafc b\u00e9n, dao c\u00f3 \u0111\u1ed9 \u0111\u1ea7m tay v\u1eeba ph\u1ea3i khi c\u1ea7m, gi\u00fap ng\u01b0\u1eddi s\u1eed d\u1ee5ng c\u00f3 c\u1ea3m gi\u00e1c tho\u1ea3i m\u00e1i, ch\u1eafc ch\u1eafn<\/p>\n<p class=\"QN2lPu\">\n<p class=\"QN2lPu\">3. C\u00f4ng d\u1ee5ng<\/p>\n<p class=\"QN2lPu\">&#8211; Dao ch\u1eb7t: ch\u1eb7t x\u01b0\u01a1ng \u1ed1ng, x\u01b0\u01a1ng s\u01b0\u1eddn,&#8230;<\/p>\n<p class=\"QN2lPu\">&#8211; Dao th\u00e1i ch\u1eb7t: b\u0103m th\u1ecbt, ch\u1eb7t x\u01b0\u01a1ng,..<\/p>\n<p class=\"QN2lPu\">&#8211; Dao th\u00e1i Nakiri: th\u00e1i th\u1ecbt v\u00e0 c\u00e1c lo\u1ea1i rau c\u1ee7 qu\u1ea3<\/p>\n<p class=\"QN2lPu\">&#8211; Dao th\u00e1i sashimi to: L\u1ecdc th\u1ecbt, phi l\u00ea c\u00e1, c\u1eaft b\u00e1nh,..<\/p>\n<p class=\"QN2lPu\">&#8211; Dao th\u00e1i sashimi nh\u1ecf: L\u1ecdc th\u1ecbt, phi l\u00ea c\u00e1, c\u1eaft b\u00e1nh,..<\/p>\n<p class=\"QN2lPu\">&#8211; \u00a0 Dao chuy\u00ean th\u00e1i: th\u00e1i th\u1ecbt c\u00e1c lo\u1ea1i v\u00e0 rau c\u1ee7 qu\u1ea3 c\u1ee9ng<\/p>\n<p class=\"QN2lPu\">&#8211; Dao th\u00e1i nh\u1ecf: Th\u00e1i th\u1ecbt ch\u00edn v\u00e0 c\u1eaft rau c\u1ee7 qu\u1ea3<\/p>\n<p class=\"QN2lPu\">&#8211; \u00a0 Dao g\u1ecdt hoa qu\u1ea3: c\u1eaft g\u1ecdt hoa qu\u1ea3<\/p>\n<p class=\"QN2lPu\">4. L\u01b0u \u00fd s\u1eed d\u1ee5ng<\/p>\n<p class=\"QN2lPu\">&#8211; V\u1ec1 s\u1eed d\u1ee5ng: S\u1eed d\u1ee5ng dao \u0111\u00fang m\u1ee5c \u0111\u00edch.<\/p>\n<p class=\"QN2lPu\">&#8211; V\u1ec1 v\u1ec7 sinh: V\u1ec7 sinh dao s\u1ea1ch sau khi s\u1eed d\u1ee5ng v\u00e0 lau kh\u00f4 tr\u01b0\u1edbc khi c\u1ea5t gi\u1eef. \u0110\u1eb7c bi\u1ec7t khi s\u1eed d\u1ee5ng dao \u0111\u1ec3 c\u1eaft nh\u1eefng v\u1eadt c\u00f3 t\u00ednh oxy h\u00f3a nh\u01b0 chanh,.. hay \u0111\u1ec3 dao ti\u1ebfp x\u00fac v\u1edbi n\u01b0\u1edbc bi\u1ec3n th\u00ec c\u00e0ng ph\u1ea3i v\u1ec7 sinh dao th\u1eadt k\u1ef9 tr\u01b0\u1edbc khi c\u1ea5t gi\u1eef.<\/p>\n<p class=\"QN2lPu\">&#8211; V\u1ec1 c\u1ea5t gi\u1eef: Dao tr\u01b0\u1edbc khi c\u1ea5t gi\u1eef c\u1ea7n \u0111\u01b0\u1ee3c lau kh\u00f4 v\u00e0 c\u1ea5t gi\u1eef n\u01a1i kh\u00f4 r\u00e1o.<\/p>\n<p class=\"QN2lPu\">\u0110\u1ec3 h\u1ea1n ch\u1ebf g\u1ec9 s\u00e9t, b\u1ea1n c\u00f3 th\u1ec3 s\u1eed d\u1ee5ng d\u1ea7u b\u1ea3o qu\u1ea3n b\u00f4i v\u00e0o kh\u1edbp dao v\u00e0 l\u01b0\u1ee1i dao nh\u1eb1m m\u1ee5c \u0111\u00edch ng\u0103n dao ti\u1ebfp x\u00fac tr\u1ef1c ti\u1ebfp v\u1edbi oxy v\u00e0 h\u01a1i \u1ea9m trong kh\u00f4ng kh\u00ed, ng\u0103n qu\u00e1 tr\u00ecnh g\u1ec9 di\u1ec5n ra. Ngo\u00e0i d\u1ea7u b\u1ea3o qu\u1ea3n b\u1ea1n c\u00f3 th\u1ec3 s\u1eed d\u1ee5ng b\u1ea5t k\u1ef3 lo\u1ea1i d\u1ea7u n\u00e0o t\u01b0\u01a1ng t\u1ef1, trong tr\u01b0\u1eddng h\u1ee3p dao c\u1eaft th\u1ee9c \u0103n b\u1ea1n c\u00f3 th\u1ec3 s\u1eed d\u1ee5ng d\u1ea7u \u0103n \u0111\u1ec3 \u0111\u1ea3m b\u1ea3o v\u1ec7 sinh an to\u00e0n th\u1ef1c ph\u1ea9m.<\/p>\n<p class=\"QN2lPu\">L\u01b0u \u00fd: Tr\u01b0\u1edbc khi s\u1eed d\u1ee5ng d\u1ea7u b\u1ea3o qu\u1ea3n c\u1ea7n lau kh\u00f4 dao (V\u00ec d\u1ea7u nh\u1eb9 h\u01a1n n\u01b0\u1edbc n\u00ean n\u1ebfu kh\u00f4ng lau kh\u00f4 dao th\u00ec n\u01b0\u1edbc v\u1eabn s\u1ebd ti\u1ebfp x\u00fac tr\u1ef1c ti\u1ebfp v\u1edbi l\u01b0\u1ee1i dao d\u1eabn \u0111\u1ebfn v\u1eabn c\u00f3 nguy c\u01a1 g\u1ec9 s\u00e9t).<\/p>","protected":false},"excerpt":{"rendered":"<p class=\"QN2lPu\">Tr\u00ean th\u1ecb tr\u01b0\u1eddng c\u00f3 r\u1ea5t nhi\u1ec1u m\u1eabu m\u00e3 dao \u0111a d\u1ea1ng, phong ph\u00fa. Nh\u1eefng m\u1eabu dao \u0111\u1eb9p, c\u00f3 t\u00ednh th\u1ea9m m\u1ef9 cao th\u00ec th\u01b0\u1eddng s\u1ebd nhanh c\u00f9n, g\u1ec9. Nh\u1eefng m\u1eabu ch\u1ea5t l\u01b0\u1ee3ng t\u1ed1t h\u01a1n th\u00ec gi\u00e1 l\u1ea1i qu\u00e1 \u0111\u1eaft \u0111\u1ecf, l\u00ean \u0111\u1ebfn v\u00e0i tri\u1ec7u \u0111\u1ed3ng\/ chi\u1ebfc. V\u1eady th\u00ec nh\u1eefng m\u1eabu dao \u0111\u01b0\u1ee3c s\u1ea3n xu\u1ea5t th\u1ee7 c\u00f4ng t\u1ea1i l\u00e0ng r\u00e8n L\u00fd Nh\u00e2n \u2013 V\u0129nh T\u01b0\u1eddng s\u1ebd l\u00e0 s\u1ef1 l\u1ef1a ch\u1ecdn ho\u00e0n h\u1ea3o cho c\u0103n b\u1ebfp gia \u0111\u00ecnh b\u1ea1n.<\/p>\n<p class=\"QN2lPu\">L\u00e0ng r\u00e8n truy\u1ec1n th\u1ed1ng L\u00fd Nh\u00e2n t\u1ef1 h\u00e0o l\u00e0 n\u01a1i s\u1ea3n xu\u1ea5t v\u00e0 cung c\u1ea5p dao k\u00e9o CHU\u1ea8N \u2013 B\u1ec0N \u2013 S\u1eaeC s\u1ed1 1 t\u1ea1i Mi\u1ec1n B\u1eafc.<\/p>\n<p class=\"QN2lPu\">B\u1ed8 DAO NH\u00c0 B\u1ebeP G\u1ed6 C\u1ea8M CH\u1ec8 CAO C\u1ea4P<\/p>\n<p class=\"QN2lPu\">1. Th\u00f4ng tin c\u01a1 b\u1ea3n c\u1ee7a nh\u00e0 s\u1ea3n xu\u1ea5t<\/p>\n<p class=\"QN2lPu\">&#8211; \u00a0 \u00a0 \u00a0 B\u1ed9 dao bao g\u1ed3m:<\/p>\n<p class=\"QN2lPu\">&#8211; Ch\u1ea5t li\u1ec7u: Th\u00e9p tr\u1eafng Nh\u1eadt kh\u00f4ng g\u1ec9 cao c\u1ea5p<\/p>\n<p class=\"QN2lPu\">&#8211; S\u1ea3n xu\u1ea5t t\u1ea1i: L\u00e0ng r\u00e8n L\u00fd Nh\u00e2n \u2013 V\u0129nh T\u01b0\u1eddng \u2013 V\u0129nh Ph\u00fac<\/p>\n<p class=\"QN2lPu\">&#8211; C\u00e1n: G\u1ed7 c\u1ea9m s\u1eebng kh\u00e2u \u0111\u1ed3ng<\/p>\n<p class=\"QN2lPu\">2. \u0110\u1eb7c \u0111i\u1ec3m<\/p>\n<p class=\"QN2lPu\">&#8211; S\u1ea3n ph\u1ea9m \u0111\u01b0\u1ee3c l\u00e0m t\u1eeb th\u00e9p Nh\u1eadt kh\u00f4ng g\u1ec9 n\u00ean lu\u00f4n s\u00e1ng v\u00e0 gi\u1eef \u0111\u01b0\u1ee3c an to\u00e0n v\u1ec7 sinh th\u1ef1c ph\u1ea9m khi c\u1eaft, th\u00e1i, ch\u1eb7t th\u1ee9c \u0103n tr\u1ef1c ti\u1ebfp.<\/p>\n<p class=\"QN2lPu\">*L\u01b0u \u00fd: Th\u00e9p kh\u00f4ng g\u1ec9 kh\u00f4ng c\u00f3 ngh\u0129a l\u00e0 kh\u00f4ng g\u1ec9 100%. \u0110i\u1ec1u n\u00e0y c\u00f2n ph\u1ee5 thu\u1ed9c nhi\u1ec1u v\u00e0o c\u00e1ch s\u1eed d\u1ee5ng, b\u1ea3o qu\u1ea3n v\u00e0 m\u00f4i tr\u01b0\u1eddng s\u1ed1ng.<\/p>\n<p class=\"QN2lPu\">B\u1ea3o qu\u1ea3n m\u1ed9t c\u00e1ch c\u1ea9n th\u1eadn, dao c\u00f3 th\u1ec3 ch\u1ed1ng g\u1ec9 \u0111\u01b0\u1ee3c nhi\u1ec1u n\u0103m. Tuy nhi\u00ean, sau khi b\u1ea1n d\u00f9ng dao, n\u1ebfu kh\u00f4ng r\u1eeda ngay ho\u1eb7c \u0111\u1ec3 dao v\u00e0o n\u01b0\u1edbc qua \u0111\u00eam hay \u1ed1ng c\u1eafm dao nh\u00e0 b\u1ea1n \u1ea9m th\u1ea5p, c\u00f3 th\u1ec3 xu\u1ea5t hi\u1ec7n 1 v\u00e0i v\u1ebft \u1ed1 tr\u00ean dao, \u0111\u00e2y l\u00e0 \u0111i\u1ec1u h\u1ebft s\u1ee9c b\u00ecnh th\u01b0\u1eddng. C\u00f3 th\u1ec3 kh\u1eafc ph\u1ee5c b\u1eb1ng c\u00e1ch lau b\u1eb1ng x\u0103ng th\u01a1m, gi\u1ea5y nh\u00e1m, lau c\u00e1t l\u00ean dao\u2026 ho\u1eb7c r\u1eeda s\u1ea1ch th\u00f4ng th\u01b0\u1eddng, v\u1ebft \u1ed1 s\u1ebd ch\u1ec9 d\u1eebng l\u1ea1i \u1edf v\u00e0i \u0111\u1ed1m nh\u1ecf<\/p>\n<p class=\"QN2lPu\">&#8211; C\u00e1n g\u1ed7 c\u1ea9m kh\u00e2u \u0111\u1ed3ng b\u1ec1n b\u1ec9 v\u1edbi th\u1eddi gian, kh\u00f4ng b\u1ecb n\u1ee9t, m\u00f9n (n\u1ebfu ng\u00e2m trong n\u01b0\u1edbc) so v\u1edbi c\u00e1n g\u1ed7 th\u01b0\u1eddng<\/p>\n<p class=\"QN2lPu\">&#8211; L\u01b0\u1ee1i dao s\u1eafc b\u00e9n, dao c\u00f3 \u0111\u1ed9 \u0111\u1ea7m tay v\u1eeba ph\u1ea3i khi c\u1ea7m, gi\u00fap ng\u01b0\u1eddi s\u1eed d\u1ee5ng c\u00f3 c\u1ea3m gi\u00e1c tho\u1ea3i m\u00e1i, ch\u1eafc ch\u1eafn<\/p>\n<p class=\"QN2lPu\">\n<p class=\"QN2lPu\">3. C\u00f4ng d\u1ee5ng<\/p>\n<p class=\"QN2lPu\">&#8211; Dao ch\u1eb7t: ch\u1eb7t x\u01b0\u01a1ng \u1ed1ng, x\u01b0\u01a1ng s\u01b0\u1eddn,&#8230;<\/p>\n<p class=\"QN2lPu\">&#8211; Dao th\u00e1i ch\u1eb7t: b\u0103m th\u1ecbt, ch\u1eb7t x\u01b0\u01a1ng,..<\/p>\n<p class=\"QN2lPu\">&#8211; Dao th\u00e1i Nakiri: th\u00e1i th\u1ecbt v\u00e0 c\u00e1c lo\u1ea1i rau c\u1ee7 qu\u1ea3<\/p>\n<p class=\"QN2lPu\">&#8211; Dao th\u00e1i sashimi to: L\u1ecdc th\u1ecbt, phi l\u00ea c\u00e1, c\u1eaft b\u00e1nh,..<\/p>\n<p class=\"QN2lPu\">&#8211; Dao th\u00e1i sashimi nh\u1ecf: L\u1ecdc th\u1ecbt, phi l\u00ea c\u00e1, c\u1eaft b\u00e1nh,..<\/p>\n<p class=\"QN2lPu\">&#8211; \u00a0 Dao chuy\u00ean th\u00e1i: th\u00e1i th\u1ecbt c\u00e1c lo\u1ea1i v\u00e0 rau c\u1ee7 qu\u1ea3 c\u1ee9ng<\/p>\n<p class=\"QN2lPu\">&#8211; Dao th\u00e1i nh\u1ecf: Th\u00e1i th\u1ecbt ch\u00edn v\u00e0 c\u1eaft rau c\u1ee7 qu\u1ea3<\/p>\n<p class=\"QN2lPu\">&#8211; \u00a0 Dao g\u1ecdt hoa qu\u1ea3: c\u1eaft g\u1ecdt hoa qu\u1ea3<\/p>\n<p class=\"QN2lPu\">4. L\u01b0u \u00fd s\u1eed d\u1ee5ng<\/p>\n<p class=\"QN2lPu\">&#8211; V\u1ec1 s\u1eed d\u1ee5ng: S\u1eed d\u1ee5ng dao \u0111\u00fang m\u1ee5c \u0111\u00edch.<\/p>\n<p class=\"QN2lPu\">&#8211; V\u1ec1 v\u1ec7 sinh: V\u1ec7 sinh dao s\u1ea1ch sau khi s\u1eed d\u1ee5ng v\u00e0 lau kh\u00f4 tr\u01b0\u1edbc khi c\u1ea5t gi\u1eef. \u0110\u1eb7c bi\u1ec7t khi s\u1eed d\u1ee5ng dao \u0111\u1ec3 c\u1eaft nh\u1eefng v\u1eadt c\u00f3 t\u00ednh oxy h\u00f3a nh\u01b0 chanh,.. hay \u0111\u1ec3 dao ti\u1ebfp x\u00fac v\u1edbi n\u01b0\u1edbc bi\u1ec3n th\u00ec c\u00e0ng ph\u1ea3i v\u1ec7 sinh dao th\u1eadt k\u1ef9 tr\u01b0\u1edbc khi c\u1ea5t gi\u1eef.<\/p>\n<p class=\"QN2lPu\">&#8211; V\u1ec1 c\u1ea5t gi\u1eef: Dao tr\u01b0\u1edbc khi c\u1ea5t gi\u1eef c\u1ea7n \u0111\u01b0\u1ee3c lau kh\u00f4 v\u00e0 c\u1ea5t gi\u1eef n\u01a1i kh\u00f4 r\u00e1o.<\/p>\n<p class=\"QN2lPu\">\u0110\u1ec3 h\u1ea1n ch\u1ebf g\u1ec9 s\u00e9t, b\u1ea1n c\u00f3 th\u1ec3 s\u1eed d\u1ee5ng d\u1ea7u b\u1ea3o qu\u1ea3n b\u00f4i v\u00e0o kh\u1edbp dao v\u00e0 l\u01b0\u1ee1i dao nh\u1eb1m m\u1ee5c \u0111\u00edch ng\u0103n dao ti\u1ebfp x\u00fac tr\u1ef1c ti\u1ebfp v\u1edbi oxy v\u00e0 h\u01a1i \u1ea9m trong kh\u00f4ng kh\u00ed, ng\u0103n qu\u00e1 tr\u00ecnh g\u1ec9 di\u1ec5n ra. Ngo\u00e0i d\u1ea7u b\u1ea3o qu\u1ea3n b\u1ea1n c\u00f3 th\u1ec3 s\u1eed d\u1ee5ng b\u1ea5t k\u1ef3 lo\u1ea1i d\u1ea7u n\u00e0o t\u01b0\u01a1ng t\u1ef1, trong tr\u01b0\u1eddng h\u1ee3p dao c\u1eaft th\u1ee9c \u0103n b\u1ea1n c\u00f3 th\u1ec3 s\u1eed d\u1ee5ng d\u1ea7u \u0103n \u0111\u1ec3 \u0111\u1ea3m b\u1ea3o v\u1ec7 sinh an to\u00e0n th\u1ef1c ph\u1ea9m.<\/p>\n<p class=\"QN2lPu\">L\u01b0u \u00fd: Tr\u01b0\u1edbc khi s\u1eed d\u1ee5ng d\u1ea7u b\u1ea3o qu\u1ea3n c\u1ea7n lau kh\u00f4 dao (V\u00ec d\u1ea7u nh\u1eb9 h\u01a1n n\u01b0\u1edbc n\u00ean n\u1ebfu kh\u00f4ng lau kh\u00f4 dao th\u00ec n\u01b0\u1edbc v\u1eabn s\u1ebd ti\u1ebfp x\u00fac tr\u1ef1c ti\u1ebfp v\u1edbi l\u01b0\u1ee1i dao d\u1eabn \u0111\u1ebfn v\u1eabn c\u00f3 nguy c\u01a1 g\u1ec9 s\u00e9t).<\/p>","protected":false},"featured_media":18167,"comment_status":"closed","ping_status":"closed","template":"","meta":{"_acf_changed":false},"product_cat":[520,400,366,367],"product_tag":[],"class_list":{"0":"post-18165","1":"product","2":"type-product","3":"status-publish","4":"has-post-thumbnail","6":"product_cat-nha-cua-doi-song","7":"product_cat-noi-that","8":"product_cat-hang-cnnt-cap-qg","9":"product_cat-hang-cnnt-cap-qg-2023","11":"first","12":"instock","13":"shipping-taxable","14":"product-type-simple"},"acf":[],"_links":{"self":[{"href":"https:\/\/b2c.fairs.vn\/en\/wp-json\/wp\/v2\/product\/18165","targetHints":{"allow":["GET"]}}],"collection":[{"href":"https:\/\/b2c.fairs.vn\/en\/wp-json\/wp\/v2\/product"}],"about":[{"href":"https:\/\/b2c.fairs.vn\/en\/wp-json\/wp\/v2\/types\/product"}],"replies":[{"embeddable":true,"href":"https:\/\/b2c.fairs.vn\/en\/wp-json\/wp\/v2\/comments?post=18165"}],"version-history":[{"count":0,"href":"https:\/\/b2c.fairs.vn\/en\/wp-json\/wp\/v2\/product\/18165\/revisions"}],"wp:featuredmedia":[{"embeddable":true,"href":"https:\/\/b2c.fairs.vn\/en\/wp-json\/wp\/v2\/media\/18167"}],"wp:attachment":[{"href":"https:\/\/b2c.fairs.vn\/en\/wp-json\/wp\/v2\/media?parent=18165"}],"wp:term":[{"taxonomy":"product_cat","embeddable":true,"href":"https:\/\/b2c.fairs.vn\/en\/wp-json\/wp\/v2\/product_cat?post=18165"},{"taxonomy":"product_tag","embeddable":true,"href":"https:\/\/b2c.fairs.vn\/en\/wp-json\/wp\/v2\/product_tag?post=18165"}],"curies":[{"name":"wp","href":"https:\/\/api.w.org\/{rel}","templated":true}]}}