{"id":17935,"date":"2024-04-23T10:26:33","date_gmt":"2024-04-23T03:26:33","guid":{"rendered":"https:\/\/b2c.fairs.vn\/?post_type=product&#038;p=17935"},"modified":"2024-04-23T10:35:13","modified_gmt":"2024-04-23T03:35:13","slug":"mat-ong-nghe-vien","status":"publish","type":"product","link":"https:\/\/b2c.fairs.vn\/en\/product\/mat-ong-nghe-vien\/","title":{"rendered":"M\u1eadt ong ngh\u1ec7 vi\u00ean"},"content":{"rendered":"<p>M\u1eadt ong vi\u00ean ngh\u1ec7 v\u00e0ng Xu\u00e2n Nguy\u00ean l\u00e0 m\u1ed9t s\u1ea3n ph\u1ea9m an to\u00e0n, l\u00e0nh t\u00ednh v\u1edbi ng\u01b0\u1eddi s\u1eed d\u1ee5ng b\u1edfi s\u1ea3n ph\u1ea9m \u0111\u01b0\u1ee3c nghi\u00ean c\u1ee9u v\u00e0 s\u1ea3n xu\u1ea5t b\u1edfi Xu\u00e2n Nguy\u00ean &#8211; m\u1ed9t c\u00f4ng ty c\u00f3 g\u1ea7n 20 n\u0103m kinh nghi\u1ec7m trong l\u0129nh v\u1ef1c th\u1ef1c ph\u1ea9m ch\u0103m s\u00f3c s\u1ee9c kh\u1ecfe. S\u1ef1 k\u1ebft h\u1ee3p n\u00e0y \u0111em l\u1ea1i c\u00f4ng d\u1ee5ng: ch\u0103m s\u00f3c s\u1ee9c kh\u1ecfe, gi\u1ea3m vi\u00eam, ti\u00eau s\u01b0ng, ng\u0103n ng\u1eeba ung th\u01b0.<\/p>","protected":false},"excerpt":{"rendered":"<p>M\u1eadt ong vi\u00ean ngh\u1ec7 Xu\u00e2n Nguy\u00ean l\u00e0 m\u1ed9t s\u1ea3n ph\u1ea9m an to\u00e0n, l\u00e0nh t\u00ednh v\u1edbi ng\u01b0\u1eddi s\u1eed d\u1ee5ng b\u1edfi s\u1ea3n ph\u1ea9m \u0111\u01b0\u1ee3c nghi\u00ean c\u1ee9u v\u00e0 s\u1ea3n xu\u1ea5t b\u1edfi Xu\u00e2n Nguy\u00ean &#8211; m\u1ed9t c\u00f4ng ty c\u00f3 g\u1ea7n 20 n\u0103m kinh nghi\u1ec7m trong l\u0129nh v\u1ef1c th\u1ef1c ph\u1ea9m ch\u0103m s\u00f3c s\u1ee9c kh\u1ecfe. S\u1ef1 k\u1ebft h\u1ee3p n\u00e0y \u0111em l\u1ea1i c\u00f4ng d\u1ee5ng: ch\u0103m s\u00f3c s\u1ee9c kh\u1ecfe, gi\u1ea3m vi\u00eam, ti\u00eau s\u01b0ng, ng\u0103n ng\u1eeba ung th\u01b0<\/p>","protected":false},"featured_media":17947,"comment_status":"closed","ping_status":"closed","template":"","meta":{"_acf_changed":false},"product_cat":[366,398],"product_tag":[],"class_list":{"0":"post-17935","1":"product","2":"type-product","3":"status-publish","4":"has-post-thumbnail","6":"product_cat-hang-cnnt-cap-qg","7":"product_cat-san-pham-cnnt-tb-cap-qg-2021","9":"first","10":"instock","11":"shipping-taxable","12":"purchasable","13":"product-type-variable"},"acf":[],"_links":{"self":[{"href":"https:\/\/b2c.fairs.vn\/en\/wp-json\/wp\/v2\/product\/17935","targetHints":{"allow":["GET"]}}],"collection":[{"href":"https:\/\/b2c.fairs.vn\/en\/wp-json\/wp\/v2\/product"}],"about":[{"href":"https:\/\/b2c.fairs.vn\/en\/wp-json\/wp\/v2\/types\/product"}],"replies":[{"embeddable":true,"href":"https:\/\/b2c.fairs.vn\/en\/wp-json\/wp\/v2\/comments?post=17935"}],"version-history":[{"count":0,"href":"https:\/\/b2c.fairs.vn\/en\/wp-json\/wp\/v2\/product\/17935\/revisions"}],"wp:featuredmedia":[{"embeddable":true,"href":"https:\/\/b2c.fairs.vn\/en\/wp-json\/wp\/v2\/media\/17947"}],"wp:attachment":[{"href":"https:\/\/b2c.fairs.vn\/en\/wp-json\/wp\/v2\/media?parent=17935"}],"wp:term":[{"taxonomy":"product_cat","embeddable":true,"href":"https:\/\/b2c.fairs.vn\/en\/wp-json\/wp\/v2\/product_cat?post=17935"},{"taxonomy":"product_tag","embeddable":true,"href":"https:\/\/b2c.fairs.vn\/en\/wp-json\/wp\/v2\/product_tag?post=17935"}],"curies":[{"name":"wp","href":"https:\/\/api.w.org\/{rel}","templated":true}]}}