{"id":17934,"date":"2024-04-23T10:17:24","date_gmt":"2024-04-23T03:17:24","guid":{"rendered":"https:\/\/b2c.fairs.vn\/?post_type=product&#038;p=17934"},"modified":"2024-04-23T10:21:25","modified_gmt":"2024-04-23T03:21:25","slug":"17934","status":"publish","type":"product","link":"https:\/\/b2c.fairs.vn\/en\/product\/17934\/","title":{"rendered":"M\u00e1y l\u00e0m m\u00e1t kh\u00f4ng kh\u00ed iFan-168"},"content":{"rendered":"<p>M\u00e1y l\u00e0m m\u00e1t kh\u00f4ng kh\u00ed\u00a0iFan-168\u00a0\u0111\u01b0\u1ee3c thi\u1ebft k\u1ebf hi\u1ec7n \u0111\u1ea1i, ch\u1eafc ch\u1eafn, kh\u00f4ng k\u00e9m ph\u1ea7n m\u1ea1nh m\u1ebd, k\u00edch th\u01b0\u1edbt c\u00e2n \u0111\u1ed1i, ho\u00e0n thi\u1ec7n, m\u1eabu m\u00e3 \u0111\u1eb9p m\u1eaft. S\u1ea3n ph\u1ea9m c\u00f3 thi\u1ebft k\u1ebf v\u1eefng ch\u00e3i, tr\u1ee5c qu\u1ea1t m\u1ea1nh m\u1ebd, c\u00e1nh qu\u1ea1t h\u01b0\u1edbng tr\u1ee5c, ch\u1ea5t li\u1ec7u b\u1eb1ng nh\u1ef1a cao c\u1ea5p, b\u1ec3 ch\u1ee9a n\u01b0\u1edbc l\u00ean \u0111\u1ebfn 57 l\u00edt, l\u01b0\u1ee3ng ti\u00eau th\u1ee5 n\u01b0\u1edbc ch\u1ec9 8-10L\/h t\u1ea1o ra lu\u1ed3ng kh\u00f4ng kh\u00ed l\u1edbn, di\u1ec7n t\u00edch ph\u1ee7 m\u00e1t l\u00ean \u0111\u1ebfn 60-70m2. S\u1ea3n ph\u1ea9m ph\u00f9 h\u1ee3p v\u1edbi ph\u00f2ng kh\u00e1ch, v\u0103n ph\u00f2ng, tr\u01b0\u1eddng h\u1ecdc, kh\u00e1ch s\u1ea1n v\u00e0 c\u00e1c kh\u00f4ng gian m\u1edf&#8230;.<\/p>\n<h2 class=\"sc-2544943-1 bSQktA\">T\u00ednh n\u0103ng n\u1ed5i b\u1eadt<\/h2>\n<div class=\"sc-2544943-3 ikEzNr\">\n<ul>\n<li style=\"list-style-type: none;\">\n<ul>\n<li>Model: iFan-168<\/li>\n<li>C\u00f4ng su\u1ea5t: 380W<\/li>\n<li>L\u01b0u l\u01b0\u1ee3ng gi\u00f3 8000m3\/h<\/li>\n<li>Di\u1ec7n t\u00edch l\u00e0m m\u00e1t: 50-70m2<\/li>\n<li>L\u01b0\u1ee3ng n\u01b0\u1edbc ti\u00eau th\u1ee5: 8-10L\/h<\/li>\n<li>B\u1ec3 ch\u1ee9a n\u01b0\u1edbc: 57L<\/li>\n<li>C\u00e1nh qu\u1ea1t Axial h\u01b0\u1edbng tr\u1ee5c<\/li>\n<li>\u0110i\u1ec1u khi\u1ec3n: Remote<\/li>\n<li>K\u00edch th\u01b0\u1edbc: 800 x 480 x 1380mm<\/li>\n<li>Tr\u1ecdng l\u01b0\u1ee3ng: 34Kg<\/li>\n<\/ul>\n<\/li>\n<\/ul>\n<\/div>","protected":false},"excerpt":{"rendered":"<p>M\u00e1y l\u00e0m m\u00e1t kh\u00f4ng kh\u00ed\u00a0iFan-168\u00a0\u0111\u01b0\u1ee3c thi\u1ebft k\u1ebf hi\u1ec7n \u0111\u1ea1i, ch\u1eafc ch\u1eafn, kh\u00f4ng k\u00e9m ph\u1ea7n m\u1ea1nh m\u1ebd, k\u00edch th\u01b0\u1edbt c\u00e2n \u0111\u1ed1i, ho\u00e0n thi\u1ec7n, m\u1eabu m\u00e3 \u0111\u1eb9p m\u1eaft. S\u1ea3n ph\u1ea9m c\u00f3 thi\u1ebft k\u1ebf v\u1eefng ch\u00e3i, tr\u1ee5c qu\u1ea1t m\u1ea1nh m\u1ebd, c\u00e1nh qu\u1ea1t h\u01b0\u1edbng tr\u1ee5c, ch\u1ea5t li\u1ec7u b\u1eb1ng nh\u1ef1a cao c\u1ea5p, b\u1ec3 ch\u1ee9a n\u01b0\u1edbc l\u00ean \u0111\u1ebfn 57 l\u00edt, l\u01b0\u1ee3ng ti\u00eau th\u1ee5 n\u01b0\u1edbc ch\u1ec9 8-10L\/h t\u1ea1o ra lu\u1ed3ng kh\u00f4ng kh\u00ed l\u1edbn, di\u1ec7n t\u00edch ph\u1ee7 m\u00e1t l\u00ean \u0111\u1ebfn 60-70m2. S\u1ea3n ph\u1ea9m ph\u00f9 h\u1ee3p v\u1edbi ph\u00f2ng kh\u00e1ch, v\u0103n ph\u00f2ng, tr\u01b0\u1eddng h\u1ecdc, kh\u00e1ch s\u1ea1n v\u00e0 c\u00e1c kh\u00f4ng gian m\u1edf&#8230;.<\/p>","protected":false},"featured_media":17936,"comment_status":"closed","ping_status":"closed","template":"","meta":{"_acf_changed":false},"product_cat":[520,366,447],"product_tag":[],"class_list":{"0":"post-17934","1":"product","2":"type-product","3":"status-publish","4":"has-post-thumbnail","6":"product_cat-nha-cua-doi-song","7":"product_cat-hang-cnnt-cap-qg","8":"product_cat-san-pham-cnnt-tb-cap-qg-2017","10":"first","11":"instock","12":"shipping-taxable","13":"product-type-simple"},"acf":[],"_links":{"self":[{"href":"https:\/\/b2c.fairs.vn\/en\/wp-json\/wp\/v2\/product\/17934","targetHints":{"allow":["GET"]}}],"collection":[{"href":"https:\/\/b2c.fairs.vn\/en\/wp-json\/wp\/v2\/product"}],"about":[{"href":"https:\/\/b2c.fairs.vn\/en\/wp-json\/wp\/v2\/types\/product"}],"replies":[{"embeddable":true,"href":"https:\/\/b2c.fairs.vn\/en\/wp-json\/wp\/v2\/comments?post=17934"}],"version-history":[{"count":0,"href":"https:\/\/b2c.fairs.vn\/en\/wp-json\/wp\/v2\/product\/17934\/revisions"}],"wp:featuredmedia":[{"embeddable":true,"href":"https:\/\/b2c.fairs.vn\/en\/wp-json\/wp\/v2\/media\/17936"}],"wp:attachment":[{"href":"https:\/\/b2c.fairs.vn\/en\/wp-json\/wp\/v2\/media?parent=17934"}],"wp:term":[{"taxonomy":"product_cat","embeddable":true,"href":"https:\/\/b2c.fairs.vn\/en\/wp-json\/wp\/v2\/product_cat?post=17934"},{"taxonomy":"product_tag","embeddable":true,"href":"https:\/\/b2c.fairs.vn\/en\/wp-json\/wp\/v2\/product_tag?post=17934"}],"curies":[{"name":"wp","href":"https:\/\/api.w.org\/{rel}","templated":true}]}}