{"id":1786,"date":"2024-03-18T07:30:00","date_gmt":"2024-03-18T07:30:00","guid":{"rendered":"https:\/\/b2c.fairs.vn\/?post_type=product&#038;p=1786"},"modified":"2024-04-04T15:30:03","modified_gmt":"2024-04-04T08:30:03","slug":"tra-hoa-vang-cuc-phuong-thuong-hang-50gr","status":"publish","type":"product","link":"https:\/\/b2c.fairs.vn\/en\/product\/tra-hoa-vang-cuc-phuong-thuong-hang-50gr\/","title":{"rendered":"Tr\u00e0 hoa v\u00e0ng C\u00fac Ph\u01b0\u01a1ng th\u01b0\u1ee3ng h\u1ea1ng 50gr"},"content":{"rendered":"<p><strong>TR\u00c0 HOA V\u00c0NG C\u00daC PH\u01af\u01a0NG 50GR (Th\u01b0\u1ee3ng h\u1ea1ng)<\/strong><\/p>\n<p><strong>Th\u00e0nh ph\u1ea7n<\/strong>: 100% Hoa tr\u00e0 hoa v\u00e0ng C\u00fac ph\u01b0\u01a1ng<i>\u00a0<\/i>(s\u1ea5y \u0111\u00f4ng kh\u00f4)<\/p>\n<p><strong>Gi\u1ed1ng tr\u00e0 hoa v\u00e0ng<\/strong>:\u00a0<i>Camellia Cucphuongensis<\/i><\/p>\n<p><strong>Gi\u1edbi thi\u1ec7u chung<\/strong>: hoa \u0111\u01b0\u1ee3c thu h\u00e1i theo ti\u00eau chu\u1ea9n v\u00e0 \u0111\u01b0\u1ee3c ch\u1ecdn l\u1ecdc k\u1ef9 tr\u01b0\u1edbc khi s\u1ea5y. Hoa \u0111\u01b0\u1ee3c s\u1ea5y b\u1eb1ng thi\u1ebft b\u1ecb s\u1ea5y \u0111\u00f4ng kh\u00f4 hi\u1ec7n \u0111\u1ea1i c\u1ee7a c\u00e1c n\u01b0\u1edbc G7 n\u00ean gi\u1eef nguy\u00ean \u0111\u01b0\u1ee3c m\u00e0u s\u1eafc, h\u00ecnh d\u00e1ng, c\u1ea5u tr\u00fac v\u00e0 ph\u1ea5n hoa v\u00e0 c\u00e1c th\u00e0nh ph\u1ea7n gi\u00e1 tr\u1ecb c\u1ee7a hoa.\u00a0L\u1ecd th\u1ee7y tinh b\u1ea3o qu\u1ea3n \u0111\u01b0\u1ee3c nh\u1eadp kh\u1ea9u t\u1eeb Italia. Hoa kh\u00f4 \u201cgi\u00f2n tan\u201d. Ch\u1ea5t l\u01b0\u1ee3ng \u201c<strong>6\u00a0KH\u00d4NG\u201d<\/strong>:<\/p>\n<p>1_ Kh\u00f4ng ch\u1ea5t b\u1ea3o qu\u1ea3n<\/p>\n<p>2_ Kh\u00f4ng ch\u1ea5t t\u1ea1o m\u00e0u<\/p>\n<p>3_Kh\u00f4ng ch\u1ea5t t\u1ea1o h\u01b0\u01a1ng<\/p>\n<p>4_Kh\u00f4ng ch\u1ea5t k\u00edch th\u00edch sinh tr\u01b0\u1edfng<\/p>\n<p>5_Kh\u00f4ng bi\u1ebfn \u0111\u1ed5i gen<\/p>\n<p>6_Kh\u00f4ng thu\u1ed1c b\u1ea3o v\u1ec7 ho\u00e1 h\u1ecdc, thu\u1ed1c tr\u1eeb c\u1ecf<\/p>\n<p>Ch\u1ec9 s\u1eed d\u1ee5ng ph\u00e2n b\u00f2 v\u00e0 \u0111\u1eadu t\u01b0\u01a1ng \u1ee7 l\u00ean men c\u00f9ng vi sinh v\u1eadt h\u1eefu hi\u1ec7u.<\/p>\n<p>B\u00e1o c\u00e1o t\u1ea1i h\u1ed9i ngh\u1ecb tr\u00e0 qu\u1ed1c t\u1ebf n\u0103m 2003 \u0111\u00e3 cho th\u1ea5y: C\u00e2y Tr\u00e0 Hoa V\u00e0ng kh\u00f4ng \u0111\u1ed9c h\u1ea1i, kh\u00f4ng t\u00e1c d\u1ee5ng ph\u1ee5 v\u00e0 \u0111\u1eb7c bi\u1ec7t ch\u1ee9a kho\u1ea3ng 400 th\u00e0nh ph\u1ea7n dinh d\u01b0\u1ee1ng nh\u01b0 saponin, protein, c\u00e1c lo\u1ea1i vitamin nh\u01b0 vitamin E, vitamin C, vitamin E,\u2026, nhi\u1ec1u c\u00e1i axit amin nh\u01b0 theanine, flavonoid,\u2026;<\/p>\n<p><i>Theo \u201cCamellia international Journal\u201d (t\u1ea1p ch\u00ed chuy\u00ean nghi\u00ean c\u1ee9u v\u1ec1 ch\u00e8 hoa v\u00e0ng c\u1ee7a th\u1ebf gi\u1edbi):<\/i><\/p>\n<ul>\n<li>C\u00e1c h\u1ee3p ch\u1ea5t c\u1ee7a ch\u00e8 hoa v\u00e0ng c\u00f3 kh\u1ea3 n\u0103ng ki\u1ec1m ch\u1ebf s\u1ef1 sinh tr\u01b0\u1edfng c\u1ee7a c\u00e1c kh\u1ed1i u \u0111\u1ebfn 33,8% trong khi ch\u1ec9 c\u1ea7n \u0111\u1ea1t \u0111\u1ebfn ng\u01b0\u1ee1ng 30% \u0111\u00e3 c\u00f3 th\u1ec3 xem l\u00e0 th\u00e0nh c\u00f4ng trong \u0111i\u1ec1u tr\u1ecb ung th\u01b0; gi\u00fap gi\u1ea3m \u0111\u1ebfn 35% h\u00e0m l\u01b0\u1ee3ng cholesterol trong m\u00e1u, trong khi d\u00f9ng c\u00e1c lo\u1ea1i thu\u1ed1c kh\u00e1c th\u00ec m\u1ee9c \u0111\u1ed9 gi\u1ea3m ch\u1ec9 l\u00e0 33,2%;<\/li>\n<li>Gi\u1ea3m tri\u1ec7u ch\u1ee9ng x\u01a1 v\u1eefa \u0111\u1ed9ng m\u1ea1ch do m\u00e1u nhi\u1ec5m m\u1ee1, \u0111i\u1ec1u h\u00f2a huy\u1ebft \u00e1p, h\u1ea1 \u0111\u01b0\u1eddng huy\u1ebft; ch\u1eefa ki\u1ebft l\u1ef5, \u0111\u1ea1i ti\u1ec7n ra m\u00e1u;<\/li>\n<li>Trong l\u00e1 ch\u00e8 c\u00f3 nh\u1eefng ho\u1ea1t ch\u1ea5t l\u00e0m gi\u1ea3m t\u1ed5ng h\u00e0m l\u01b0\u1ee3ng lipit trong huy\u1ebft thanh m\u00e1u, gi\u1ea3m l\u01b0\u1ee3ng cholesterol m\u1eadt \u0111\u1ed9 th\u1ea5p (cholesterol x\u1ea5u) v\u00e0 t\u0103ng l\u01b0\u1ee3ng cholesterol m\u1eadt \u0111\u1ed9 cao (cholesterol t\u1ed1t); h\u1ea1 huy\u1ebft \u00e1p v\u00e0 t\u00e1c d\u1ee5ng \u0111\u01b0\u1ee3c duy tr\u00ec trong th\u1eddi gian t\u01b0\u01a1ng \u0111\u1ed1i d\u00e0i;<\/li>\n<li>\u1ee8c ch\u1ebf s\u1ef1 t\u1ee5 t\u1eadp c\u1ee7a ti\u1ec3u c\u1ea7u, ch\u1ed1ng s\u1ef1 h\u00ecnh th\u00e0nh huy\u1ebft kh\u1ed1i g\u00e2y t\u1eafc ngh\u1ebdn m\u1ea1ch m\u00e1u;<\/li>\n<li>Ph\u00f2ng ng\u1eeba ung th\u01b0 v\u00e0 \u1ee9c ch\u1ebf s\u1ef1 ph\u00e1t tri\u1ec3n c\u1ee7a c\u00e1c kh\u1ed1i u kh\u00e1c; H\u01b0ng ph\u1ea5n th\u1ea7n kinh; L\u1ee3i ti\u1ec3u m\u1ea1nh; Gi\u1ea3i \u0111\u1ed9c gan v\u00e0 th\u1eadn, ng\u0103n ng\u1eeba x\u01a1 v\u1eefa \u0111\u1ed9ng m\u1ea1nh m\u00e1u; \u1ee8c ch\u1ebf v\u00e0 ti\u00eau di\u1ec7t vi khu\u1ea9n;<\/li>\n<li>Ch\u1ed1ng vi\u00eam, ch\u1ed1ng d\u1ecb \u1ee9ng v\u00e0 duy tr\u00ec tr\u1ea1ng th\u00e1i b\u00ecnh th\u01b0\u1eddng c\u1ee7a tuy\u1ebfn gi\u00e1p.<\/li>\n<\/ul>\n<p><strong>Ch\u1ee9ng nh\u1eadn ch\u1ea5t l\u01b0\u1ee3ng<\/strong>: ch\u1ee9ng nh\u1eadn HACCP b\u1edfi Quacert, OCOP 4 sao t\u1ec9nh Ninh B\u00ecnh, S\u1ea3n ph\u1ea9m C\u00f4ng nghi\u1ec7p n\u00f4ng th\u00f4n ti\u00eau bi\u1ec3u t\u1ec9nh Ninh B\u00ecnh 2021, v\u00f9ng tr\u1ed3ng \u0111\u1ea1t ti\u00eau chu\u1ea9n GACP-WHO<\/p>\n<p><strong>HDSD<\/strong>: d\u00f9ng 1-2 b\u00f4ng hoa b\u1ecf cu\u1ed1ng cho c\u1ed1c (200-250ml) n\u01b0\u1edbc \u0111un s\u00f4i, \u0111\u1eady n\u1eafp v\u00e0 d\u00f9ng sau 5-6 ph\u00fat, u\u1ed1ng n\u00f3ng ho\u1eb7c l\u1ea1nh. Tr\u00e0 hoa v\u00e0ng pha k\u00e8m t\u00e1o \u0111\u1ecf ho\u1eb7c \u0111\u01b0\u1eddng ph\u00e8n \u0111\u1ec3 c\u00f3 v\u1ecb ngon h\u01a1n, ho\u1eb7c\u00a0th\u00eam m\u1eadt ong ho\u1eb7v\u00e0i c\u00e1nh ch\u00e8 (ch\u00e8 xanh ch\u00e8 b\u00fap, h\u1ed3ng tr\u00e0)\u00a0lo\u1ea1i ngon \u0111\u1ec3 t\u0103ng v\u1ecb tr\u00e0. Tr\u00e0 hoa v\u00e0ng C\u00fac Ph\u01b0\u01a1ng c\u00f3 th\u1ec3 h\u00e3m (n\u00f3ng ho\u1eb7c l\u1ea1nh) k\u00e8m h\u1ed3ng tr\u00e0 c\u00f3 v\u1ecb r\u1ea5t ngon. L\u01b0u \u00fd KH\u00d4NG TR\u00c1NG hoa v\u00ec s\u1ebd l\u00e0m tr\u00f4i m\u1ea5t ph\u1ea5n c\u1ee7a b\u00f4ng hoa.<\/p>\n<p><strong>\u0110\u00f3ng g\u00f3i<\/strong>: 50gr hoa\/l\u1ecd<\/p>\n<p><strong>B\u1ea3o qu\u1ea3n<\/strong>: k\u00edn, n\u01a1i kh\u00f4 r\u00e1o, tr\u00e1nh \u00e1nh n\u1eafng tr\u1ef1c ti\u1ebfp.<\/p>\n<p><img fetchpriority=\"high\" decoding=\"async\" class=\"alignnone size-medium wp-image-1760\" src=\"http:\/\/b2c.fairs.vn\/wp-content\/uploads\/2024\/03\/sp_2-225x300.jpg\" alt=\"\" width=\"225\" height=\"300\" srcset=\"https:\/\/b2c.fairs.vn\/wp-content\/uploads\/2024\/03\/sp_2-225x300.jpg 225w, https:\/\/b2c.fairs.vn\/wp-content\/uploads\/2024\/03\/sp_2-150x200.jpg 150w, https:\/\/b2c.fairs.vn\/wp-content\/uploads\/2024\/03\/sp_2-1200x1600.jpg 1200w, https:\/\/b2c.fairs.vn\/wp-content\/uploads\/2024\/03\/sp_2-768x1024.jpg 768w, https:\/\/b2c.fairs.vn\/wp-content\/uploads\/2024\/03\/sp_2-1152x1536.jpg 1152w, https:\/\/b2c.fairs.vn\/wp-content\/uploads\/2024\/03\/sp_2-1536x2048.jpg 1536w, https:\/\/b2c.fairs.vn\/wp-content\/uploads\/2024\/03\/sp_2-1320x1760.jpg 1320w, https:\/\/b2c.fairs.vn\/wp-content\/uploads\/2024\/03\/sp_2.jpg 1920w\" sizes=\"(max-width: 225px) 100vw, 225px\" \/> <img decoding=\"async\" class=\"alignnone size-medium wp-image-1762\" src=\"http:\/\/b2c.fairs.vn\/wp-content\/uploads\/2024\/03\/sp_22-209x300.jpg\" alt=\"\" width=\"209\" height=\"300\" srcset=\"https:\/\/b2c.fairs.vn\/wp-content\/uploads\/2024\/03\/sp_22-209x300.jpg 209w, https:\/\/b2c.fairs.vn\/wp-content\/uploads\/2024\/03\/sp_22-150x215.jpg 150w, https:\/\/b2c.fairs.vn\/wp-content\/uploads\/2024\/03\/sp_22-1200x1719.jpg 1200w, https:\/\/b2c.fairs.vn\/wp-content\/uploads\/2024\/03\/sp_22-715x1024.jpg 715w, https:\/\/b2c.fairs.vn\/wp-content\/uploads\/2024\/03\/sp_22-768x1100.jpg 768w, https:\/\/b2c.fairs.vn\/wp-content\/uploads\/2024\/03\/sp_22-1073x1536.jpg 1073w, https:\/\/b2c.fairs.vn\/wp-content\/uploads\/2024\/03\/sp_22-1320x1890.jpg 1320w, https:\/\/b2c.fairs.vn\/wp-content\/uploads\/2024\/03\/sp_22.jpg 1430w\" sizes=\"(max-width: 209px) 100vw, 209px\" \/><img decoding=\"async\" class=\"alignnone size-medium wp-image-1761\" src=\"http:\/\/b2c.fairs.vn\/wp-content\/uploads\/2024\/03\/sp_21-225x300.jpg\" alt=\"\" width=\"225\" height=\"300\" srcset=\"https:\/\/b2c.fairs.vn\/wp-content\/uploads\/2024\/03\/sp_21-225x300.jpg 225w, https:\/\/b2c.fairs.vn\/wp-content\/uploads\/2024\/03\/sp_21-scaled-150x200.jpg 150w, https:\/\/b2c.fairs.vn\/wp-content\/uploads\/2024\/03\/sp_21-scaled-1200x1600.jpg 1200w, https:\/\/b2c.fairs.vn\/wp-content\/uploads\/2024\/03\/sp_21-768x1024.jpg 768w, https:\/\/b2c.fairs.vn\/wp-content\/uploads\/2024\/03\/sp_21-1152x1536.jpg 1152w, https:\/\/b2c.fairs.vn\/wp-content\/uploads\/2024\/03\/sp_21-1536x2048.jpg 1536w, https:\/\/b2c.fairs.vn\/wp-content\/uploads\/2024\/03\/sp_21-1320x1760.jpg 1320w, https:\/\/b2c.fairs.vn\/wp-content\/uploads\/2024\/03\/sp_21-scaled.jpg 1920w\" sizes=\"(max-width: 225px) 100vw, 225px\" \/><\/p>","protected":false},"excerpt":{"rendered":"<p>TR\u00c0 HOA V\u00c0NG C\u00daC PH\u01af\u01a0NG 50GR (Th\u01b0\u1ee3ng h\u1ea1ng) Th\u00e0nh ph\u1ea7n: 100% Hoa tr\u00e0 hoa v\u00e0ng C\u00fac ph\u01b0\u01a1ng\u00a0(s\u1ea5y \u0111\u00f4ng kh\u00f4) Gi\u1ed1ng<\/p>","protected":false},"featured_media":15598,"comment_status":"open","ping_status":"closed","template":"","meta":{"_acf_changed":false},"product_cat":[321,322,366,367,22,323],"product_tag":[],"class_list":{"0":"post-1786","1":"product","2":"type-product","3":"status-publish","4":"has-post-thumbnail","6":"product_cat-che","7":"product_cat-che-tuoi-che-bien","8":"product_cat-hang-cnnt-cap-qg","9":"product_cat-hang-cnnt-cap-qg-2023","10":"product_cat-sanphamthucpham","11":"product_cat-san-pham-tra-tu-thuc-vat-khac","13":"first","14":"instock","15":"featured","16":"shipping-taxable","17":"purchasable","18":"product-type-simple"},"acf":[],"_links":{"self":[{"href":"https:\/\/b2c.fairs.vn\/en\/wp-json\/wp\/v2\/product\/1786","targetHints":{"allow":["GET"]}}],"collection":[{"href":"https:\/\/b2c.fairs.vn\/en\/wp-json\/wp\/v2\/product"}],"about":[{"href":"https:\/\/b2c.fairs.vn\/en\/wp-json\/wp\/v2\/types\/product"}],"replies":[{"embeddable":true,"href":"https:\/\/b2c.fairs.vn\/en\/wp-json\/wp\/v2\/comments?post=1786"}],"version-history":[{"count":0,"href":"https:\/\/b2c.fairs.vn\/en\/wp-json\/wp\/v2\/product\/1786\/revisions"}],"wp:featuredmedia":[{"embeddable":true,"href":"https:\/\/b2c.fairs.vn\/en\/wp-json\/wp\/v2\/media\/15598"}],"wp:attachment":[{"href":"https:\/\/b2c.fairs.vn\/en\/wp-json\/wp\/v2\/media?parent=1786"}],"wp:term":[{"taxonomy":"product_cat","embeddable":true,"href":"https:\/\/b2c.fairs.vn\/en\/wp-json\/wp\/v2\/product_cat?post=1786"},{"taxonomy":"product_tag","embeddable":true,"href":"https:\/\/b2c.fairs.vn\/en\/wp-json\/wp\/v2\/product_tag?post=1786"}],"curies":[{"name":"wp","href":"https:\/\/api.w.org\/{rel}","templated":true}]}}