{"id":17831,"date":"2024-04-22T17:13:28","date_gmt":"2024-04-22T10:13:28","guid":{"rendered":"https:\/\/b2c.fairs.vn\/?post_type=product&#038;p=17831"},"modified":"2024-04-23T13:44:35","modified_gmt":"2024-04-23T06:44:35","slug":"nuoc-mam-nhu-hoa-loai-ngon","status":"publish","type":"product","link":"https:\/\/b2c.fairs.vn\/en\/product\/nuoc-mam-nhu-hoa-loai-ngon\/","title":{"rendered":"N\u01b0\u1edbc m\u1eafm Nh\u01b0 Hoa &#8211; Lo\u1ea1i ngon"},"content":{"rendered":"<ul>\n<li>N\u01b0\u1edbc M\u1eafm Nh\u01b0 Hoa C\u00e1 C\u01a1m Nguy\u00ean ch\u1ea5t<\/li>\n<li>N\u01b0\u1edbc m\u1eafm \u0111\u01b0\u1ee3c \u1ee7 theo ph\u01b0\u01a1ng ph\u00e1p truy\u1ec1n th\u1ed1ng v\u00e0 b\u00ed quy\u1ebft l\u00e0ng ngh\u1ec1 n\u01a1i \u0111\u00e2y n\u00ean m\u1eafm c\u00f3 v\u1ecb r\u1ea5t \u0111\u1eb7c tr\u01b0ng ri\u00eang.<\/li>\n<li>M\u1eafm\u00a0c\u00f3 m\u00e0u v\u00e0ng r\u01a1m \u0111\u1eb7c tr\u01b0ng ch\u1ec9 c\u00f3 c\u00e1 c\u01a1m t\u01b0\u01a1i v\u00e0 nguy\u00ean ch\u1ea5t m\u1edbi c\u00f3 \u0111\u01b0\u1ee3c m\u00e0u n\u00e0y. N\u1ebfu m\u1eafm m\u00e0u \u0111\u1eadm h\u01a1n ho\u1eb7c s\u1eabm h\u01a1n th\u00ec h\u1ecd l\u00e0m nhi\u1ec1u lo\u1ea1i c\u00e1 nh\u01b0 c\u00e1 n\u1ee5c c\u00e1c lo\u1ea1i c\u00e1 kh\u00e1c kh\u00f4ng ph\u1ea3i t\u1eeb c\u00e1 c\u01a1m c\u00e1c m\u1eb9 mua m\u1eafm l\u01b0u \u00fd \u0111i\u1ec1u n\u00e0y.<\/li>\n<li>S\u1ea3n ph\u1ea9m \u0111\u1ea1t \u0111\u01b0\u1ee3c gi\u1ea3i qu\u1ea3 c\u1ea7u v\u00e0ng v\u00e0 h\u00e0ng ti\u00eau bi\u1ec3u c\u1ee7a T\u1ec9nh<\/li>\n<li>M\u1eafm th\u01a1m ngon kh\u00f4ng m\u1eb7n ch\u00e1t \u0103n r\u1ea5t th\u00edch h\u1ee3p cho nh\u00e0 c\u00f3 tr\u1ebb nh\u1ecf, ng\u01b0\u1eddi gi\u00e0 v\u00e0 nh\u1eefng ai kh\u00f4ng \u0103n m\u1eb7n,\u00a0m\u1eafm kh\u00f4ng c\u00f3 ch\u1ea5t b\u1ea3o qu\u1ea3n khi m\u1edf ra \u0111\u1ec3 kho\u1ea3ng 1 tu\u1ea7n s\u1ebd chuy\u1ec3n m\u00e0u s\u1eabm h\u01a1n.<\/li>\n<\/ul>","protected":false},"excerpt":{"rendered":"<ul>\n<li>N\u01b0\u1edbc M\u1eafm Nh\u01b0 Hoa C\u00e1 C\u01a1m Nguy\u00ean ch\u1ea5t<\/li>\n<li>N\u01b0\u1edbc m\u1eafm \u0111\u01b0\u1ee3c \u1ee7 theo ph\u01b0\u01a1ng ph\u00e1p truy\u1ec1n th\u1ed1ng v\u00e0 b\u00ed quy\u1ebft l\u00e0ng ngh\u1ec1 n\u01a1i \u0111\u00e2y n\u00ean m\u1eafm c\u00f3 v\u1ecb r\u1ea5t \u0111\u1eb7c tr\u01b0ng ri\u00eang.<\/li>\n<li>M\u1eafm\u00a0c\u00f3 m\u00e0u v\u00e0ng r\u01a1m \u0111\u1eb7c tr\u01b0ng ch\u1ec9 c\u00f3 c\u00e1 c\u01a1m t\u01b0\u01a1i v\u00e0 nguy\u00ean ch\u1ea5t m\u1edbi c\u00f3 \u0111\u01b0\u1ee3c m\u00e0u n\u00e0y. N\u1ebfu m\u1eafm m\u00e0u \u0111\u1eadm h\u01a1n ho\u1eb7c s\u1eabm h\u01a1n th\u00ec h\u1ecd l\u00e0m nhi\u1ec1u lo\u1ea1i c\u00e1 nh\u01b0 c\u00e1 n\u1ee5c c\u00e1c lo\u1ea1i c\u00e1 kh\u00e1c kh\u00f4ng ph\u1ea3i t\u1eeb c\u00e1 c\u01a1m c\u00e1c m\u1eb9 mua m\u1eafm l\u01b0u \u00fd \u0111i\u1ec1u n\u00e0y.<\/li>\n<li>S\u1ea3n ph\u1ea9m \u0111\u1ea1t \u0111\u01b0\u1ee3c gi\u1ea3i qu\u1ea3 c\u1ea7u v\u00e0ng v\u00e0 h\u00e0ng ti\u00eau bi\u1ec3u c\u1ee7a T\u1ec9nh<\/li>\n<li>M\u1eafm th\u01a1m ngon kh\u00f4ng m\u1eb7n ch\u00e1t \u0103n r\u1ea5t th\u00edch h\u1ee3p cho nh\u00e0 c\u00f3 tr\u1ebb nh\u1ecf, ng\u01b0\u1eddi gi\u00e0 v\u00e0 nh\u1eefng ai kh\u00f4ng \u0103n m\u1eb7n,\u00a0m\u1eafm kh\u00f4ng c\u00f3 ch\u1ea5t b\u1ea3o qu\u1ea3n khi m\u1edf ra \u0111\u1ec3 kho\u1ea3ng 1 tu\u1ea7n s\u1ebd chuy\u1ec3n m\u00e0u s\u1eabm h\u01a1n.<\/li>\n<\/ul>","protected":false},"featured_media":17832,"comment_status":"closed","ping_status":"closed","template":"","meta":{"_acf_changed":false},"product_cat":[318,366,447,398,22,319],"product_tag":[],"class_list":{"0":"post-17831","1":"product","2":"type-product","3":"status-publish","4":"has-post-thumbnail","6":"product_cat-gia-vi","7":"product_cat-hang-cnnt-cap-qg","8":"product_cat-san-pham-cnnt-tb-cap-qg-2017","9":"product_cat-san-pham-cnnt-tb-cap-qg-2021","10":"product_cat-sanphamthucpham","11":"product_cat-tuong-nuoc-mam-gia-vi-dang-long-khac","13":"first","14":"instock","15":"shipping-taxable","16":"purchasable","17":"product-type-simple"},"acf":[],"_links":{"self":[{"href":"https:\/\/b2c.fairs.vn\/en\/wp-json\/wp\/v2\/product\/17831","targetHints":{"allow":["GET"]}}],"collection":[{"href":"https:\/\/b2c.fairs.vn\/en\/wp-json\/wp\/v2\/product"}],"about":[{"href":"https:\/\/b2c.fairs.vn\/en\/wp-json\/wp\/v2\/types\/product"}],"replies":[{"embeddable":true,"href":"https:\/\/b2c.fairs.vn\/en\/wp-json\/wp\/v2\/comments?post=17831"}],"version-history":[{"count":0,"href":"https:\/\/b2c.fairs.vn\/en\/wp-json\/wp\/v2\/product\/17831\/revisions"}],"wp:featuredmedia":[{"embeddable":true,"href":"https:\/\/b2c.fairs.vn\/en\/wp-json\/wp\/v2\/media\/17832"}],"wp:attachment":[{"href":"https:\/\/b2c.fairs.vn\/en\/wp-json\/wp\/v2\/media?parent=17831"}],"wp:term":[{"taxonomy":"product_cat","embeddable":true,"href":"https:\/\/b2c.fairs.vn\/en\/wp-json\/wp\/v2\/product_cat?post=17831"},{"taxonomy":"product_tag","embeddable":true,"href":"https:\/\/b2c.fairs.vn\/en\/wp-json\/wp\/v2\/product_tag?post=17831"}],"curies":[{"name":"wp","href":"https:\/\/api.w.org\/{rel}","templated":true}]}}