{"id":17821,"date":"2024-04-22T17:10:22","date_gmt":"2024-04-22T10:10:22","guid":{"rendered":"https:\/\/b2c.fairs.vn\/?post_type=product&#038;p=17821"},"modified":"2024-04-23T13:47:25","modified_gmt":"2024-04-23T06:47:25","slug":"nuoc-mam-nhu-hoa-loai-dac-biet","status":"publish","type":"product","link":"https:\/\/b2c.fairs.vn\/en\/product\/nuoc-mam-nhu-hoa-loai-dac-biet\/","title":{"rendered":"N\u01b0\u1edbc m\u1eafm Nh\u01b0 Hoa &#8211; Lo\u1ea1i \u0111\u1eb7c bi\u1ec7t"},"content":{"rendered":"<p><span data-spm-anchor-id=\"a2o4n.pdp_revamp.product_detail.i0.6c821401lQqngG\">V\u1edbi ngu\u1ed3n nguy\u00ean li\u1ec7u \u0111\u01b0\u1ee3c ch\u1ecdn l\u1ecdc k\u0129 c\u00e0ng, c\u00e1 c\u01a1m than to, b\u00e9o, t\u01b0\u01a1i v\u00e0 mu\u1ed1i s\u1ea1ch, tinh khi\u1ebft \u0111\u01b0\u1ee3c \u1ee7 ch\u01b0\u1ee3p theo ph\u01b0\u01a1ng ph\u00e1p truy\u1ec1n th\u1ed1ng. Tr\u1ea3i qua 12 th\u00e1ng l\u00ean men t\u1ef1 nhi\u00ean trong th\u00f9ng l\u1ec1u g\u1ed7, n\u01b0\u1edbc m\u1eafm Nh\u01b0 Hoa l\u00e0 nh\u1eefng gi\u1ecdt n\u01b0\u1edbc m\u1eafm \u201cnh\u1ec9 n\u01b0\u1edbc \u0111\u1ea7u\u201d v\u00f4 c\u00f9ng qu\u00fd gi\u00e1 v\u00e0 d\u1ed3i d\u00e0o ngu\u1ed3n dinh d\u01b0\u1ee1ng t\u1eeb \u0111\u1ea1i d\u01b0\u01a1ng. N\u01b0\u1edbc m\u1eafm Nh\u01b0 Hoa c\u00f3 m\u00e0u n\u00e2u c\u00e1nh gi\u00e1n, m\u00f9i \u0111\u1eadm th\u01a1m, s\u00e1nh \u0111\u1eb7c th\u1ecbt c\u00e1, khi \u0103n s\u1ebd c\u00f3 ch\u00fat v\u1ecb m\u1eb7n \u1edf \u0111\u1ea7u l\u01b0\u1ee1i v\u00e0 h\u1eadu v\u1ecb ng\u1ecdt b\u00e9o t\u1eeb c\u00e1, lan t\u1ecfa v\u00e0 \u0111\u1ecdng \u1edf v\u00f2m h\u1ecdng. N\u1ebfu \u0103n \u0111\u00e3 t\u1eebng \u0103n th\u1eed N\u01b0\u1edbc m\u1eafm Nh\u01b0 Hoa \u0111\u1eb7c bi\u1ec7t m\u1ed9t l\u1ea7n, th\u00ec s\u1ebd nh\u1edb m\u00e3i h\u01b0\u01a1ng v\u1ecb v\u00e0 m\u00f9i th\u01a1m v\u00f4 c\u00f9ng h\u1ea5p d\u1eabn \u1ea5y!<\/span><\/p>\n<p>Ch\u1ec9 c\u1ea7n m\u1ed9t ch\u00e9n n\u01b0\u1edbc m\u1eafm Nh\u01b0 Hoa th\u00eam v\u00e0i l\u00e1t \u1edbt xi\u00eam xanh cay n\u1ed3ng, \u0103n c\u00f9ng b\u00e1t c\u01a1m tr\u1eafng d\u1ebbo th\u01a1m th\u00ec c\u00f2n g\u00ec ngon h\u01a1n. \u0110\u01a1n gi\u1ea3n nh\u01b0ng \u201c\u1ea5m\u201d b\u1ee5ng, d\u00e2n d\u00e3 nh\u01b0ng tr\u1ecdn v\u1ecb c\u01a1m nh\u00e0<\/p>","protected":false},"excerpt":{"rendered":"<p><span data-spm-anchor-id=\"a2o4n.pdp_revamp.product_detail.i0.6c821401lQqngG\">V\u1edbi ngu\u1ed3n nguy\u00ean li\u1ec7u \u0111\u01b0\u1ee3c ch\u1ecdn l\u1ecdc k\u0129 c\u00e0ng, c\u00e1 c\u01a1m than to, b\u00e9o, t\u01b0\u01a1i v\u00e0 mu\u1ed1i s\u1ea1ch, tinh khi\u1ebft \u0111\u01b0\u1ee3c \u1ee7 ch\u01b0\u1ee3p theo ph\u01b0\u01a1ng ph\u00e1p truy\u1ec1n th\u1ed1ng. Tr\u1ea3i qua 12 th\u00e1ng l\u00ean men t\u1ef1 nhi\u00ean trong th\u00f9ng l\u1ec1u g\u1ed7, n\u01b0\u1edbc m\u1eafm Nh\u01b0 Hoa l\u00e0 nh\u1eefng gi\u1ecdt n\u01b0\u1edbc m\u1eafm \u201cnh\u1ec9 n\u01b0\u1edbc \u0111\u1ea7u\u201d v\u00f4 c\u00f9ng qu\u00fd gi\u00e1 v\u00e0 d\u1ed3i d\u00e0o ngu\u1ed3n dinh d\u01b0\u1ee1ng t\u1eeb \u0111\u1ea1i d\u01b0\u01a1ng. N\u01b0\u1edbc m\u1eafm Nh\u01b0 Hoa c\u00f3 m\u00e0u n\u00e2u c\u00e1nh gi\u00e1n, m\u00f9i \u0111\u1eadm th\u01a1m, s\u00e1nh \u0111\u1eb7c th\u1ecbt c\u00e1, khi \u0103n s\u1ebd c\u00f3 ch\u00fat v\u1ecb m\u1eb7n \u1edf \u0111\u1ea7u l\u01b0\u1ee1i v\u00e0 h\u1eadu v\u1ecb ng\u1ecdt b\u00e9o t\u1eeb c\u00e1, lan t\u1ecfa v\u00e0 \u0111\u1ecdng \u1edf v\u00f2m h\u1ecdng. N\u1ebfu \u0103n \u0111\u00e3 t\u1eebng \u0103n th\u1eed N\u01b0\u1edbc m\u1eafm Nh\u01b0 Hoa \u0111\u1eb7c bi\u1ec7t m\u1ed9t l\u1ea7n, th\u00ec s\u1ebd nh\u1edb m\u00e3i h\u01b0\u01a1ng v\u1ecb v\u00e0 m\u00f9i th\u01a1m v\u00f4 c\u00f9ng h\u1ea5p d\u1eabn \u1ea5y!<\/span><\/p>\n<p>Ch\u1ec9 c\u1ea7n m\u1ed9t ch\u00e9n n\u01b0\u1edbc m\u1eafm Nh\u01b0 Hoa th\u00eam v\u00e0i l\u00e1t \u1edbt xi\u00eam xanh cay n\u1ed3ng, \u0103n c\u00f9ng b\u00e1t c\u01a1m tr\u1eafng d\u1ebbo th\u01a1m th\u00ec c\u00f2n g\u00ec ngon h\u01a1n. \u0110\u01a1n gi\u1ea3n nh\u01b0ng \u201c\u1ea5m\u201d b\u1ee5ng, d\u00e2n d\u00e3 nh\u01b0ng tr\u1ecdn v\u1ecb c\u01a1m nh\u00e0<\/p>","protected":false},"featured_media":17829,"comment_status":"closed","ping_status":"closed","template":"","meta":{"_acf_changed":false},"product_cat":[318,366,447,398,22,319],"product_tag":[],"class_list":{"0":"post-17821","1":"product","2":"type-product","3":"status-publish","4":"has-post-thumbnail","6":"product_cat-gia-vi","7":"product_cat-hang-cnnt-cap-qg","8":"product_cat-san-pham-cnnt-tb-cap-qg-2017","9":"product_cat-san-pham-cnnt-tb-cap-qg-2021","10":"product_cat-sanphamthucpham","11":"product_cat-tuong-nuoc-mam-gia-vi-dang-long-khac","13":"first","14":"instock","15":"shipping-taxable","16":"purchasable","17":"product-type-simple"},"acf":[],"_links":{"self":[{"href":"https:\/\/b2c.fairs.vn\/en\/wp-json\/wp\/v2\/product\/17821","targetHints":{"allow":["GET"]}}],"collection":[{"href":"https:\/\/b2c.fairs.vn\/en\/wp-json\/wp\/v2\/product"}],"about":[{"href":"https:\/\/b2c.fairs.vn\/en\/wp-json\/wp\/v2\/types\/product"}],"replies":[{"embeddable":true,"href":"https:\/\/b2c.fairs.vn\/en\/wp-json\/wp\/v2\/comments?post=17821"}],"version-history":[{"count":0,"href":"https:\/\/b2c.fairs.vn\/en\/wp-json\/wp\/v2\/product\/17821\/revisions"}],"wp:featuredmedia":[{"embeddable":true,"href":"https:\/\/b2c.fairs.vn\/en\/wp-json\/wp\/v2\/media\/17829"}],"wp:attachment":[{"href":"https:\/\/b2c.fairs.vn\/en\/wp-json\/wp\/v2\/media?parent=17821"}],"wp:term":[{"taxonomy":"product_cat","embeddable":true,"href":"https:\/\/b2c.fairs.vn\/en\/wp-json\/wp\/v2\/product_cat?post=17821"},{"taxonomy":"product_tag","embeddable":true,"href":"https:\/\/b2c.fairs.vn\/en\/wp-json\/wp\/v2\/product_tag?post=17821"}],"curies":[{"name":"wp","href":"https:\/\/api.w.org\/{rel}","templated":true}]}}